{"id":7685,"date":"2017-12-29T15:35:52","date_gmt":"2017-12-29T15:35:52","guid":{"rendered":"https:\/\/lumart.fr\/?page_id=7685"},"modified":"2018-05-16T08:20:50","modified_gmt":"2018-05-16T08:20:50","slug":"sur-mesure","status":"publish","type":"page","link":"https:\/\/lumart.fr\/fr\/sur-mesure\/","title":{"rendered":"Du sur-mesure pour des luminaires d&rsquo;exception"},"content":{"rendered":"<p>Deux fois par an le Studio Lum\u2019art imagine et cr\u00e9e de nouveaux mod\u00e8les, compl\u00e9tant ainsi l\u2019offre traditionnelle ou bien r\u00e9v\u00e9lant des formes bien plus contemporaines. Tel les grands couturiers, Lum&rsquo;art s&#8217;emploie \u00e0 proposer du sur-mesure pour la plus grande satisfaction de ses clients.<\/p>\n<img loading=\"lazy\" class=\" wp-image-7771 aligncenter\" src=\"https:\/\/lumart.fr\/wp-content\/uploads\/2018\/01\/roughdrawlumart-1.jpg\" alt=\"\" width=\"679\" height=\"828\" \/>\n<h2>Personnalisation<\/h2>\n<p>La tr\u00e8s large palette de designs, finitions, tailles ou modes d\u2019accroches permettent de traduire les intentions de cr\u00e9atifs, architectes, designers ou particuliers en une r\u00e9alisation aboutie. Cette approche sur-mesure de chaque projets permet de proposer des solutions in\u00e9dites au plus proche du sur mesure pour satisfaire les besoins les plus pointus et les clients les plus exigeants. Lum\u2019art s\u2019inscrit alors parfaitement dans les projets les plus modestes comme dans les plus ambitieux.<\/p>\n<img loading=\"lazy\" class=\"half-width alignnone wp-image-7774 size-full\" src=\"https:\/\/lumart.fr\/wp-content\/uploads\/2018\/01\/1roughdraw7138-Lampadaire-Diderot-Cone-CDF-Lumart-BD-6.jpg\" alt=\"\" width=\"430\" height=\"287\" srcset=\"https:\/\/lumart.fr\/wp-content\/uploads\/2018\/01\/1roughdraw7138-Lampadaire-Diderot-Cone-CDF-Lumart-BD-6.jpg 430w, https:\/\/lumart.fr\/wp-content\/uploads\/2018\/01\/1roughdraw7138-Lampadaire-Diderot-Cone-CDF-Lumart-BD-6-386x258.jpg 386w, https:\/\/lumart.fr\/wp-content\/uploads\/2018\/01\/1roughdraw7138-Lampadaire-Diderot-Cone-CDF-Lumart-BD-6-300x200.jpg 300w, https:\/\/lumart.fr\/wp-content\/uploads\/2018\/01\/1roughdraw7138-Lampadaire-Diderot-Cone-CDF-Lumart-BD-6-360x240.jpg 360w, https:\/\/lumart.fr\/wp-content\/uploads\/2018\/01\/1roughdraw7138-Lampadaire-Diderot-Cone-CDF-Lumart-BD-6-112x75.jpg 112w, https:\/\/lumart.fr\/wp-content\/uploads\/2018\/01\/1roughdraw7138-Lampadaire-Diderot-Cone-CDF-Lumart-BD-6-84x56.jpg 84w, https:\/\/lumart.fr\/wp-content\/uploads\/2018\/01\/1roughdraw7138-Lampadaire-Diderot-Cone-CDF-Lumart-BD-6-113x75.jpg 113w, https:\/\/lumart.fr\/wp-content\/uploads\/2018\/01\/1roughdraw7138-Lampadaire-Diderot-Cone-CDF-Lumart-BD-6-387x257.jpg 387w\" sizes=\"(max-width: 430px) 100vw, 430px\" \/><img loading=\"lazy\" class=\"half-width alignnone wp-image-7776 size-full\" src=\"https:\/\/lumart.fr\/wp-content\/uploads\/2018\/01\/roughdraw105-Lanterne-Bordeaux-TGM-VFR-Lumart-BD-4.jpg\" alt=\"\" width=\"430\" height=\"287\" srcset=\"https:\/\/lumart.fr\/wp-content\/uploads\/2018\/01\/roughdraw105-Lanterne-Bordeaux-TGM-VFR-Lumart-BD-4.jpg 430w, https:\/\/lumart.fr\/wp-content\/uploads\/2018\/01\/roughdraw105-Lanterne-Bordeaux-TGM-VFR-Lumart-BD-4-386x258.jpg 386w, https:\/\/lumart.fr\/wp-content\/uploads\/2018\/01\/roughdraw105-Lanterne-Bordeaux-TGM-VFR-Lumart-BD-4-300x200.jpg 300w, https:\/\/lumart.fr\/wp-content\/uploads\/2018\/01\/roughdraw105-Lanterne-Bordeaux-TGM-VFR-Lumart-BD-4-360x240.jpg 360w, https:\/\/lumart.fr\/wp-content\/uploads\/2018\/01\/roughdraw105-Lanterne-Bordeaux-TGM-VFR-Lumart-BD-4-112x75.jpg 112w, https:\/\/lumart.fr\/wp-content\/uploads\/2018\/01\/roughdraw105-Lanterne-Bordeaux-TGM-VFR-Lumart-BD-4-84x56.jpg 84w, https:\/\/lumart.fr\/wp-content\/uploads\/2018\/01\/roughdraw105-Lanterne-Bordeaux-TGM-VFR-Lumart-BD-4-113x75.jpg 113w, https:\/\/lumart.fr\/wp-content\/uploads\/2018\/01\/roughdraw105-Lanterne-Bordeaux-TGM-VFR-Lumart-BD-4-387x257.jpg 387w\" sizes=\"(max-width: 430px) 100vw, 430px\" \/>\n<h2>Service de qualit\u00e9<\/h2>\n<p>N\u00e9anmoins, la Maison a \u00e0 c\u0153ur de proposer un service \u00e0 la hauteur de la qualit\u00e9 de ses produits. C\u2019est pourquoi\u00a0 nous proposons d\u2019\u00e9tudier les demandes particuli\u00e8res si elles entrent dans la sph\u00e8re de nos comp\u00e9tences techniques. Apr\u00e8s \u00e9tude approfondie des dossiers, nous r\u00e9alisons les commandes sp\u00e9ciales sur la base d\u2019un prototype au pr\u00e9alable valid\u00e9, tout en respectant les cahiers de charges du client.<br \/>\nC\u2019est ainsi que Lum\u2019art accompagne r\u00e9guli\u00e8rement de grands noms du design et de l\u2019architecture d\u2019int\u00e9rieur sur des projets personnalis\u00e9s, donnant naissance \u00e0 de somptueuses r\u00e9alisations.<\/p>\n<img loading=\"lazy\" class=\"half-width wp-image-7692 aligncenter\" src=\"https:\/\/lumart.fr\/wp-content\/uploads\/2017\/12\/Votre-projet-sur-mesure-1-2.jpg\" alt=\"\" width=\"520\" height=\"780\" srcset=\"https:\/\/lumart.fr\/wp-content\/uploads\/2017\/12\/Votre-projet-sur-mesure-1-2.jpg 430w, https:\/\/lumart.fr\/wp-content\/uploads\/2017\/12\/Votre-projet-sur-mesure-1-2-200x300.jpg 200w, https:\/\/lumart.fr\/wp-content\/uploads\/2017\/12\/Votre-projet-sur-mesure-1-2-380x570.jpg 380w, https:\/\/lumart.fr\/wp-content\/uploads\/2017\/12\/Votre-projet-sur-mesure-1-2-193x290.jpg 193w, https:\/\/lumart.fr\/wp-content\/uploads\/2017\/12\/Votre-projet-sur-mesure-1-2-50x75.jpg 50w, https:\/\/lumart.fr\/wp-content\/uploads\/2017\/12\/Votre-projet-sur-mesure-1-2-84x126.jpg 84w, https:\/\/lumart.fr\/wp-content\/uploads\/2017\/12\/Votre-projet-sur-mesure-1-2-55x82.jpg 55w\" sizes=\"(max-width: 520px) 100vw, 520px\" \/>\n<h2>Cr\u00e9ativit\u00e9<\/h2>\n<p>Enfin, les pi\u00e8ces sur-mesure, des personnalisations de designs existants peuvent \u00e9galement \u00eatre \u00e9tudi\u00e9s sur demande si celles-ci respectent l\u2019ADN et les valeurs de Lum\u2019art. La Maison est alors fi\u00e8re de sa capacit\u00e9 \u00e0 cr\u00e9er des luminaires d\u2019exception au design singulier.<\/p>\n<div id=\"attachment_9733\" style=\"width: 856px\" class=\"wp-caption alignnone\"><img aria-describedby=\"caption-attachment-9733\" loading=\"lazy\" class=\"wp-image-9733 \" src=\"\/wp-content\/uploads\/2018\/04\/CHR_7085.jpeg\" alt=\"\" width=\"846\" height=\"581\" srcset=\"https:\/\/lumart.fr\/wp-content\/uploads\/2018\/04\/CHR_7085.jpeg 1141w, https:\/\/lumart.fr\/wp-content\/uploads\/2018\/04\/CHR_7085-740x508.jpeg 740w, https:\/\/lumart.fr\/wp-content\/uploads\/2018\/04\/CHR_7085-300x206.jpeg 300w, https:\/\/lumart.fr\/wp-content\/uploads\/2018\/04\/CHR_7085-768x528.jpeg 768w, https:\/\/lumart.fr\/wp-content\/uploads\/2018\/04\/CHR_7085-1024x704.jpeg 1024w, https:\/\/lumart.fr\/wp-content\/uploads\/2018\/04\/CHR_7085-830x570.jpeg 830w, https:\/\/lumart.fr\/wp-content\/uploads\/2018\/04\/CHR_7085-360x247.jpeg 360w, https:\/\/lumart.fr\/wp-content\/uploads\/2018\/04\/CHR_7085-109x75.jpeg 109w, https:\/\/lumart.fr\/wp-content\/uploads\/2018\/04\/CHR_7085-84x58.jpeg 84w, https:\/\/lumart.fr\/wp-content\/uploads\/2018\/04\/CHR_7085-113x78.jpeg 113w, https:\/\/lumart.fr\/wp-content\/uploads\/2018\/04\/CHR_7085-900x618.jpeg 900w, https:\/\/lumart.fr\/wp-content\/uploads\/2018\/04\/CHR_7085-640x440.jpeg 640w\" sizes=\"(max-width: 846px) 100vw, 846px\" \/><p id=\"caption-attachment-9733\" class=\"wp-caption-text\">Dessins de la collection <a href=\"https:\/\/lumart.fr\/fr\/collection\/whisper\/\">Whisper<\/a>, design Gr\u00e9goire G\u00e9nin<\/p><\/div>\n<h2>Reconnaissance<\/h2>\n<div id=\"attachment_7697\" style=\"width: 855px\" class=\"wp-caption alignnone\"><a href=\"https:\/\/lumart.fr\/fr\/les-collections\/exterieur\/lanternes\/marne-lanterne-pm-1015\/\"><img aria-describedby=\"caption-attachment-7697\" loading=\"lazy\" class=\"wp-image-7697\" src=\"https:\/\/lumart.fr\/wp-content\/uploads\/2017\/12\/Votre-projet-sur-mesure-3.jpg\" alt=\"\" width=\"845\" height=\"634\" srcset=\"https:\/\/lumart.fr\/wp-content\/uploads\/2017\/12\/Votre-projet-sur-mesure-3.jpg 871w, https:\/\/lumart.fr\/wp-content\/uploads\/2017\/12\/Votre-projet-sur-mesure-3-740x555.jpg 740w, https:\/\/lumart.fr\/wp-content\/uploads\/2017\/12\/Votre-projet-sur-mesure-3-300x225.jpg 300w, https:\/\/lumart.fr\/wp-content\/uploads\/2017\/12\/Votre-projet-sur-mesure-3-768x576.jpg 768w, https:\/\/lumart.fr\/wp-content\/uploads\/2017\/12\/Votre-projet-sur-mesure-3-760x570.jpg 760w, https:\/\/lumart.fr\/wp-content\/uploads\/2017\/12\/Votre-projet-sur-mesure-3-360x270.jpg 360w, https:\/\/lumart.fr\/wp-content\/uploads\/2017\/12\/Votre-projet-sur-mesure-3-100x75.jpg 100w, https:\/\/lumart.fr\/wp-content\/uploads\/2017\/12\/Votre-projet-sur-mesure-3-84x63.jpg 84w, https:\/\/lumart.fr\/wp-content\/uploads\/2017\/12\/Votre-projet-sur-mesure-3-109x82.jpg 109w, https:\/\/lumart.fr\/wp-content\/uploads\/2017\/12\/Votre-projet-sur-mesure-3-640x480.jpg 640w\" sizes=\"(max-width: 845px) 100vw, 845px\" \/><\/a><p id=\"caption-attachment-7697\" class=\"wp-caption-text\">Personnalisation de la lanterne <a href=\"https:\/\/lumart.fr\/fr\/les-collections\/exterieur\/lanternes\/marne-lanterne-pm-1015\/\">Marne<\/a>\u00a0pour Disneyland Paris<\/p><\/div>\n<p>&nbsp;<\/p>\n","protected":false},"excerpt":{"rendered":"<p>Deux fois par an le Studio Lum\u2019art imagine et cr\u00e9e de nouveaux mod\u00e8les, compl\u00e9tant ainsi l\u2019offre traditionnelle ou bien r\u00e9v\u00e9lant des formes bien plus contemporaines. Tel les grands couturiers, Lum&rsquo;art s&#8217;emploie \u00e0 proposer du sur-mesure pour la plus grande satisfaction de ses clients. Personnalisation La tr\u00e8s large palette de designs, finitions, tailles ou modes d\u2019accroches permettent de traduire les intentions <a href=\"https:\/\/lumart.fr\/fr\/sur-mesure\/\" class=\"more\">[ &hellip; ]<\/a><\/p>\n","protected":false},"author":5,"featured_media":7699,"parent":0,"menu_order":0,"comment_status":"closed","ping_status":"closed","template":"page-editorial.php","meta":[],"acf":[],"yoast_head":"<!-- This site is optimized with the Yoast SEO plugin v17.8 - https:\/\/yoast.com\/wordpress\/plugins\/seo\/ -->\n<meta name=\"description\" content=\"Deux fois par an le Studio Lum\u2019art imagine et cr\u00e9e de nouveaux mod\u00e8les, compl\u00e9tant ainsi l\u2019offre traditionnelle ou bien r\u00e9v\u00e9lant des formes contemporaines. Sur-mesure, bespoke pour les professionnels et les particuliers.\" \/>\n<meta name=\"robots\" content=\"index, follow, max-snippet:-1, max-image-preview:large, max-video-preview:-1\" \/>\n<link rel=\"canonical\" href=\"https:\/\/lumart.fr\/fr\/sur-mesure\/\" \/>\n<meta property=\"og:locale\" content=\"fr_FR\" \/>\n<meta property=\"og:type\" content=\"article\" \/>\n<meta property=\"og:title\" content=\"Sur-mesure - Lum&#039;art - Luminaire Fran\u00e7ais de qualit\u00e9\" \/>\n<meta property=\"og:description\" content=\"Deux fois par an le Studio Lum\u2019art imagine et cr\u00e9e de nouveaux mod\u00e8les, compl\u00e9tant ainsi l\u2019offre traditionnelle ou bien r\u00e9v\u00e9lant des formes contemporaines. Sur-mesure, bespoke pour les professionnels et les particuliers.\" \/>\n<meta property=\"og:url\" content=\"https:\/\/lumart.fr\/fr\/sur-mesure\/\" \/>\n<meta property=\"og:site_name\" content=\"Lum&#039;art\" \/>\n<meta property=\"article:publisher\" content=\"https:\/\/www.facebook.com\/LumArt-1543826629180391\/\" \/>\n<meta property=\"article:modified_time\" content=\"2018-05-16T08:20:50+00:00\" \/>\n<meta property=\"og:image\" content=\"https:\/\/lumart.fr\/wp-content\/uploads\/2017\/12\/Sans-titre-1.jpg\" \/>\n\t<meta property=\"og:image:width\" content=\"1226\" \/>\n\t<meta property=\"og:image:height\" content=\"250\" \/>\n<meta name=\"twitter:card\" content=\"summary\" \/>\n<meta name=\"twitter:label1\" content=\"Dur\u00e9e de lecture estim\u00e9e\" \/>\n\t<meta name=\"twitter:data1\" content=\"2 minutes\" \/>\n<script type=\"application\/ld+json\" class=\"yoast-schema-graph\">{\"@context\":\"https:\/\/schema.org\",\"@graph\":[{\"@type\":\"WebSite\",\"@id\":\"https:\/\/lumart.fr\/fr\/#website\",\"url\":\"https:\/\/lumart.fr\/fr\/\",\"name\":\"Lum'art\",\"description\":\"\",\"potentialAction\":[{\"@type\":\"SearchAction\",\"target\":{\"@type\":\"EntryPoint\",\"urlTemplate\":\"https:\/\/lumart.fr\/fr\/?s={search_term_string}\"},\"query-input\":\"required name=search_term_string\"}],\"inLanguage\":\"fr-FR\"},{\"@type\":\"ImageObject\",\"@id\":\"https:\/\/lumart.fr\/fr\/sur-mesure\/#primaryimage\",\"inLanguage\":\"fr-FR\",\"url\":\"\/wp-content\/uploads\/2017\/12\/Sans-titre-1.jpg\",\"contentUrl\":\"\/wp-content\/uploads\/2017\/12\/Sans-titre-1.jpg\",\"width\":1226,\"height\":250},{\"@type\":\"WebPage\",\"@id\":\"https:\/\/lumart.fr\/fr\/sur-mesure\/#webpage\",\"url\":\"https:\/\/lumart.fr\/fr\/sur-mesure\/\",\"name\":\"Sur-mesure - Lum'art - Luminaire Fran\\u00e7ais de qualit\\u00e9\",\"isPartOf\":{\"@id\":\"https:\/\/lumart.fr\/fr\/#website\"},\"primaryImageOfPage\":{\"@id\":\"https:\/\/lumart.fr\/fr\/sur-mesure\/#primaryimage\"},\"datePublished\":\"2017-12-29T15:35:52+00:00\",\"dateModified\":\"2018-05-16T08:20:50+00:00\",\"description\":\"Deux fois par an le Studio Lum\\u2019art imagine et cr\\u00e9e de nouveaux mod\\u00e8les, compl\\u00e9tant ainsi l\\u2019offre traditionnelle ou bien r\\u00e9v\\u00e9lant des formes contemporaines. Sur-mesure, bespoke pour les professionnels et les particuliers.\",\"breadcrumb\":{\"@id\":\"https:\/\/lumart.fr\/fr\/sur-mesure\/#breadcrumb\"},\"inLanguage\":\"fr-FR\",\"potentialAction\":[{\"@type\":\"ReadAction\",\"target\":[\"https:\/\/lumart.fr\/fr\/sur-mesure\/\"]}]},{\"@type\":\"BreadcrumbList\",\"@id\":\"https:\/\/lumart.fr\/fr\/sur-mesure\/#breadcrumb\",\"itemListElement\":[{\"@type\":\"ListItem\",\"position\":1,\"name\":\"Home\",\"item\":\"https:\/\/lumart.fr\/fr\/\"},{\"@type\":\"ListItem\",\"position\":2,\"name\":\"Du sur-mesure pour des luminaires d&rsquo;exception\"}]}]}<\/script>\n<!-- \/ Yoast SEO plugin. -->","yoast_head_json":{"description":"Deux fois par an le Studio Lum\u2019art imagine et cr\u00e9e de nouveaux mod\u00e8les, compl\u00e9tant ainsi l\u2019offre traditionnelle ou bien r\u00e9v\u00e9lant des formes contemporaines. Sur-mesure, bespoke pour les professionnels et les particuliers.","robots":{"index":"index","follow":"follow","max-snippet":"max-snippet:-1","max-image-preview":"max-image-preview:large","max-video-preview":"max-video-preview:-1"},"canonical":"https:\/\/lumart.fr\/fr\/sur-mesure\/","og_locale":"fr_FR","og_type":"article","og_title":"Sur-mesure - Lum'art - Luminaire Fran\u00e7ais de qualit\u00e9","og_description":"Deux fois par an le Studio Lum\u2019art imagine et cr\u00e9e de nouveaux mod\u00e8les, compl\u00e9tant ainsi l\u2019offre traditionnelle ou bien r\u00e9v\u00e9lant des formes contemporaines. Sur-mesure, bespoke pour les professionnels et les particuliers.","og_url":"https:\/\/lumart.fr\/fr\/sur-mesure\/","og_site_name":"Lum&#039;art","article_publisher":"https:\/\/www.facebook.com\/LumArt-1543826629180391\/","article_modified_time":"2018-05-16T08:20:50+00:00","og_image":[{"width":1226,"height":250,"url":"https:\/\/lumart.fr\/wp-content\/uploads\/2017\/12\/Sans-titre-1.jpg","type":"image\/jpeg"}],"twitter_card":"summary","twitter_misc":{"Dur\u00e9e de lecture estim\u00e9e":"2 minutes"},"schema":{"@context":"https:\/\/schema.org","@graph":[{"@type":"WebSite","@id":"https:\/\/lumart.fr\/fr\/#website","url":"https:\/\/lumart.fr\/fr\/","name":"Lum'art","description":"","potentialAction":[{"@type":"SearchAction","target":{"@type":"EntryPoint","urlTemplate":"https:\/\/lumart.fr\/fr\/?s={search_term_string}"},"query-input":"required name=search_term_string"}],"inLanguage":"fr-FR"},{"@type":"ImageObject","@id":"https:\/\/lumart.fr\/fr\/sur-mesure\/#primaryimage","inLanguage":"fr-FR","url":"\/wp-content\/uploads\/2017\/12\/Sans-titre-1.jpg","contentUrl":"\/wp-content\/uploads\/2017\/12\/Sans-titre-1.jpg","width":1226,"height":250},{"@type":"WebPage","@id":"https:\/\/lumart.fr\/fr\/sur-mesure\/#webpage","url":"https:\/\/lumart.fr\/fr\/sur-mesure\/","name":"Sur-mesure - Lum'art - Luminaire Fran\u00e7ais de qualit\u00e9","isPartOf":{"@id":"https:\/\/lumart.fr\/fr\/#website"},"primaryImageOfPage":{"@id":"https:\/\/lumart.fr\/fr\/sur-mesure\/#primaryimage"},"datePublished":"2017-12-29T15:35:52+00:00","dateModified":"2018-05-16T08:20:50+00:00","description":"Deux fois par an le Studio Lum\u2019art imagine et cr\u00e9e de nouveaux mod\u00e8les, compl\u00e9tant ainsi l\u2019offre traditionnelle ou bien r\u00e9v\u00e9lant des formes contemporaines. Sur-mesure, bespoke pour les professionnels et les particuliers.","breadcrumb":{"@id":"https:\/\/lumart.fr\/fr\/sur-mesure\/#breadcrumb"},"inLanguage":"fr-FR","potentialAction":[{"@type":"ReadAction","target":["https:\/\/lumart.fr\/fr\/sur-mesure\/"]}]},{"@type":"BreadcrumbList","@id":"https:\/\/lumart.fr\/fr\/sur-mesure\/#breadcrumb","itemListElement":[{"@type":"ListItem","position":1,"name":"Home","item":"https:\/\/lumart.fr\/fr\/"},{"@type":"ListItem","position":2,"name":"Du sur-mesure pour des luminaires d&rsquo;exception"}]}]}},"_links":{"self":[{"href":"https:\/\/lumart.fr\/fr\/wp-json\/wp\/v2\/pages\/7685"}],"collection":[{"href":"https:\/\/lumart.fr\/fr\/wp-json\/wp\/v2\/pages"}],"about":[{"href":"https:\/\/lumart.fr\/fr\/wp-json\/wp\/v2\/types\/page"}],"author":[{"embeddable":true,"href":"https:\/\/lumart.fr\/fr\/wp-json\/wp\/v2\/users\/5"}],"replies":[{"embeddable":true,"href":"https:\/\/lumart.fr\/fr\/wp-json\/wp\/v2\/comments?post=7685"}],"version-history":[{"count":6,"href":"https:\/\/lumart.fr\/fr\/wp-json\/wp\/v2\/pages\/7685\/revisions"}],"predecessor-version":[{"id":9791,"href":"https:\/\/lumart.fr\/fr\/wp-json\/wp\/v2\/pages\/7685\/revisions\/9791"}],"wp:featuredmedia":[{"embeddable":true,"href":"https:\/\/lumart.fr\/fr\/wp-json\/wp\/v2\/media\/7699"}],"wp:attachment":[{"href":"https:\/\/lumart.fr\/fr\/wp-json\/wp\/v2\/media?parent=7685"}],"curies":[{"name":"wp","href":"https:\/\/api.w.org\/{rel}","templated":true}]}}