{"id":7636,"date":"2017-12-29T14:51:16","date_gmt":"2017-12-29T14:51:16","guid":{"rendered":"https:\/\/lumart.fr\/?page_id=7636"},"modified":"2018-07-27T09:59:46","modified_gmt":"2018-07-27T09:59:46","slug":"professionnels-votre-projet-de-renovation","status":"publish","type":"page","link":"https:\/\/lumart.fr\/fr\/professionnels-votre-projet-de-renovation\/","title":{"rendered":"Professionnels &#8211; Votre projet de r\u00e9novation"},"content":{"rendered":"<p>Lum\u2019art travaille quotidiennement \u00e0 l&rsquo;innovation et \u00e0 la r\u00e9novation avec de nombreux architectes et d\u00e9corateurs de renom en France comme \u00e0 l\u2019international, aussi bien sur des projets particuliers que commerciaux. Fiabilit\u00e9, flexibilit\u00e9, r\u00e9activit\u00e9 et proximit\u00e9 sont les points forts de la Maison et qui font le succ\u00e8s de Lum\u2019art aupr\u00e8s des professionnels de la d\u00e9coration.<\/p>\n<p><a href=\"https:\/\/lumart.fr\/fr\/les-collections\/exterieur\/lanternes\/pyramide-lanterne-mm-191\/\"><img loading=\"lazy\" class=\"alignnone size-full wp-image-7647\" src=\"https:\/\/lumart.fr\/wp-content\/uploads\/2017\/12\/Votre-Projet-pro-1-1.jpg\" alt=\"\" width=\"871\" height=\"653\" srcset=\"https:\/\/lumart.fr\/wp-content\/uploads\/2017\/12\/Votre-Projet-pro-1-1.jpg 871w, https:\/\/lumart.fr\/wp-content\/uploads\/2017\/12\/Votre-Projet-pro-1-1-740x555.jpg 740w, https:\/\/lumart.fr\/wp-content\/uploads\/2017\/12\/Votre-Projet-pro-1-1-300x225.jpg 300w, https:\/\/lumart.fr\/wp-content\/uploads\/2017\/12\/Votre-Projet-pro-1-1-768x576.jpg 768w, https:\/\/lumart.fr\/wp-content\/uploads\/2017\/12\/Votre-Projet-pro-1-1-760x570.jpg 760w, https:\/\/lumart.fr\/wp-content\/uploads\/2017\/12\/Votre-Projet-pro-1-1-360x270.jpg 360w, https:\/\/lumart.fr\/wp-content\/uploads\/2017\/12\/Votre-Projet-pro-1-1-100x75.jpg 100w, https:\/\/lumart.fr\/wp-content\/uploads\/2017\/12\/Votre-Projet-pro-1-1-84x63.jpg 84w, https:\/\/lumart.fr\/wp-content\/uploads\/2017\/12\/Votre-Projet-pro-1-1-109x82.jpg 109w, https:\/\/lumart.fr\/wp-content\/uploads\/2017\/12\/Votre-Projet-pro-1-1-640x480.jpg 640w\" sizes=\"(max-width: 871px) 100vw, 871px\" \/><\/a><\/p>\n<h2>Fiabilit\u00e9<\/h2>\n<p>La grande fid\u00e9lit\u00e9 de nos partenaires r\u00e9compense plus de 50 ans d\u2019expertise dans le secteur du luminaire haut de gamme\u00a0 durant lesquels les produits Lum\u2019art ont \u00e9t\u00e9 install\u00e9s dans de nombreux h\u00f4tels, restaurants, lieux publiques ou r\u00e9sidences priv\u00e9es. La satisfaction de nos clients suite \u00e0 la r\u00e9alisation de projets aussi bien en Europe qu\u2019aux Etats-Unis ou encore en Asie est le fruit d\u2019une qualit\u00e9 de service et de production irr\u00e9prochables \u00e0 laquelle nous tenons particuli\u00e8rement.<\/p>\n<blockquote><p>Merci pour vos conseils toujours pertinents, votre support technique et votre r\u00e9activit\u00e9 qui nous ont permis d&rsquo;apporter enti\u00e8re satisfaction \u00e0 notre client, en respectant \u00e0 la fois le cahier des charges et les d\u00e9lais. Ce service est pr\u00e9cieux pour un cabinet d&rsquo;architectes comme le notre.<\/p><\/blockquote>\n<p><a href=\"https:\/\/lumart.fr\/fr\/les-collections\/exterieur\/lanternes\/la-turbie-lanterne-geant-1003\/\"><img loading=\"lazy\" class=\"half-width wp-image-7643 aligncenter\" src=\"https:\/\/lumart.fr\/wp-content\/uploads\/2017\/12\/Votre-Projet-pro-2-1.jpg\" alt=\"\" width=\"536\" height=\"356\" srcset=\"https:\/\/lumart.fr\/wp-content\/uploads\/2017\/12\/Votre-Projet-pro-2-1.jpg 430w, https:\/\/lumart.fr\/wp-content\/uploads\/2017\/12\/Votre-Projet-pro-2-1-300x200.jpg 300w, https:\/\/lumart.fr\/wp-content\/uploads\/2017\/12\/Votre-Projet-pro-2-1-360x239.jpg 360w, https:\/\/lumart.fr\/wp-content\/uploads\/2017\/12\/Votre-Projet-pro-2-1-113x75.jpg 113w, https:\/\/lumart.fr\/wp-content\/uploads\/2017\/12\/Votre-Projet-pro-2-1-84x56.jpg 84w, https:\/\/lumart.fr\/wp-content\/uploads\/2017\/12\/Votre-Projet-pro-2-1-387x257.jpg 387w\" sizes=\"(max-width: 536px) 100vw, 536px\" \/><\/a> <a href=\"https:\/\/lumart.fr\/fr\/les-collections\/exterieur\/lanternes\/la-turbie-lanterne-geant-1003\/\"><img loading=\"lazy\" class=\"half-width wp-image-7645 aligncenter\" src=\"https:\/\/lumart.fr\/wp-content\/uploads\/2017\/12\/Votre-Projet-pro-3-1.jpg\" alt=\"\" width=\"531\" height=\"353\" srcset=\"https:\/\/lumart.fr\/wp-content\/uploads\/2017\/12\/Votre-Projet-pro-3-1.jpg 430w, https:\/\/lumart.fr\/wp-content\/uploads\/2017\/12\/Votre-Projet-pro-3-1-386x258.jpg 386w, https:\/\/lumart.fr\/wp-content\/uploads\/2017\/12\/Votre-Projet-pro-3-1-300x200.jpg 300w, https:\/\/lumart.fr\/wp-content\/uploads\/2017\/12\/Votre-Projet-pro-3-1-360x239.jpg 360w, https:\/\/lumart.fr\/wp-content\/uploads\/2017\/12\/Votre-Projet-pro-3-1-113x75.jpg 113w, https:\/\/lumart.fr\/wp-content\/uploads\/2017\/12\/Votre-Projet-pro-3-1-84x56.jpg 84w, https:\/\/lumart.fr\/wp-content\/uploads\/2017\/12\/Votre-Projet-pro-3-1-387x257.jpg 387w\" sizes=\"(max-width: 531px) 100vw, 531px\" \/><\/a><\/p>\n<h2>Flexibilit\u00e9<\/h2>\n<p>Un processus de fabrication essentiellement manuel nous permet d\u2019adapter nos mod\u00e8les aux demandes des professionnels les plus exigeants. Ainsi\u00a0 de nouvelles tailles, modes d\u2019accroche ou finitions peuvent \u00eatre \u00e9tudi\u00e9es pour dans le cadre de projets sp\u00e9cifiques sans jamais d\u00e9roger aux exigences de qualit\u00e9 et d\u2019esth\u00e9tisme qui ont fait le succ\u00e8s de la marque.<\/p>\n<p><a href=\"https:\/\/lumart.fr\/fr\/les-collections\/exterieur\/appliques-exterieur\/campagne-applique-gm-231\/\"><img loading=\"lazy\" class=\"half-width wp-image-7766 aligncenter\" src=\"https:\/\/lumart.fr\/wp-content\/uploads\/2018\/01\/Votre-Projet-pro-4.jpg\" alt=\"\" width=\"407\" height=\"611\" srcset=\"https:\/\/lumart.fr\/wp-content\/uploads\/2018\/01\/Votre-Projet-pro-4.jpg 430w, https:\/\/lumart.fr\/wp-content\/uploads\/2018\/01\/Votre-Projet-pro-4-200x300.jpg 200w, https:\/\/lumart.fr\/wp-content\/uploads\/2018\/01\/Votre-Projet-pro-4-380x570.jpg 380w, https:\/\/lumart.fr\/wp-content\/uploads\/2018\/01\/Votre-Projet-pro-4-193x290.jpg 193w, https:\/\/lumart.fr\/wp-content\/uploads\/2018\/01\/Votre-Projet-pro-4-50x75.jpg 50w, https:\/\/lumart.fr\/wp-content\/uploads\/2018\/01\/Votre-Projet-pro-4-84x126.jpg 84w, https:\/\/lumart.fr\/wp-content\/uploads\/2018\/01\/Votre-Projet-pro-4-55x82.jpg 55w\" sizes=\"(max-width: 407px) 100vw, 407px\" \/><\/a> <a href=\"https:\/\/lumart.fr\/fr\/les-collections\/exterieur\/lanternes\/cour-cheverny-oblique-lanterne-gm-279\/\"><img loading=\"lazy\" class=\"half-width wp-image-7768 aligncenter\" src=\"https:\/\/lumart.fr\/wp-content\/uploads\/2018\/01\/Votre-Projet-pro-7.jpg\" alt=\"\" width=\"401\" height=\"602\" srcset=\"https:\/\/lumart.fr\/wp-content\/uploads\/2018\/01\/Votre-Projet-pro-7.jpg 430w, https:\/\/lumart.fr\/wp-content\/uploads\/2018\/01\/Votre-Projet-pro-7-200x300.jpg 200w, https:\/\/lumart.fr\/wp-content\/uploads\/2018\/01\/Votre-Projet-pro-7-380x570.jpg 380w, https:\/\/lumart.fr\/wp-content\/uploads\/2018\/01\/Votre-Projet-pro-7-193x290.jpg 193w, https:\/\/lumart.fr\/wp-content\/uploads\/2018\/01\/Votre-Projet-pro-7-50x75.jpg 50w, https:\/\/lumart.fr\/wp-content\/uploads\/2018\/01\/Votre-Projet-pro-7-84x126.jpg 84w, https:\/\/lumart.fr\/wp-content\/uploads\/2018\/01\/Votre-Projet-pro-7-55x82.jpg 55w\" sizes=\"(max-width: 401px) 100vw, 401px\" \/><\/a><\/p>\n<h2>R\u00e9activit\u00e9<\/h2>\n<p>Fabriqu\u00e9s exclusivement dans nos ateliers en France, nos mod\u00e8les sont produits sur commande et disponibles dans un d\u00e9lai de 5 \u00e0 6 semaines. Ils peuvent ensuite \u00eatre exp\u00e9di\u00e9s dans le monde entier. Tout projet \u00e9tant unique, aucun minimum de commande n\u2019est requis.<\/p>\n<h2>Proximit\u00e9<\/h2>\n<p>La structure \u00e0 taille humaine de la soci\u00e9t\u00e9 permet aux \u00e9quipes d\u2019apporter des r\u00e9ponses \u00e0 toute demande d\u2019information ou de devis dans un d\u00e9lai de 24 \u00e0 48 heures. L\u2019\u00e9quipe bilingue permet d\u2019\u00e9changer facilement sur tous les sujets \u00e0 l\u2019international et d\u2019appr\u00e9hender rapidement les diff\u00e9rentes probl\u00e9matiques d\u2019un projet.<\/p>\n<p><a href=\"https:\/\/lumart.fr\/fr\/les-collections\/exterieur\/lanternes\/bordeaux-lanterne-gm-103\/\" rel=\"Copyright Ham Interiors Limited\"><img loading=\"lazy\" class=\"half-width aligncenter wp-image-7652\" title=\"Copyright Ham Interiors Limited \" src=\"https:\/\/lumart.fr\/wp-content\/uploads\/2017\/12\/Votre-Projet-pro-5-copyright.jpg\" alt=\"Copyright Ham Interiors Limited \" width=\"407\" height=\"611\" \/><\/a><\/p>\n<p style=\"text-align: center;\"><a href=\"https:\/\/lumart.fr\/fr\/les-collections\/interieur\/lustres\/vincennes-lustre-5152-4\/\"><img loading=\"lazy\" class=\"half-width wp-image-7654 alignnone\" src=\"https:\/\/lumart.fr\/wp-content\/uploads\/2017\/12\/Votre-Projet-pro-6.jpg\" alt=\"\" width=\"381\" height=\"572\" srcset=\"https:\/\/lumart.fr\/wp-content\/uploads\/2017\/12\/Votre-Projet-pro-6.jpg 430w, https:\/\/lumart.fr\/wp-content\/uploads\/2017\/12\/Votre-Projet-pro-6-200x300.jpg 200w, https:\/\/lumart.fr\/wp-content\/uploads\/2017\/12\/Votre-Projet-pro-6-380x570.jpg 380w, https:\/\/lumart.fr\/wp-content\/uploads\/2017\/12\/Votre-Projet-pro-6-193x290.jpg 193w, https:\/\/lumart.fr\/wp-content\/uploads\/2017\/12\/Votre-Projet-pro-6-50x75.jpg 50w, https:\/\/lumart.fr\/wp-content\/uploads\/2017\/12\/Votre-Projet-pro-6-84x126.jpg 84w, https:\/\/lumart.fr\/wp-content\/uploads\/2017\/12\/Votre-Projet-pro-6-55x82.jpg 55w\" sizes=\"(max-width: 381px) 100vw, 381px\" \/><\/a><\/p>\n","protected":false},"excerpt":{"rendered":"<p>Lum\u2019art travaille quotidiennement \u00e0 l&rsquo;innovation et \u00e0 la r\u00e9novation avec de nombreux architectes et d\u00e9corateurs de renom en France comme \u00e0 l\u2019international, aussi bien sur des projets particuliers que commerciaux. Fiabilit\u00e9, flexibilit\u00e9, r\u00e9activit\u00e9 et proximit\u00e9 sont les points forts de la Maison et qui font le succ\u00e8s de Lum\u2019art aupr\u00e8s des professionnels de la d\u00e9coration. Fiabilit\u00e9 La grande fid\u00e9lit\u00e9 de <a href=\"https:\/\/lumart.fr\/fr\/professionnels-votre-projet-de-renovation\/\" class=\"more\">[ &hellip; ]<\/a><\/p>\n","protected":false},"author":5,"featured_media":7670,"parent":0,"menu_order":0,"comment_status":"closed","ping_status":"closed","template":"page-editorial.php","meta":[],"acf":[],"yoast_head":"<!-- This site is optimized with the Yoast SEO plugin v17.8 - https:\/\/yoast.com\/wordpress\/plugins\/seo\/ -->\n<meta name=\"description\" content=\"Lum\u2019art travaille quotidiennement \u00e0 l&#039;innovation et \u00e0 la r\u00e9novation avec de nombreux professionnels, architectes et d\u00e9corateurs de renom, en France comme \u00e0 l\u2019international.\" \/>\n<meta name=\"robots\" content=\"index, follow, max-snippet:-1, max-image-preview:large, max-video-preview:-1\" \/>\n<link rel=\"canonical\" href=\"https:\/\/lumart.fr\/fr\/professionnels-votre-projet-de-renovation\/\" \/>\n<meta property=\"og:locale\" content=\"fr_FR\" \/>\n<meta property=\"og:type\" content=\"article\" \/>\n<meta property=\"og:title\" content=\"Professionnels - Votre projet de renovation - Lum&#039;art\" \/>\n<meta property=\"og:description\" content=\"Lum\u2019art travaille quotidiennement \u00e0 l&#039;innovation et \u00e0 la r\u00e9novation avec de nombreux professionnels, architectes et d\u00e9corateurs de renom, en France comme \u00e0 l\u2019international.\" \/>\n<meta property=\"og:url\" content=\"https:\/\/lumart.fr\/fr\/professionnels-votre-projet-de-renovation\/\" \/>\n<meta property=\"og:site_name\" content=\"Lum&#039;art\" \/>\n<meta property=\"article:publisher\" content=\"https:\/\/www.facebook.com\/LumArt-1543826629180391\/\" \/>\n<meta property=\"article:modified_time\" content=\"2018-07-27T09:59:46+00:00\" \/>\n<meta property=\"og:image\" content=\"https:\/\/lumart.fr\/wp-content\/uploads\/2017\/12\/Votre-Projet-pro-bandeau-header-1.jpg\" \/>\n\t<meta property=\"og:image:width\" content=\"1226\" \/>\n\t<meta property=\"og:image:height\" content=\"250\" \/>\n<meta name=\"twitter:card\" content=\"summary\" \/>\n<meta name=\"twitter:label1\" content=\"Dur\u00e9e de lecture estim\u00e9e\" \/>\n\t<meta name=\"twitter:data1\" content=\"2 minutes\" \/>\n<script type=\"application\/ld+json\" class=\"yoast-schema-graph\">{\"@context\":\"https:\/\/schema.org\",\"@graph\":[{\"@type\":\"WebSite\",\"@id\":\"https:\/\/lumart.fr\/fr\/#website\",\"url\":\"https:\/\/lumart.fr\/fr\/\",\"name\":\"Lum'art\",\"description\":\"\",\"potentialAction\":[{\"@type\":\"SearchAction\",\"target\":{\"@type\":\"EntryPoint\",\"urlTemplate\":\"https:\/\/lumart.fr\/fr\/?s={search_term_string}\"},\"query-input\":\"required name=search_term_string\"}],\"inLanguage\":\"fr-FR\"},{\"@type\":\"ImageObject\",\"@id\":\"https:\/\/lumart.fr\/fr\/professionnels-votre-projet-de-renovation\/#primaryimage\",\"inLanguage\":\"fr-FR\",\"url\":\"\/wp-content\/uploads\/2017\/12\/Votre-Projet-pro-bandeau-header-1.jpg\",\"contentUrl\":\"\/wp-content\/uploads\/2017\/12\/Votre-Projet-pro-bandeau-header-1.jpg\",\"width\":1226,\"height\":250},{\"@type\":\"WebPage\",\"@id\":\"https:\/\/lumart.fr\/fr\/professionnels-votre-projet-de-renovation\/#webpage\",\"url\":\"https:\/\/lumart.fr\/fr\/professionnels-votre-projet-de-renovation\/\",\"name\":\"Professionnels - Votre projet de renovation - Lum'art\",\"isPartOf\":{\"@id\":\"https:\/\/lumart.fr\/fr\/#website\"},\"primaryImageOfPage\":{\"@id\":\"https:\/\/lumart.fr\/fr\/professionnels-votre-projet-de-renovation\/#primaryimage\"},\"datePublished\":\"2017-12-29T14:51:16+00:00\",\"dateModified\":\"2018-07-27T09:59:46+00:00\",\"description\":\"Lum\\u2019art travaille quotidiennement \\u00e0 l'innovation et \\u00e0 la r\\u00e9novation avec de nombreux professionnels, architectes et d\\u00e9corateurs de renom, en France comme \\u00e0 l\\u2019international.\",\"breadcrumb\":{\"@id\":\"https:\/\/lumart.fr\/fr\/professionnels-votre-projet-de-renovation\/#breadcrumb\"},\"inLanguage\":\"fr-FR\",\"potentialAction\":[{\"@type\":\"ReadAction\",\"target\":[\"https:\/\/lumart.fr\/fr\/professionnels-votre-projet-de-renovation\/\"]}]},{\"@type\":\"BreadcrumbList\",\"@id\":\"https:\/\/lumart.fr\/fr\/professionnels-votre-projet-de-renovation\/#breadcrumb\",\"itemListElement\":[{\"@type\":\"ListItem\",\"position\":1,\"name\":\"Home\",\"item\":\"https:\/\/lumart.fr\/fr\/\"},{\"@type\":\"ListItem\",\"position\":2,\"name\":\"Professionnels &#8211; Votre projet de r\\u00e9novation\"}]}]}<\/script>\n<!-- \/ Yoast SEO plugin. -->","yoast_head_json":{"description":"Lum\u2019art travaille quotidiennement \u00e0 l'innovation et \u00e0 la r\u00e9novation avec de nombreux professionnels, architectes et d\u00e9corateurs de renom, en France comme \u00e0 l\u2019international.","robots":{"index":"index","follow":"follow","max-snippet":"max-snippet:-1","max-image-preview":"max-image-preview:large","max-video-preview":"max-video-preview:-1"},"canonical":"https:\/\/lumart.fr\/fr\/professionnels-votre-projet-de-renovation\/","og_locale":"fr_FR","og_type":"article","og_title":"Professionnels - Votre projet de renovation - Lum'art","og_description":"Lum\u2019art travaille quotidiennement \u00e0 l'innovation et \u00e0 la r\u00e9novation avec de nombreux professionnels, architectes et d\u00e9corateurs de renom, en France comme \u00e0 l\u2019international.","og_url":"https:\/\/lumart.fr\/fr\/professionnels-votre-projet-de-renovation\/","og_site_name":"Lum&#039;art","article_publisher":"https:\/\/www.facebook.com\/LumArt-1543826629180391\/","article_modified_time":"2018-07-27T09:59:46+00:00","og_image":[{"width":1226,"height":250,"url":"https:\/\/lumart.fr\/wp-content\/uploads\/2017\/12\/Votre-Projet-pro-bandeau-header-1.jpg","type":"image\/jpeg"}],"twitter_card":"summary","twitter_misc":{"Dur\u00e9e de lecture estim\u00e9e":"2 minutes"},"schema":{"@context":"https:\/\/schema.org","@graph":[{"@type":"WebSite","@id":"https:\/\/lumart.fr\/fr\/#website","url":"https:\/\/lumart.fr\/fr\/","name":"Lum'art","description":"","potentialAction":[{"@type":"SearchAction","target":{"@type":"EntryPoint","urlTemplate":"https:\/\/lumart.fr\/fr\/?s={search_term_string}"},"query-input":"required name=search_term_string"}],"inLanguage":"fr-FR"},{"@type":"ImageObject","@id":"https:\/\/lumart.fr\/fr\/professionnels-votre-projet-de-renovation\/#primaryimage","inLanguage":"fr-FR","url":"\/wp-content\/uploads\/2017\/12\/Votre-Projet-pro-bandeau-header-1.jpg","contentUrl":"\/wp-content\/uploads\/2017\/12\/Votre-Projet-pro-bandeau-header-1.jpg","width":1226,"height":250},{"@type":"WebPage","@id":"https:\/\/lumart.fr\/fr\/professionnels-votre-projet-de-renovation\/#webpage","url":"https:\/\/lumart.fr\/fr\/professionnels-votre-projet-de-renovation\/","name":"Professionnels - Votre projet de renovation - Lum'art","isPartOf":{"@id":"https:\/\/lumart.fr\/fr\/#website"},"primaryImageOfPage":{"@id":"https:\/\/lumart.fr\/fr\/professionnels-votre-projet-de-renovation\/#primaryimage"},"datePublished":"2017-12-29T14:51:16+00:00","dateModified":"2018-07-27T09:59:46+00:00","description":"Lum\u2019art travaille quotidiennement \u00e0 l'innovation et \u00e0 la r\u00e9novation avec de nombreux professionnels, architectes et d\u00e9corateurs de renom, en France comme \u00e0 l\u2019international.","breadcrumb":{"@id":"https:\/\/lumart.fr\/fr\/professionnels-votre-projet-de-renovation\/#breadcrumb"},"inLanguage":"fr-FR","potentialAction":[{"@type":"ReadAction","target":["https:\/\/lumart.fr\/fr\/professionnels-votre-projet-de-renovation\/"]}]},{"@type":"BreadcrumbList","@id":"https:\/\/lumart.fr\/fr\/professionnels-votre-projet-de-renovation\/#breadcrumb","itemListElement":[{"@type":"ListItem","position":1,"name":"Home","item":"https:\/\/lumart.fr\/fr\/"},{"@type":"ListItem","position":2,"name":"Professionnels &#8211; Votre projet de r\u00e9novation"}]}]}},"_links":{"self":[{"href":"https:\/\/lumart.fr\/fr\/wp-json\/wp\/v2\/pages\/7636"}],"collection":[{"href":"https:\/\/lumart.fr\/fr\/wp-json\/wp\/v2\/pages"}],"about":[{"href":"https:\/\/lumart.fr\/fr\/wp-json\/wp\/v2\/types\/page"}],"author":[{"embeddable":true,"href":"https:\/\/lumart.fr\/fr\/wp-json\/wp\/v2\/users\/5"}],"replies":[{"embeddable":true,"href":"https:\/\/lumart.fr\/fr\/wp-json\/wp\/v2\/comments?post=7636"}],"version-history":[{"count":7,"href":"https:\/\/lumart.fr\/fr\/wp-json\/wp\/v2\/pages\/7636\/revisions"}],"predecessor-version":[{"id":9833,"href":"https:\/\/lumart.fr\/fr\/wp-json\/wp\/v2\/pages\/7636\/revisions\/9833"}],"wp:featuredmedia":[{"embeddable":true,"href":"https:\/\/lumart.fr\/fr\/wp-json\/wp\/v2\/media\/7670"}],"wp:attachment":[{"href":"https:\/\/lumart.fr\/fr\/wp-json\/wp\/v2\/media?parent=7636"}],"curies":[{"name":"wp","href":"https:\/\/api.w.org\/{rel}","templated":true}]}}