{"id":7563,"date":"2017-12-29T13:56:52","date_gmt":"2017-12-29T13:56:52","guid":{"rendered":"https:\/\/lumart.fr\/?page_id=7563"},"modified":"2018-01-18T10:56:23","modified_gmt":"2018-01-18T10:56:23","slug":"particuliers-votre-projet-d-amenagement","status":"publish","type":"page","link":"https:\/\/lumart.fr\/fr\/particuliers-votre-projet-d-amenagement\/","title":{"rendered":"Particuliers &#8211; Votre projet d&rsquo;am\u00e9nagement"},"content":{"rendered":"<p>Plus de 50 ans d\u2019exp\u00e9rience permettent \u00e0 la Maison Lum\u2019art d\u2019apporter conseil et expertise pour vous accompagner dans votre choix de luminaires qu\u2019il s\u2019agisse d\u2019un am\u00e9nagement int\u00e9rieur ou ext\u00e9rieur.<\/p>\n<h2>D\u00e9coration d&rsquo;int\u00e9rieur<\/h2>\n<p><img loading=\"lazy\" class=\"alignnone wp-image-7567\" src=\"https:\/\/lumart.fr\/wp-content\/uploads\/2017\/12\/Votre-Projet-particulier-int\u00e9rieur-1.jpg\" alt=\"\" width=\"871\" height=\"581\" srcset=\"https:\/\/lumart.fr\/wp-content\/uploads\/2017\/12\/Votre-Projet-particulier-int\u00e9rieur-1.jpg 871w, https:\/\/lumart.fr\/wp-content\/uploads\/2017\/12\/Votre-Projet-particulier-int\u00e9rieur-1-386x258.jpg 386w, https:\/\/lumart.fr\/wp-content\/uploads\/2017\/12\/Votre-Projet-particulier-int\u00e9rieur-1-740x494.jpg 740w, https:\/\/lumart.fr\/wp-content\/uploads\/2017\/12\/Votre-Projet-particulier-int\u00e9rieur-1-300x200.jpg 300w, https:\/\/lumart.fr\/wp-content\/uploads\/2017\/12\/Votre-Projet-particulier-int\u00e9rieur-1-768x512.jpg 768w, https:\/\/lumart.fr\/wp-content\/uploads\/2017\/12\/Votre-Projet-particulier-int\u00e9rieur-1-855x570.jpg 855w, https:\/\/lumart.fr\/wp-content\/uploads\/2017\/12\/Votre-Projet-particulier-int\u00e9rieur-1-570x380.jpg 570w, https:\/\/lumart.fr\/wp-content\/uploads\/2017\/12\/Votre-Projet-particulier-int\u00e9rieur-1-360x240.jpg 360w, https:\/\/lumart.fr\/wp-content\/uploads\/2017\/12\/Votre-Projet-particulier-int\u00e9rieur-1-112x75.jpg 112w, https:\/\/lumart.fr\/wp-content\/uploads\/2017\/12\/Votre-Projet-particulier-int\u00e9rieur-1-84x56.jpg 84w, https:\/\/lumart.fr\/wp-content\/uploads\/2017\/12\/Votre-Projet-particulier-int\u00e9rieur-1-113x75.jpg 113w, https:\/\/lumart.fr\/wp-content\/uploads\/2017\/12\/Votre-Projet-particulier-int\u00e9rieur-1-640x427.jpg 640w, https:\/\/lumart.fr\/wp-content\/uploads\/2017\/12\/Votre-Projet-particulier-int\u00e9rieur-1-387x257.jpg 387w\" sizes=\"(max-width: 871px) 100vw, 871px\" \/><br \/>\n&nbsp;<br \/>\nLa tr\u00e8s large gamme Lum\u2019art permet d\u2019accompagner un grand nombre de projets, de la chambre \u00e0 coucher, des salons et salles \u00e0 manger, halls, couloirs, vestibules, jusqu\u2019aux cuisines et salles de bain\u00a0!<br \/>\nUn design contemporain pourra s\u2019accompagner d\u2019une patine plus traditionnelle pour r\u00e9veiller un int\u00e9rieur classique ou romantique alors qu\u2019un luminaire plus classique pourra \u00eatre associ\u00e9 \u00e0 une patine contemporaine et trouvera ainsi parfaitement sa place dans un int\u00e9rieur design. Une subtile alchimie entre style, volume et patine permet de trouver le luminaire qui s\u2019adaptera parfaitement \u00e0 son environnement architectural et d\u00e9coratif.<\/p>\n<img loading=\"lazy\" class=\"half-width alignnone wp-image-7606\" src=\"https:\/\/lumart.fr\/wp-content\/uploads\/2017\/12\/Votre-Projet-particulier-int\u00e9rieur-2-2.jpg\" alt=\"\" width=\"430\" height=\"645\" srcset=\"https:\/\/lumart.fr\/wp-content\/uploads\/2017\/12\/Votre-Projet-particulier-int\u00e9rieur-2-2.jpg 430w, https:\/\/lumart.fr\/wp-content\/uploads\/2017\/12\/Votre-Projet-particulier-int\u00e9rieur-2-2-200x300.jpg 200w, https:\/\/lumart.fr\/wp-content\/uploads\/2017\/12\/Votre-Projet-particulier-int\u00e9rieur-2-2-380x570.jpg 380w, https:\/\/lumart.fr\/wp-content\/uploads\/2017\/12\/Votre-Projet-particulier-int\u00e9rieur-2-2-193x290.jpg 193w, https:\/\/lumart.fr\/wp-content\/uploads\/2017\/12\/Votre-Projet-particulier-int\u00e9rieur-2-2-50x75.jpg 50w, https:\/\/lumart.fr\/wp-content\/uploads\/2017\/12\/Votre-Projet-particulier-int\u00e9rieur-2-2-84x126.jpg 84w, https:\/\/lumart.fr\/wp-content\/uploads\/2017\/12\/Votre-Projet-particulier-int\u00e9rieur-2-2-55x82.jpg 55w\" sizes=\"(max-width: 430px) 100vw, 430px\" \/> <img loading=\"lazy\" class=\"half-width alignnone wp-image-7608 size-full\" src=\"https:\/\/lumart.fr\/wp-content\/uploads\/2017\/12\/Votre-Projet-particulier-int\u00e9rieur-3-2.jpg\" alt=\"\" width=\"430\" height=\"645\" srcset=\"https:\/\/lumart.fr\/wp-content\/uploads\/2017\/12\/Votre-Projet-particulier-int\u00e9rieur-3-2.jpg 430w, https:\/\/lumart.fr\/wp-content\/uploads\/2017\/12\/Votre-Projet-particulier-int\u00e9rieur-3-2-200x300.jpg 200w, https:\/\/lumart.fr\/wp-content\/uploads\/2017\/12\/Votre-Projet-particulier-int\u00e9rieur-3-2-380x570.jpg 380w, https:\/\/lumart.fr\/wp-content\/uploads\/2017\/12\/Votre-Projet-particulier-int\u00e9rieur-3-2-193x290.jpg 193w, https:\/\/lumart.fr\/wp-content\/uploads\/2017\/12\/Votre-Projet-particulier-int\u00e9rieur-3-2-50x75.jpg 50w, https:\/\/lumart.fr\/wp-content\/uploads\/2017\/12\/Votre-Projet-particulier-int\u00e9rieur-3-2-84x126.jpg 84w, https:\/\/lumart.fr\/wp-content\/uploads\/2017\/12\/Votre-Projet-particulier-int\u00e9rieur-3-2-55x82.jpg 55w\" sizes=\"(max-width: 430px) 100vw, 430px\" \/>\n<blockquote><p>Les conseils personnalis\u00e9s de l&rsquo;\u00e9quipe Lum&rsquo;art m&rsquo;ont aid\u00e9 \u00e0 orienter mon choix vers des luminaires qui s&rsquo;adaptent parfaitement au style architectural ainsi qu&rsquo;aux volumes de notre demeure.<\/p><\/blockquote>\n<img loading=\"lazy\" class=\"half-width alignnone wp-image-7611 size-full\" src=\"https:\/\/lumart.fr\/wp-content\/uploads\/2017\/12\/Votre-Projet-particulier-in\u00e9rieur-4-2.jpg\" alt=\"\" width=\"430\" height=\"645\" srcset=\"https:\/\/lumart.fr\/wp-content\/uploads\/2017\/12\/Votre-Projet-particulier-in\u00e9rieur-4-2.jpg 430w, https:\/\/lumart.fr\/wp-content\/uploads\/2017\/12\/Votre-Projet-particulier-in\u00e9rieur-4-2-200x300.jpg 200w, https:\/\/lumart.fr\/wp-content\/uploads\/2017\/12\/Votre-Projet-particulier-in\u00e9rieur-4-2-380x570.jpg 380w, https:\/\/lumart.fr\/wp-content\/uploads\/2017\/12\/Votre-Projet-particulier-in\u00e9rieur-4-2-193x290.jpg 193w, https:\/\/lumart.fr\/wp-content\/uploads\/2017\/12\/Votre-Projet-particulier-in\u00e9rieur-4-2-50x75.jpg 50w, https:\/\/lumart.fr\/wp-content\/uploads\/2017\/12\/Votre-Projet-particulier-in\u00e9rieur-4-2-84x126.jpg 84w, https:\/\/lumart.fr\/wp-content\/uploads\/2017\/12\/Votre-Projet-particulier-in\u00e9rieur-4-2-55x82.jpg 55w\" sizes=\"(max-width: 430px) 100vw, 430px\" \/> <img loading=\"lazy\" class=\"half-width alignnone wp-image-7613 size-full\" src=\"https:\/\/lumart.fr\/wp-content\/uploads\/2017\/12\/Votre-Projet-particulier-in\u00e9rieur-5-2.jpg\" alt=\"\" width=\"430\" height=\"645\" srcset=\"https:\/\/lumart.fr\/wp-content\/uploads\/2017\/12\/Votre-Projet-particulier-in\u00e9rieur-5-2.jpg 430w, https:\/\/lumart.fr\/wp-content\/uploads\/2017\/12\/Votre-Projet-particulier-in\u00e9rieur-5-2-200x300.jpg 200w, https:\/\/lumart.fr\/wp-content\/uploads\/2017\/12\/Votre-Projet-particulier-in\u00e9rieur-5-2-380x570.jpg 380w, https:\/\/lumart.fr\/wp-content\/uploads\/2017\/12\/Votre-Projet-particulier-in\u00e9rieur-5-2-193x290.jpg 193w, https:\/\/lumart.fr\/wp-content\/uploads\/2017\/12\/Votre-Projet-particulier-in\u00e9rieur-5-2-50x75.jpg 50w, https:\/\/lumart.fr\/wp-content\/uploads\/2017\/12\/Votre-Projet-particulier-in\u00e9rieur-5-2-84x126.jpg 84w, https:\/\/lumart.fr\/wp-content\/uploads\/2017\/12\/Votre-Projet-particulier-in\u00e9rieur-5-2-55x82.jpg 55w\" sizes=\"(max-width: 430px) 100vw, 430px\" \/>\n<h2>Am\u00e9nagement ext\u00e9rieur<\/h2>\n<p>Riche d\u2019un important catalogue de luminaires ext\u00e9rieurs, Lum\u2019art propose une approche personnalis\u00e9e \u00e0 chaque client: qu\u2019il s\u2019agisse d\u2019un ch\u00e2teau XVII\u00e8me, d\u2019une maison bourgeoise XIX\u00e8me, d\u2019une long\u00e8re dans le Perche, d\u2019un mas en Provence, d\u2019un appartement contemporain, d\u2019un chalet \u00e0 la montagne ou d\u2019une maison en bord de mer, les collections Lum\u2019art s\u2019inscriront avec authenticit\u00e9 et \u00e9l\u00e9gance dans votre projet.<\/p>\n<p><img loading=\"lazy\" class=\"half-width alignnone wp-image-7616\" src=\"https:\/\/lumart.fr\/wp-content\/uploads\/2017\/12\/Votre-Projet-particulier-exterieur-1-1.jpg\" alt=\"\" width=\"430\" height=\"645\" srcset=\"https:\/\/lumart.fr\/wp-content\/uploads\/2017\/12\/Votre-Projet-particulier-exterieur-1-1.jpg 430w, https:\/\/lumart.fr\/wp-content\/uploads\/2017\/12\/Votre-Projet-particulier-exterieur-1-1-200x300.jpg 200w, https:\/\/lumart.fr\/wp-content\/uploads\/2017\/12\/Votre-Projet-particulier-exterieur-1-1-380x570.jpg 380w, https:\/\/lumart.fr\/wp-content\/uploads\/2017\/12\/Votre-Projet-particulier-exterieur-1-1-193x290.jpg 193w, https:\/\/lumart.fr\/wp-content\/uploads\/2017\/12\/Votre-Projet-particulier-exterieur-1-1-50x75.jpg 50w, https:\/\/lumart.fr\/wp-content\/uploads\/2017\/12\/Votre-Projet-particulier-exterieur-1-1-84x126.jpg 84w, https:\/\/lumart.fr\/wp-content\/uploads\/2017\/12\/Votre-Projet-particulier-exterieur-1-1-55x82.jpg 55w\" sizes=\"(max-width: 430px) 100vw, 430px\" \/> <img loading=\"lazy\" class=\"half-width alignnone wp-image-7618\" src=\"https:\/\/lumart.fr\/wp-content\/uploads\/2017\/12\/Votre-Projet-particulier-exterieur-2-1.jpg\" alt=\"\" width=\"430\" height=\"646\" srcset=\"https:\/\/lumart.fr\/wp-content\/uploads\/2017\/12\/Votre-Projet-particulier-exterieur-2-1.jpg 430w, https:\/\/lumart.fr\/wp-content\/uploads\/2017\/12\/Votre-Projet-particulier-exterieur-2-1-200x300.jpg 200w, https:\/\/lumart.fr\/wp-content\/uploads\/2017\/12\/Votre-Projet-particulier-exterieur-2-1-380x570.jpg 380w, https:\/\/lumart.fr\/wp-content\/uploads\/2017\/12\/Votre-Projet-particulier-exterieur-2-1-193x290.jpg 193w, https:\/\/lumart.fr\/wp-content\/uploads\/2017\/12\/Votre-Projet-particulier-exterieur-2-1-50x75.jpg 50w, https:\/\/lumart.fr\/wp-content\/uploads\/2017\/12\/Votre-Projet-particulier-exterieur-2-1-84x126.jpg 84w, https:\/\/lumart.fr\/wp-content\/uploads\/2017\/12\/Votre-Projet-particulier-exterieur-2-1-55x82.jpg 55w\" sizes=\"(max-width: 430px) 100vw, 430px\" \/><br \/>\n&nbsp;<br \/>\nLes experts Lum\u2019art sauront vous guider afin d\u2019arr\u00eater votre choix sur la combinaison id\u00e9ale design\/forme\/taille\/mode d\u2019accroche\/finition\u00a0 pour produire des luminaires uniques qui s\u2019adapteront parfaitement \u00e0 votre espace ext\u00e9rieur et valoriseront au mieux vos fa\u00e7ades et jardins.<\/p>\n<img loading=\"lazy\" class=\"wp-image-7593 alignleft\" src=\"https:\/\/lumart.fr\/wp-content\/uploads\/2017\/12\/Votre-Projet-particulier-exterieur-3-682x1024.jpg\" alt=\"\" width=\"283\" height=\"456\" \/>\n<p>Pour cela, ils s\u2019appuieront sur diff\u00e9rents crit\u00e8res\u00a0:<\/p>\n<ol>\n<li>style architectural du b\u00e2ti<\/li>\n<li>mat\u00e9riaux utilis\u00e9s<\/li>\n<li>rev\u00eatements de toitures<\/li>\n<li>positionnements des sorties \u00e9lectriques etc.<\/li>\n<\/ol>\n<p>Afin de faciliter les \u00e9changes et de vous conseiller au mieux, vous pouvez si vous le souhaitez nous envoyer en toute confidentialit\u00e9 des photos et plans de votre propri\u00e9t\u00e9 ou espace \u00e0 am\u00e9nager. Ce conseil ultra personnalis\u00e9 est pr\u00e9cieux\u00a0: il permet \u00e0 la Maison de vous guider dans vos choix et de vous apporter enti\u00e8re satisfaction pour qu\u2019une fois install\u00e9s, vous puissiez profiter de vos luminaires d\u2019exception pendant de tr\u00e8s longues ann\u00e9es.<\/p>\n","protected":false},"excerpt":{"rendered":"<p>Plus de 50 ans d\u2019exp\u00e9rience permettent \u00e0 la Maison Lum\u2019art d\u2019apporter conseil et expertise pour vous accompagner dans votre choix de luminaires qu\u2019il s\u2019agisse d\u2019un am\u00e9nagement int\u00e9rieur ou ext\u00e9rieur. D\u00e9coration d&rsquo;int\u00e9rieur &nbsp; La tr\u00e8s large gamme Lum\u2019art permet d\u2019accompagner un grand nombre de projets, de la chambre \u00e0 coucher, des salons et salles \u00e0 manger, halls, couloirs, vestibules, jusqu\u2019aux cuisines <a href=\"https:\/\/lumart.fr\/fr\/particuliers-votre-projet-d-amenagement\/\" class=\"more\">[ &hellip; ]<\/a><\/p>\n","protected":false},"author":5,"featured_media":7672,"parent":0,"menu_order":0,"comment_status":"closed","ping_status":"closed","template":"page-editorial.php","meta":[],"acf":[],"yoast_head":"<!-- This site is optimized with the Yoast SEO plugin v17.8 - https:\/\/yoast.com\/wordpress\/plugins\/seo\/ -->\n<meta name=\"description\" content=\"Plus de 50 ans d\u2019exp\u00e9rience permettent \u00e0 la Maison Lum\u2019art d\u2019apporter conseil et expertise pour vous accompagner dans votre choix de luminaires.\" \/>\n<meta name=\"robots\" content=\"index, follow, max-snippet:-1, max-image-preview:large, max-video-preview:-1\" \/>\n<link rel=\"canonical\" href=\"https:\/\/lumart.fr\/fr\/particuliers-votre-projet-d-amenagement\/\" \/>\n<meta property=\"og:locale\" content=\"fr_FR\" \/>\n<meta property=\"og:type\" content=\"article\" \/>\n<meta property=\"og:title\" content=\"Particuliers - Votre projet d&#039;am\u00e9nagement - Lum&#039;art\" \/>\n<meta property=\"og:description\" content=\"Plus de 50 ans d\u2019exp\u00e9rience permettent \u00e0 la Maison Lum\u2019art d\u2019apporter conseil et expertise pour vous accompagner dans votre choix de luminaires.\" \/>\n<meta property=\"og:url\" content=\"https:\/\/lumart.fr\/fr\/particuliers-votre-projet-d-amenagement\/\" \/>\n<meta property=\"og:site_name\" content=\"Lum&#039;art\" \/>\n<meta property=\"article:publisher\" content=\"https:\/\/www.facebook.com\/LumArt-1543826629180391\/\" \/>\n<meta property=\"article:modified_time\" content=\"2018-01-18T10:56:23+00:00\" \/>\n<meta property=\"og:image\" content=\"https:\/\/lumart.fr\/wp-content\/uploads\/2017\/12\/Votre-Projet-pro-bandeau-header-2.jpg\" \/>\n\t<meta property=\"og:image:width\" content=\"1226\" \/>\n\t<meta property=\"og:image:height\" content=\"250\" \/>\n<meta name=\"twitter:card\" content=\"summary\" \/>\n<meta name=\"twitter:label1\" content=\"Dur\u00e9e de lecture estim\u00e9e\" \/>\n\t<meta name=\"twitter:data1\" content=\"2 minutes\" \/>\n<script type=\"application\/ld+json\" class=\"yoast-schema-graph\">{\"@context\":\"https:\/\/schema.org\",\"@graph\":[{\"@type\":\"WebSite\",\"@id\":\"https:\/\/lumart.fr\/fr\/#website\",\"url\":\"https:\/\/lumart.fr\/fr\/\",\"name\":\"Lum'art\",\"description\":\"\",\"potentialAction\":[{\"@type\":\"SearchAction\",\"target\":{\"@type\":\"EntryPoint\",\"urlTemplate\":\"https:\/\/lumart.fr\/fr\/?s={search_term_string}\"},\"query-input\":\"required name=search_term_string\"}],\"inLanguage\":\"fr-FR\"},{\"@type\":\"ImageObject\",\"@id\":\"https:\/\/lumart.fr\/fr\/particuliers-votre-projet-d-amenagement\/#primaryimage\",\"inLanguage\":\"fr-FR\",\"url\":\"\/wp-content\/uploads\/2017\/12\/Votre-Projet-pro-bandeau-header-2.jpg\",\"contentUrl\":\"\/wp-content\/uploads\/2017\/12\/Votre-Projet-pro-bandeau-header-2.jpg\",\"width\":1226,\"height\":250},{\"@type\":\"WebPage\",\"@id\":\"https:\/\/lumart.fr\/fr\/particuliers-votre-projet-d-amenagement\/#webpage\",\"url\":\"https:\/\/lumart.fr\/fr\/particuliers-votre-projet-d-amenagement\/\",\"name\":\"Particuliers - Votre projet d'am\\u00e9nagement - Lum'art\",\"isPartOf\":{\"@id\":\"https:\/\/lumart.fr\/fr\/#website\"},\"primaryImageOfPage\":{\"@id\":\"https:\/\/lumart.fr\/fr\/particuliers-votre-projet-d-amenagement\/#primaryimage\"},\"datePublished\":\"2017-12-29T13:56:52+00:00\",\"dateModified\":\"2018-01-18T10:56:23+00:00\",\"description\":\"Plus de 50 ans d\\u2019exp\\u00e9rience permettent \\u00e0 la Maison Lum\\u2019art d\\u2019apporter conseil et expertise pour vous accompagner dans votre choix de luminaires.\",\"breadcrumb\":{\"@id\":\"https:\/\/lumart.fr\/fr\/particuliers-votre-projet-d-amenagement\/#breadcrumb\"},\"inLanguage\":\"fr-FR\",\"potentialAction\":[{\"@type\":\"ReadAction\",\"target\":[\"https:\/\/lumart.fr\/fr\/particuliers-votre-projet-d-amenagement\/\"]}]},{\"@type\":\"BreadcrumbList\",\"@id\":\"https:\/\/lumart.fr\/fr\/particuliers-votre-projet-d-amenagement\/#breadcrumb\",\"itemListElement\":[{\"@type\":\"ListItem\",\"position\":1,\"name\":\"Home\",\"item\":\"https:\/\/lumart.fr\/fr\/\"},{\"@type\":\"ListItem\",\"position\":2,\"name\":\"Particuliers &#8211; Votre projet d&rsquo;am\\u00e9nagement\"}]}]}<\/script>\n<!-- \/ Yoast SEO plugin. -->","yoast_head_json":{"description":"Plus de 50 ans d\u2019exp\u00e9rience permettent \u00e0 la Maison Lum\u2019art d\u2019apporter conseil et expertise pour vous accompagner dans votre choix de luminaires.","robots":{"index":"index","follow":"follow","max-snippet":"max-snippet:-1","max-image-preview":"max-image-preview:large","max-video-preview":"max-video-preview:-1"},"canonical":"https:\/\/lumart.fr\/fr\/particuliers-votre-projet-d-amenagement\/","og_locale":"fr_FR","og_type":"article","og_title":"Particuliers - Votre projet d'am\u00e9nagement - Lum'art","og_description":"Plus de 50 ans d\u2019exp\u00e9rience permettent \u00e0 la Maison Lum\u2019art d\u2019apporter conseil et expertise pour vous accompagner dans votre choix de luminaires.","og_url":"https:\/\/lumart.fr\/fr\/particuliers-votre-projet-d-amenagement\/","og_site_name":"Lum&#039;art","article_publisher":"https:\/\/www.facebook.com\/LumArt-1543826629180391\/","article_modified_time":"2018-01-18T10:56:23+00:00","og_image":[{"width":1226,"height":250,"url":"https:\/\/lumart.fr\/wp-content\/uploads\/2017\/12\/Votre-Projet-pro-bandeau-header-2.jpg","type":"image\/jpeg"}],"twitter_card":"summary","twitter_misc":{"Dur\u00e9e de lecture estim\u00e9e":"2 minutes"},"schema":{"@context":"https:\/\/schema.org","@graph":[{"@type":"WebSite","@id":"https:\/\/lumart.fr\/fr\/#website","url":"https:\/\/lumart.fr\/fr\/","name":"Lum'art","description":"","potentialAction":[{"@type":"SearchAction","target":{"@type":"EntryPoint","urlTemplate":"https:\/\/lumart.fr\/fr\/?s={search_term_string}"},"query-input":"required name=search_term_string"}],"inLanguage":"fr-FR"},{"@type":"ImageObject","@id":"https:\/\/lumart.fr\/fr\/particuliers-votre-projet-d-amenagement\/#primaryimage","inLanguage":"fr-FR","url":"\/wp-content\/uploads\/2017\/12\/Votre-Projet-pro-bandeau-header-2.jpg","contentUrl":"\/wp-content\/uploads\/2017\/12\/Votre-Projet-pro-bandeau-header-2.jpg","width":1226,"height":250},{"@type":"WebPage","@id":"https:\/\/lumart.fr\/fr\/particuliers-votre-projet-d-amenagement\/#webpage","url":"https:\/\/lumart.fr\/fr\/particuliers-votre-projet-d-amenagement\/","name":"Particuliers - Votre projet d'am\u00e9nagement - Lum'art","isPartOf":{"@id":"https:\/\/lumart.fr\/fr\/#website"},"primaryImageOfPage":{"@id":"https:\/\/lumart.fr\/fr\/particuliers-votre-projet-d-amenagement\/#primaryimage"},"datePublished":"2017-12-29T13:56:52+00:00","dateModified":"2018-01-18T10:56:23+00:00","description":"Plus de 50 ans d\u2019exp\u00e9rience permettent \u00e0 la Maison Lum\u2019art d\u2019apporter conseil et expertise pour vous accompagner dans votre choix de luminaires.","breadcrumb":{"@id":"https:\/\/lumart.fr\/fr\/particuliers-votre-projet-d-amenagement\/#breadcrumb"},"inLanguage":"fr-FR","potentialAction":[{"@type":"ReadAction","target":["https:\/\/lumart.fr\/fr\/particuliers-votre-projet-d-amenagement\/"]}]},{"@type":"BreadcrumbList","@id":"https:\/\/lumart.fr\/fr\/particuliers-votre-projet-d-amenagement\/#breadcrumb","itemListElement":[{"@type":"ListItem","position":1,"name":"Home","item":"https:\/\/lumart.fr\/fr\/"},{"@type":"ListItem","position":2,"name":"Particuliers &#8211; Votre projet d&rsquo;am\u00e9nagement"}]}]}},"_links":{"self":[{"href":"https:\/\/lumart.fr\/fr\/wp-json\/wp\/v2\/pages\/7563"}],"collection":[{"href":"https:\/\/lumart.fr\/fr\/wp-json\/wp\/v2\/pages"}],"about":[{"href":"https:\/\/lumart.fr\/fr\/wp-json\/wp\/v2\/types\/page"}],"author":[{"embeddable":true,"href":"https:\/\/lumart.fr\/fr\/wp-json\/wp\/v2\/users\/5"}],"replies":[{"embeddable":true,"href":"https:\/\/lumart.fr\/fr\/wp-json\/wp\/v2\/comments?post=7563"}],"version-history":[{"count":6,"href":"https:\/\/lumart.fr\/fr\/wp-json\/wp\/v2\/pages\/7563\/revisions"}],"predecessor-version":[{"id":9405,"href":"https:\/\/lumart.fr\/fr\/wp-json\/wp\/v2\/pages\/7563\/revisions\/9405"}],"wp:featuredmedia":[{"embeddable":true,"href":"https:\/\/lumart.fr\/fr\/wp-json\/wp\/v2\/media\/7672"}],"wp:attachment":[{"href":"https:\/\/lumart.fr\/fr\/wp-json\/wp\/v2\/media?parent=7563"}],"curies":[{"name":"wp","href":"https:\/\/api.w.org\/{rel}","templated":true}]}}