{"id":6503,"date":"2017-12-20T14:02:17","date_gmt":"2017-12-20T14:02:17","guid":{"rendered":"https:\/\/lumart.fr\/?page_id=6503"},"modified":"2019-06-19T15:16:19","modified_gmt":"2019-06-19T15:16:19","slug":"histoire","status":"publish","type":"page","link":"https:\/\/lumart.fr\/fr\/histoire\/","title":{"rendered":"Histoire"},"content":{"rendered":"<p>Depuis plus de 50 ans, Lum\u2019art offre une r\u00e9ponse raffin\u00e9e et singuli\u00e8re \u00e0 la mise en valeur des plus beaux int\u00e9rieurs et \u00e0 l\u2019am\u00e9nagement des espaces ext\u00e9rieurs en proposant des luminaires haut de gamme conjuguant avec \u00e9l\u00e9gance, fonctionnalit\u00e9, authenticit\u00e9 et design.<br \/>\nFond\u00e9e en 1961, la Maison est aujourd\u2019hui riche de plus de 500 r\u00e9f\u00e9rences, toutes d\u00e9clinables dans une quinzaine de\u00a0<a href=\"https:\/\/lumart.fr\/fr\/les-finitions\/\">patines<\/a>\u00a0d\u00e9velopp\u00e9es sp\u00e9cifiquement dans nos ateliers du Perche, en France. Cette page histoire retrace les points essentiels de notre d\u00e9veloppement et de nos valeurs depuis des d\u00e9cennies.<\/p>\n<img loading=\"lazy\" class=\"aligncenter wp-image-6939\" title=\"Histoire - lumart - 9\" src=\"https:\/\/lumart.fr\/wp-content\/uploads\/2017\/12\/Lumart-Histoire-1-1.jpg\" alt=\"Histoire - Gabarit - Lum'art\" width=\"871\" height=\"581\" srcset=\"https:\/\/lumart.fr\/wp-content\/uploads\/2017\/12\/Lumart-Histoire-1-1.jpg 871w, https:\/\/lumart.fr\/wp-content\/uploads\/2017\/12\/Lumart-Histoire-1-1-386x258.jpg 386w, https:\/\/lumart.fr\/wp-content\/uploads\/2017\/12\/Lumart-Histoire-1-1-740x494.jpg 740w, https:\/\/lumart.fr\/wp-content\/uploads\/2017\/12\/Lumart-Histoire-1-1-300x200.jpg 300w, https:\/\/lumart.fr\/wp-content\/uploads\/2017\/12\/Lumart-Histoire-1-1-768x512.jpg 768w, https:\/\/lumart.fr\/wp-content\/uploads\/2017\/12\/Lumart-Histoire-1-1-855x570.jpg 855w, https:\/\/lumart.fr\/wp-content\/uploads\/2017\/12\/Lumart-Histoire-1-1-570x380.jpg 570w, https:\/\/lumart.fr\/wp-content\/uploads\/2017\/12\/Lumart-Histoire-1-1-360x240.jpg 360w, https:\/\/lumart.fr\/wp-content\/uploads\/2017\/12\/Lumart-Histoire-1-1-112x75.jpg 112w, https:\/\/lumart.fr\/wp-content\/uploads\/2017\/12\/Lumart-Histoire-1-1-84x56.jpg 84w, https:\/\/lumart.fr\/wp-content\/uploads\/2017\/12\/Lumart-Histoire-1-1-113x75.jpg 113w, https:\/\/lumart.fr\/wp-content\/uploads\/2017\/12\/Lumart-Histoire-1-1-640x427.jpg 640w, https:\/\/lumart.fr\/wp-content\/uploads\/2017\/12\/Lumart-Histoire-1-1-387x257.jpg 387w\" sizes=\"(max-width: 871px) 100vw, 871px\" \/>\n<h2><\/h2>\n<h2>Histoire &#8211; Savoir-faire<\/h2>\n<p>V\u00e9ritable entreprise d\u2019<a href=\"https:\/\/lumart.fr\/fr\/le-savoir-faire\/\">artisanat d\u2019art<\/a>, l\u2019int\u00e9gralit\u00e9 du processus de production, du dessin \u00e0 la fabrication, se fait en France par des \u00e9quipes qualifi\u00e9es qui travaillent avec le plus grand soin des mat\u00e9riaux nobles tels que le cuivre, le laiton ou le zinc massif pour donner naissance \u00e0 des luminaires d\u2019exception.<\/p>\n<p><a href=\"https:\/\/lumart.fr\/fr\/le-savoir-faire\/\">-&gt;Pour en savoir plus sur \u00ab\u00a0le savoir-faire\u00a0\u00bb cliquez ici &lt;-<\/a><\/p>\n<p><img loading=\"lazy\" class=\"alignnone wp-image-7713 size-full\" title=\"Histoire - lumart - 7\" src=\"https:\/\/lumart.fr\/wp-content\/uploads\/2018\/01\/Lumart-Histoire-2-1.jpg\" alt=\"Histoire - applique - Lumart - 2\" width=\"435\" height=\"560\" srcset=\"https:\/\/lumart.fr\/wp-content\/uploads\/2018\/01\/Lumart-Histoire-2-1.jpg 435w, https:\/\/lumart.fr\/wp-content\/uploads\/2018\/01\/Lumart-Histoire-2-1-233x300.jpg 233w, https:\/\/lumart.fr\/wp-content\/uploads\/2018\/01\/Lumart-Histoire-2-1-225x290.jpg 225w, https:\/\/lumart.fr\/wp-content\/uploads\/2018\/01\/Lumart-Histoire-2-1-58x75.jpg 58w, https:\/\/lumart.fr\/wp-content\/uploads\/2018\/01\/Lumart-Histoire-2-1-84x108.jpg 84w, https:\/\/lumart.fr\/wp-content\/uploads\/2018\/01\/Lumart-Histoire-2-1-64x82.jpg 64w\" sizes=\"(max-width: 435px) 100vw, 435px\" \/> <a href=\"https:\/\/lumart.fr\/fr\/les-collections\/interieur\/lampadaires\/calypso-lampadaire-7127\/\"><img loading=\"lazy\" class=\"alignnone wp-image-7711\" title=\"Histoire - lumart - 8\" src=\"\/wp-content\/uploads\/2018\/01\/Lumart-Histoire-3.jpg\" alt=\"Histoire - lampadaire - lumart\" width=\"373\" height=\"559\" srcset=\"https:\/\/lumart.fr\/wp-content\/uploads\/2018\/01\/Lumart-Histoire-3.jpg 400w, https:\/\/lumart.fr\/wp-content\/uploads\/2018\/01\/Lumart-Histoire-3-200x300.jpg 200w, https:\/\/lumart.fr\/wp-content\/uploads\/2018\/01\/Lumart-Histoire-3-380x570.jpg 380w, https:\/\/lumart.fr\/wp-content\/uploads\/2018\/01\/Lumart-Histoire-3-193x290.jpg 193w, https:\/\/lumart.fr\/wp-content\/uploads\/2018\/01\/Lumart-Histoire-3-50x75.jpg 50w, https:\/\/lumart.fr\/wp-content\/uploads\/2018\/01\/Lumart-Histoire-3-84x126.jpg 84w, https:\/\/lumart.fr\/wp-content\/uploads\/2018\/01\/Lumart-Histoire-3-55x82.jpg 55w\" sizes=\"(max-width: 373px) 100vw, 373px\" \/><\/a><\/p>\n<h2><\/h2>\n<h2>Histoire &#8211; Design<\/h2>\n<p>Le Studio Lum\u2019art imagine et cr\u00e9e tous les ans de nouveaux mod\u00e8les, du plus contemporain au plus traditionnel. Une recherche permanente de nouvelles fonctionnalit\u00e9s, formes ou finitions se traduit par\u00a0<a href=\"https:\/\/lumart.fr\/fr\/les-collections\/\">des collections<\/a>\u00a0uniques s\u2019inscrivant dans l\u2019air du temps. Des architectes de renom font \u00e9galement appel \u00e0 la cr\u00e9ativit\u00e9 de la Maison pour d\u00e9velopper des luminaires con\u00e7us sp\u00e9cialement dans le cadre de leurs projets. La confrontation d\u2019\u00e9l\u00e9ments du patrimoine historique de la Maison et de nouvelles formes contemporaines, la d\u00e9clinaison d\u2019un design existant ou un simple croquis donnent alors naissance \u00e0 un objet singulier.<\/p>\n<p><a href=\"https:\/\/lumart.fr\/fr\/les-collections\/\">-&gt;Pour acc\u00e9der \u00e0 nos \u00ab\u00a0collections\u00a0\u00bbcliquez ici &lt;-<\/a><\/p>\n<img loading=\"lazy\" class=\"alignnone wp-image-7938 size-full\" title=\"Histoire - lumart -5\" src=\"https:\/\/lumart.fr\/wp-content\/uploads\/2018\/01\/Lumart-Histoire-4-6.jpg\" alt=\"Histoire - Lanterne - Lum'art - 2\" width=\"481\" height=\"556\" srcset=\"https:\/\/lumart.fr\/wp-content\/uploads\/2018\/01\/Lumart-Histoire-4-6.jpg 481w, https:\/\/lumart.fr\/wp-content\/uploads\/2018\/01\/Lumart-Histoire-4-6-260x300.jpg 260w, https:\/\/lumart.fr\/wp-content\/uploads\/2018\/01\/Lumart-Histoire-4-6-251x290.jpg 251w, https:\/\/lumart.fr\/wp-content\/uploads\/2018\/01\/Lumart-Histoire-4-6-65x75.jpg 65w, https:\/\/lumart.fr\/wp-content\/uploads\/2018\/01\/Lumart-Histoire-4-6-84x97.jpg 84w, https:\/\/lumart.fr\/wp-content\/uploads\/2018\/01\/Lumart-Histoire-4-6-71x82.jpg 71w\" sizes=\"(max-width: 481px) 100vw, 481px\" \/> <img loading=\"lazy\" class=\"alignnone wp-image-7940 size-full\" title=\"Histoire - lumart - 6\" src=\"https:\/\/lumart.fr\/wp-content\/uploads\/2018\/01\/Lumart-Histoire-7-3.jpg\" alt=\"Histoire - Borne - Lumart\" width=\"370\" height=\"556\" srcset=\"https:\/\/lumart.fr\/wp-content\/uploads\/2018\/01\/Lumart-Histoire-7-3.jpg 370w, https:\/\/lumart.fr\/wp-content\/uploads\/2018\/01\/Lumart-Histoire-7-3-200x300.jpg 200w, https:\/\/lumart.fr\/wp-content\/uploads\/2018\/01\/Lumart-Histoire-7-3-193x290.jpg 193w, https:\/\/lumart.fr\/wp-content\/uploads\/2018\/01\/Lumart-Histoire-7-3-50x75.jpg 50w, https:\/\/lumart.fr\/wp-content\/uploads\/2018\/01\/Lumart-Histoire-7-3-84x126.jpg 84w, https:\/\/lumart.fr\/wp-content\/uploads\/2018\/01\/Lumart-Histoire-7-3-55x82.jpg 55w\" sizes=\"(max-width: 370px) 100vw, 370px\" \/>\n<h2><\/h2>\n<h2>Histoire &#8211; Haute couture<\/h2>\n<p>Lum\u2019art fabrique en France et assemble \u00e0 la main chaque pi\u00e8ce sur commande, garantissant ainsi une qualit\u00e9 irr\u00e9prochable et une meilleure adaptabilit\u00e9 \u00e0 chaque projet. La forte r\u00e9activit\u00e9 et des conseils avis\u00e9s permettent \u00e0 Lum\u2019art d\u2019intervenir sur des chantiers hors normes, de r\u00e9pondre aux commandes les plus originales. Une \u00e9quipe attentive et exp\u00e9riment\u00e9e est \u00e0 l\u2019\u00e9coute pour traduire fid\u00e8lement \u00e0 travers une tr\u00e8s large palette de designs, finitions, tailles ou modes d\u2019accroches l\u2019intention de cr\u00e9atifs, architectes, designers ou particuliers en une r\u00e9alisation aboutie. Cette approche personnalis\u00e9e de chaque projets permet de proposer des solutions in\u00e9dites au plus proche du sur mesure pour satisfaire les besoins les plus pointus et les clients les plus exigeants.<\/p>\n<p><a href=\"https:\/\/lumart.fr\/fr\/les-collections\/exterieur\/lanternes\/antana-lanterne-gm-1009-2\/\"><img loading=\"lazy\" class=\"alignnone wp-image-7733 size-full\" title=\"Histoire - Lumart - 2\" src=\"https:\/\/lumart.fr\/wp-content\/uploads\/2018\/01\/Lumart-Histoire-6-1.jpg\" alt=\"Hisotire - Lanterne - Lum'art\" width=\"430\" height=\"646\" srcset=\"https:\/\/lumart.fr\/wp-content\/uploads\/2018\/01\/Lumart-Histoire-6-1.jpg 430w, https:\/\/lumart.fr\/wp-content\/uploads\/2018\/01\/Lumart-Histoire-6-1-200x300.jpg 200w, https:\/\/lumart.fr\/wp-content\/uploads\/2018\/01\/Lumart-Histoire-6-1-379x570.jpg 379w, https:\/\/lumart.fr\/wp-content\/uploads\/2018\/01\/Lumart-Histoire-6-1-193x290.jpg 193w, https:\/\/lumart.fr\/wp-content\/uploads\/2018\/01\/Lumart-Histoire-6-1-50x75.jpg 50w, https:\/\/lumart.fr\/wp-content\/uploads\/2018\/01\/Lumart-Histoire-6-1-84x126.jpg 84w, https:\/\/lumart.fr\/wp-content\/uploads\/2018\/01\/Lumart-Histoire-6-1-55x82.jpg 55w\" sizes=\"(max-width: 430px) 100vw, 430px\" \/><\/a> <a href=\"https:\/\/lumart.fr\/fr\/les-collections\/interieur\/appliques\/bilboquet-applique-mm-3402-2\/\"><img loading=\"lazy\" class=\"alignnone wp-image-7735 size-full\" title=\"Histoire - Lumart - 3\" src=\"https:\/\/lumart.fr\/wp-content\/uploads\/2018\/01\/Lumart-Histoire-8.jpg\" alt=\"Histoire - Applique - Lumart \" width=\"430\" height=\"646\" srcset=\"https:\/\/lumart.fr\/wp-content\/uploads\/2018\/01\/Lumart-Histoire-8.jpg 430w, https:\/\/lumart.fr\/wp-content\/uploads\/2018\/01\/Lumart-Histoire-8-200x300.jpg 200w, https:\/\/lumart.fr\/wp-content\/uploads\/2018\/01\/Lumart-Histoire-8-379x570.jpg 379w, https:\/\/lumart.fr\/wp-content\/uploads\/2018\/01\/Lumart-Histoire-8-193x290.jpg 193w, https:\/\/lumart.fr\/wp-content\/uploads\/2018\/01\/Lumart-Histoire-8-50x75.jpg 50w, https:\/\/lumart.fr\/wp-content\/uploads\/2018\/01\/Lumart-Histoire-8-84x126.jpg 84w, https:\/\/lumart.fr\/wp-content\/uploads\/2018\/01\/Lumart-Histoire-8-55x82.jpg 55w\" sizes=\"(max-width: 430px) 100vw, 430px\" \/><\/a><\/p>\n<h2><\/h2>\n<h2>Histoire &#8211; Art et patrimoine<\/h2>\n<p>Chaque pi\u00e8ce, en zinc, en cuivre ou en laiton massif, est d\u00e9coup\u00e9e, fa\u00e7onn\u00e9e, soud\u00e9e et patin\u00e9e dans les r\u00e8gles de l\u2019art par des artisans ayant acquis leur savoir-faire au fil des ann\u00e9es. Un travail de grande qualit\u00e9, la maitrise des techniques particuli\u00e8res \u00e0 la Maison et une exigence \u00e0 toutes les \u00e9tapes de la fabrication conf\u00e8rent aux produits une fiabilit\u00e9 reconnue. Lum\u2019art a su r\u00e9concilier la tradition et l\u2019innovation, le savoir-faire et la cr\u00e9ation, le travail et la passion, le patrimoine et l\u2019avenir, le local et l\u2019international. Les lab\u00e9lisations Entreprise du Patrimoine Vivant et Atelier d\u2019Art de France traduisent admirablement cette reconnaissance d\u2019une fabrication fran\u00e7aise d\u2019exception.<\/p>\n<p><a href=\"https:\/\/lumart.fr\/fr\/entreprise-du-patrimoine-vivant\/\">-&gt;Pour en savoir plus sur nos \u00ab\u00a0labels\u00a0\u00bb cliquez ici&lt;-<\/a><\/p>\n<p><a href=\"https:\/\/lumart.fr\/fr\/les-collections\/interieur\/lampes\/bilboquet-lampe-7110\/\"><img loading=\"lazy\" class=\"alignnone wp-image-7737 size-full\" title=\"Histoire - Lumart - 1\" src=\"https:\/\/lumart.fr\/wp-content\/uploads\/2018\/01\/Lumart-Histoire-9.jpg\" alt=\"Histoire - Lampe - Lum'art\" width=\"871\" height=\"578\" srcset=\"https:\/\/lumart.fr\/wp-content\/uploads\/2018\/01\/Lumart-Histoire-9.jpg 871w, https:\/\/lumart.fr\/wp-content\/uploads\/2018\/01\/Lumart-Histoire-9-740x491.jpg 740w, https:\/\/lumart.fr\/wp-content\/uploads\/2018\/01\/Lumart-Histoire-9-300x199.jpg 300w, https:\/\/lumart.fr\/wp-content\/uploads\/2018\/01\/Lumart-Histoire-9-768x510.jpg 768w, https:\/\/lumart.fr\/wp-content\/uploads\/2018\/01\/Lumart-Histoire-9-859x570.jpg 859w, https:\/\/lumart.fr\/wp-content\/uploads\/2018\/01\/Lumart-Histoire-9-360x239.jpg 360w, https:\/\/lumart.fr\/wp-content\/uploads\/2018\/01\/Lumart-Histoire-9-113x75.jpg 113w, https:\/\/lumart.fr\/wp-content\/uploads\/2018\/01\/Lumart-Histoire-9-84x56.jpg 84w, https:\/\/lumart.fr\/wp-content\/uploads\/2018\/01\/Lumart-Histoire-9-640x425.jpg 640w, https:\/\/lumart.fr\/wp-content\/uploads\/2018\/01\/Lumart-Histoire-9-387x257.jpg 387w\" sizes=\"(max-width: 871px) 100vw, 871px\" \/><\/a><\/p>\n<p>&nbsp;<\/p>\n","protected":false},"excerpt":{"rendered":"<p>Depuis plus de 50 ans, Lum\u2019art offre une r\u00e9ponse raffin\u00e9e et singuli\u00e8re \u00e0 la mise en valeur des plus beaux int\u00e9rieurs et \u00e0 l\u2019am\u00e9nagement des espaces ext\u00e9rieurs en proposant des luminaires haut de gamme conjuguant avec \u00e9l\u00e9gance, fonctionnalit\u00e9, authenticit\u00e9 et design. Fond\u00e9e en 1961, la Maison est aujourd\u2019hui riche de plus de 500 r\u00e9f\u00e9rences, toutes d\u00e9clinables dans une quinzaine de\u00a0patines\u00a0d\u00e9velopp\u00e9es <a href=\"https:\/\/lumart.fr\/fr\/histoire\/\" class=\"more\">[ &hellip; ]<\/a><\/p>\n","protected":false},"author":5,"featured_media":6934,"parent":0,"menu_order":0,"comment_status":"closed","ping_status":"closed","template":"page-editorial.php","meta":[],"acf":[],"yoast_head":"<!-- This site is optimized with the Yoast SEO plugin v17.8 - https:\/\/yoast.com\/wordpress\/plugins\/seo\/ -->\n<meta name=\"description\" content=\"Histoire | Artisan d&#039;art et labellis\u00e9e entreprise du patrimoine vivant, notre savoir-faire se transforme dans des mod\u00e8les qui lient \u00e9l\u00e9gance fonctionnalit\u00e9, authenticit\u00e9 et design.\" \/>\n<meta name=\"robots\" content=\"index, follow, max-snippet:-1, max-image-preview:large, max-video-preview:-1\" \/>\n<link rel=\"canonical\" href=\"https:\/\/lumart.fr\/fr\/histoire\/\" \/>\n<meta property=\"og:locale\" content=\"fr_FR\" \/>\n<meta property=\"og:type\" content=\"article\" \/>\n<meta property=\"og:title\" content=\"Histoire | Lum&#039;art lumi\u00e8res d\u2019exceptions | Lum&#039;art Ultimate lighting\" \/>\n<meta property=\"og:description\" content=\"Histoire | Artisan d&#039;art et labellis\u00e9e entreprise du patrimoine vivant, notre savoir-faire se transforme dans des mod\u00e8les qui lient \u00e9l\u00e9gance fonctionnalit\u00e9, authenticit\u00e9 et design.\" \/>\n<meta property=\"og:url\" content=\"https:\/\/lumart.fr\/fr\/histoire\/\" \/>\n<meta property=\"og:site_name\" content=\"Lum&#039;art\" \/>\n<meta property=\"article:publisher\" content=\"https:\/\/www.facebook.com\/LumArt-1543826629180391\/\" \/>\n<meta property=\"article:modified_time\" content=\"2019-06-19T15:16:19+00:00\" \/>\n<meta property=\"og:image\" content=\"https:\/\/lumart.fr\/wp-content\/uploads\/2017\/12\/Histoire.jpg\" \/>\n\t<meta property=\"og:image:width\" content=\"1900\" \/>\n\t<meta property=\"og:image:height\" content=\"250\" \/>\n<meta name=\"twitter:card\" content=\"summary\" \/>\n<meta name=\"twitter:label1\" content=\"Dur\u00e9e de lecture estim\u00e9e\" \/>\n\t<meta name=\"twitter:data1\" content=\"3 minutes\" \/>\n<script type=\"application\/ld+json\" class=\"yoast-schema-graph\">{\"@context\":\"https:\/\/schema.org\",\"@graph\":[{\"@type\":\"WebSite\",\"@id\":\"https:\/\/lumart.fr\/fr\/#website\",\"url\":\"https:\/\/lumart.fr\/fr\/\",\"name\":\"Lum'art\",\"description\":\"\",\"potentialAction\":[{\"@type\":\"SearchAction\",\"target\":{\"@type\":\"EntryPoint\",\"urlTemplate\":\"https:\/\/lumart.fr\/fr\/?s={search_term_string}\"},\"query-input\":\"required name=search_term_string\"}],\"inLanguage\":\"fr-FR\"},{\"@type\":\"ImageObject\",\"@id\":\"https:\/\/lumart.fr\/fr\/histoire\/#primaryimage\",\"inLanguage\":\"fr-FR\",\"url\":\"\/wp-content\/uploads\/2017\/12\/Histoire.jpg\",\"contentUrl\":\"\/wp-content\/uploads\/2017\/12\/Histoire.jpg\",\"width\":1900,\"height\":250},{\"@type\":\"WebPage\",\"@id\":\"https:\/\/lumart.fr\/fr\/histoire\/#webpage\",\"url\":\"https:\/\/lumart.fr\/fr\/histoire\/\",\"name\":\"Histoire | Lum'art lumi\\u00e8res d\\u2019exceptions | Lum'art Ultimate lighting\",\"isPartOf\":{\"@id\":\"https:\/\/lumart.fr\/fr\/#website\"},\"primaryImageOfPage\":{\"@id\":\"https:\/\/lumart.fr\/fr\/histoire\/#primaryimage\"},\"datePublished\":\"2017-12-20T14:02:17+00:00\",\"dateModified\":\"2019-06-19T15:16:19+00:00\",\"description\":\"Histoire | Artisan d'art et labellis\\u00e9e entreprise du patrimoine vivant, notre savoir-faire se transforme dans des mod\\u00e8les qui lient \\u00e9l\\u00e9gance fonctionnalit\\u00e9, authenticit\\u00e9 et design.\",\"breadcrumb\":{\"@id\":\"https:\/\/lumart.fr\/fr\/histoire\/#breadcrumb\"},\"inLanguage\":\"fr-FR\",\"potentialAction\":[{\"@type\":\"ReadAction\",\"target\":[\"https:\/\/lumart.fr\/fr\/histoire\/\"]}]},{\"@type\":\"BreadcrumbList\",\"@id\":\"https:\/\/lumart.fr\/fr\/histoire\/#breadcrumb\",\"itemListElement\":[{\"@type\":\"ListItem\",\"position\":1,\"name\":\"Home\",\"item\":\"https:\/\/lumart.fr\/fr\/\"},{\"@type\":\"ListItem\",\"position\":2,\"name\":\"Histoire\"}]}]}<\/script>\n<!-- \/ Yoast SEO plugin. -->","yoast_head_json":{"description":"Histoire | Artisan d'art et labellis\u00e9e entreprise du patrimoine vivant, notre savoir-faire se transforme dans des mod\u00e8les qui lient \u00e9l\u00e9gance fonctionnalit\u00e9, authenticit\u00e9 et design.","robots":{"index":"index","follow":"follow","max-snippet":"max-snippet:-1","max-image-preview":"max-image-preview:large","max-video-preview":"max-video-preview:-1"},"canonical":"https:\/\/lumart.fr\/fr\/histoire\/","og_locale":"fr_FR","og_type":"article","og_title":"Histoire | Lum'art lumi\u00e8res d\u2019exceptions | Lum'art Ultimate lighting","og_description":"Histoire | Artisan d'art et labellis\u00e9e entreprise du patrimoine vivant, notre savoir-faire se transforme dans des mod\u00e8les qui lient \u00e9l\u00e9gance fonctionnalit\u00e9, authenticit\u00e9 et design.","og_url":"https:\/\/lumart.fr\/fr\/histoire\/","og_site_name":"Lum&#039;art","article_publisher":"https:\/\/www.facebook.com\/LumArt-1543826629180391\/","article_modified_time":"2019-06-19T15:16:19+00:00","og_image":[{"width":1900,"height":250,"url":"https:\/\/lumart.fr\/wp-content\/uploads\/2017\/12\/Histoire.jpg","type":"image\/jpeg"}],"twitter_card":"summary","twitter_misc":{"Dur\u00e9e de lecture estim\u00e9e":"3 minutes"},"schema":{"@context":"https:\/\/schema.org","@graph":[{"@type":"WebSite","@id":"https:\/\/lumart.fr\/fr\/#website","url":"https:\/\/lumart.fr\/fr\/","name":"Lum'art","description":"","potentialAction":[{"@type":"SearchAction","target":{"@type":"EntryPoint","urlTemplate":"https:\/\/lumart.fr\/fr\/?s={search_term_string}"},"query-input":"required name=search_term_string"}],"inLanguage":"fr-FR"},{"@type":"ImageObject","@id":"https:\/\/lumart.fr\/fr\/histoire\/#primaryimage","inLanguage":"fr-FR","url":"\/wp-content\/uploads\/2017\/12\/Histoire.jpg","contentUrl":"\/wp-content\/uploads\/2017\/12\/Histoire.jpg","width":1900,"height":250},{"@type":"WebPage","@id":"https:\/\/lumart.fr\/fr\/histoire\/#webpage","url":"https:\/\/lumart.fr\/fr\/histoire\/","name":"Histoire | Lum'art lumi\u00e8res d\u2019exceptions | Lum'art Ultimate lighting","isPartOf":{"@id":"https:\/\/lumart.fr\/fr\/#website"},"primaryImageOfPage":{"@id":"https:\/\/lumart.fr\/fr\/histoire\/#primaryimage"},"datePublished":"2017-12-20T14:02:17+00:00","dateModified":"2019-06-19T15:16:19+00:00","description":"Histoire | Artisan d'art et labellis\u00e9e entreprise du patrimoine vivant, notre savoir-faire se transforme dans des mod\u00e8les qui lient \u00e9l\u00e9gance fonctionnalit\u00e9, authenticit\u00e9 et design.","breadcrumb":{"@id":"https:\/\/lumart.fr\/fr\/histoire\/#breadcrumb"},"inLanguage":"fr-FR","potentialAction":[{"@type":"ReadAction","target":["https:\/\/lumart.fr\/fr\/histoire\/"]}]},{"@type":"BreadcrumbList","@id":"https:\/\/lumart.fr\/fr\/histoire\/#breadcrumb","itemListElement":[{"@type":"ListItem","position":1,"name":"Home","item":"https:\/\/lumart.fr\/fr\/"},{"@type":"ListItem","position":2,"name":"Histoire"}]}]}},"_links":{"self":[{"href":"https:\/\/lumart.fr\/fr\/wp-json\/wp\/v2\/pages\/6503"}],"collection":[{"href":"https:\/\/lumart.fr\/fr\/wp-json\/wp\/v2\/pages"}],"about":[{"href":"https:\/\/lumart.fr\/fr\/wp-json\/wp\/v2\/types\/page"}],"author":[{"embeddable":true,"href":"https:\/\/lumart.fr\/fr\/wp-json\/wp\/v2\/users\/5"}],"replies":[{"embeddable":true,"href":"https:\/\/lumart.fr\/fr\/wp-json\/wp\/v2\/comments?post=6503"}],"version-history":[{"count":6,"href":"https:\/\/lumart.fr\/fr\/wp-json\/wp\/v2\/pages\/6503\/revisions"}],"predecessor-version":[{"id":10583,"href":"https:\/\/lumart.fr\/fr\/wp-json\/wp\/v2\/pages\/6503\/revisions\/10583"}],"wp:featuredmedia":[{"embeddable":true,"href":"https:\/\/lumart.fr\/fr\/wp-json\/wp\/v2\/media\/6934"}],"wp:attachment":[{"href":"https:\/\/lumart.fr\/fr\/wp-json\/wp\/v2\/media?parent=6503"}],"curies":[{"name":"wp","href":"https:\/\/api.w.org\/{rel}","templated":true}]}}