{"id":5,"date":"2017-11-14T07:33:48","date_gmt":"2017-11-14T07:33:48","guid":{"rendered":"https:\/\/lumart.fr\/shop\/"},"modified":"2018-04-25T10:11:49","modified_gmt":"2018-04-25T10:11:49","slug":"les-collections","status":"publish","type":"page","link":"https:\/\/lumart.fr\/fr\/les-collections\/","title":{"rendered":"Les Collections"},"content":{"rendered":"","protected":false},"excerpt":{"rendered":"","protected":false},"author":5,"featured_media":0,"parent":0,"menu_order":0,"comment_status":"closed","ping_status":"closed","template":"","meta":[],"acf":[],"yoast_head":"<!-- This site is optimized with the Yoast SEO plugin v17.8 - https:\/\/yoast.com\/wordpress\/plugins\/seo\/ -->\n<meta name=\"description\" content=\"D\u00e9couvrez les Collections de luminaires Lum&#039;art, une r\u00e9ponse \u00e9l\u00e9gante et raffin\u00e9e \u00e0 la mise en valeur des plus beaux int\u00e9rieurs\" \/>\n<meta name=\"robots\" content=\"index, follow, max-snippet:-1, max-image-preview:large, max-video-preview:-1\" \/>\n<link rel=\"canonical\" href=\"https:\/\/lumart.fr\/fr\/les-collections\/\" \/>\n<meta property=\"og:locale\" content=\"fr_FR\" \/>\n<meta property=\"og:type\" content=\"article\" \/>\n<meta property=\"og:title\" content=\"Les Collections - Lum&#039;art - Luminaires haut de gamme\" \/>\n<meta property=\"og:description\" content=\"D\u00e9couvrez les Collections de luminaires Lum&#039;art, une r\u00e9ponse \u00e9l\u00e9gante et raffin\u00e9e \u00e0 la mise en valeur des plus beaux int\u00e9rieurs\" \/>\n<meta property=\"og:url\" content=\"https:\/\/lumart.fr\/fr\/les-collections\/\" \/>\n<meta property=\"og:site_name\" content=\"Lum&#039;art\" \/>\n<meta property=\"article:publisher\" content=\"https:\/\/www.facebook.com\/LumArt-1543826629180391\/\" \/>\n<meta property=\"article:modified_time\" content=\"2018-04-25T10:11:49+00:00\" \/>\n<meta name=\"twitter:card\" content=\"summary\" \/>\n<script type=\"application\/ld+json\" class=\"yoast-schema-graph\">{\"@context\":\"https:\/\/schema.org\",\"@graph\":[{\"@type\":\"WebSite\",\"@id\":\"https:\/\/lumart.fr\/fr\/#website\",\"url\":\"https:\/\/lumart.fr\/fr\/\",\"name\":\"Lum'art\",\"description\":\"\",\"potentialAction\":[{\"@type\":\"SearchAction\",\"target\":{\"@type\":\"EntryPoint\",\"urlTemplate\":\"https:\/\/lumart.fr\/fr\/?s={search_term_string}\"},\"query-input\":\"required name=search_term_string\"}],\"inLanguage\":\"fr-FR\"},{\"@type\":\"WebPage\",\"@id\":\"https:\/\/lumart.fr\/fr\/les-collections\/#webpage\",\"url\":\"https:\/\/lumart.fr\/fr\/les-collections\/\",\"name\":\"Les Collections - Lum'art - Luminaires haut de gamme\",\"isPartOf\":{\"@id\":\"https:\/\/lumart.fr\/fr\/#website\"},\"datePublished\":\"2017-11-14T07:33:48+00:00\",\"dateModified\":\"2018-04-25T10:11:49+00:00\",\"description\":\"D\\u00e9couvrez les Collections de luminaires Lum'art, une r\\u00e9ponse \\u00e9l\\u00e9gante et raffin\\u00e9e \\u00e0 la mise en valeur des plus beaux int\\u00e9rieurs\",\"breadcrumb\":{\"@id\":\"https:\/\/lumart.fr\/fr\/les-collections\/#breadcrumb\"},\"inLanguage\":\"fr-FR\",\"potentialAction\":[{\"@type\":\"ReadAction\",\"target\":[\"https:\/\/lumart.fr\/fr\/les-collections\/\"]}]},{\"@type\":\"BreadcrumbList\",\"@id\":\"https:\/\/lumart.fr\/fr\/les-collections\/#breadcrumb\",\"itemListElement\":[{\"@type\":\"ListItem\",\"position\":1,\"name\":\"Home\",\"item\":\"https:\/\/lumart.fr\/fr\/\"},{\"@type\":\"ListItem\",\"position\":2,\"name\":\"Les Collections\"}]}]}<\/script>\n<!-- \/ Yoast SEO plugin. -->","yoast_head_json":{"description":"D\u00e9couvrez les Collections de luminaires Lum'art, une r\u00e9ponse \u00e9l\u00e9gante et raffin\u00e9e \u00e0 la mise en valeur des plus beaux int\u00e9rieurs","robots":{"index":"index","follow":"follow","max-snippet":"max-snippet:-1","max-image-preview":"max-image-preview:large","max-video-preview":"max-video-preview:-1"},"canonical":"https:\/\/lumart.fr\/fr\/les-collections\/","og_locale":"fr_FR","og_type":"article","og_title":"Les Collections - Lum'art - Luminaires haut de gamme","og_description":"D\u00e9couvrez les Collections de luminaires Lum'art, une r\u00e9ponse \u00e9l\u00e9gante et raffin\u00e9e \u00e0 la mise en valeur des plus beaux int\u00e9rieurs","og_url":"https:\/\/lumart.fr\/fr\/les-collections\/","og_site_name":"Lum&#039;art","article_publisher":"https:\/\/www.facebook.com\/LumArt-1543826629180391\/","article_modified_time":"2018-04-25T10:11:49+00:00","twitter_card":"summary","schema":{"@context":"https:\/\/schema.org","@graph":[{"@type":"WebSite","@id":"https:\/\/lumart.fr\/fr\/#website","url":"https:\/\/lumart.fr\/fr\/","name":"Lum'art","description":"","potentialAction":[{"@type":"SearchAction","target":{"@type":"EntryPoint","urlTemplate":"https:\/\/lumart.fr\/fr\/?s={search_term_string}"},"query-input":"required name=search_term_string"}],"inLanguage":"fr-FR"},{"@type":"WebPage","@id":"https:\/\/lumart.fr\/fr\/les-collections\/#webpage","url":"https:\/\/lumart.fr\/fr\/les-collections\/","name":"Les Collections - Lum'art - Luminaires haut de gamme","isPartOf":{"@id":"https:\/\/lumart.fr\/fr\/#website"},"datePublished":"2017-11-14T07:33:48+00:00","dateModified":"2018-04-25T10:11:49+00:00","description":"D\u00e9couvrez les Collections de luminaires Lum'art, une r\u00e9ponse \u00e9l\u00e9gante et raffin\u00e9e \u00e0 la mise en valeur des plus beaux int\u00e9rieurs","breadcrumb":{"@id":"https:\/\/lumart.fr\/fr\/les-collections\/#breadcrumb"},"inLanguage":"fr-FR","potentialAction":[{"@type":"ReadAction","target":["https:\/\/lumart.fr\/fr\/les-collections\/"]}]},{"@type":"BreadcrumbList","@id":"https:\/\/lumart.fr\/fr\/les-collections\/#breadcrumb","itemListElement":[{"@type":"ListItem","position":1,"name":"Home","item":"https:\/\/lumart.fr\/fr\/"},{"@type":"ListItem","position":2,"name":"Les Collections"}]}]}},"_links":{"self":[{"href":"https:\/\/lumart.fr\/fr\/wp-json\/wp\/v2\/pages\/5"}],"collection":[{"href":"https:\/\/lumart.fr\/fr\/wp-json\/wp\/v2\/pages"}],"about":[{"href":"https:\/\/lumart.fr\/fr\/wp-json\/wp\/v2\/types\/page"}],"author":[{"embeddable":true,"href":"https:\/\/lumart.fr\/fr\/wp-json\/wp\/v2\/users\/5"}],"replies":[{"embeddable":true,"href":"https:\/\/lumart.fr\/fr\/wp-json\/wp\/v2\/comments?post=5"}],"version-history":[{"count":1,"href":"https:\/\/lumart.fr\/fr\/wp-json\/wp\/v2\/pages\/5\/revisions"}],"predecessor-version":[{"id":400,"href":"https:\/\/lumart.fr\/fr\/wp-json\/wp\/v2\/pages\/5\/revisions\/400"}],"wp:attachment":[{"href":"https:\/\/lumart.fr\/fr\/wp-json\/wp\/v2\/media?parent=5"}],"curies":[{"name":"wp","href":"https:\/\/api.w.org\/{rel}","templated":true}]}}