{"id":38,"date":"2017-11-20T16:27:40","date_gmt":"2017-11-20T16:27:40","guid":{"rendered":"https:\/\/lumart.fr\/?page_id=38"},"modified":"2022-10-26T16:08:02","modified_gmt":"2022-10-26T14:08:02","slug":"accueil-lumart","status":"publish","type":"page","link":"https:\/\/lumart.fr\/fr\/","title":{"rendered":"Lum&rsquo;art &#8211; Luminaires d&rsquo;exception"},"content":{"rendered":"<h1>Luminaires<\/h1>\n<p>((Lum\u2019art propose depuis plus de 50 ans des luminaires haut de gamme conjuguant avec \u00e9l\u00e9gance fonctionnalit\u00e9, authenticit\u00e9 et design. Fond\u00e9e en 1961, elle propose aujourd\u2019hui plus de 500 r\u00e9f\u00e9rences de luminaires. Int\u00e9rieurs et ext\u00e9rieurs, toutes d\u00e9clinables dans la quinzaine de patines d\u00e9velopp\u00e9es sp\u00e9cifiquement en France.\u00a0Le Studio Lum\u2019art imagine et cr\u00e9e tous les ans de nouveaux mod\u00e8les, du plus contemporain au plus traditionnel. La recherche de nouvelles fonctionnalit\u00e9s, formes ou finitions d\u00e9voilent\u00a0<a href=\"https:\/\/lumart.fr\/fr\/les-collections\/\">des collections<\/a>\u00a0uniques s\u2019inscrivant dans l\u2019air du temps. Des architectes de renom font \u00e9galement appel \u00e0 la cr\u00e9ativit\u00e9 de la Maison pour d\u00e9velopper des luminaires con\u00e7us sp\u00e9cialement dans le cadre de leurs projets. Et La rencontre d\u2019\u00e9l\u00e9ments historiques de la Maison et de nouvelles formes contemporaines. La d\u00e9clinaison d\u2019un design existant ou un simple croquis donnent alors naissance \u00e0 un objet singulier.<\/p>\n<h2>Luminaires Fran\u00e7ais<\/h2>\n<p>V\u00e9ritable entreprise d\u2019<a href=\"https:\/\/lumart.fr\/fr\/le-savoir-faire\/\">artisanat d\u2019art<\/a>, l\u2019int\u00e9gralit\u00e9 du processus de production, du dessin \u00e0 la fabrication, se fait en France. Et par des \u00e9quipes qualifi\u00e9es qui travaillent avec le plus grand soin des mat\u00e9riaux nobles tels que le cuivre, le laiton ou le zinc massif. Pour donner naissance \u00e0 des luminaires d\u2019exception.\u00a0Une histoire de plus de 50 ans, \u00e0 laquelle Lum\u2019art offre une r\u00e9ponse \u00e9l\u00e9gante et raffin\u00e9e \u00e0 la mise en valeur des plus beaux int\u00e9rieurs. L\u2019am\u00e9nagement, les espaces ext\u00e9rieurs en proposant des luminaires haut de gamme conjuguant avec \u00e9l\u00e9gance et fonctionnalit\u00e9.<\/p>\n<h2>Luminaires haut de gamme<\/h2>\n<p>Fond\u00e9e en 1961, la Maison est aujourd\u2019hui riche de plus de 500 r\u00e9f\u00e9rences. Toutes d\u00e9clinables dans la quinzaine de\u00a0<a href=\"https:\/\/lumart.fr\/fr\/les-finitions\/\">patines<\/a>\u00a0d\u00e9velopp\u00e9es sp\u00e9cifiquement dans nos ateliers du Perche. Cette page histoire retrace les points essentiels de notre d\u00e9veloppement et de nos valeurs depuis des d\u00e9cennies.<\/p>\n<p>Plus de 50 ans d\u2019exp\u00e9rience permettent \u00e0 la Maison <a href=\"https:\/\/lumart.fr\/fr\/la-maison-lumart\/\">Lum\u2019art<\/a> d\u2019apporter conseil et expertise. Pour vous accompagner dans votre choix de luminaires qu\u2019il s\u2019agisse d\u2019un am\u00e9nagement int\u00e9rieur ou ext\u00e9rieur. )) Txt R\u00e9f\u00e9rencement<\/p>\n<p>&nbsp;<\/p>\n<p>&nbsp;<\/p>\n","protected":false},"excerpt":{"rendered":"<p>Luminaires ((Lum\u2019art propose depuis plus de 50 ans des luminaires haut de gamme conjuguant avec \u00e9l\u00e9gance fonctionnalit\u00e9, authenticit\u00e9 et design. Fond\u00e9e en 1961, elle propose aujourd\u2019hui plus de 500 r\u00e9f\u00e9rences de luminaires. Int\u00e9rieurs et ext\u00e9rieurs, toutes d\u00e9clinables dans la quinzaine de patines d\u00e9velopp\u00e9es sp\u00e9cifiquement en France.\u00a0Le Studio Lum\u2019art imagine et cr\u00e9e tous les ans de nouveaux mod\u00e8les, du plus contemporain <a href=\"https:\/\/lumart.fr\/fr\/\" class=\"more\">[ &hellip; ]<\/a><\/p>\n","protected":false},"author":5,"featured_media":0,"parent":0,"menu_order":-1,"comment_status":"closed","ping_status":"closed","template":"front-page.php","meta":[],"acf":[],"yoast_head":"<!-- This site is optimized with the Yoast SEO plugin v17.8 - https:\/\/yoast.com\/wordpress\/plugins\/seo\/ -->\n<meta name=\"description\" content=\"Lum&#039;art, entreprise du patrimoine vivant, r\u00e9alise \u00e0 la main des luminaires haut de gamme pour l&#039;int\u00e9rieur et l&#039;ext\u00e9rieur en France. Plus de 500 articles : Lanternes, appliques, bornes de jardin... Lum&#039;art vous encadrera dans le choix de vos luminaires et tout au long de la mise en place de votre projet d\u00e9co.\" \/>\n<meta name=\"robots\" content=\"index, follow, max-snippet:-1, max-image-preview:large, max-video-preview:-1\" \/>\n<link rel=\"canonical\" href=\"https:\/\/lumart.fr\/fr\/\" \/>\n<meta property=\"og:locale\" content=\"fr_FR\" \/>\n<meta property=\"og:type\" content=\"article\" \/>\n<meta property=\"og:title\" content=\"Luminaires Fran\u00e7ais &amp; Artisan du patrimoine - LUM&#039;ART\" \/>\n<meta property=\"og:description\" content=\"Lum&#039;art, entreprise du patrimoine vivant, r\u00e9alise \u00e0 la main des luminaires haut de gamme pour l&#039;int\u00e9rieur et l&#039;ext\u00e9rieur en France. Plus de 500 articles : Lanternes, appliques, bornes de jardin... Lum&#039;art vous encadrera dans le choix de vos luminaires et tout au long de la mise en place de votre projet d\u00e9co.\" \/>\n<meta property=\"og:url\" content=\"https:\/\/lumart.fr\/fr\/\" \/>\n<meta property=\"og:site_name\" content=\"Lum&#039;art\" \/>\n<meta property=\"article:publisher\" content=\"https:\/\/www.facebook.com\/LumArt-1543826629180391\/\" \/>\n<meta property=\"article:modified_time\" content=\"2022-10-26T14:08:02+00:00\" \/>\n<meta name=\"twitter:card\" content=\"summary\" \/>\n<meta name=\"twitter:label1\" content=\"Dur\u00e9e de lecture estim\u00e9e\" \/>\n\t<meta name=\"twitter:data1\" content=\"2 minutes\" \/>\n<script type=\"application\/ld+json\" class=\"yoast-schema-graph\">{\"@context\":\"https:\/\/schema.org\",\"@graph\":[{\"@type\":\"WebSite\",\"@id\":\"https:\/\/lumart.fr\/fr\/#website\",\"url\":\"https:\/\/lumart.fr\/fr\/\",\"name\":\"Lum'art\",\"description\":\"\",\"potentialAction\":[{\"@type\":\"SearchAction\",\"target\":{\"@type\":\"EntryPoint\",\"urlTemplate\":\"https:\/\/lumart.fr\/fr\/?s={search_term_string}\"},\"query-input\":\"required name=search_term_string\"}],\"inLanguage\":\"fr-FR\"},{\"@type\":\"WebPage\",\"@id\":\"https:\/\/lumart.fr\/fr\/#webpage\",\"url\":\"https:\/\/lumart.fr\/fr\/\",\"name\":\"Luminaires Fran\\u00e7ais & Artisan du patrimoine - LUM'ART\",\"isPartOf\":{\"@id\":\"https:\/\/lumart.fr\/fr\/#website\"},\"datePublished\":\"2017-11-20T16:27:40+00:00\",\"dateModified\":\"2022-10-26T14:08:02+00:00\",\"description\":\"Lum'art, entreprise du patrimoine vivant, r\\u00e9alise \\u00e0 la main des luminaires haut de gamme pour l'int\\u00e9rieur et l'ext\\u00e9rieur en France. Plus de 500 articles : Lanternes, appliques, bornes de jardin... Lum'art vous encadrera dans le choix de vos luminaires et tout au long de la mise en place de votre projet d\\u00e9co.\",\"breadcrumb\":{\"@id\":\"https:\/\/lumart.fr\/fr\/#breadcrumb\"},\"inLanguage\":\"fr-FR\",\"potentialAction\":[{\"@type\":\"ReadAction\",\"target\":[\"https:\/\/lumart.fr\/fr\/\"]}]},{\"@type\":\"BreadcrumbList\",\"@id\":\"https:\/\/lumart.fr\/fr\/#breadcrumb\",\"itemListElement\":[{\"@type\":\"ListItem\",\"position\":1,\"name\":\"Home\",\"item\":\"https:\/\/lumart.fr\/fr\/\"},{\"@type\":\"ListItem\",\"position\":2,\"name\":\"Lum&rsquo;art &#8211; Luminaires d&rsquo;exception\"}]}]}<\/script>\n<!-- \/ Yoast SEO plugin. -->","yoast_head_json":{"description":"Lum'art, entreprise du patrimoine vivant, r\u00e9alise \u00e0 la main des luminaires haut de gamme pour l'int\u00e9rieur et l'ext\u00e9rieur en France. Plus de 500 articles : Lanternes, appliques, bornes de jardin... Lum'art vous encadrera dans le choix de vos luminaires et tout au long de la mise en place de votre projet d\u00e9co.","robots":{"index":"index","follow":"follow","max-snippet":"max-snippet:-1","max-image-preview":"max-image-preview:large","max-video-preview":"max-video-preview:-1"},"canonical":"https:\/\/lumart.fr\/fr\/","og_locale":"fr_FR","og_type":"article","og_title":"Luminaires Fran\u00e7ais & Artisan du patrimoine - LUM'ART","og_description":"Lum'art, entreprise du patrimoine vivant, r\u00e9alise \u00e0 la main des luminaires haut de gamme pour l'int\u00e9rieur et l'ext\u00e9rieur en France. Plus de 500 articles : Lanternes, appliques, bornes de jardin... Lum'art vous encadrera dans le choix de vos luminaires et tout au long de la mise en place de votre projet d\u00e9co.","og_url":"https:\/\/lumart.fr\/fr\/","og_site_name":"Lum&#039;art","article_publisher":"https:\/\/www.facebook.com\/LumArt-1543826629180391\/","article_modified_time":"2022-10-26T14:08:02+00:00","twitter_card":"summary","twitter_misc":{"Dur\u00e9e de lecture estim\u00e9e":"2 minutes"},"schema":{"@context":"https:\/\/schema.org","@graph":[{"@type":"WebSite","@id":"https:\/\/lumart.fr\/fr\/#website","url":"https:\/\/lumart.fr\/fr\/","name":"Lum'art","description":"","potentialAction":[{"@type":"SearchAction","target":{"@type":"EntryPoint","urlTemplate":"https:\/\/lumart.fr\/fr\/?s={search_term_string}"},"query-input":"required name=search_term_string"}],"inLanguage":"fr-FR"},{"@type":"WebPage","@id":"https:\/\/lumart.fr\/fr\/#webpage","url":"https:\/\/lumart.fr\/fr\/","name":"Luminaires Fran\u00e7ais & Artisan du patrimoine - LUM'ART","isPartOf":{"@id":"https:\/\/lumart.fr\/fr\/#website"},"datePublished":"2017-11-20T16:27:40+00:00","dateModified":"2022-10-26T14:08:02+00:00","description":"Lum'art, entreprise du patrimoine vivant, r\u00e9alise \u00e0 la main des luminaires haut de gamme pour l'int\u00e9rieur et l'ext\u00e9rieur en France. Plus de 500 articles : Lanternes, appliques, bornes de jardin... Lum'art vous encadrera dans le choix de vos luminaires et tout au long de la mise en place de votre projet d\u00e9co.","breadcrumb":{"@id":"https:\/\/lumart.fr\/fr\/#breadcrumb"},"inLanguage":"fr-FR","potentialAction":[{"@type":"ReadAction","target":["https:\/\/lumart.fr\/fr\/"]}]},{"@type":"BreadcrumbList","@id":"https:\/\/lumart.fr\/fr\/#breadcrumb","itemListElement":[{"@type":"ListItem","position":1,"name":"Home","item":"https:\/\/lumart.fr\/fr\/"},{"@type":"ListItem","position":2,"name":"Lum&rsquo;art &#8211; Luminaires d&rsquo;exception"}]}]}},"_links":{"self":[{"href":"https:\/\/lumart.fr\/fr\/wp-json\/wp\/v2\/pages\/38"}],"collection":[{"href":"https:\/\/lumart.fr\/fr\/wp-json\/wp\/v2\/pages"}],"about":[{"href":"https:\/\/lumart.fr\/fr\/wp-json\/wp\/v2\/types\/page"}],"author":[{"embeddable":true,"href":"https:\/\/lumart.fr\/fr\/wp-json\/wp\/v2\/users\/5"}],"replies":[{"embeddable":true,"href":"https:\/\/lumart.fr\/fr\/wp-json\/wp\/v2\/comments?post=38"}],"version-history":[{"count":6,"href":"https:\/\/lumart.fr\/fr\/wp-json\/wp\/v2\/pages\/38\/revisions"}],"predecessor-version":[{"id":12107,"href":"https:\/\/lumart.fr\/fr\/wp-json\/wp\/v2\/pages\/38\/revisions\/12107"}],"wp:attachment":[{"href":"https:\/\/lumart.fr\/fr\/wp-json\/wp\/v2\/media?parent=38"}],"curies":[{"name":"wp","href":"https:\/\/api.w.org\/{rel}","templated":true}]}}