{"id":25,"date":"2017-11-17T11:54:02","date_gmt":"2017-11-17T11:54:02","guid":{"rendered":"https:\/\/lumart.fr\/?page_id=25"},"modified":"2019-03-07T08:28:10","modified_gmt":"2019-03-07T08:28:10","slug":"espace-presse","status":"publish","type":"page","link":"https:\/\/lumart.fr\/fr\/espace-presse\/","title":{"rendered":"Espace Presse"},"content":{"rendered":"<p>Journalistes et professionnels de la communication, si vous souhaitez vous tenir inform\u00e9s de l&rsquo;actualit\u00e9 de Lum\u2019art, consulter les communiqu\u00e9s ou dossiers de presse, demander des visuels ou int\u00e9grer des luminaires Lum\u2019art dans vos articles ou reportages, n\u2019h\u00e9sitez pas \u00e0 nous \u00e9crire via notre formulaire de contact, ou bien nous t\u00e9l\u00e9phoner au +33 (0)2 37 37 40 93.<br \/>\nNous serons ravis de vous pr\u00e9senter notre Maison, son savoir-faire et ses collections de luminaires d\u2019exception.<\/p>\n<p>&nbsp;<\/p>\n<h2>Nous rencontrer sur les salons<\/h2>\n<img loading=\"lazy\" class=\"size-full wp-image-8512 alignleft\" src=\"https:\/\/lumart.fr\/wp-content\/uploads\/2018\/01\/BD-2V8A2510ret-1.jpg\" alt=\"\" width=\"280\" height=\"420\" srcset=\"https:\/\/lumart.fr\/wp-content\/uploads\/2018\/01\/BD-2V8A2510ret-1.jpg 280w, https:\/\/lumart.fr\/wp-content\/uploads\/2018\/01\/BD-2V8A2510ret-1-200x300.jpg 200w, https:\/\/lumart.fr\/wp-content\/uploads\/2018\/01\/BD-2V8A2510ret-1-193x290.jpg 193w, https:\/\/lumart.fr\/wp-content\/uploads\/2018\/01\/BD-2V8A2510ret-1-50x75.jpg 50w, https:\/\/lumart.fr\/wp-content\/uploads\/2018\/01\/BD-2V8A2510ret-1-84x126.jpg 84w, https:\/\/lumart.fr\/wp-content\/uploads\/2018\/01\/BD-2V8A2510ret-1-55x82.jpg 55w\" sizes=\"(max-width: 280px) 100vw, 280px\" \/> <img loading=\"lazy\" class=\"size-large wp-image-8514 alignleft\" src=\"https:\/\/lumart.fr\/wp-content\/uploads\/2018\/01\/BD-2V8A2517ret-1.jpg\" alt=\"\" width=\"280\" height=\"420\" srcset=\"https:\/\/lumart.fr\/wp-content\/uploads\/2018\/01\/BD-2V8A2517ret-1.jpg 280w, https:\/\/lumart.fr\/wp-content\/uploads\/2018\/01\/BD-2V8A2517ret-1-200x300.jpg 200w, https:\/\/lumart.fr\/wp-content\/uploads\/2018\/01\/BD-2V8A2517ret-1-193x290.jpg 193w, https:\/\/lumart.fr\/wp-content\/uploads\/2018\/01\/BD-2V8A2517ret-1-50x75.jpg 50w, https:\/\/lumart.fr\/wp-content\/uploads\/2018\/01\/BD-2V8A2517ret-1-84x126.jpg 84w, https:\/\/lumart.fr\/wp-content\/uploads\/2018\/01\/BD-2V8A2517ret-1-55x82.jpg 55w\" sizes=\"(max-width: 280px) 100vw, 280px\" \/>\n<h3>Maison &amp; Objet \u2013 janvier 2018<\/h3>\n<p>Du 19 au 23 janvier 2019, <a href=\"https:\/\/lumart.fr\/fr\/salon-maison-objet\/\">retrouvez-nous au Salon Maison et Objet<\/a>, le rendez-vous international des professionnels de l\u2019art de vivre, de la d\u00e9coration d\u2019int\u00e9rieur et du design. Lum\u2019art vous accueille au c\u0153ur de son univers hall 5B stand O29 pour vous faire d\u00e9couvrir des nouvelles collections.<br \/>\nN\u2019h\u00e9sitez pas \u00e0 nous contacter pour prendre rendez-vous, nous vous r\u00e9serverons le meilleur accueil!<br \/>\n\u00c0 bient\u00f4t sur Maison &amp; Objet !<br \/>\n<a href=\"https:\/\/lumart.fr\/fr\/salon-maison-objet\/\" target=\"_blank\" rel=\"noopener\">En savoir plus<\/a><\/p>\n<h2><\/h2>\n<h2><\/h2>\n<h2><\/h2>\n<h2><\/h2>\n<h2><\/h2>\n<p>&nbsp;<\/p>\n<p>&nbsp;<\/p>\n<p>&nbsp;<\/p>\n<h2>Visuels Lum&rsquo;art<\/h2>\n<p>De nombreux visuels Lum\u2019art sont \u00e0 la disposition des journalistes et professionnels de la communication. Nous vous laissons le soin de nous contacter afin que nous puissions vous transmettre les versions HD de ces visuels, pack shot produits, visuels pr\u00e9sentant les luminaires en situation ou bien photos de savoir-faire. Nous pouvons orienter notre s\u00e9lection en fonction des th\u00e8mes de vos articles \u00e0 illustrer.<\/p>\n<p><img loading=\"lazy\" class=\"half-width alignnone wp-image-8256 size-full\" src=\"https:\/\/lumart.fr\/wp-content\/uploads\/2018\/01\/111-Lanterne-Carnavalet-Geant-VDG-Lumart-BD-6.jpg\" alt=\"\" width=\"430\" height=\"287\" srcset=\"https:\/\/lumart.fr\/wp-content\/uploads\/2018\/01\/111-Lanterne-Carnavalet-Geant-VDG-Lumart-BD-6.jpg 430w, https:\/\/lumart.fr\/wp-content\/uploads\/2018\/01\/111-Lanterne-Carnavalet-Geant-VDG-Lumart-BD-6-386x258.jpg 386w, https:\/\/lumart.fr\/wp-content\/uploads\/2018\/01\/111-Lanterne-Carnavalet-Geant-VDG-Lumart-BD-6-300x200.jpg 300w, https:\/\/lumart.fr\/wp-content\/uploads\/2018\/01\/111-Lanterne-Carnavalet-Geant-VDG-Lumart-BD-6-360x240.jpg 360w, https:\/\/lumart.fr\/wp-content\/uploads\/2018\/01\/111-Lanterne-Carnavalet-Geant-VDG-Lumart-BD-6-112x75.jpg 112w, https:\/\/lumart.fr\/wp-content\/uploads\/2018\/01\/111-Lanterne-Carnavalet-Geant-VDG-Lumart-BD-6-84x56.jpg 84w, https:\/\/lumart.fr\/wp-content\/uploads\/2018\/01\/111-Lanterne-Carnavalet-Geant-VDG-Lumart-BD-6-113x75.jpg 113w, https:\/\/lumart.fr\/wp-content\/uploads\/2018\/01\/111-Lanterne-Carnavalet-Geant-VDG-Lumart-BD-6-387x257.jpg 387w\" sizes=\"(max-width: 430px) 100vw, 430px\" \/>\u00a0 \u00a0 <img loading=\"lazy\" class=\"half-width alignnone wp-image-8254 size-full\" src=\"https:\/\/lumart.fr\/wp-content\/uploads\/2018\/01\/BD-2V8A1283.jpg\" alt=\"\" width=\"430\" height=\"287\" srcset=\"https:\/\/lumart.fr\/wp-content\/uploads\/2018\/01\/BD-2V8A1283.jpg 430w, https:\/\/lumart.fr\/wp-content\/uploads\/2018\/01\/BD-2V8A1283-386x258.jpg 386w, https:\/\/lumart.fr\/wp-content\/uploads\/2018\/01\/BD-2V8A1283-300x200.jpg 300w, https:\/\/lumart.fr\/wp-content\/uploads\/2018\/01\/BD-2V8A1283-360x240.jpg 360w, https:\/\/lumart.fr\/wp-content\/uploads\/2018\/01\/BD-2V8A1283-112x75.jpg 112w, https:\/\/lumart.fr\/wp-content\/uploads\/2018\/01\/BD-2V8A1283-84x56.jpg 84w, https:\/\/lumart.fr\/wp-content\/uploads\/2018\/01\/BD-2V8A1283-113x75.jpg 113w, https:\/\/lumart.fr\/wp-content\/uploads\/2018\/01\/BD-2V8A1283-387x257.jpg 387w\" sizes=\"(max-width: 430px) 100vw, 430px\" \/><br \/>\n<img loading=\"lazy\" class=\"size-full wp-image-8259 alignright\" src=\"https:\/\/lumart.fr\/wp-content\/uploads\/2018\/01\/Lumart-Bougeoirs-1.jpg\" alt=\"\" width=\"430\" height=\"304\" srcset=\"https:\/\/lumart.fr\/wp-content\/uploads\/2018\/01\/Lumart-Bougeoirs-1.jpg 430w, https:\/\/lumart.fr\/wp-content\/uploads\/2018\/01\/Lumart-Bougeoirs-1-300x212.jpg 300w, https:\/\/lumart.fr\/wp-content\/uploads\/2018\/01\/Lumart-Bougeoirs-1-360x255.jpg 360w, https:\/\/lumart.fr\/wp-content\/uploads\/2018\/01\/Lumart-Bougeoirs-1-106x75.jpg 106w, https:\/\/lumart.fr\/wp-content\/uploads\/2018\/01\/Lumart-Bougeoirs-1-84x59.jpg 84w, https:\/\/lumart.fr\/wp-content\/uploads\/2018\/01\/Lumart-Bougeoirs-1-113x80.jpg 113w\" sizes=\"(max-width: 430px) 100vw, 430px\" \/><\/p>\n<h2>Dossiers et communiqu\u00e9s de presse<\/h2>\n<p>Des dossiers et communiqu\u00e9s de presse sont r\u00e9guli\u00e8rement mis \u00e0 disposition des journalistes afin de vous tenir au courant de l\u2019actualit\u00e9 Lum\u2019art et des sorties de nouvelles collections. N\u2019h\u00e9sitez pas cependant \u00e0 nous contacter si vous avez besoin de plus de renseignements, nous serions ravis d\u2019\u00e9changer en direct avec vous sur ces diff\u00e9rents sujets.<\/p>\n<ul>\n<li><a href=\"https:\/\/lumart.fr\/wp-content\/uploads\/2018\/01\/Lumart-La-Maison.pdf\">La Maison Lum&rsquo;art<\/a><\/li>\n<li><a href=\"https:\/\/lumart.fr\/wp-content\/uploads\/2018\/01\/Lumart-Bougeoirs.pdf\">Editions Limit\u00e9es Lum&rsquo;art &#8211; Les bougeoirs<\/a><\/li>\n<\/ul>\n<h2>Interviews<\/h2>\n<p><iframe loading=\"lazy\" src=\"https:\/\/www.youtube.com\/embed\/77809STcdgs?rel=0&amp;showinfo=0\" width=\"870\" height=\"480\" frameborder=\"0\" allowfullscreen=\"allowfullscreen\"><\/iframe><\/p>\n<p>Passionn\u00e9 d\u2019architecture et de d\u00e9coration, et apr\u00e8s pr\u00e8s plus de 20 ans pass\u00e9s comme cadre dirigeant chez Christian Dior puis Daum, Pierre G\u00e9nin a repris la soci\u00e9t\u00e9 Lum\u2019art en 2010. Il sera ravis de vous parler de son exp\u00e9rience entrepreneuriale, du savoir-faire de la Maison et de ses luminaires d\u2019exception dessin\u00e9s et fabriqu\u00e9s dans les ateliers du Perche depuis 1961.<\/p>\n<h2>Revue de presse<\/h2>\n<ul>\n<li><a href=\"https:\/\/lumart.fr\/wp-content\/uploads\/2018\/01\/Orf\u00e8vre-en-lumi\u00e8re-Campagne-D\u00e9coration.jpg\">Orf\u00e8vre en lumi\u00e8re &#8211; Campagne D\u00e9coration<\/a><\/li>\n<li><a href=\"https:\/\/lumart.fr\/wp-content\/uploads\/2018\/01\/La-Rolls-des-luminaires-est-fabriqu\u00e9e-\u00e0-Pontgouin.jpg\">La Rolls des luminaires est fabriqu\u00e9e \u00e0 Pontgouin &#8211; L&rsquo;Echo R\u00e9publicain\u00a0<\/a><\/li>\n<li><a href=\"https:\/\/lumart.fr\/wp-content\/uploads\/2018\/01\/Le-Parisien-7-novembre-2017.jpg\">Cette ancien cadre de Dior a trouv\u00e9 la Lumi\u00e8re &#8211; Parisien\u00a0<\/a><\/li>\n<li><a href=\"https:\/\/lumart.fr\/wp-content\/uploads\/2018\/01\/LEcho-R\u00e9publicain-7-juil-11.jpg\">Crise pour la reprise d&rsquo;entreprise &#8211; L&rsquo;\u00e9cho R\u00e9publicain\u00a0<\/a><\/li>\n<li><a href=\"https:\/\/www.editionmagazine.co.uk\/sleeping-beauty\/\">Designers C\u00e9line and Pierre G\u00e9nin left Paris for rural France to bring a fairytale chateau back to life &#8211; Edition &#8211; London &amp; Country Living<\/a><\/li>\n<\/ul>\n<p><b><img loading=\"lazy\" class=\"wp-image-9291 alignleft\" src=\"\/wp-content\/uploads\/2018\/01\/Perrache-1.jpg\" alt=\"\" width=\"378\" height=\"531\" \/><\/b>When couple C\u00e9line and Pierre G\u00e9nin fell in love with a small, rundown nineteenth century chateau in the Eure-et-Loir region of France, they vowed to breathe life back into its crumbling walls. The home they\u2019ve created is such a wonderful blend of contemporary and vintage, it caught the eye of photographer and author S\u00e9bastien Sireudeau who features it in his latest book \u2018<i>New Vintage French <\/i><i>Interiors<\/i>\u2019.<\/p>\n<p>It seems the secret of the couple\u2019s success is the fact they are historians as well as designers. Pierre\u00a0\u2013\u00a0who recently revived\u00a0super-stylish artisanal lighting company Lum\u2019art\u00a0\u2013 found himself becoming increasingly passionate about discovering the chateau\u2019s history. He spent years studying the history of the house, poring over illustrated texts on the region and studying the land registry established under Napoleon Bonaparte in great detail. [\u2026]<\/p>\n<p>Through studying old engravings, he re-discovered the original perimeter of the park that surrounded this magnificent house. What\u2019s more, buried beneath brambles and ivy he found the geometric layout of a formal garden, its pools bordered with elegant walkways and its parterres planted with tree roses.<\/p>\n<p><a href=\"https:\/\/www.editionmagazine.co.uk\/sleeping-beauty\/\">Read more\u00a0 <\/a><\/p>\n<h2><\/h2>\n<h2><\/h2>\n<h2><\/h2>\n<h2><\/h2>\n<h2><\/h2>\n<p>&nbsp;<\/p>\n<p>&nbsp;<\/p>\n<p>&nbsp;<\/p>\n<h2>Shopping presse<\/h2>\n<p>Nous pouvons si vous le souhaitez mettre \u00e0 disposition certains produits Lum\u2019art pour illustrer vos reportages avec des pi\u00e8ces au design singulier et \u00e9l\u00e9gant.<\/p>\n<p><a href=\"https:\/\/lumart.fr\/wp-content\/uploads\/2018\/01\/Campagne-D\u00e9coration-d\u00e9c-10.jpg\" target=\"_blank\" rel=\"noopener\"><img loading=\"lazy\" class=\"alignnone wp-image-8279 size-full\" src=\"https:\/\/lumart.fr\/wp-content\/uploads\/2018\/01\/Campagne-D\u00e9coration-d\u00e9c-10.jpg\" alt=\"\" width=\"870\" height=\"578\" srcset=\"https:\/\/lumart.fr\/wp-content\/uploads\/2018\/01\/Campagne-D\u00e9coration-d\u00e9c-10.jpg 870w, https:\/\/lumart.fr\/wp-content\/uploads\/2018\/01\/Campagne-D\u00e9coration-d\u00e9c-10-740x492.jpg 740w, https:\/\/lumart.fr\/wp-content\/uploads\/2018\/01\/Campagne-D\u00e9coration-d\u00e9c-10-300x199.jpg 300w, https:\/\/lumart.fr\/wp-content\/uploads\/2018\/01\/Campagne-D\u00e9coration-d\u00e9c-10-768x510.jpg 768w, https:\/\/lumart.fr\/wp-content\/uploads\/2018\/01\/Campagne-D\u00e9coration-d\u00e9c-10-858x570.jpg 858w, https:\/\/lumart.fr\/wp-content\/uploads\/2018\/01\/Campagne-D\u00e9coration-d\u00e9c-10-570x380.jpg 570w, https:\/\/lumart.fr\/wp-content\/uploads\/2018\/01\/Campagne-D\u00e9coration-d\u00e9c-10-360x239.jpg 360w, https:\/\/lumart.fr\/wp-content\/uploads\/2018\/01\/Campagne-D\u00e9coration-d\u00e9c-10-113x75.jpg 113w, https:\/\/lumart.fr\/wp-content\/uploads\/2018\/01\/Campagne-D\u00e9coration-d\u00e9c-10-84x56.jpg 84w, https:\/\/lumart.fr\/wp-content\/uploads\/2018\/01\/Campagne-D\u00e9coration-d\u00e9c-10-640x425.jpg 640w, https:\/\/lumart.fr\/wp-content\/uploads\/2018\/01\/Campagne-D\u00e9coration-d\u00e9c-10-387x257.jpg 387w\" sizes=\"(max-width: 870px) 100vw, 870px\" \/><\/a><\/p>\n<p><a href=\"https:\/\/lumart.fr\/wp-content\/uploads\/2018\/01\/Campagne-D\u00e9coration-d\u00e9c-10-2.jpghttps:\/\/lumart.fr\/en\/\" target=\"_blank\" rel=\"noopener\"><img loading=\"lazy\" class=\"alignnone wp-image-8281 size-full\" src=\"https:\/\/lumart.fr\/wp-content\/uploads\/2018\/01\/Campagne-D\u00e9coration-d\u00e9c-10-2.jpg\" alt=\"\" width=\"870\" height=\"578\" srcset=\"https:\/\/lumart.fr\/wp-content\/uploads\/2018\/01\/Campagne-D\u00e9coration-d\u00e9c-10-2.jpg 870w, https:\/\/lumart.fr\/wp-content\/uploads\/2018\/01\/Campagne-D\u00e9coration-d\u00e9c-10-2-740x492.jpg 740w, https:\/\/lumart.fr\/wp-content\/uploads\/2018\/01\/Campagne-D\u00e9coration-d\u00e9c-10-2-300x199.jpg 300w, https:\/\/lumart.fr\/wp-content\/uploads\/2018\/01\/Campagne-D\u00e9coration-d\u00e9c-10-2-768x510.jpg 768w, https:\/\/lumart.fr\/wp-content\/uploads\/2018\/01\/Campagne-D\u00e9coration-d\u00e9c-10-2-858x570.jpg 858w, https:\/\/lumart.fr\/wp-content\/uploads\/2018\/01\/Campagne-D\u00e9coration-d\u00e9c-10-2-570x380.jpg 570w, https:\/\/lumart.fr\/wp-content\/uploads\/2018\/01\/Campagne-D\u00e9coration-d\u00e9c-10-2-360x239.jpg 360w, https:\/\/lumart.fr\/wp-content\/uploads\/2018\/01\/Campagne-D\u00e9coration-d\u00e9c-10-2-113x75.jpg 113w, https:\/\/lumart.fr\/wp-content\/uploads\/2018\/01\/Campagne-D\u00e9coration-d\u00e9c-10-2-84x56.jpg 84w, https:\/\/lumart.fr\/wp-content\/uploads\/2018\/01\/Campagne-D\u00e9coration-d\u00e9c-10-2-640x425.jpg 640w, https:\/\/lumart.fr\/wp-content\/uploads\/2018\/01\/Campagne-D\u00e9coration-d\u00e9c-10-2-387x257.jpg 387w\" sizes=\"(max-width: 870px) 100vw, 870px\" \/><\/a><\/p>\n<p>&nbsp;<\/p>\n","protected":false},"excerpt":{"rendered":"<p>Journalistes et professionnels de la communication, si vous souhaitez vous tenir inform\u00e9s de l&rsquo;actualit\u00e9 de Lum\u2019art, consulter les communiqu\u00e9s ou dossiers de presse, demander des visuels ou int\u00e9grer des luminaires Lum\u2019art dans vos articles ou reportages, n\u2019h\u00e9sitez pas \u00e0 nous \u00e9crire via notre formulaire de contact, ou bien nous t\u00e9l\u00e9phoner au +33 (0)2 37 37 40 93. Nous serons ravis <a href=\"https:\/\/lumart.fr\/fr\/espace-presse\/\" class=\"more\">[ &hellip; ]<\/a><\/p>\n","protected":false},"author":5,"featured_media":8510,"parent":0,"menu_order":0,"comment_status":"closed","ping_status":"closed","template":"page-editorial.php","meta":[],"acf":[],"yoast_head":"<!-- This site is optimized with the Yoast SEO plugin v17.8 - https:\/\/yoast.com\/wordpress\/plugins\/seo\/ -->\n<meta name=\"description\" content=\"Journalistes et professionnels de la communication, si vous souhaitez vous tenir inform\u00e9s de l&#039;actualit\u00e9 de Lum\u2019art, consultez notre espace presse.\" \/>\n<meta name=\"robots\" content=\"index, follow, max-snippet:-1, max-image-preview:large, max-video-preview:-1\" \/>\n<link rel=\"canonical\" href=\"https:\/\/lumart.fr\/fr\/espace-presse\/\" \/>\n<meta property=\"og:locale\" content=\"fr_FR\" \/>\n<meta property=\"og:type\" content=\"article\" \/>\n<meta property=\"og:title\" content=\"Espace Presse - Lum&#039;art\" \/>\n<meta property=\"og:description\" content=\"Journalistes et professionnels de la communication, si vous souhaitez vous tenir inform\u00e9s de l&#039;actualit\u00e9 de Lum\u2019art, consultez notre espace presse.\" \/>\n<meta property=\"og:url\" content=\"https:\/\/lumart.fr\/fr\/espace-presse\/\" \/>\n<meta property=\"og:site_name\" content=\"Lum&#039;art\" \/>\n<meta property=\"article:publisher\" content=\"https:\/\/www.facebook.com\/LumArt-1543826629180391\/\" \/>\n<meta property=\"article:modified_time\" content=\"2019-03-07T08:28:10+00:00\" \/>\n<meta property=\"og:image\" content=\"https:\/\/lumart.fr\/wp-content\/uploads\/2018\/01\/Lampadaire-pascal.jpg\" \/>\n\t<meta property=\"og:image:width\" content=\"1920\" \/>\n\t<meta property=\"og:image:height\" content=\"370\" \/>\n<meta name=\"twitter:card\" content=\"summary\" \/>\n<meta name=\"twitter:label1\" content=\"Dur\u00e9e de lecture estim\u00e9e\" \/>\n\t<meta name=\"twitter:data1\" content=\"3 minutes\" \/>\n<script type=\"application\/ld+json\" class=\"yoast-schema-graph\">{\"@context\":\"https:\/\/schema.org\",\"@graph\":[{\"@type\":\"WebSite\",\"@id\":\"https:\/\/lumart.fr\/fr\/#website\",\"url\":\"https:\/\/lumart.fr\/fr\/\",\"name\":\"Lum'art\",\"description\":\"\",\"potentialAction\":[{\"@type\":\"SearchAction\",\"target\":{\"@type\":\"EntryPoint\",\"urlTemplate\":\"https:\/\/lumart.fr\/fr\/?s={search_term_string}\"},\"query-input\":\"required name=search_term_string\"}],\"inLanguage\":\"fr-FR\"},{\"@type\":\"ImageObject\",\"@id\":\"https:\/\/lumart.fr\/fr\/espace-presse\/#primaryimage\",\"inLanguage\":\"fr-FR\",\"url\":\"\/wp-content\/uploads\/2018\/01\/Lampadaire-pascal.jpg\",\"contentUrl\":\"\/wp-content\/uploads\/2018\/01\/Lampadaire-pascal.jpg\",\"width\":1920,\"height\":370},{\"@type\":\"WebPage\",\"@id\":\"https:\/\/lumart.fr\/fr\/espace-presse\/#webpage\",\"url\":\"https:\/\/lumart.fr\/fr\/espace-presse\/\",\"name\":\"Espace Presse - Lum'art\",\"isPartOf\":{\"@id\":\"https:\/\/lumart.fr\/fr\/#website\"},\"primaryImageOfPage\":{\"@id\":\"https:\/\/lumart.fr\/fr\/espace-presse\/#primaryimage\"},\"datePublished\":\"2017-11-17T11:54:02+00:00\",\"dateModified\":\"2019-03-07T08:28:10+00:00\",\"description\":\"Journalistes et professionnels de la communication, si vous souhaitez vous tenir inform\\u00e9s de l'actualit\\u00e9 de Lum\\u2019art, consultez notre espace presse.\",\"breadcrumb\":{\"@id\":\"https:\/\/lumart.fr\/fr\/espace-presse\/#breadcrumb\"},\"inLanguage\":\"fr-FR\",\"potentialAction\":[{\"@type\":\"ReadAction\",\"target\":[\"https:\/\/lumart.fr\/fr\/espace-presse\/\"]}]},{\"@type\":\"BreadcrumbList\",\"@id\":\"https:\/\/lumart.fr\/fr\/espace-presse\/#breadcrumb\",\"itemListElement\":[{\"@type\":\"ListItem\",\"position\":1,\"name\":\"Home\",\"item\":\"https:\/\/lumart.fr\/fr\/\"},{\"@type\":\"ListItem\",\"position\":2,\"name\":\"Espace Presse\"}]}]}<\/script>\n<!-- \/ Yoast SEO plugin. -->","yoast_head_json":{"description":"Journalistes et professionnels de la communication, si vous souhaitez vous tenir inform\u00e9s de l'actualit\u00e9 de Lum\u2019art, consultez notre espace presse.","robots":{"index":"index","follow":"follow","max-snippet":"max-snippet:-1","max-image-preview":"max-image-preview:large","max-video-preview":"max-video-preview:-1"},"canonical":"https:\/\/lumart.fr\/fr\/espace-presse\/","og_locale":"fr_FR","og_type":"article","og_title":"Espace Presse - Lum'art","og_description":"Journalistes et professionnels de la communication, si vous souhaitez vous tenir inform\u00e9s de l'actualit\u00e9 de Lum\u2019art, consultez notre espace presse.","og_url":"https:\/\/lumart.fr\/fr\/espace-presse\/","og_site_name":"Lum&#039;art","article_publisher":"https:\/\/www.facebook.com\/LumArt-1543826629180391\/","article_modified_time":"2019-03-07T08:28:10+00:00","og_image":[{"width":1920,"height":370,"url":"https:\/\/lumart.fr\/wp-content\/uploads\/2018\/01\/Lampadaire-pascal.jpg","type":"image\/jpeg"}],"twitter_card":"summary","twitter_misc":{"Dur\u00e9e de lecture estim\u00e9e":"3 minutes"},"schema":{"@context":"https:\/\/schema.org","@graph":[{"@type":"WebSite","@id":"https:\/\/lumart.fr\/fr\/#website","url":"https:\/\/lumart.fr\/fr\/","name":"Lum'art","description":"","potentialAction":[{"@type":"SearchAction","target":{"@type":"EntryPoint","urlTemplate":"https:\/\/lumart.fr\/fr\/?s={search_term_string}"},"query-input":"required name=search_term_string"}],"inLanguage":"fr-FR"},{"@type":"ImageObject","@id":"https:\/\/lumart.fr\/fr\/espace-presse\/#primaryimage","inLanguage":"fr-FR","url":"\/wp-content\/uploads\/2018\/01\/Lampadaire-pascal.jpg","contentUrl":"\/wp-content\/uploads\/2018\/01\/Lampadaire-pascal.jpg","width":1920,"height":370},{"@type":"WebPage","@id":"https:\/\/lumart.fr\/fr\/espace-presse\/#webpage","url":"https:\/\/lumart.fr\/fr\/espace-presse\/","name":"Espace Presse - Lum'art","isPartOf":{"@id":"https:\/\/lumart.fr\/fr\/#website"},"primaryImageOfPage":{"@id":"https:\/\/lumart.fr\/fr\/espace-presse\/#primaryimage"},"datePublished":"2017-11-17T11:54:02+00:00","dateModified":"2019-03-07T08:28:10+00:00","description":"Journalistes et professionnels de la communication, si vous souhaitez vous tenir inform\u00e9s de l'actualit\u00e9 de Lum\u2019art, consultez notre espace presse.","breadcrumb":{"@id":"https:\/\/lumart.fr\/fr\/espace-presse\/#breadcrumb"},"inLanguage":"fr-FR","potentialAction":[{"@type":"ReadAction","target":["https:\/\/lumart.fr\/fr\/espace-presse\/"]}]},{"@type":"BreadcrumbList","@id":"https:\/\/lumart.fr\/fr\/espace-presse\/#breadcrumb","itemListElement":[{"@type":"ListItem","position":1,"name":"Home","item":"https:\/\/lumart.fr\/fr\/"},{"@type":"ListItem","position":2,"name":"Espace Presse"}]}]}},"_links":{"self":[{"href":"https:\/\/lumart.fr\/fr\/wp-json\/wp\/v2\/pages\/25"}],"collection":[{"href":"https:\/\/lumart.fr\/fr\/wp-json\/wp\/v2\/pages"}],"about":[{"href":"https:\/\/lumart.fr\/fr\/wp-json\/wp\/v2\/types\/page"}],"author":[{"embeddable":true,"href":"https:\/\/lumart.fr\/fr\/wp-json\/wp\/v2\/users\/5"}],"replies":[{"embeddable":true,"href":"https:\/\/lumart.fr\/fr\/wp-json\/wp\/v2\/comments?post=25"}],"version-history":[{"count":4,"href":"https:\/\/lumart.fr\/fr\/wp-json\/wp\/v2\/pages\/25\/revisions"}],"predecessor-version":[{"id":10495,"href":"https:\/\/lumart.fr\/fr\/wp-json\/wp\/v2\/pages\/25\/revisions\/10495"}],"wp:featuredmedia":[{"embeddable":true,"href":"https:\/\/lumart.fr\/fr\/wp-json\/wp\/v2\/media\/8510"}],"wp:attachment":[{"href":"https:\/\/lumart.fr\/fr\/wp-json\/wp\/v2\/media?parent=25"}],"curies":[{"name":"wp","href":"https:\/\/api.w.org\/{rel}","templated":true}]}}