{"id":23,"date":"2017-11-17T11:53:23","date_gmt":"2017-11-17T11:53:23","guid":{"rendered":"https:\/\/lumart.fr\/?page_id=23"},"modified":"2020-09-25T16:56:03","modified_gmt":"2020-09-25T14:56:03","slug":"mentions-legales","status":"publish","type":"page","link":"https:\/\/lumart.fr\/fr\/mentions-legales\/","title":{"rendered":"Mentions l\u00e9gales"},"content":{"rendered":"<p>Les photos de ce site ne sont pas contractuelles. Pour des raisons techniques, certains mod\u00e8les peuvent \u00eatre sujets \u00e0 modification.<\/p>\n<h2>Copyright et informations l\u00e9gales<\/h2>\n<p>Toute vente, publicit\u00e9, promotion, et plus g\u00e9n\u00e9ralement toute utilisation ou reproduction totale ou partielle d&rsquo;un des \u00e9l\u00e9ments quelconques figurant dans le pr\u00e9sent site, n\u00e9cessitent l&rsquo;accord pr\u00e9alable et \u00e9crit de Lum\u2019art. En cas de violation de cette clause, Lum\u2019art peut engager toute action judiciaire en vue de faire cesser les atteintes port\u00e9es \u00e0 ces droits.<\/p>\n<p>Le code de la propri\u00e9t\u00e9 intellectuelle n\u2019autorisant, aux termes de l\u2019article L. 122-5.2\u00b0 et 3\u00b0a, d\u2019une part, que les \u00a0\u00bb copies ou reproductions strictement r\u00e9serv\u00e9es \u00e0 l\u2019usage priv\u00e9 du copiste et non destin\u00e9es \u00e0 une utilisation collective \u00a0\u00bb et, d\u2019autre part, que les analyses et les courtes citations dans un but d\u2019exemple et d\u2019illustration,\u00a0 \u00a0\u00bb toute repr\u00e9sentation ou reproduction int\u00e9grale ou partielle faite sans le consentement de l\u2019auteur ou de ses ayants droit ou ayants cause est illicite \u00a0\u00bb (art. L. 122-4).<br \/>\nCette repr\u00e9sentation ou reproduction, par quelque proc\u00e9d\u00e9 que ce soit constituerait donc une contrefa\u00e7on sanctionn\u00e9e par les articles L. 335-2 et suivants du code de la propri\u00e9t\u00e9 intellectuelle.<\/p>\n<p>Toute demande d\u2019autorisation doit nous \u00eatre formul\u00e9e par \u00e9crit et adress\u00e9e \u00e0 :<br \/>\nLum\u2019art<br \/>\n8, avenue du G\u00e9n\u00e9ral de Gaulle<br \/>\n28 190 PONTGOUIN &#8211; France<\/p>\n<h2>Protection des donn\u00e9es personnelles<\/h2>\n<p>Conform\u00e9ment aux dispositions de la loi n\u00b0 98-536 du 1er juillet 1998 portant<br \/>\ntransposition dans le code de la propri\u00e9t\u00e9 intellectuelle de la directive 96\/9 CE du 11 mars 1996 concernant la protection juridique des bases de donn\u00e9es, la soci\u00e9t\u00e9 Lum\u2019art est producteur et propri\u00e9taire de tout ou partie des bases de donn\u00e9es composant le pr\u00e9sent site.<\/p>\n<p>Lum\u2019art s&rsquo;engage \u00e0 prot\u00e9ger la confidentialit\u00e9 des informations personnelles fournies par les visiteurs de son site web. Lum\u2019art analyse les donn\u00e9es globales et non identifiables concernant l&rsquo;utilisation de son site.<\/p>\n<p>Lum\u2019art ne vend, ne loue ni ne rend disponible \u00e0 aucun tiers, de quelque fa\u00e7on que ce soit, les donn\u00e9es personnelles fournies par les visiteurs de son site web. Sur votre demande, Lum\u2019art supprimera de sa base de donn\u00e9es vos informations personnelles et annulera de ce fait votre enregistrement. En outre, sur demande, les visiteurs enregistr\u00e9s pourront acc\u00e9der a leurs donn\u00e9es personnelles enregistr\u00e9es et corriger toute information erron\u00e9e.<\/p>\n<p>Toute demande concernant les donn\u00e9es personnelles doit \u00eatre adress\u00e9e \u00e0:<br \/>\nLum\u2019art<br \/>\n8, avenue du G\u00e9n\u00e9ral de Gaulle<br \/>\n28 190 PONTGOUIN &#8211; France<\/p>\n<h2>Conception et cr\u00e9ation du site<\/h2>\n<p>Conception et d\u00e9veloppement<br \/>\nAgence SMART IMPACT \u2013 Digital Agency<br \/>\n2B Rue Dobree, 44100 Nantes<br \/>\nT\u00e9l. : 02 49 09 12 78<br \/>\n<a href=\"https:\/\/www.smartimpact.fr\/\">www.smartimpact.fr<\/a><\/p>\n<h2>Cookies<\/h2>\n<p>Vous \u00eates inform\u00e9 que lors de vos visites sur le site, un cookie peut s\u2019installer automatiquement sur votre logiciel de navigation. Le cookie est un bloc de donn\u00e9es qui ne permet pas d\u2019identifier l\u2019utilisateur mais sert \u00e0 enregistrer des informations relatives \u00e0 la navigation de celui-ci sur le site. Nous vous informons que vous pouvez vous opposer \u00e0 l\u2019enregistrement de ces \u00ab\u00a0cookies\u00a0\u00bb en configurant votre ordinateur selon les modalit\u00e9s d\u00e9taill\u00e9es sur le site\u00a0<a href=\"https:\/\/www.cnil.fr\/\">https:\/\/www.cnil.fr<\/a>.<\/p>\n<p>Raison sociale : Lum\u2019art SARL<br \/>\nNum\u00e9ro d\u2019identification RCS ou SIRET : 519692446000<br \/>\nNum\u00e9ro de TVA : FR36519692446<\/p>\n","protected":false},"excerpt":{"rendered":"<p>Les photos de ce site ne sont pas contractuelles. Pour des raisons techniques, certains mod\u00e8les peuvent \u00eatre sujets \u00e0 modification. Copyright et informations l\u00e9gales Toute vente, publicit\u00e9, promotion, et plus g\u00e9n\u00e9ralement toute utilisation ou reproduction totale ou partielle d&rsquo;un des \u00e9l\u00e9ments quelconques figurant dans le pr\u00e9sent site, n\u00e9cessitent l&rsquo;accord pr\u00e9alable et \u00e9crit de Lum\u2019art. En cas de violation de cette <a href=\"https:\/\/lumart.fr\/fr\/mentions-legales\/\" class=\"more\">[ &hellip; ]<\/a><\/p>\n","protected":false},"author":5,"featured_media":0,"parent":0,"menu_order":0,"comment_status":"closed","ping_status":"closed","template":"","meta":[],"acf":[],"yoast_head":"<!-- This site is optimized with the Yoast SEO plugin v17.8 - https:\/\/yoast.com\/wordpress\/plugins\/seo\/ -->\n<meta name=\"description\" content=\"Depuis plus de 50 ans, Lum\u2019art offre une r\u00e9ponse \u00e9l\u00e9gante et raffin\u00e9e \u00e0 la mise en valeur des plus beaux int\u00e9rieurs et \u00e0 l\u2019am\u00e9nagement les espaces ext\u00e9rieurs en proposant des luminaires haut de gamme conjuguant avec \u00e9l\u00e9gance fonctionnalit\u00e9, authenticit\u00e9 et design.\" \/>\n<meta name=\"robots\" content=\"index, follow, max-snippet:-1, max-image-preview:large, max-video-preview:-1\" \/>\n<link rel=\"canonical\" href=\"https:\/\/lumart.fr\/fr\/mentions-legales\/\" \/>\n<meta property=\"og:locale\" content=\"fr_FR\" \/>\n<meta property=\"og:type\" content=\"article\" \/>\n<meta property=\"og:title\" content=\"Mentions l\u00e9gales - Lum&#039;art\" \/>\n<meta property=\"og:description\" content=\"Depuis plus de 50 ans, Lum\u2019art offre une r\u00e9ponse \u00e9l\u00e9gante et raffin\u00e9e \u00e0 la mise en valeur des plus beaux int\u00e9rieurs et \u00e0 l\u2019am\u00e9nagement les espaces ext\u00e9rieurs en proposant des luminaires haut de gamme conjuguant avec \u00e9l\u00e9gance fonctionnalit\u00e9, authenticit\u00e9 et design.\" \/>\n<meta property=\"og:url\" content=\"https:\/\/lumart.fr\/fr\/mentions-legales\/\" \/>\n<meta property=\"og:site_name\" content=\"Lum&#039;art\" \/>\n<meta property=\"article:publisher\" content=\"https:\/\/www.facebook.com\/LumArt-1543826629180391\/\" \/>\n<meta property=\"article:modified_time\" content=\"2020-09-25T14:56:03+00:00\" \/>\n<meta name=\"twitter:card\" content=\"summary\" \/>\n<meta name=\"twitter:label1\" content=\"Dur\u00e9e de lecture estim\u00e9e\" \/>\n\t<meta name=\"twitter:data1\" content=\"3 minutes\" \/>\n<script type=\"application\/ld+json\" class=\"yoast-schema-graph\">{\"@context\":\"https:\/\/schema.org\",\"@graph\":[{\"@type\":\"WebSite\",\"@id\":\"https:\/\/lumart.fr\/fr\/#website\",\"url\":\"https:\/\/lumart.fr\/fr\/\",\"name\":\"Lum'art\",\"description\":\"\",\"potentialAction\":[{\"@type\":\"SearchAction\",\"target\":{\"@type\":\"EntryPoint\",\"urlTemplate\":\"https:\/\/lumart.fr\/fr\/?s={search_term_string}\"},\"query-input\":\"required name=search_term_string\"}],\"inLanguage\":\"fr-FR\"},{\"@type\":\"WebPage\",\"@id\":\"https:\/\/lumart.fr\/fr\/mentions-legales\/#webpage\",\"url\":\"https:\/\/lumart.fr\/fr\/mentions-legales\/\",\"name\":\"Mentions l\\u00e9gales - Lum'art\",\"isPartOf\":{\"@id\":\"https:\/\/lumart.fr\/fr\/#website\"},\"datePublished\":\"2017-11-17T11:53:23+00:00\",\"dateModified\":\"2020-09-25T14:56:03+00:00\",\"description\":\"Depuis plus de 50 ans, Lum\\u2019art offre une r\\u00e9ponse \\u00e9l\\u00e9gante et raffin\\u00e9e \\u00e0 la mise en valeur des plus beaux int\\u00e9rieurs et \\u00e0 l\\u2019am\\u00e9nagement les espaces ext\\u00e9rieurs en proposant des luminaires haut de gamme conjuguant avec \\u00e9l\\u00e9gance fonctionnalit\\u00e9, authenticit\\u00e9 et design.\",\"breadcrumb\":{\"@id\":\"https:\/\/lumart.fr\/fr\/mentions-legales\/#breadcrumb\"},\"inLanguage\":\"fr-FR\",\"potentialAction\":[{\"@type\":\"ReadAction\",\"target\":[\"https:\/\/lumart.fr\/fr\/mentions-legales\/\"]}]},{\"@type\":\"BreadcrumbList\",\"@id\":\"https:\/\/lumart.fr\/fr\/mentions-legales\/#breadcrumb\",\"itemListElement\":[{\"@type\":\"ListItem\",\"position\":1,\"name\":\"Home\",\"item\":\"https:\/\/lumart.fr\/fr\/\"},{\"@type\":\"ListItem\",\"position\":2,\"name\":\"Mentions l\\u00e9gales\"}]}]}<\/script>\n<!-- \/ Yoast SEO plugin. -->","yoast_head_json":{"description":"Depuis plus de 50 ans, Lum\u2019art offre une r\u00e9ponse \u00e9l\u00e9gante et raffin\u00e9e \u00e0 la mise en valeur des plus beaux int\u00e9rieurs et \u00e0 l\u2019am\u00e9nagement les espaces ext\u00e9rieurs en proposant des luminaires haut de gamme conjuguant avec \u00e9l\u00e9gance fonctionnalit\u00e9, authenticit\u00e9 et design.","robots":{"index":"index","follow":"follow","max-snippet":"max-snippet:-1","max-image-preview":"max-image-preview:large","max-video-preview":"max-video-preview:-1"},"canonical":"https:\/\/lumart.fr\/fr\/mentions-legales\/","og_locale":"fr_FR","og_type":"article","og_title":"Mentions l\u00e9gales - Lum'art","og_description":"Depuis plus de 50 ans, Lum\u2019art offre une r\u00e9ponse \u00e9l\u00e9gante et raffin\u00e9e \u00e0 la mise en valeur des plus beaux int\u00e9rieurs et \u00e0 l\u2019am\u00e9nagement les espaces ext\u00e9rieurs en proposant des luminaires haut de gamme conjuguant avec \u00e9l\u00e9gance fonctionnalit\u00e9, authenticit\u00e9 et design.","og_url":"https:\/\/lumart.fr\/fr\/mentions-legales\/","og_site_name":"Lum&#039;art","article_publisher":"https:\/\/www.facebook.com\/LumArt-1543826629180391\/","article_modified_time":"2020-09-25T14:56:03+00:00","twitter_card":"summary","twitter_misc":{"Dur\u00e9e de lecture estim\u00e9e":"3 minutes"},"schema":{"@context":"https:\/\/schema.org","@graph":[{"@type":"WebSite","@id":"https:\/\/lumart.fr\/fr\/#website","url":"https:\/\/lumart.fr\/fr\/","name":"Lum'art","description":"","potentialAction":[{"@type":"SearchAction","target":{"@type":"EntryPoint","urlTemplate":"https:\/\/lumart.fr\/fr\/?s={search_term_string}"},"query-input":"required name=search_term_string"}],"inLanguage":"fr-FR"},{"@type":"WebPage","@id":"https:\/\/lumart.fr\/fr\/mentions-legales\/#webpage","url":"https:\/\/lumart.fr\/fr\/mentions-legales\/","name":"Mentions l\u00e9gales - Lum'art","isPartOf":{"@id":"https:\/\/lumart.fr\/fr\/#website"},"datePublished":"2017-11-17T11:53:23+00:00","dateModified":"2020-09-25T14:56:03+00:00","description":"Depuis plus de 50 ans, Lum\u2019art offre une r\u00e9ponse \u00e9l\u00e9gante et raffin\u00e9e \u00e0 la mise en valeur des plus beaux int\u00e9rieurs et \u00e0 l\u2019am\u00e9nagement les espaces ext\u00e9rieurs en proposant des luminaires haut de gamme conjuguant avec \u00e9l\u00e9gance fonctionnalit\u00e9, authenticit\u00e9 et design.","breadcrumb":{"@id":"https:\/\/lumart.fr\/fr\/mentions-legales\/#breadcrumb"},"inLanguage":"fr-FR","potentialAction":[{"@type":"ReadAction","target":["https:\/\/lumart.fr\/fr\/mentions-legales\/"]}]},{"@type":"BreadcrumbList","@id":"https:\/\/lumart.fr\/fr\/mentions-legales\/#breadcrumb","itemListElement":[{"@type":"ListItem","position":1,"name":"Home","item":"https:\/\/lumart.fr\/fr\/"},{"@type":"ListItem","position":2,"name":"Mentions l\u00e9gales"}]}]}},"_links":{"self":[{"href":"https:\/\/lumart.fr\/fr\/wp-json\/wp\/v2\/pages\/23"}],"collection":[{"href":"https:\/\/lumart.fr\/fr\/wp-json\/wp\/v2\/pages"}],"about":[{"href":"https:\/\/lumart.fr\/fr\/wp-json\/wp\/v2\/types\/page"}],"author":[{"embeddable":true,"href":"https:\/\/lumart.fr\/fr\/wp-json\/wp\/v2\/users\/5"}],"replies":[{"embeddable":true,"href":"https:\/\/lumart.fr\/fr\/wp-json\/wp\/v2\/comments?post=23"}],"version-history":[{"count":6,"href":"https:\/\/lumart.fr\/fr\/wp-json\/wp\/v2\/pages\/23\/revisions"}],"predecessor-version":[{"id":11270,"href":"https:\/\/lumart.fr\/fr\/wp-json\/wp\/v2\/pages\/23\/revisions\/11270"}],"wp:attachment":[{"href":"https:\/\/lumart.fr\/fr\/wp-json\/wp\/v2\/media?parent=23"}],"curies":[{"name":"wp","href":"https:\/\/api.w.org\/{rel}","templated":true}]}}