{"id":109,"date":"2017-11-21T13:39:48","date_gmt":"2017-11-21T13:39:48","guid":{"rendered":"https:\/\/lumart.fr\/?page_id=109"},"modified":"2018-01-15T09:47:09","modified_gmt":"2018-01-15T09:47:09","slug":"ma-selection","status":"publish","type":"page","link":"https:\/\/lumart.fr\/fr\/ma-selection\/","title":{"rendered":"Ma S\u00e9lection"},"content":{"rendered":"<div class=\"tinv-wishlist woocommerce\">\r\n  <div class=\"tinv-header\">\r\n  <\/div>\r\n  <p class=\"cart-empty\">\r\n          Votre s\u00e9lection est vide      <\/p>\r\n\r\n  \r\n  <p class=\"return-to-shop\">\r\n    <a class=\"button wc-backward\" href=\"https:\/\/lumart.fr\/fr\/les-collections\/\">Voir les produits<\/a>\r\n  <\/p>\r\n<\/div>\r\n\n","protected":false},"excerpt":{"rendered":"","protected":false},"author":5,"featured_media":0,"parent":0,"menu_order":0,"comment_status":"closed","ping_status":"closed","template":"","meta":[],"acf":[],"yoast_head":"<!-- This site is optimized with the Yoast SEO plugin v17.8 - https:\/\/yoast.com\/wordpress\/plugins\/seo\/ -->\n<meta name=\"description\" content=\"Constitu\u00e9 votre s\u00e9lection de luminaires Lum&#039;art favoris. Lumi\u00e8res d&#039;exception, \u00e9l\u00e9gantes et raffin\u00e9es.\" \/>\n<meta name=\"robots\" content=\"index, follow, max-snippet:-1, max-image-preview:large, max-video-preview:-1\" \/>\n<link rel=\"canonical\" href=\"https:\/\/lumart.fr\/fr\/ma-selection\/\" \/>\n<meta property=\"og:locale\" content=\"fr_FR\" \/>\n<meta property=\"og:type\" content=\"article\" \/>\n<meta property=\"og:title\" content=\"Ma s\u00e9lection - Lum&#039;art\" \/>\n<meta property=\"og:description\" content=\"Constitu\u00e9 votre s\u00e9lection de luminaires Lum&#039;art favoris. Lumi\u00e8res d&#039;exception, \u00e9l\u00e9gantes et raffin\u00e9es.\" \/>\n<meta property=\"og:url\" content=\"https:\/\/lumart.fr\/fr\/ma-selection\/\" \/>\n<meta property=\"og:site_name\" content=\"Lum&#039;art\" \/>\n<meta property=\"article:publisher\" content=\"https:\/\/www.facebook.com\/LumArt-1543826629180391\/\" \/>\n<meta property=\"article:modified_time\" content=\"2018-01-15T09:47:09+00:00\" \/>\n<meta name=\"twitter:card\" content=\"summary\" \/>\n<script type=\"application\/ld+json\" class=\"yoast-schema-graph\">{\"@context\":\"https:\/\/schema.org\",\"@graph\":[{\"@type\":\"WebSite\",\"@id\":\"https:\/\/lumart.fr\/fr\/#website\",\"url\":\"https:\/\/lumart.fr\/fr\/\",\"name\":\"Lum'art\",\"description\":\"\",\"potentialAction\":[{\"@type\":\"SearchAction\",\"target\":{\"@type\":\"EntryPoint\",\"urlTemplate\":\"https:\/\/lumart.fr\/fr\/?s={search_term_string}\"},\"query-input\":\"required name=search_term_string\"}],\"inLanguage\":\"fr-FR\"},{\"@type\":\"WebPage\",\"@id\":\"https:\/\/lumart.fr\/fr\/ma-selection\/#webpage\",\"url\":\"https:\/\/lumart.fr\/fr\/ma-selection\/\",\"name\":\"Ma s\\u00e9lection - Lum'art\",\"isPartOf\":{\"@id\":\"https:\/\/lumart.fr\/fr\/#website\"},\"datePublished\":\"2017-11-21T13:39:48+00:00\",\"dateModified\":\"2018-01-15T09:47:09+00:00\",\"description\":\"Constitu\\u00e9 votre s\\u00e9lection de luminaires Lum'art favoris. Lumi\\u00e8res d'exception, \\u00e9l\\u00e9gantes et raffin\\u00e9es.\",\"breadcrumb\":{\"@id\":\"https:\/\/lumart.fr\/fr\/ma-selection\/#breadcrumb\"},\"inLanguage\":\"fr-FR\",\"potentialAction\":[{\"@type\":\"ReadAction\",\"target\":[\"https:\/\/lumart.fr\/fr\/ma-selection\/\"]}]},{\"@type\":\"BreadcrumbList\",\"@id\":\"https:\/\/lumart.fr\/fr\/ma-selection\/#breadcrumb\",\"itemListElement\":[{\"@type\":\"ListItem\",\"position\":1,\"name\":\"Home\",\"item\":\"https:\/\/lumart.fr\/fr\/\"},{\"@type\":\"ListItem\",\"position\":2,\"name\":\"Ma S\\u00e9lection\"}]}]}<\/script>\n<!-- \/ Yoast SEO plugin. -->","yoast_head_json":{"description":"Constitu\u00e9 votre s\u00e9lection de luminaires Lum'art favoris. Lumi\u00e8res d'exception, \u00e9l\u00e9gantes et raffin\u00e9es.","robots":{"index":"index","follow":"follow","max-snippet":"max-snippet:-1","max-image-preview":"max-image-preview:large","max-video-preview":"max-video-preview:-1"},"canonical":"https:\/\/lumart.fr\/fr\/ma-selection\/","og_locale":"fr_FR","og_type":"article","og_title":"Ma s\u00e9lection - Lum'art","og_description":"Constitu\u00e9 votre s\u00e9lection de luminaires Lum'art favoris. Lumi\u00e8res d'exception, \u00e9l\u00e9gantes et raffin\u00e9es.","og_url":"https:\/\/lumart.fr\/fr\/ma-selection\/","og_site_name":"Lum&#039;art","article_publisher":"https:\/\/www.facebook.com\/LumArt-1543826629180391\/","article_modified_time":"2018-01-15T09:47:09+00:00","twitter_card":"summary","schema":{"@context":"https:\/\/schema.org","@graph":[{"@type":"WebSite","@id":"https:\/\/lumart.fr\/fr\/#website","url":"https:\/\/lumart.fr\/fr\/","name":"Lum'art","description":"","potentialAction":[{"@type":"SearchAction","target":{"@type":"EntryPoint","urlTemplate":"https:\/\/lumart.fr\/fr\/?s={search_term_string}"},"query-input":"required name=search_term_string"}],"inLanguage":"fr-FR"},{"@type":"WebPage","@id":"https:\/\/lumart.fr\/fr\/ma-selection\/#webpage","url":"https:\/\/lumart.fr\/fr\/ma-selection\/","name":"Ma s\u00e9lection - Lum'art","isPartOf":{"@id":"https:\/\/lumart.fr\/fr\/#website"},"datePublished":"2017-11-21T13:39:48+00:00","dateModified":"2018-01-15T09:47:09+00:00","description":"Constitu\u00e9 votre s\u00e9lection de luminaires Lum'art favoris. Lumi\u00e8res d'exception, \u00e9l\u00e9gantes et raffin\u00e9es.","breadcrumb":{"@id":"https:\/\/lumart.fr\/fr\/ma-selection\/#breadcrumb"},"inLanguage":"fr-FR","potentialAction":[{"@type":"ReadAction","target":["https:\/\/lumart.fr\/fr\/ma-selection\/"]}]},{"@type":"BreadcrumbList","@id":"https:\/\/lumart.fr\/fr\/ma-selection\/#breadcrumb","itemListElement":[{"@type":"ListItem","position":1,"name":"Home","item":"https:\/\/lumart.fr\/fr\/"},{"@type":"ListItem","position":2,"name":"Ma S\u00e9lection"}]}]}},"_links":{"self":[{"href":"https:\/\/lumart.fr\/fr\/wp-json\/wp\/v2\/pages\/109"}],"collection":[{"href":"https:\/\/lumart.fr\/fr\/wp-json\/wp\/v2\/pages"}],"about":[{"href":"https:\/\/lumart.fr\/fr\/wp-json\/wp\/v2\/types\/page"}],"author":[{"embeddable":true,"href":"https:\/\/lumart.fr\/fr\/wp-json\/wp\/v2\/users\/5"}],"replies":[{"embeddable":true,"href":"https:\/\/lumart.fr\/fr\/wp-json\/wp\/v2\/comments?post=109"}],"version-history":[{"count":2,"href":"https:\/\/lumart.fr\/fr\/wp-json\/wp\/v2\/pages\/109\/revisions"}],"predecessor-version":[{"id":9097,"href":"https:\/\/lumart.fr\/fr\/wp-json\/wp\/v2\/pages\/109\/revisions\/9097"}],"wp:attachment":[{"href":"https:\/\/lumart.fr\/fr\/wp-json\/wp\/v2\/media?parent=109"}],"curies":[{"name":"wp","href":"https:\/\/api.w.org\/{rel}","templated":true}]}}