{"id":106,"date":"2017-11-21T13:06:25","date_gmt":"2017-11-21T13:06:25","guid":{"rendered":"https:\/\/lumart.fr\/?page_id=106"},"modified":"2019-06-19T15:21:59","modified_gmt":"2019-06-19T15:21:59","slug":"la-maison-lumart","status":"publish","type":"page","link":"https:\/\/lumart.fr\/fr\/la-maison-lumart\/","title":{"rendered":"La Maison Lum&rsquo;art"},"content":{"rendered":"","protected":false},"excerpt":{"rendered":"","protected":false},"author":5,"featured_media":0,"parent":0,"menu_order":0,"comment_status":"closed","ping_status":"closed","template":"page-votre-projet.php","meta":[],"acf":[],"yoast_head":"<!-- This site is optimized with the Yoast SEO plugin v17.8 - https:\/\/yoast.com\/wordpress\/plugins\/seo\/ -->\n<meta name=\"description\" content=\"Depuis plus de 50 ans, la Maison Lum&#039;art offre une r\u00e9ponse \u00e9l\u00e9gante et raffin\u00e9e \u00e0 la mise en valeur des plus beaux int\u00e9rieurs. Un choix complet de plus de 500 luminaires : Lanternes, appliques, lampadaires, suspensions, spots.\" \/>\n<meta name=\"robots\" content=\"index, follow, max-snippet:-1, max-image-preview:large, max-video-preview:-1\" \/>\n<link rel=\"canonical\" href=\"https:\/\/lumart.fr\/fr\/la-maison-lumart\/\" \/>\n<meta property=\"og:locale\" content=\"fr_FR\" \/>\n<meta property=\"og:type\" content=\"article\" \/>\n<meta property=\"og:title\" content=\"La Maison Lum&#039;art - Lumi\u00e8res d&#039;exception - Lum&#039;art\" \/>\n<meta property=\"og:description\" content=\"Depuis plus de 50 ans, la Maison Lum&#039;art offre une r\u00e9ponse \u00e9l\u00e9gante et raffin\u00e9e \u00e0 la mise en valeur des plus beaux int\u00e9rieurs. Un choix complet de plus de 500 luminaires : Lanternes, appliques, lampadaires, suspensions, spots.\" \/>\n<meta property=\"og:url\" content=\"https:\/\/lumart.fr\/fr\/la-maison-lumart\/\" \/>\n<meta property=\"og:site_name\" content=\"Lum&#039;art\" \/>\n<meta property=\"article:publisher\" content=\"https:\/\/www.facebook.com\/LumArt-1543826629180391\/\" \/>\n<meta property=\"article:modified_time\" content=\"2019-06-19T15:21:59+00:00\" \/>\n<meta name=\"twitter:card\" content=\"summary\" \/>\n<script type=\"application\/ld+json\" class=\"yoast-schema-graph\">{\"@context\":\"https:\/\/schema.org\",\"@graph\":[{\"@type\":\"WebSite\",\"@id\":\"https:\/\/lumart.fr\/fr\/#website\",\"url\":\"https:\/\/lumart.fr\/fr\/\",\"name\":\"Lum'art\",\"description\":\"\",\"potentialAction\":[{\"@type\":\"SearchAction\",\"target\":{\"@type\":\"EntryPoint\",\"urlTemplate\":\"https:\/\/lumart.fr\/fr\/?s={search_term_string}\"},\"query-input\":\"required name=search_term_string\"}],\"inLanguage\":\"fr-FR\"},{\"@type\":\"WebPage\",\"@id\":\"https:\/\/lumart.fr\/fr\/la-maison-lumart\/#webpage\",\"url\":\"https:\/\/lumart.fr\/fr\/la-maison-lumart\/\",\"name\":\"La Maison Lum'art - Lumi\\u00e8res d'exception - Lum'art\",\"isPartOf\":{\"@id\":\"https:\/\/lumart.fr\/fr\/#website\"},\"datePublished\":\"2017-11-21T13:06:25+00:00\",\"dateModified\":\"2019-06-19T15:21:59+00:00\",\"description\":\"Depuis plus de 50 ans, la Maison Lum'art offre une r\\u00e9ponse \\u00e9l\\u00e9gante et raffin\\u00e9e \\u00e0 la mise en valeur des plus beaux int\\u00e9rieurs. Un choix complet de plus de 500 luminaires : Lanternes, appliques, lampadaires, suspensions, spots.\",\"breadcrumb\":{\"@id\":\"https:\/\/lumart.fr\/fr\/la-maison-lumart\/#breadcrumb\"},\"inLanguage\":\"fr-FR\",\"potentialAction\":[{\"@type\":\"ReadAction\",\"target\":[\"https:\/\/lumart.fr\/fr\/la-maison-lumart\/\"]}]},{\"@type\":\"BreadcrumbList\",\"@id\":\"https:\/\/lumart.fr\/fr\/la-maison-lumart\/#breadcrumb\",\"itemListElement\":[{\"@type\":\"ListItem\",\"position\":1,\"name\":\"Home\",\"item\":\"https:\/\/lumart.fr\/fr\/\"},{\"@type\":\"ListItem\",\"position\":2,\"name\":\"La Maison Lum&rsquo;art\"}]}]}<\/script>\n<!-- \/ Yoast SEO plugin. -->","yoast_head_json":{"description":"Depuis plus de 50 ans, la Maison Lum'art offre une r\u00e9ponse \u00e9l\u00e9gante et raffin\u00e9e \u00e0 la mise en valeur des plus beaux int\u00e9rieurs. Un choix complet de plus de 500 luminaires : Lanternes, appliques, lampadaires, suspensions, spots.","robots":{"index":"index","follow":"follow","max-snippet":"max-snippet:-1","max-image-preview":"max-image-preview:large","max-video-preview":"max-video-preview:-1"},"canonical":"https:\/\/lumart.fr\/fr\/la-maison-lumart\/","og_locale":"fr_FR","og_type":"article","og_title":"La Maison Lum'art - Lumi\u00e8res d'exception - Lum'art","og_description":"Depuis plus de 50 ans, la Maison Lum'art offre une r\u00e9ponse \u00e9l\u00e9gante et raffin\u00e9e \u00e0 la mise en valeur des plus beaux int\u00e9rieurs. Un choix complet de plus de 500 luminaires : Lanternes, appliques, lampadaires, suspensions, spots.","og_url":"https:\/\/lumart.fr\/fr\/la-maison-lumart\/","og_site_name":"Lum&#039;art","article_publisher":"https:\/\/www.facebook.com\/LumArt-1543826629180391\/","article_modified_time":"2019-06-19T15:21:59+00:00","twitter_card":"summary","schema":{"@context":"https:\/\/schema.org","@graph":[{"@type":"WebSite","@id":"https:\/\/lumart.fr\/fr\/#website","url":"https:\/\/lumart.fr\/fr\/","name":"Lum'art","description":"","potentialAction":[{"@type":"SearchAction","target":{"@type":"EntryPoint","urlTemplate":"https:\/\/lumart.fr\/fr\/?s={search_term_string}"},"query-input":"required name=search_term_string"}],"inLanguage":"fr-FR"},{"@type":"WebPage","@id":"https:\/\/lumart.fr\/fr\/la-maison-lumart\/#webpage","url":"https:\/\/lumart.fr\/fr\/la-maison-lumart\/","name":"La Maison Lum'art - Lumi\u00e8res d'exception - Lum'art","isPartOf":{"@id":"https:\/\/lumart.fr\/fr\/#website"},"datePublished":"2017-11-21T13:06:25+00:00","dateModified":"2019-06-19T15:21:59+00:00","description":"Depuis plus de 50 ans, la Maison Lum'art offre une r\u00e9ponse \u00e9l\u00e9gante et raffin\u00e9e \u00e0 la mise en valeur des plus beaux int\u00e9rieurs. Un choix complet de plus de 500 luminaires : Lanternes, appliques, lampadaires, suspensions, spots.","breadcrumb":{"@id":"https:\/\/lumart.fr\/fr\/la-maison-lumart\/#breadcrumb"},"inLanguage":"fr-FR","potentialAction":[{"@type":"ReadAction","target":["https:\/\/lumart.fr\/fr\/la-maison-lumart\/"]}]},{"@type":"BreadcrumbList","@id":"https:\/\/lumart.fr\/fr\/la-maison-lumart\/#breadcrumb","itemListElement":[{"@type":"ListItem","position":1,"name":"Home","item":"https:\/\/lumart.fr\/fr\/"},{"@type":"ListItem","position":2,"name":"La Maison Lum&rsquo;art"}]}]}},"_links":{"self":[{"href":"https:\/\/lumart.fr\/fr\/wp-json\/wp\/v2\/pages\/106"}],"collection":[{"href":"https:\/\/lumart.fr\/fr\/wp-json\/wp\/v2\/pages"}],"about":[{"href":"https:\/\/lumart.fr\/fr\/wp-json\/wp\/v2\/types\/page"}],"author":[{"embeddable":true,"href":"https:\/\/lumart.fr\/fr\/wp-json\/wp\/v2\/users\/5"}],"replies":[{"embeddable":true,"href":"https:\/\/lumart.fr\/fr\/wp-json\/wp\/v2\/comments?post=106"}],"version-history":[{"count":6,"href":"https:\/\/lumart.fr\/fr\/wp-json\/wp\/v2\/pages\/106\/revisions"}],"predecessor-version":[{"id":10585,"href":"https:\/\/lumart.fr\/fr\/wp-json\/wp\/v2\/pages\/106\/revisions\/10585"}],"wp:attachment":[{"href":"https:\/\/lumart.fr\/fr\/wp-json\/wp\/v2\/media?parent=106"}],"curies":[{"name":"wp","href":"https:\/\/api.w.org\/{rel}","templated":true}]}}