{"id":9018,"date":"2017-12-18T14:32:27","date_gmt":"2017-12-18T14:32:27","guid":{"rendered":"https:\/\/lumart.fr\/les-collections\/uncategorized\/bordeaux-lanterne-geant-1002\/"},"modified":"2023-06-19T15:07:44","modified_gmt":"2023-06-19T13:07:44","slug":"bordeaux-lanterne-geant-1002","status":"publish","type":"product","link":"https:\/\/lumart.fr\/en\/the-collections\/outdoor\/lanterns\/bordeaux-lanterne-geant-1002\/","title":{"rendered":"Bordeaux - Lantern giant"},"content":{"rendered":"<p>Librement inspir\u00e9e des lanternes urbaines du XIX\u00e8me si\u00e8cle, la collection Bordeaux est un grand classique. Parfaitement \u00e9quilibr\u00e9e dans ses proportions, la collection Bordeaux convient \u00e0 l&#8217;embellissement de tr\u00e8s nombreux types d&#8217;architecture et la multiplicit\u00e9 des tailles et accroches disponibles permet de toujours trouver dans cette collection le mod\u00e8le qui convient.<\/p>\n","protected":false},"excerpt":{"rendered":"<p>Librement inspir\u00e9e des lanternes urbaines du XIX\u00e8me si\u00e8cle, la collection Bordeaux est un grand classique. Parfaitement \u00e9quilibr\u00e9e dans ses proportions, la collection Bordeaux convient \u00e0 l&#8217;embellissement de tr\u00e8s nombreux types d&#8217;architecture et la multiplicit\u00e9 des tailles et accroches disponibles permet de toujours trouver dans cette collection le mod\u00e8le qui convient.<\/p>\n","protected":false},"featured_media":2811,"template":"","meta":[],"product_cat":[258],"product_tag":[],"acf":[],"yoast_head":"<!-- This site is optimized with the Yoast SEO plugin v17.8 - https:\/\/yoast.com\/wordpress\/plugins\/seo\/ -->\n<meta name=\"robots\" content=\"index, follow, max-snippet:-1, max-image-preview:large, max-video-preview:-1\" \/>\n<link rel=\"canonical\" href=\"https:\/\/lumart.fr\/en\/the-collections\/outdoor\/lanterns\/bordeaux-lanterne-geant-1002\/\" \/>\n<meta property=\"og:locale\" content=\"en_US\" \/>\n<meta property=\"og:type\" content=\"article\" \/>\n<meta property=\"og:title\" content=\"Bordeaux Lanterne G\u00e9ant (1002) - Lum&#039;Art\" \/>\n<meta property=\"og:description\" content=\"Librement inspir\u00e9e des lanternes urbaines du XIX\u00e8me si\u00e8cle, la collection Bordeaux est un grand classique. Parfaitement \u00e9quilibr\u00e9e dans ses proportions, la collection Bordeaux convient \u00e0 l&#8217;embellissement de tr\u00e8s nombreux types d&#8217;architecture et la multiplicit\u00e9 des tailles et accroches disponibles permet de toujours trouver dans cette collection le mod\u00e8le qui convient.\" \/>\n<meta property=\"og:url\" content=\"https:\/\/lumart.fr\/en\/the-collections\/outdoor\/lanterns\/bordeaux-lanterne-geant-1002\/\" \/>\n<meta property=\"og:site_name\" content=\"Lum&#039;Art\" \/>\n<meta property=\"article:publisher\" content=\"https:\/\/www.facebook.com\/LumArt-1543826629180391\/\" \/>\n<meta property=\"article:modified_time\" content=\"2023-06-19T13:07:44+00:00\" \/>\n<meta property=\"og:image\" content=\"https:\/\/lumart.fr\/wp-content\/uploads\/2017\/12\/1002-Lanterne-Bordeaux-Geant-VL-Lumart-BD-3.jpg\" \/>\n\t<meta property=\"og:image:width\" content=\"2551\" \/>\n\t<meta property=\"og:image:height\" content=\"1701\" \/>\n<meta name=\"twitter:card\" content=\"summary\" \/>\n<script type=\"application\/ld+json\" class=\"yoast-schema-graph\">{\"@context\":\"https:\/\/schema.org\",\"@graph\":[{\"@type\":\"WebSite\",\"@id\":\"https:\/\/lumart.fr\/fr\/#website\",\"url\":\"https:\/\/lumart.fr\/fr\/\",\"name\":\"Lum'art\",\"description\":\"\",\"potentialAction\":[{\"@type\":\"SearchAction\",\"target\":{\"@type\":\"EntryPoint\",\"urlTemplate\":\"https:\/\/lumart.fr\/fr\/?s={search_term_string}\"},\"query-input\":\"required name=search_term_string\"}],\"inLanguage\":\"en-US\"},{\"@type\":\"ImageObject\",\"@id\":\"https:\/\/lumart.fr\/en\/the-collections\/outdoor\/lanterns\/bordeaux-lanterne-geant-1002\/#primaryimage\",\"inLanguage\":\"en-US\",\"url\":\"\/wp-content\/uploads\/2017\/12\/1002-Lanterne-Bordeaux-Geant-VL-Lumart-BD-3.jpg\",\"contentUrl\":\"\/wp-content\/uploads\/2017\/12\/1002-Lanterne-Bordeaux-Geant-VL-Lumart-BD-3.jpg\",\"width\":2551,\"height\":1701,\"caption\":\"Bordeaux lantern, Giant size, antique brass\"},{\"@type\":\"WebPage\",\"@id\":\"https:\/\/lumart.fr\/en\/the-collections\/outdoor\/lanterns\/bordeaux-lanterne-geant-1002\/#webpage\",\"url\":\"https:\/\/lumart.fr\/en\/the-collections\/outdoor\/lanterns\/bordeaux-lanterne-geant-1002\/\",\"name\":\"Bordeaux Lanterne G\\u00e9ant (1002) - Lum&#039;Art\",\"isPartOf\":{\"@id\":\"https:\/\/lumart.fr\/fr\/#website\"},\"primaryImageOfPage\":{\"@id\":\"https:\/\/lumart.fr\/en\/the-collections\/outdoor\/lanterns\/bordeaux-lanterne-geant-1002\/#primaryimage\"},\"datePublished\":\"2017-12-18T14:32:27+00:00\",\"dateModified\":\"2023-06-19T13:07:44+00:00\",\"breadcrumb\":{\"@id\":\"https:\/\/lumart.fr\/en\/the-collections\/outdoor\/lanterns\/bordeaux-lanterne-geant-1002\/#breadcrumb\"},\"inLanguage\":\"en-US\",\"potentialAction\":[{\"@type\":\"ReadAction\",\"target\":[\"https:\/\/lumart.fr\/en\/the-collections\/outdoor\/lanterns\/bordeaux-lanterne-geant-1002\/\"]}]},{\"@type\":\"BreadcrumbList\",\"@id\":\"https:\/\/lumart.fr\/en\/the-collections\/outdoor\/lanterns\/bordeaux-lanterne-geant-1002\/#breadcrumb\",\"itemListElement\":[{\"@type\":\"ListItem\",\"position\":1,\"name\":\"Home\",\"item\":\"https:\/\/lumart.fr\/en\/\"},{\"@type\":\"ListItem\",\"position\":2,\"name\":\"The Collections\",\"item\":\"https:\/\/lumart.fr\/en\/the-collections\/\"},{\"@type\":\"ListItem\",\"position\":3,\"name\":\"Bordeaux - Lantern giant\"}]}]}<\/script>\n<!-- \/ Yoast SEO plugin. -->","yoast_head_json":{"robots":{"index":"index","follow":"follow","max-snippet":"max-snippet:-1","max-image-preview":"max-image-preview:large","max-video-preview":"max-video-preview:-1"},"canonical":"https:\/\/lumart.fr\/en\/the-collections\/outdoor\/lanterns\/bordeaux-lanterne-geant-1002\/","og_locale":"en_US","og_type":"article","og_title":"Bordeaux Lanterne G\u00e9ant (1002) - Lum&#039;Art","og_description":"Librement inspir\u00e9e des lanternes urbaines du XIX\u00e8me si\u00e8cle, la collection Bordeaux est un grand classique. Parfaitement \u00e9quilibr\u00e9e dans ses proportions, la collection Bordeaux convient \u00e0 l&#8217;embellissement de tr\u00e8s nombreux types d&#8217;architecture et la multiplicit\u00e9 des tailles et accroches disponibles permet de toujours trouver dans cette collection le mod\u00e8le qui convient.","og_url":"https:\/\/lumart.fr\/en\/the-collections\/outdoor\/lanterns\/bordeaux-lanterne-geant-1002\/","og_site_name":"Lum&#039;Art","article_publisher":"https:\/\/www.facebook.com\/LumArt-1543826629180391\/","article_modified_time":"2023-06-19T13:07:44+00:00","og_image":[{"width":2551,"height":1701,"url":"https:\/\/lumart.fr\/wp-content\/uploads\/2017\/12\/1002-Lanterne-Bordeaux-Geant-VL-Lumart-BD-3.jpg","type":"image\/jpeg"}],"twitter_card":"summary","schema":{"@context":"https:\/\/schema.org","@graph":[{"@type":"WebSite","@id":"https:\/\/lumart.fr\/fr\/#website","url":"https:\/\/lumart.fr\/fr\/","name":"Lum'art","description":"","potentialAction":[{"@type":"SearchAction","target":{"@type":"EntryPoint","urlTemplate":"https:\/\/lumart.fr\/fr\/?s={search_term_string}"},"query-input":"required name=search_term_string"}],"inLanguage":"en-US"},{"@type":"ImageObject","@id":"https:\/\/lumart.fr\/en\/the-collections\/outdoor\/lanterns\/bordeaux-lanterne-geant-1002\/#primaryimage","inLanguage":"en-US","url":"\/wp-content\/uploads\/2017\/12\/1002-Lanterne-Bordeaux-Geant-VL-Lumart-BD-3.jpg","contentUrl":"\/wp-content\/uploads\/2017\/12\/1002-Lanterne-Bordeaux-Geant-VL-Lumart-BD-3.jpg","width":2551,"height":1701,"caption":"Bordeaux lantern, Giant size, antique brass"},{"@type":"WebPage","@id":"https:\/\/lumart.fr\/en\/the-collections\/outdoor\/lanterns\/bordeaux-lanterne-geant-1002\/#webpage","url":"https:\/\/lumart.fr\/en\/the-collections\/outdoor\/lanterns\/bordeaux-lanterne-geant-1002\/","name":"Bordeaux Lanterne G\u00e9ant (1002) - Lum&#039;Art","isPartOf":{"@id":"https:\/\/lumart.fr\/fr\/#website"},"primaryImageOfPage":{"@id":"https:\/\/lumart.fr\/en\/the-collections\/outdoor\/lanterns\/bordeaux-lanterne-geant-1002\/#primaryimage"},"datePublished":"2017-12-18T14:32:27+00:00","dateModified":"2023-06-19T13:07:44+00:00","breadcrumb":{"@id":"https:\/\/lumart.fr\/en\/the-collections\/outdoor\/lanterns\/bordeaux-lanterne-geant-1002\/#breadcrumb"},"inLanguage":"en-US","potentialAction":[{"@type":"ReadAction","target":["https:\/\/lumart.fr\/en\/the-collections\/outdoor\/lanterns\/bordeaux-lanterne-geant-1002\/"]}]},{"@type":"BreadcrumbList","@id":"https:\/\/lumart.fr\/en\/the-collections\/outdoor\/lanterns\/bordeaux-lanterne-geant-1002\/#breadcrumb","itemListElement":[{"@type":"ListItem","position":1,"name":"Home","item":"https:\/\/lumart.fr\/en\/"},{"@type":"ListItem","position":2,"name":"The Collections","item":"https:\/\/lumart.fr\/en\/the-collections\/"},{"@type":"ListItem","position":3,"name":"Bordeaux - Lantern giant"}]}]}},"_links":{"self":[{"href":"https:\/\/lumart.fr\/en\/wp-json\/wp\/v2\/product\/9018"}],"collection":[{"href":"https:\/\/lumart.fr\/en\/wp-json\/wp\/v2\/product"}],"about":[{"href":"https:\/\/lumart.fr\/en\/wp-json\/wp\/v2\/types\/product"}],"wp:featuredmedia":[{"embeddable":true,"href":"https:\/\/lumart.fr\/en\/wp-json\/wp\/v2\/media\/2811"}],"wp:attachment":[{"href":"https:\/\/lumart.fr\/en\/wp-json\/wp\/v2\/media?parent=9018"}],"wp:term":[{"taxonomy":"product_cat","embeddable":true,"href":"https:\/\/lumart.fr\/en\/wp-json\/wp\/v2\/product_cat?post=9018"},{"taxonomy":"product_tag","embeddable":true,"href":"https:\/\/lumart.fr\/en\/wp-json\/wp\/v2\/product_tag?post=9018"}],"curies":[{"name":"wp","href":"https:\/\/api.w.org\/{rel}","templated":true}]}}