{"id":9005,"date":"2017-12-18T14:32:36","date_gmt":"2017-12-18T14:32:36","guid":{"rendered":"https:\/\/lumart.fr\/les-collections\/uncategorized\/brotteaux-applique-pm-2160\/"},"modified":"2023-06-20T14:31:40","modified_gmt":"2023-06-20T12:31:40","slug":"brotteaux-applique-pm-2160","status":"publish","type":"product","link":"https:\/\/lumart.fr\/en\/the-collections\/outdoor\/wall-lanterns\/brotteaux-applique-pm-2160\/","title":{"rendered":"Brotteaux - Wall lantern S"},"content":{"rendered":"<p>Brotteaux ou la &#8220;box&#8221; contemporaine d\u00e9clin\u00e9e dans un grand nombre de formats pour animer les grands murs mais \u00e9galement le plus petits espaces. Le r\u00e9flecteur dans le fond de la lanterne permet une r\u00e9flexion de la lumi\u00e8re.<\/p>\n","protected":false},"excerpt":{"rendered":"<p>Brotteaux ou la &#8220;box&#8221; contemporaine d\u00e9clin\u00e9e dans un grand nombre de formats pour animer les grands murs mais \u00e9galement le plus petits espaces. Le r\u00e9flecteur dans le fond de la lanterne permet une r\u00e9flexion de la lumi\u00e8re.<\/p>\n","protected":false},"featured_media":3115,"template":"","meta":[],"product_cat":[253],"product_tag":[],"acf":[],"yoast_head":"<!-- This site is optimized with the Yoast SEO plugin v17.8 - https:\/\/yoast.com\/wordpress\/plugins\/seo\/ -->\n<meta name=\"robots\" content=\"index, follow, max-snippet:-1, max-image-preview:large, max-video-preview:-1\" \/>\n<link rel=\"canonical\" href=\"https:\/\/lumart.fr\/en\/the-collections\/outdoor\/wall-lanterns\/brotteaux-applique-pm-2160\/\" \/>\n<meta property=\"og:locale\" content=\"en_US\" \/>\n<meta property=\"og:type\" content=\"article\" \/>\n<meta property=\"og:title\" content=\"Brotteaux Applique PM (2160) - Lum&#039;Art\" \/>\n<meta property=\"og:description\" content=\"Brotteaux ou la &#8220;box&#8221; contemporaine d\u00e9clin\u00e9e dans un grand nombre de formats pour animer les grands murs mais \u00e9galement le plus petits espaces. Le r\u00e9flecteur dans le fond de la lanterne permet une r\u00e9flexion de la lumi\u00e8re.\" \/>\n<meta property=\"og:url\" content=\"https:\/\/lumart.fr\/en\/the-collections\/outdoor\/wall-lanterns\/brotteaux-applique-pm-2160\/\" \/>\n<meta property=\"og:site_name\" content=\"Lum&#039;Art\" \/>\n<meta property=\"article:publisher\" content=\"https:\/\/www.facebook.com\/LumArt-1543826629180391\/\" \/>\n<meta property=\"article:modified_time\" content=\"2023-06-20T12:31:40+00:00\" \/>\n<meta property=\"og:image\" content=\"https:\/\/lumart.fr\/wp-content\/uploads\/2017\/12\/2160-Applique-Brotteaux-PM-ZB-Lumart-BD-4.jpg\" \/>\n\t<meta property=\"og:image:width\" content=\"2551\" \/>\n\t<meta property=\"og:image:height\" content=\"1701\" \/>\n<meta name=\"twitter:card\" content=\"summary\" \/>\n<script type=\"application\/ld+json\" class=\"yoast-schema-graph\">{\"@context\":\"https:\/\/schema.org\",\"@graph\":[{\"@type\":\"WebSite\",\"@id\":\"https:\/\/lumart.fr\/fr\/#website\",\"url\":\"https:\/\/lumart.fr\/fr\/\",\"name\":\"Lum'art\",\"description\":\"\",\"potentialAction\":[{\"@type\":\"SearchAction\",\"target\":{\"@type\":\"EntryPoint\",\"urlTemplate\":\"https:\/\/lumart.fr\/fr\/?s={search_term_string}\"},\"query-input\":\"required name=search_term_string\"}],\"inLanguage\":\"en-US\"},{\"@type\":\"ImageObject\",\"@id\":\"https:\/\/lumart.fr\/en\/the-collections\/outdoor\/wall-lanterns\/brotteaux-applique-pm-2160\/#primaryimage\",\"inLanguage\":\"en-US\",\"url\":\"\/wp-content\/uploads\/2017\/12\/2160-Applique-Brotteaux-PM-ZB-Lumart-BD-4.jpg\",\"contentUrl\":\"\/wp-content\/uploads\/2017\/12\/2160-Applique-Brotteaux-PM-ZB-Lumart-BD-4.jpg\",\"width\":2551,\"height\":1701,\"caption\":\"Brotteaux wall lantern, S size, brushed zinc\"},{\"@type\":\"WebPage\",\"@id\":\"https:\/\/lumart.fr\/en\/the-collections\/outdoor\/wall-lanterns\/brotteaux-applique-pm-2160\/#webpage\",\"url\":\"https:\/\/lumart.fr\/en\/the-collections\/outdoor\/wall-lanterns\/brotteaux-applique-pm-2160\/\",\"name\":\"Brotteaux Applique PM (2160) - Lum&#039;Art\",\"isPartOf\":{\"@id\":\"https:\/\/lumart.fr\/fr\/#website\"},\"primaryImageOfPage\":{\"@id\":\"https:\/\/lumart.fr\/en\/the-collections\/outdoor\/wall-lanterns\/brotteaux-applique-pm-2160\/#primaryimage\"},\"datePublished\":\"2017-12-18T14:32:36+00:00\",\"dateModified\":\"2023-06-20T12:31:40+00:00\",\"breadcrumb\":{\"@id\":\"https:\/\/lumart.fr\/en\/the-collections\/outdoor\/wall-lanterns\/brotteaux-applique-pm-2160\/#breadcrumb\"},\"inLanguage\":\"en-US\",\"potentialAction\":[{\"@type\":\"ReadAction\",\"target\":[\"https:\/\/lumart.fr\/en\/the-collections\/outdoor\/wall-lanterns\/brotteaux-applique-pm-2160\/\"]}]},{\"@type\":\"BreadcrumbList\",\"@id\":\"https:\/\/lumart.fr\/en\/the-collections\/outdoor\/wall-lanterns\/brotteaux-applique-pm-2160\/#breadcrumb\",\"itemListElement\":[{\"@type\":\"ListItem\",\"position\":1,\"name\":\"Home\",\"item\":\"https:\/\/lumart.fr\/en\/\"},{\"@type\":\"ListItem\",\"position\":2,\"name\":\"The Collections\",\"item\":\"https:\/\/lumart.fr\/en\/the-collections\/\"},{\"@type\":\"ListItem\",\"position\":3,\"name\":\"Brotteaux - Wall lantern S\"}]}]}<\/script>\n<!-- \/ Yoast SEO plugin. -->","yoast_head_json":{"robots":{"index":"index","follow":"follow","max-snippet":"max-snippet:-1","max-image-preview":"max-image-preview:large","max-video-preview":"max-video-preview:-1"},"canonical":"https:\/\/lumart.fr\/en\/the-collections\/outdoor\/wall-lanterns\/brotteaux-applique-pm-2160\/","og_locale":"en_US","og_type":"article","og_title":"Brotteaux Applique PM (2160) - Lum&#039;Art","og_description":"Brotteaux ou la &#8220;box&#8221; contemporaine d\u00e9clin\u00e9e dans un grand nombre de formats pour animer les grands murs mais \u00e9galement le plus petits espaces. Le r\u00e9flecteur dans le fond de la lanterne permet une r\u00e9flexion de la lumi\u00e8re.","og_url":"https:\/\/lumart.fr\/en\/the-collections\/outdoor\/wall-lanterns\/brotteaux-applique-pm-2160\/","og_site_name":"Lum&#039;Art","article_publisher":"https:\/\/www.facebook.com\/LumArt-1543826629180391\/","article_modified_time":"2023-06-20T12:31:40+00:00","og_image":[{"width":2551,"height":1701,"url":"https:\/\/lumart.fr\/wp-content\/uploads\/2017\/12\/2160-Applique-Brotteaux-PM-ZB-Lumart-BD-4.jpg","type":"image\/jpeg"}],"twitter_card":"summary","schema":{"@context":"https:\/\/schema.org","@graph":[{"@type":"WebSite","@id":"https:\/\/lumart.fr\/fr\/#website","url":"https:\/\/lumart.fr\/fr\/","name":"Lum'art","description":"","potentialAction":[{"@type":"SearchAction","target":{"@type":"EntryPoint","urlTemplate":"https:\/\/lumart.fr\/fr\/?s={search_term_string}"},"query-input":"required name=search_term_string"}],"inLanguage":"en-US"},{"@type":"ImageObject","@id":"https:\/\/lumart.fr\/en\/the-collections\/outdoor\/wall-lanterns\/brotteaux-applique-pm-2160\/#primaryimage","inLanguage":"en-US","url":"\/wp-content\/uploads\/2017\/12\/2160-Applique-Brotteaux-PM-ZB-Lumart-BD-4.jpg","contentUrl":"\/wp-content\/uploads\/2017\/12\/2160-Applique-Brotteaux-PM-ZB-Lumart-BD-4.jpg","width":2551,"height":1701,"caption":"Brotteaux wall lantern, S size, brushed zinc"},{"@type":"WebPage","@id":"https:\/\/lumart.fr\/en\/the-collections\/outdoor\/wall-lanterns\/brotteaux-applique-pm-2160\/#webpage","url":"https:\/\/lumart.fr\/en\/the-collections\/outdoor\/wall-lanterns\/brotteaux-applique-pm-2160\/","name":"Brotteaux Applique PM (2160) - Lum&#039;Art","isPartOf":{"@id":"https:\/\/lumart.fr\/fr\/#website"},"primaryImageOfPage":{"@id":"https:\/\/lumart.fr\/en\/the-collections\/outdoor\/wall-lanterns\/brotteaux-applique-pm-2160\/#primaryimage"},"datePublished":"2017-12-18T14:32:36+00:00","dateModified":"2023-06-20T12:31:40+00:00","breadcrumb":{"@id":"https:\/\/lumart.fr\/en\/the-collections\/outdoor\/wall-lanterns\/brotteaux-applique-pm-2160\/#breadcrumb"},"inLanguage":"en-US","potentialAction":[{"@type":"ReadAction","target":["https:\/\/lumart.fr\/en\/the-collections\/outdoor\/wall-lanterns\/brotteaux-applique-pm-2160\/"]}]},{"@type":"BreadcrumbList","@id":"https:\/\/lumart.fr\/en\/the-collections\/outdoor\/wall-lanterns\/brotteaux-applique-pm-2160\/#breadcrumb","itemListElement":[{"@type":"ListItem","position":1,"name":"Home","item":"https:\/\/lumart.fr\/en\/"},{"@type":"ListItem","position":2,"name":"The Collections","item":"https:\/\/lumart.fr\/en\/the-collections\/"},{"@type":"ListItem","position":3,"name":"Brotteaux - Wall lantern S"}]}]}},"_links":{"self":[{"href":"https:\/\/lumart.fr\/en\/wp-json\/wp\/v2\/product\/9005"}],"collection":[{"href":"https:\/\/lumart.fr\/en\/wp-json\/wp\/v2\/product"}],"about":[{"href":"https:\/\/lumart.fr\/en\/wp-json\/wp\/v2\/types\/product"}],"wp:featuredmedia":[{"embeddable":true,"href":"https:\/\/lumart.fr\/en\/wp-json\/wp\/v2\/media\/3115"}],"wp:attachment":[{"href":"https:\/\/lumart.fr\/en\/wp-json\/wp\/v2\/media?parent=9005"}],"wp:term":[{"taxonomy":"product_cat","embeddable":true,"href":"https:\/\/lumart.fr\/en\/wp-json\/wp\/v2\/product_cat?post=9005"},{"taxonomy":"product_tag","embeddable":true,"href":"https:\/\/lumart.fr\/en\/wp-json\/wp\/v2\/product_tag?post=9005"}],"curies":[{"name":"wp","href":"https:\/\/api.w.org\/{rel}","templated":true}]}}