{"id":8959,"date":"2017-12-18T14:33:04","date_gmt":"2017-12-18T14:33:04","guid":{"rendered":"https:\/\/lumart.fr\/les-collections\/uncategorized\/cluny-applique-tgm-207\/"},"modified":"2023-06-21T14:16:03","modified_gmt":"2023-06-21T12:16:03","slug":"cluny-applique-tgm-207","status":"publish","type":"product","link":"https:\/\/lumart.fr\/en\/the-collections\/outdoor\/wall-lanterns\/cluny-applique-tgm-207\/","title":{"rendered":"Cluny - Wall lantern XL"},"content":{"rendered":"<p>Inspir\u00e9e des lanternes du XIX\u00e8me si\u00e8cle fran\u00e7ais, la collection Cluny allie \u00e9l\u00e9gance \u00e0 la fran\u00e7aise, simplicit\u00e9 des lignes et authenticit\u00e9. La d\u00e9licate frise \u00e0 la naissance du toit fait subtilement \u00e9cho aux boules en laiton qui signe cette collection.<\/p>\n","protected":false},"excerpt":{"rendered":"<p>Inspir\u00e9e des lanternes du XIX\u00e8me si\u00e8cle fran\u00e7ais, la collection Cluny allie \u00e9l\u00e9gance \u00e0 la fran\u00e7aise, simplicit\u00e9 des lignes et authenticit\u00e9. La d\u00e9licate frise \u00e0 la naissance du toit fait subtilement \u00e9cho aux boules en laiton qui signe cette collection.<\/p>\n","protected":false},"featured_media":12674,"template":"","meta":[],"product_cat":[253],"product_tag":[],"acf":[],"yoast_head":"<!-- This site is optimized with the Yoast SEO plugin v17.8 - https:\/\/yoast.com\/wordpress\/plugins\/seo\/ -->\n<meta name=\"robots\" content=\"index, follow, max-snippet:-1, max-image-preview:large, max-video-preview:-1\" \/>\n<link rel=\"canonical\" href=\"https:\/\/lumart.fr\/en\/the-collections\/outdoor\/wall-lanterns\/cluny-applique-tgm-207\/\" \/>\n<meta property=\"og:locale\" content=\"en_US\" \/>\n<meta property=\"og:type\" content=\"article\" \/>\n<meta property=\"og:title\" content=\"Cluny Applique TGM (207) - Lum&#039;Art\" \/>\n<meta property=\"og:description\" content=\"Inspir\u00e9e des lanternes du XIX\u00e8me si\u00e8cle fran\u00e7ais, la collection Cluny allie \u00e9l\u00e9gance \u00e0 la fran\u00e7aise, simplicit\u00e9 des lignes et authenticit\u00e9. La d\u00e9licate frise \u00e0 la naissance du toit fait subtilement \u00e9cho aux boules en laiton qui signe cette collection.\" \/>\n<meta property=\"og:url\" content=\"https:\/\/lumart.fr\/en\/the-collections\/outdoor\/wall-lanterns\/cluny-applique-tgm-207\/\" \/>\n<meta property=\"og:site_name\" content=\"Lum&#039;Art\" \/>\n<meta property=\"article:publisher\" content=\"https:\/\/www.facebook.com\/LumArt-1543826629180391\/\" \/>\n<meta property=\"article:modified_time\" content=\"2023-06-21T12:16:03+00:00\" \/>\n<meta property=\"og:image\" content=\"https:\/\/lumart.fr\/wp-content\/uploads\/2017\/12\/207-Applique-Cluny-TGM-VL-Lumart-BD-3.jpg\" \/>\n\t<meta property=\"og:image:width\" content=\"2551\" \/>\n\t<meta property=\"og:image:height\" content=\"1701\" \/>\n<meta name=\"twitter:card\" content=\"summary\" \/>\n<script type=\"application\/ld+json\" class=\"yoast-schema-graph\">{\"@context\":\"https:\/\/schema.org\",\"@graph\":[{\"@type\":\"WebSite\",\"@id\":\"https:\/\/lumart.fr\/fr\/#website\",\"url\":\"https:\/\/lumart.fr\/fr\/\",\"name\":\"Lum'art\",\"description\":\"\",\"potentialAction\":[{\"@type\":\"SearchAction\",\"target\":{\"@type\":\"EntryPoint\",\"urlTemplate\":\"https:\/\/lumart.fr\/fr\/?s={search_term_string}\"},\"query-input\":\"required name=search_term_string\"}],\"inLanguage\":\"en-US\"},{\"@type\":\"ImageObject\",\"@id\":\"https:\/\/lumart.fr\/en\/the-collections\/outdoor\/wall-lanterns\/cluny-applique-tgm-207\/#primaryimage\",\"inLanguage\":\"en-US\",\"url\":\"\/wp-content\/uploads\/2017\/12\/207-Applique-Cluny-TGM-VL-Lumart-BD-3.jpg\",\"contentUrl\":\"\/wp-content\/uploads\/2017\/12\/207-Applique-Cluny-TGM-VL-Lumart-BD-3.jpg\",\"width\":2551,\"height\":1701,\"caption\":\"Applique Cluny TGM - Finition vieux laiton\"},{\"@type\":\"WebPage\",\"@id\":\"https:\/\/lumart.fr\/en\/the-collections\/outdoor\/wall-lanterns\/cluny-applique-tgm-207\/#webpage\",\"url\":\"https:\/\/lumart.fr\/en\/the-collections\/outdoor\/wall-lanterns\/cluny-applique-tgm-207\/\",\"name\":\"Cluny Applique TGM (207) - Lum&#039;Art\",\"isPartOf\":{\"@id\":\"https:\/\/lumart.fr\/fr\/#website\"},\"primaryImageOfPage\":{\"@id\":\"https:\/\/lumart.fr\/en\/the-collections\/outdoor\/wall-lanterns\/cluny-applique-tgm-207\/#primaryimage\"},\"datePublished\":\"2017-12-18T14:33:04+00:00\",\"dateModified\":\"2023-06-21T12:16:03+00:00\",\"breadcrumb\":{\"@id\":\"https:\/\/lumart.fr\/en\/the-collections\/outdoor\/wall-lanterns\/cluny-applique-tgm-207\/#breadcrumb\"},\"inLanguage\":\"en-US\",\"potentialAction\":[{\"@type\":\"ReadAction\",\"target\":[\"https:\/\/lumart.fr\/en\/the-collections\/outdoor\/wall-lanterns\/cluny-applique-tgm-207\/\"]}]},{\"@type\":\"BreadcrumbList\",\"@id\":\"https:\/\/lumart.fr\/en\/the-collections\/outdoor\/wall-lanterns\/cluny-applique-tgm-207\/#breadcrumb\",\"itemListElement\":[{\"@type\":\"ListItem\",\"position\":1,\"name\":\"Home\",\"item\":\"https:\/\/lumart.fr\/en\/\"},{\"@type\":\"ListItem\",\"position\":2,\"name\":\"The Collections\",\"item\":\"https:\/\/lumart.fr\/en\/the-collections\/\"},{\"@type\":\"ListItem\",\"position\":3,\"name\":\"Cluny - Wall lantern XL\"}]}]}<\/script>\n<!-- \/ Yoast SEO plugin. -->","yoast_head_json":{"robots":{"index":"index","follow":"follow","max-snippet":"max-snippet:-1","max-image-preview":"max-image-preview:large","max-video-preview":"max-video-preview:-1"},"canonical":"https:\/\/lumart.fr\/en\/the-collections\/outdoor\/wall-lanterns\/cluny-applique-tgm-207\/","og_locale":"en_US","og_type":"article","og_title":"Cluny Applique TGM (207) - Lum&#039;Art","og_description":"Inspir\u00e9e des lanternes du XIX\u00e8me si\u00e8cle fran\u00e7ais, la collection Cluny allie \u00e9l\u00e9gance \u00e0 la fran\u00e7aise, simplicit\u00e9 des lignes et authenticit\u00e9. La d\u00e9licate frise \u00e0 la naissance du toit fait subtilement \u00e9cho aux boules en laiton qui signe cette collection.","og_url":"https:\/\/lumart.fr\/en\/the-collections\/outdoor\/wall-lanterns\/cluny-applique-tgm-207\/","og_site_name":"Lum&#039;Art","article_publisher":"https:\/\/www.facebook.com\/LumArt-1543826629180391\/","article_modified_time":"2023-06-21T12:16:03+00:00","og_image":[{"width":2551,"height":1701,"url":"https:\/\/lumart.fr\/wp-content\/uploads\/2017\/12\/207-Applique-Cluny-TGM-VL-Lumart-BD-3.jpg","type":"image\/jpeg"}],"twitter_card":"summary","schema":{"@context":"https:\/\/schema.org","@graph":[{"@type":"WebSite","@id":"https:\/\/lumart.fr\/fr\/#website","url":"https:\/\/lumart.fr\/fr\/","name":"Lum'art","description":"","potentialAction":[{"@type":"SearchAction","target":{"@type":"EntryPoint","urlTemplate":"https:\/\/lumart.fr\/fr\/?s={search_term_string}"},"query-input":"required name=search_term_string"}],"inLanguage":"en-US"},{"@type":"ImageObject","@id":"https:\/\/lumart.fr\/en\/the-collections\/outdoor\/wall-lanterns\/cluny-applique-tgm-207\/#primaryimage","inLanguage":"en-US","url":"\/wp-content\/uploads\/2017\/12\/207-Applique-Cluny-TGM-VL-Lumart-BD-3.jpg","contentUrl":"\/wp-content\/uploads\/2017\/12\/207-Applique-Cluny-TGM-VL-Lumart-BD-3.jpg","width":2551,"height":1701,"caption":"Applique Cluny TGM - Finition vieux laiton"},{"@type":"WebPage","@id":"https:\/\/lumart.fr\/en\/the-collections\/outdoor\/wall-lanterns\/cluny-applique-tgm-207\/#webpage","url":"https:\/\/lumart.fr\/en\/the-collections\/outdoor\/wall-lanterns\/cluny-applique-tgm-207\/","name":"Cluny Applique TGM (207) - Lum&#039;Art","isPartOf":{"@id":"https:\/\/lumart.fr\/fr\/#website"},"primaryImageOfPage":{"@id":"https:\/\/lumart.fr\/en\/the-collections\/outdoor\/wall-lanterns\/cluny-applique-tgm-207\/#primaryimage"},"datePublished":"2017-12-18T14:33:04+00:00","dateModified":"2023-06-21T12:16:03+00:00","breadcrumb":{"@id":"https:\/\/lumart.fr\/en\/the-collections\/outdoor\/wall-lanterns\/cluny-applique-tgm-207\/#breadcrumb"},"inLanguage":"en-US","potentialAction":[{"@type":"ReadAction","target":["https:\/\/lumart.fr\/en\/the-collections\/outdoor\/wall-lanterns\/cluny-applique-tgm-207\/"]}]},{"@type":"BreadcrumbList","@id":"https:\/\/lumart.fr\/en\/the-collections\/outdoor\/wall-lanterns\/cluny-applique-tgm-207\/#breadcrumb","itemListElement":[{"@type":"ListItem","position":1,"name":"Home","item":"https:\/\/lumart.fr\/en\/"},{"@type":"ListItem","position":2,"name":"The Collections","item":"https:\/\/lumart.fr\/en\/the-collections\/"},{"@type":"ListItem","position":3,"name":"Cluny - Wall lantern XL"}]}]}},"_links":{"self":[{"href":"https:\/\/lumart.fr\/en\/wp-json\/wp\/v2\/product\/8959"}],"collection":[{"href":"https:\/\/lumart.fr\/en\/wp-json\/wp\/v2\/product"}],"about":[{"href":"https:\/\/lumart.fr\/en\/wp-json\/wp\/v2\/types\/product"}],"wp:featuredmedia":[{"embeddable":true,"href":"https:\/\/lumart.fr\/en\/wp-json\/wp\/v2\/media\/12674"}],"wp:attachment":[{"href":"https:\/\/lumart.fr\/en\/wp-json\/wp\/v2\/media?parent=8959"}],"wp:term":[{"taxonomy":"product_cat","embeddable":true,"href":"https:\/\/lumart.fr\/en\/wp-json\/wp\/v2\/product_cat?post=8959"},{"taxonomy":"product_tag","embeddable":true,"href":"https:\/\/lumart.fr\/en\/wp-json\/wp\/v2\/product_tag?post=8959"}],"curies":[{"name":"wp","href":"https:\/\/api.w.org\/{rel}","templated":true}]}}