{"id":8950,"date":"2017-12-18T14:33:10","date_gmt":"2017-12-18T14:33:10","guid":{"rendered":"https:\/\/lumart.fr\/les-collections\/uncategorized\/combourg-applique-gm-3295-5\/"},"modified":"2023-06-21T16:13:01","modified_gmt":"2023-06-21T14:13:01","slug":"combourg-applique-gm-3295-5","status":"publish","type":"product","link":"https:\/\/lumart.fr\/en\/the-collections\/interior\/wall-lights\/combourg-applique-gm-3295-5\/","title":{"rendered":"Combourg - Wall lantern L"},"content":{"rendered":"<p>Combourg associe classicisme, sobri\u00e9t\u00e9 des lignes et clin d&#8217;\u0153il contemporain avec ses abat-jours de section carr\u00e9e en laiton micro perfor\u00e9. Avec un \u00e9clairage tamis\u00e9, appliques et lustre apporteront une subtile touche contemporaine \u00e0 un int\u00e9rieur classique ou l&#8217;inverse, au choix !<\/p>\n","protected":false},"excerpt":{"rendered":"<p>Combourg associe classicisme, sobri\u00e9t\u00e9 des lignes et clin d&#8217;\u0153il contemporain avec ses abat-jours de section carr\u00e9e en laiton micro perfor\u00e9. Avec un \u00e9clairage tamis\u00e9, appliques et lustre apporteront une subtile touche contemporaine \u00e0 un int\u00e9rieur classique ou l&#8217;inverse, au choix !<\/p>\n","protected":false},"featured_media":3637,"template":"","meta":[],"product_cat":[261],"product_tag":[],"acf":[],"yoast_head":"<!-- This site is optimized with the Yoast SEO plugin v17.8 - https:\/\/yoast.com\/wordpress\/plugins\/seo\/ -->\n<meta name=\"robots\" content=\"index, follow, max-snippet:-1, max-image-preview:large, max-video-preview:-1\" \/>\n<link rel=\"canonical\" href=\"https:\/\/lumart.fr\/en\/the-collections\/interior\/wall-lights\/combourg-applique-gm-3295-5\/\" \/>\n<meta property=\"og:locale\" content=\"en_US\" \/>\n<meta property=\"og:type\" content=\"article\" \/>\n<meta property=\"og:title\" content=\"Combourg Applique GM (3295\/5) - Lum&#039;Art\" \/>\n<meta property=\"og:description\" content=\"Combourg associe classicisme, sobri\u00e9t\u00e9 des lignes et clin d&#8217;\u0153il contemporain avec ses abat-jours de section carr\u00e9e en laiton micro perfor\u00e9. Avec un \u00e9clairage tamis\u00e9, appliques et lustre apporteront une subtile touche contemporaine \u00e0 un int\u00e9rieur classique ou l&#8217;inverse, au choix !\" \/>\n<meta property=\"og:url\" content=\"https:\/\/lumart.fr\/en\/the-collections\/interior\/wall-lights\/combourg-applique-gm-3295-5\/\" \/>\n<meta property=\"og:site_name\" content=\"Lum&#039;Art\" \/>\n<meta property=\"article:publisher\" content=\"https:\/\/www.facebook.com\/LumArt-1543826629180391\/\" \/>\n<meta property=\"article:modified_time\" content=\"2023-06-21T14:13:01+00:00\" \/>\n<meta property=\"og:image\" content=\"https:\/\/lumart.fr\/wp-content\/uploads\/2017\/12\/3295-5-Applique-Combourg-GM-VFR-Lumart-BD-3.jpg\" \/>\n\t<meta property=\"og:image:width\" content=\"2551\" \/>\n\t<meta property=\"og:image:height\" content=\"1701\" \/>\n<meta name=\"twitter:card\" content=\"summary\" \/>\n<script type=\"application\/ld+json\" class=\"yoast-schema-graph\">{\"@context\":\"https:\/\/schema.org\",\"@graph\":[{\"@type\":\"WebSite\",\"@id\":\"https:\/\/lumart.fr\/fr\/#website\",\"url\":\"https:\/\/lumart.fr\/fr\/\",\"name\":\"Lum'art\",\"description\":\"\",\"potentialAction\":[{\"@type\":\"SearchAction\",\"target\":{\"@type\":\"EntryPoint\",\"urlTemplate\":\"https:\/\/lumart.fr\/fr\/?s={search_term_string}\"},\"query-input\":\"required name=search_term_string\"}],\"inLanguage\":\"en-US\"},{\"@type\":\"ImageObject\",\"@id\":\"https:\/\/lumart.fr\/en\/the-collections\/interior\/wall-lights\/combourg-applique-gm-3295-5\/#primaryimage\",\"inLanguage\":\"en-US\",\"url\":\"\/wp-content\/uploads\/2017\/12\/3295-5-Applique-Combourg-GM-VFR-Lumart-BD-3.jpg\",\"contentUrl\":\"\/wp-content\/uploads\/2017\/12\/3295-5-Applique-Combourg-GM-VFR-Lumart-BD-3.jpg\",\"width\":2551,\"height\":1701,\"caption\":\"Combourg wall light, L size, rust painting\"},{\"@type\":\"WebPage\",\"@id\":\"https:\/\/lumart.fr\/en\/the-collections\/interior\/wall-lights\/combourg-applique-gm-3295-5\/#webpage\",\"url\":\"https:\/\/lumart.fr\/en\/the-collections\/interior\/wall-lights\/combourg-applique-gm-3295-5\/\",\"name\":\"Combourg Applique GM (3295\/5) - Lum&#039;Art\",\"isPartOf\":{\"@id\":\"https:\/\/lumart.fr\/fr\/#website\"},\"primaryImageOfPage\":{\"@id\":\"https:\/\/lumart.fr\/en\/the-collections\/interior\/wall-lights\/combourg-applique-gm-3295-5\/#primaryimage\"},\"datePublished\":\"2017-12-18T14:33:10+00:00\",\"dateModified\":\"2023-06-21T14:13:01+00:00\",\"breadcrumb\":{\"@id\":\"https:\/\/lumart.fr\/en\/the-collections\/interior\/wall-lights\/combourg-applique-gm-3295-5\/#breadcrumb\"},\"inLanguage\":\"en-US\",\"potentialAction\":[{\"@type\":\"ReadAction\",\"target\":[\"https:\/\/lumart.fr\/en\/the-collections\/interior\/wall-lights\/combourg-applique-gm-3295-5\/\"]}]},{\"@type\":\"BreadcrumbList\",\"@id\":\"https:\/\/lumart.fr\/en\/the-collections\/interior\/wall-lights\/combourg-applique-gm-3295-5\/#breadcrumb\",\"itemListElement\":[{\"@type\":\"ListItem\",\"position\":1,\"name\":\"Home\",\"item\":\"https:\/\/lumart.fr\/en\/\"},{\"@type\":\"ListItem\",\"position\":2,\"name\":\"The Collections\",\"item\":\"https:\/\/lumart.fr\/en\/the-collections\/\"},{\"@type\":\"ListItem\",\"position\":3,\"name\":\"Combourg - Wall lantern L\"}]}]}<\/script>\n<!-- \/ Yoast SEO plugin. -->","yoast_head_json":{"robots":{"index":"index","follow":"follow","max-snippet":"max-snippet:-1","max-image-preview":"max-image-preview:large","max-video-preview":"max-video-preview:-1"},"canonical":"https:\/\/lumart.fr\/en\/the-collections\/interior\/wall-lights\/combourg-applique-gm-3295-5\/","og_locale":"en_US","og_type":"article","og_title":"Combourg Applique GM (3295\/5) - Lum&#039;Art","og_description":"Combourg associe classicisme, sobri\u00e9t\u00e9 des lignes et clin d&#8217;\u0153il contemporain avec ses abat-jours de section carr\u00e9e en laiton micro perfor\u00e9. Avec un \u00e9clairage tamis\u00e9, appliques et lustre apporteront une subtile touche contemporaine \u00e0 un int\u00e9rieur classique ou l&#8217;inverse, au choix !","og_url":"https:\/\/lumart.fr\/en\/the-collections\/interior\/wall-lights\/combourg-applique-gm-3295-5\/","og_site_name":"Lum&#039;Art","article_publisher":"https:\/\/www.facebook.com\/LumArt-1543826629180391\/","article_modified_time":"2023-06-21T14:13:01+00:00","og_image":[{"width":2551,"height":1701,"url":"https:\/\/lumart.fr\/wp-content\/uploads\/2017\/12\/3295-5-Applique-Combourg-GM-VFR-Lumart-BD-3.jpg","type":"image\/jpeg"}],"twitter_card":"summary","schema":{"@context":"https:\/\/schema.org","@graph":[{"@type":"WebSite","@id":"https:\/\/lumart.fr\/fr\/#website","url":"https:\/\/lumart.fr\/fr\/","name":"Lum'art","description":"","potentialAction":[{"@type":"SearchAction","target":{"@type":"EntryPoint","urlTemplate":"https:\/\/lumart.fr\/fr\/?s={search_term_string}"},"query-input":"required name=search_term_string"}],"inLanguage":"en-US"},{"@type":"ImageObject","@id":"https:\/\/lumart.fr\/en\/the-collections\/interior\/wall-lights\/combourg-applique-gm-3295-5\/#primaryimage","inLanguage":"en-US","url":"\/wp-content\/uploads\/2017\/12\/3295-5-Applique-Combourg-GM-VFR-Lumart-BD-3.jpg","contentUrl":"\/wp-content\/uploads\/2017\/12\/3295-5-Applique-Combourg-GM-VFR-Lumart-BD-3.jpg","width":2551,"height":1701,"caption":"Combourg wall light, L size, rust painting"},{"@type":"WebPage","@id":"https:\/\/lumart.fr\/en\/the-collections\/interior\/wall-lights\/combourg-applique-gm-3295-5\/#webpage","url":"https:\/\/lumart.fr\/en\/the-collections\/interior\/wall-lights\/combourg-applique-gm-3295-5\/","name":"Combourg Applique GM (3295\/5) - Lum&#039;Art","isPartOf":{"@id":"https:\/\/lumart.fr\/fr\/#website"},"primaryImageOfPage":{"@id":"https:\/\/lumart.fr\/en\/the-collections\/interior\/wall-lights\/combourg-applique-gm-3295-5\/#primaryimage"},"datePublished":"2017-12-18T14:33:10+00:00","dateModified":"2023-06-21T14:13:01+00:00","breadcrumb":{"@id":"https:\/\/lumart.fr\/en\/the-collections\/interior\/wall-lights\/combourg-applique-gm-3295-5\/#breadcrumb"},"inLanguage":"en-US","potentialAction":[{"@type":"ReadAction","target":["https:\/\/lumart.fr\/en\/the-collections\/interior\/wall-lights\/combourg-applique-gm-3295-5\/"]}]},{"@type":"BreadcrumbList","@id":"https:\/\/lumart.fr\/en\/the-collections\/interior\/wall-lights\/combourg-applique-gm-3295-5\/#breadcrumb","itemListElement":[{"@type":"ListItem","position":1,"name":"Home","item":"https:\/\/lumart.fr\/en\/"},{"@type":"ListItem","position":2,"name":"The Collections","item":"https:\/\/lumart.fr\/en\/the-collections\/"},{"@type":"ListItem","position":3,"name":"Combourg - Wall lantern L"}]}]}},"_links":{"self":[{"href":"https:\/\/lumart.fr\/en\/wp-json\/wp\/v2\/product\/8950"}],"collection":[{"href":"https:\/\/lumart.fr\/en\/wp-json\/wp\/v2\/product"}],"about":[{"href":"https:\/\/lumart.fr\/en\/wp-json\/wp\/v2\/types\/product"}],"wp:featuredmedia":[{"embeddable":true,"href":"https:\/\/lumart.fr\/en\/wp-json\/wp\/v2\/media\/3637"}],"wp:attachment":[{"href":"https:\/\/lumart.fr\/en\/wp-json\/wp\/v2\/media?parent=8950"}],"wp:term":[{"taxonomy":"product_cat","embeddable":true,"href":"https:\/\/lumart.fr\/en\/wp-json\/wp\/v2\/product_cat?post=8950"},{"taxonomy":"product_tag","embeddable":true,"href":"https:\/\/lumart.fr\/en\/wp-json\/wp\/v2\/product_tag?post=8950"}],"curies":[{"name":"wp","href":"https:\/\/api.w.org\/{rel}","templated":true}]}}