{"id":8946,"date":"2017-12-18T14:33:12","date_gmt":"2017-12-18T14:33:12","guid":{"rendered":"https:\/\/lumart.fr\/les-collections\/uncategorized\/combray-suspension-30-cm-456\/"},"modified":"2023-06-21T16:12:01","modified_gmt":"2023-06-21T14:12:01","slug":"combray-suspension-30-cm-456","status":"publish","type":"product","link":"https:\/\/lumart.fr\/en\/the-collections\/interior\/pendants-en\/combray-suspension-30-cm-456\/","title":{"rendered":"Combray - Pendant 30 cm"},"content":{"rendered":"<p>L\u00e9g\u00e8res, comme en l\u00e9vitation, les suspensions de la collection Combray diffusent une lumi\u00e8re subtile, comme tamis\u00e9e par le laiton micro perfor\u00e9 dont elle sont fabriqu\u00e9es. On peut les jouer en s\u00e9rie ou en grappe pour un effet &#8220;mobile&#8221;.<\/p>\n","protected":false},"excerpt":{"rendered":"<p>L\u00e9g\u00e8res, comme en l\u00e9vitation, les suspensions de la collection Combray diffusent une lumi\u00e8re subtile, comme tamis\u00e9e par le laiton micro perfor\u00e9 dont elle sont fabriqu\u00e9es. On peut les jouer en s\u00e9rie ou en grappe pour un effet &#8220;mobile&#8221;.<\/p>\n","protected":false},"featured_media":2641,"template":"","meta":[],"product_cat":[270],"product_tag":[],"acf":[],"yoast_head":"<!-- This site is optimized with the Yoast SEO plugin v17.8 - https:\/\/yoast.com\/wordpress\/plugins\/seo\/ -->\n<meta name=\"robots\" content=\"index, follow, max-snippet:-1, max-image-preview:large, max-video-preview:-1\" \/>\n<link rel=\"canonical\" href=\"https:\/\/lumart.fr\/en\/the-collections\/interior\/pendants-en\/combray-suspension-30-cm-456\/\" \/>\n<meta property=\"og:locale\" content=\"en_US\" \/>\n<meta property=\"og:type\" content=\"article\" \/>\n<meta property=\"og:title\" content=\"Combray Suspension 30 cm (456) - Lum&#039;Art\" \/>\n<meta property=\"og:description\" content=\"L\u00e9g\u00e8res, comme en l\u00e9vitation, les suspensions de la collection Combray diffusent une lumi\u00e8re subtile, comme tamis\u00e9e par le laiton micro perfor\u00e9 dont elle sont fabriqu\u00e9es. On peut les jouer en s\u00e9rie ou en grappe pour un effet &#8220;mobile&#8221;.\" \/>\n<meta property=\"og:url\" content=\"https:\/\/lumart.fr\/en\/the-collections\/interior\/pendants-en\/combray-suspension-30-cm-456\/\" \/>\n<meta property=\"og:site_name\" content=\"Lum&#039;Art\" \/>\n<meta property=\"article:publisher\" content=\"https:\/\/www.facebook.com\/LumArt-1543826629180391\/\" \/>\n<meta property=\"article:modified_time\" content=\"2023-06-21T14:12:01+00:00\" \/>\n<meta property=\"og:image\" content=\"https:\/\/lumart.fr\/wp-content\/uploads\/2017\/12\/456-Suspension-Combray-30cm-LPA-Lumart-BD-4.jpg\" \/>\n\t<meta property=\"og:image:width\" content=\"2551\" \/>\n\t<meta property=\"og:image:height\" content=\"1701\" \/>\n<meta name=\"twitter:card\" content=\"summary\" \/>\n<script type=\"application\/ld+json\" class=\"yoast-schema-graph\">{\"@context\":\"https:\/\/schema.org\",\"@graph\":[{\"@type\":\"WebSite\",\"@id\":\"https:\/\/lumart.fr\/fr\/#website\",\"url\":\"https:\/\/lumart.fr\/fr\/\",\"name\":\"Lum'art\",\"description\":\"\",\"potentialAction\":[{\"@type\":\"SearchAction\",\"target\":{\"@type\":\"EntryPoint\",\"urlTemplate\":\"https:\/\/lumart.fr\/fr\/?s={search_term_string}\"},\"query-input\":\"required name=search_term_string\"}],\"inLanguage\":\"en-US\"},{\"@type\":\"ImageObject\",\"@id\":\"https:\/\/lumart.fr\/en\/the-collections\/interior\/pendants-en\/combray-suspension-30-cm-456\/#primaryimage\",\"inLanguage\":\"en-US\",\"url\":\"\/wp-content\/uploads\/2017\/12\/456-Suspension-Combray-30cm-LPA-Lumart-BD-4.jpg\",\"contentUrl\":\"\/wp-content\/uploads\/2017\/12\/456-Suspension-Combray-30cm-LPA-Lumart-BD-4.jpg\",\"width\":2551,\"height\":1701,\"caption\":\"Combray pendant, 30 cm, acid patinated brass\"},{\"@type\":\"WebPage\",\"@id\":\"https:\/\/lumart.fr\/en\/the-collections\/interior\/pendants-en\/combray-suspension-30-cm-456\/#webpage\",\"url\":\"https:\/\/lumart.fr\/en\/the-collections\/interior\/pendants-en\/combray-suspension-30-cm-456\/\",\"name\":\"Combray Suspension 30 cm (456) - Lum&#039;Art\",\"isPartOf\":{\"@id\":\"https:\/\/lumart.fr\/fr\/#website\"},\"primaryImageOfPage\":{\"@id\":\"https:\/\/lumart.fr\/en\/the-collections\/interior\/pendants-en\/combray-suspension-30-cm-456\/#primaryimage\"},\"datePublished\":\"2017-12-18T14:33:12+00:00\",\"dateModified\":\"2023-06-21T14:12:01+00:00\",\"breadcrumb\":{\"@id\":\"https:\/\/lumart.fr\/en\/the-collections\/interior\/pendants-en\/combray-suspension-30-cm-456\/#breadcrumb\"},\"inLanguage\":\"en-US\",\"potentialAction\":[{\"@type\":\"ReadAction\",\"target\":[\"https:\/\/lumart.fr\/en\/the-collections\/interior\/pendants-en\/combray-suspension-30-cm-456\/\"]}]},{\"@type\":\"BreadcrumbList\",\"@id\":\"https:\/\/lumart.fr\/en\/the-collections\/interior\/pendants-en\/combray-suspension-30-cm-456\/#breadcrumb\",\"itemListElement\":[{\"@type\":\"ListItem\",\"position\":1,\"name\":\"Home\",\"item\":\"https:\/\/lumart.fr\/en\/\"},{\"@type\":\"ListItem\",\"position\":2,\"name\":\"The Collections\",\"item\":\"https:\/\/lumart.fr\/en\/the-collections\/\"},{\"@type\":\"ListItem\",\"position\":3,\"name\":\"Combray - Pendant 30 cm\"}]}]}<\/script>\n<!-- \/ Yoast SEO plugin. -->","yoast_head_json":{"robots":{"index":"index","follow":"follow","max-snippet":"max-snippet:-1","max-image-preview":"max-image-preview:large","max-video-preview":"max-video-preview:-1"},"canonical":"https:\/\/lumart.fr\/en\/the-collections\/interior\/pendants-en\/combray-suspension-30-cm-456\/","og_locale":"en_US","og_type":"article","og_title":"Combray Suspension 30 cm (456) - Lum&#039;Art","og_description":"L\u00e9g\u00e8res, comme en l\u00e9vitation, les suspensions de la collection Combray diffusent une lumi\u00e8re subtile, comme tamis\u00e9e par le laiton micro perfor\u00e9 dont elle sont fabriqu\u00e9es. On peut les jouer en s\u00e9rie ou en grappe pour un effet &#8220;mobile&#8221;.","og_url":"https:\/\/lumart.fr\/en\/the-collections\/interior\/pendants-en\/combray-suspension-30-cm-456\/","og_site_name":"Lum&#039;Art","article_publisher":"https:\/\/www.facebook.com\/LumArt-1543826629180391\/","article_modified_time":"2023-06-21T14:12:01+00:00","og_image":[{"width":2551,"height":1701,"url":"https:\/\/lumart.fr\/wp-content\/uploads\/2017\/12\/456-Suspension-Combray-30cm-LPA-Lumart-BD-4.jpg","type":"image\/jpeg"}],"twitter_card":"summary","schema":{"@context":"https:\/\/schema.org","@graph":[{"@type":"WebSite","@id":"https:\/\/lumart.fr\/fr\/#website","url":"https:\/\/lumart.fr\/fr\/","name":"Lum'art","description":"","potentialAction":[{"@type":"SearchAction","target":{"@type":"EntryPoint","urlTemplate":"https:\/\/lumart.fr\/fr\/?s={search_term_string}"},"query-input":"required name=search_term_string"}],"inLanguage":"en-US"},{"@type":"ImageObject","@id":"https:\/\/lumart.fr\/en\/the-collections\/interior\/pendants-en\/combray-suspension-30-cm-456\/#primaryimage","inLanguage":"en-US","url":"\/wp-content\/uploads\/2017\/12\/456-Suspension-Combray-30cm-LPA-Lumart-BD-4.jpg","contentUrl":"\/wp-content\/uploads\/2017\/12\/456-Suspension-Combray-30cm-LPA-Lumart-BD-4.jpg","width":2551,"height":1701,"caption":"Combray pendant, 30 cm, acid patinated brass"},{"@type":"WebPage","@id":"https:\/\/lumart.fr\/en\/the-collections\/interior\/pendants-en\/combray-suspension-30-cm-456\/#webpage","url":"https:\/\/lumart.fr\/en\/the-collections\/interior\/pendants-en\/combray-suspension-30-cm-456\/","name":"Combray Suspension 30 cm (456) - Lum&#039;Art","isPartOf":{"@id":"https:\/\/lumart.fr\/fr\/#website"},"primaryImageOfPage":{"@id":"https:\/\/lumart.fr\/en\/the-collections\/interior\/pendants-en\/combray-suspension-30-cm-456\/#primaryimage"},"datePublished":"2017-12-18T14:33:12+00:00","dateModified":"2023-06-21T14:12:01+00:00","breadcrumb":{"@id":"https:\/\/lumart.fr\/en\/the-collections\/interior\/pendants-en\/combray-suspension-30-cm-456\/#breadcrumb"},"inLanguage":"en-US","potentialAction":[{"@type":"ReadAction","target":["https:\/\/lumart.fr\/en\/the-collections\/interior\/pendants-en\/combray-suspension-30-cm-456\/"]}]},{"@type":"BreadcrumbList","@id":"https:\/\/lumart.fr\/en\/the-collections\/interior\/pendants-en\/combray-suspension-30-cm-456\/#breadcrumb","itemListElement":[{"@type":"ListItem","position":1,"name":"Home","item":"https:\/\/lumart.fr\/en\/"},{"@type":"ListItem","position":2,"name":"The Collections","item":"https:\/\/lumart.fr\/en\/the-collections\/"},{"@type":"ListItem","position":3,"name":"Combray - Pendant 30 cm"}]}]}},"_links":{"self":[{"href":"https:\/\/lumart.fr\/en\/wp-json\/wp\/v2\/product\/8946"}],"collection":[{"href":"https:\/\/lumart.fr\/en\/wp-json\/wp\/v2\/product"}],"about":[{"href":"https:\/\/lumart.fr\/en\/wp-json\/wp\/v2\/types\/product"}],"wp:featuredmedia":[{"embeddable":true,"href":"https:\/\/lumart.fr\/en\/wp-json\/wp\/v2\/media\/2641"}],"wp:attachment":[{"href":"https:\/\/lumart.fr\/en\/wp-json\/wp\/v2\/media?parent=8946"}],"wp:term":[{"taxonomy":"product_cat","embeddable":true,"href":"https:\/\/lumart.fr\/en\/wp-json\/wp\/v2\/product_cat?post=8946"},{"taxonomy":"product_tag","embeddable":true,"href":"https:\/\/lumart.fr\/en\/wp-json\/wp\/v2\/product_tag?post=8946"}],"curies":[{"name":"wp","href":"https:\/\/api.w.org\/{rel}","templated":true}]}}