{"id":8911,"date":"2017-12-18T14:33:36","date_gmt":"2017-12-18T14:33:36","guid":{"rendered":"https:\/\/lumart.fr\/les-collections\/uncategorized\/crosse-crosse-25-cm-82832\/"},"modified":"2023-06-22T13:54:35","modified_gmt":"2023-06-22T11:54:35","slug":"crosse-crosse-25-cm-82832","status":"publish","type":"product","link":"https:\/\/lumart.fr\/en\/the-collections\/outdoor\/hook-up-accessories\/crosse-crosse-25-cm-82832\/","title":{"rendered":" 25 cm"},"content":{"rendered":"<p>En laiton, la crosse est le compl\u00e9ment n\u00e9cessaire \u00e0 votre lanterne pour l&#8217;accrocher au mur. Le choix de la dimension de cette crosse (distance du mur \u00e0 l&#8217;axe de la lanterne) va d\u00e9pendre de la taille de la lanterne. Plus la lanterne est grande, plus elle devra \u00eatre d\u00e9port\u00e9e du mur. Les crosses sont \u00e9galement disponibles en crosses d&#8217;angle. L&#8217;\u00e9quipe Lum&#8217;art est \u00e0 votre disposition pour vous aider dans votre choix.<\/p>\n","protected":false},"excerpt":{"rendered":"<p>En laiton, la crosse est le compl\u00e9ment n\u00e9cessaire \u00e0 votre lanterne pour l&#8217;accrocher au mur. Le choix de la dimension de cette crosse (distance du mur \u00e0 l&#8217;axe de la lanterne) va d\u00e9pendre de la taille de la lanterne. Plus la lanterne est grande, plus elle devra \u00eatre d\u00e9port\u00e9e du mur. Les crosses sont \u00e9galement disponibles en crosses d&#8217;angle. L&#8217;\u00e9quipe <a href=\"https:\/\/lumart.fr\/en\/the-collections\/outdoor\/hook-up-accessories\/crosse-crosse-25-cm-82832\/\" class=\"more\">[ &hellip; ]<\/a><\/p>\n","protected":false},"featured_media":5726,"template":"","meta":[],"product_cat":[252],"product_tag":[],"acf":[],"yoast_head":"<!-- This site is optimized with the Yoast SEO plugin v17.8 - https:\/\/yoast.com\/wordpress\/plugins\/seo\/ -->\n<meta name=\"description\" content=\"En laiton, la crosse est le compl\u00e9ment n\u00e9cessaire \u00e0 votre lanterne pour l&#039;accrocher au mur. Les crosses sont \u00e9galement disponibles en crosses d&#039;angle. L&#039;\u00e9quipe Lum&#039;art est \u00e0 votre disposition pour vous aider dans votre choix.\" \/>\n<meta name=\"robots\" content=\"index, follow, max-snippet:-1, max-image-preview:large, max-video-preview:-1\" \/>\n<link rel=\"canonical\" href=\"https:\/\/lumart.fr\/en\/the-collections\/outdoor\/hook-up-accessories\/crosse-crosse-25-cm-82832\/\" \/>\n<meta property=\"og:locale\" content=\"en_US\" \/>\n<meta property=\"og:type\" content=\"article\" \/>\n<meta property=\"og:title\" content=\"Crosse 25 cm (82832) - Lum&#039;art\" \/>\n<meta property=\"og:description\" content=\"En laiton, la crosse est le compl\u00e9ment n\u00e9cessaire \u00e0 votre lanterne pour l&#039;accrocher au mur. Les crosses sont \u00e9galement disponibles en crosses d&#039;angle. L&#039;\u00e9quipe Lum&#039;art est \u00e0 votre disposition pour vous aider dans votre choix.\" \/>\n<meta property=\"og:url\" content=\"https:\/\/lumart.fr\/en\/the-collections\/outdoor\/hook-up-accessories\/crosse-crosse-25-cm-82832\/\" \/>\n<meta property=\"og:site_name\" content=\"Lum&#039;Art\" \/>\n<meta property=\"article:publisher\" content=\"https:\/\/www.facebook.com\/LumArt-1543826629180391\/\" \/>\n<meta property=\"article:modified_time\" content=\"2023-06-22T11:54:35+00:00\" \/>\n<meta property=\"og:image\" content=\"https:\/\/lumart.fr\/wp-content\/uploads\/2017\/12\/82832-Crosse-25cm-VL-Lumart-BD-1.jpg\" \/>\n\t<meta property=\"og:image:width\" content=\"2551\" \/>\n\t<meta property=\"og:image:height\" content=\"1701\" \/>\n<meta name=\"twitter:card\" content=\"summary\" \/>\n<script type=\"application\/ld+json\" class=\"yoast-schema-graph\">{\"@context\":\"https:\/\/schema.org\",\"@graph\":[{\"@type\":\"WebSite\",\"@id\":\"https:\/\/lumart.fr\/fr\/#website\",\"url\":\"https:\/\/lumart.fr\/fr\/\",\"name\":\"Lum'art\",\"description\":\"\",\"potentialAction\":[{\"@type\":\"SearchAction\",\"target\":{\"@type\":\"EntryPoint\",\"urlTemplate\":\"https:\/\/lumart.fr\/fr\/?s={search_term_string}\"},\"query-input\":\"required name=search_term_string\"}],\"inLanguage\":\"en-US\"},{\"@type\":\"ImageObject\",\"@id\":\"https:\/\/lumart.fr\/en\/the-collections\/outdoor\/hook-up-accessories\/crosse-crosse-25-cm-82832\/#primaryimage\",\"inLanguage\":\"en-US\",\"url\":\"\/wp-content\/uploads\/2017\/12\/82832-Crosse-25cm-VL-Lumart-BD-1.jpg\",\"contentUrl\":\"\/wp-content\/uploads\/2017\/12\/82832-Crosse-25cm-VL-Lumart-BD-1.jpg\",\"width\":2551,\"height\":1701,\"caption\":\"Crook 25 cm, antique brass\"},{\"@type\":\"WebPage\",\"@id\":\"https:\/\/lumart.fr\/en\/the-collections\/outdoor\/hook-up-accessories\/crosse-crosse-25-cm-82832\/#webpage\",\"url\":\"https:\/\/lumart.fr\/en\/the-collections\/outdoor\/hook-up-accessories\/crosse-crosse-25-cm-82832\/\",\"name\":\"Crosse 25 cm (82832) - Lum'art\",\"isPartOf\":{\"@id\":\"https:\/\/lumart.fr\/fr\/#website\"},\"primaryImageOfPage\":{\"@id\":\"https:\/\/lumart.fr\/en\/the-collections\/outdoor\/hook-up-accessories\/crosse-crosse-25-cm-82832\/#primaryimage\"},\"datePublished\":\"2017-12-18T14:33:36+00:00\",\"dateModified\":\"2023-06-22T11:54:35+00:00\",\"description\":\"En laiton, la crosse est le compl\\u00e9ment n\\u00e9cessaire \\u00e0 votre lanterne pour l'accrocher au mur. Les crosses sont \\u00e9galement disponibles en crosses d'angle. L'\\u00e9quipe Lum'art est \\u00e0 votre disposition pour vous aider dans votre choix.\",\"breadcrumb\":{\"@id\":\"https:\/\/lumart.fr\/en\/the-collections\/outdoor\/hook-up-accessories\/crosse-crosse-25-cm-82832\/#breadcrumb\"},\"inLanguage\":\"en-US\",\"potentialAction\":[{\"@type\":\"ReadAction\",\"target\":[\"https:\/\/lumart.fr\/en\/the-collections\/outdoor\/hook-up-accessories\/crosse-crosse-25-cm-82832\/\"]}]},{\"@type\":\"BreadcrumbList\",\"@id\":\"https:\/\/lumart.fr\/en\/the-collections\/outdoor\/hook-up-accessories\/crosse-crosse-25-cm-82832\/#breadcrumb\",\"itemListElement\":[{\"@type\":\"ListItem\",\"position\":1,\"name\":\"Home\",\"item\":\"https:\/\/lumart.fr\/en\/\"},{\"@type\":\"ListItem\",\"position\":2,\"name\":\"The Collections\",\"item\":\"https:\/\/lumart.fr\/en\/the-collections\/\"},{\"@type\":\"ListItem\",\"position\":3,\"name\":\"25 cm\"}]}]}<\/script>\n<!-- \/ Yoast SEO plugin. -->","yoast_head_json":{"description":"En laiton, la crosse est le compl\u00e9ment n\u00e9cessaire \u00e0 votre lanterne pour l'accrocher au mur. Les crosses sont \u00e9galement disponibles en crosses d'angle. L'\u00e9quipe Lum'art est \u00e0 votre disposition pour vous aider dans votre choix.","robots":{"index":"index","follow":"follow","max-snippet":"max-snippet:-1","max-image-preview":"max-image-preview:large","max-video-preview":"max-video-preview:-1"},"canonical":"https:\/\/lumart.fr\/en\/the-collections\/outdoor\/hook-up-accessories\/crosse-crosse-25-cm-82832\/","og_locale":"en_US","og_type":"article","og_title":"Crosse 25 cm (82832) - Lum'art","og_description":"En laiton, la crosse est le compl\u00e9ment n\u00e9cessaire \u00e0 votre lanterne pour l'accrocher au mur. Les crosses sont \u00e9galement disponibles en crosses d'angle. L'\u00e9quipe Lum'art est \u00e0 votre disposition pour vous aider dans votre choix.","og_url":"https:\/\/lumart.fr\/en\/the-collections\/outdoor\/hook-up-accessories\/crosse-crosse-25-cm-82832\/","og_site_name":"Lum&#039;Art","article_publisher":"https:\/\/www.facebook.com\/LumArt-1543826629180391\/","article_modified_time":"2023-06-22T11:54:35+00:00","og_image":[{"width":2551,"height":1701,"url":"https:\/\/lumart.fr\/wp-content\/uploads\/2017\/12\/82832-Crosse-25cm-VL-Lumart-BD-1.jpg","type":"image\/jpeg"}],"twitter_card":"summary","schema":{"@context":"https:\/\/schema.org","@graph":[{"@type":"WebSite","@id":"https:\/\/lumart.fr\/fr\/#website","url":"https:\/\/lumart.fr\/fr\/","name":"Lum'art","description":"","potentialAction":[{"@type":"SearchAction","target":{"@type":"EntryPoint","urlTemplate":"https:\/\/lumart.fr\/fr\/?s={search_term_string}"},"query-input":"required name=search_term_string"}],"inLanguage":"en-US"},{"@type":"ImageObject","@id":"https:\/\/lumart.fr\/en\/the-collections\/outdoor\/hook-up-accessories\/crosse-crosse-25-cm-82832\/#primaryimage","inLanguage":"en-US","url":"\/wp-content\/uploads\/2017\/12\/82832-Crosse-25cm-VL-Lumart-BD-1.jpg","contentUrl":"\/wp-content\/uploads\/2017\/12\/82832-Crosse-25cm-VL-Lumart-BD-1.jpg","width":2551,"height":1701,"caption":"Crook 25 cm, antique brass"},{"@type":"WebPage","@id":"https:\/\/lumart.fr\/en\/the-collections\/outdoor\/hook-up-accessories\/crosse-crosse-25-cm-82832\/#webpage","url":"https:\/\/lumart.fr\/en\/the-collections\/outdoor\/hook-up-accessories\/crosse-crosse-25-cm-82832\/","name":"Crosse 25 cm (82832) - Lum'art","isPartOf":{"@id":"https:\/\/lumart.fr\/fr\/#website"},"primaryImageOfPage":{"@id":"https:\/\/lumart.fr\/en\/the-collections\/outdoor\/hook-up-accessories\/crosse-crosse-25-cm-82832\/#primaryimage"},"datePublished":"2017-12-18T14:33:36+00:00","dateModified":"2023-06-22T11:54:35+00:00","description":"En laiton, la crosse est le compl\u00e9ment n\u00e9cessaire \u00e0 votre lanterne pour l'accrocher au mur. Les crosses sont \u00e9galement disponibles en crosses d'angle. L'\u00e9quipe Lum'art est \u00e0 votre disposition pour vous aider dans votre choix.","breadcrumb":{"@id":"https:\/\/lumart.fr\/en\/the-collections\/outdoor\/hook-up-accessories\/crosse-crosse-25-cm-82832\/#breadcrumb"},"inLanguage":"en-US","potentialAction":[{"@type":"ReadAction","target":["https:\/\/lumart.fr\/en\/the-collections\/outdoor\/hook-up-accessories\/crosse-crosse-25-cm-82832\/"]}]},{"@type":"BreadcrumbList","@id":"https:\/\/lumart.fr\/en\/the-collections\/outdoor\/hook-up-accessories\/crosse-crosse-25-cm-82832\/#breadcrumb","itemListElement":[{"@type":"ListItem","position":1,"name":"Home","item":"https:\/\/lumart.fr\/en\/"},{"@type":"ListItem","position":2,"name":"The Collections","item":"https:\/\/lumart.fr\/en\/the-collections\/"},{"@type":"ListItem","position":3,"name":"25 cm"}]}]}},"_links":{"self":[{"href":"https:\/\/lumart.fr\/en\/wp-json\/wp\/v2\/product\/8911"}],"collection":[{"href":"https:\/\/lumart.fr\/en\/wp-json\/wp\/v2\/product"}],"about":[{"href":"https:\/\/lumart.fr\/en\/wp-json\/wp\/v2\/types\/product"}],"wp:featuredmedia":[{"embeddable":true,"href":"https:\/\/lumart.fr\/en\/wp-json\/wp\/v2\/media\/5726"}],"wp:attachment":[{"href":"https:\/\/lumart.fr\/en\/wp-json\/wp\/v2\/media?parent=8911"}],"wp:term":[{"taxonomy":"product_cat","embeddable":true,"href":"https:\/\/lumart.fr\/en\/wp-json\/wp\/v2\/product_cat?post=8911"},{"taxonomy":"product_tag","embeddable":true,"href":"https:\/\/lumart.fr\/en\/wp-json\/wp\/v2\/product_tag?post=8911"}],"curies":[{"name":"wp","href":"https:\/\/api.w.org\/{rel}","templated":true}]}}