{"id":8907,"date":"2017-12-18T14:33:38","date_gmt":"2017-12-18T14:33:38","guid":{"rendered":"https:\/\/lumart.fr\/les-collections\/uncategorized\/cubispot-spot-55-mm-7757\/"},"modified":"2021-12-03T18:22:40","modified_gmt":"2021-12-03T16:22:40","slug":"cubispot-spot-55-mm-7757","status":"publish","type":"product","link":"https:\/\/lumart.fr\/en\/the-collections\/interior\/spotlights\/cubispot-spot-55-mm-7757\/","title":{"rendered":"Cubispot - Spotlight 55 mm"},"content":{"rendered":"<p>The Cubispot is a small cube-shaped spotlight, perfect for every room in the house. With a modern or classic style depending on the finish chosen, it can be installed alone or in pairs and can be directed in any direction regardless of the size.<\/p>\n","protected":false},"excerpt":{"rendered":"<p>The Cubispot is a small cube-shaped spotlight, perfect for every room in the house. With a modern or classic style depending on the finish chosen, it can be installed alone or in pairs and can be directed in any direction regardless of the size.<\/p>\n","protected":false},"featured_media":5388,"template":"","meta":[],"product_cat":[269],"product_tag":[],"acf":[],"yoast_head":"<!-- This site is optimized with the Yoast SEO plugin v17.8 - https:\/\/yoast.com\/wordpress\/plugins\/seo\/ -->\n<meta name=\"description\" content=\"Cubispot ou le petit spot cubique \u00e0 placer dans toutes les pi\u00e8ces de la maison. Contemporain ou classique selon la finition choisie, solo ou duo, il peut \u00eatre jouer en r\u00e9p\u00e9tition et reste totalement orientable quelle qu&#039;en soit la taille.\" \/>\n<meta name=\"robots\" content=\"index, follow, max-snippet:-1, max-image-preview:large, max-video-preview:-1\" \/>\n<link rel=\"canonical\" href=\"https:\/\/lumart.fr\/en\/the-collections\/interior\/spotlights\/cubispot-spot-55-mm-7757\/\" \/>\n<meta property=\"og:locale\" content=\"en_US\" \/>\n<meta property=\"og:type\" content=\"article\" \/>\n<meta property=\"og:title\" content=\"Spot Cubispot 55 mm (7757) - Lum&#039;art\" \/>\n<meta property=\"og:description\" content=\"Cubispot ou le petit spot cubique \u00e0 placer dans toutes les pi\u00e8ces de la maison. Contemporain ou classique selon la finition choisie, solo ou duo, il peut \u00eatre jouer en r\u00e9p\u00e9tition et reste totalement orientable quelle qu&#039;en soit la taille.\" \/>\n<meta property=\"og:url\" content=\"https:\/\/lumart.fr\/en\/the-collections\/interior\/spotlights\/cubispot-spot-55-mm-7757\/\" \/>\n<meta property=\"og:site_name\" content=\"Lum&#039;Art\" \/>\n<meta property=\"article:publisher\" content=\"https:\/\/www.facebook.com\/LumArt-1543826629180391\/\" \/>\n<meta property=\"article:modified_time\" content=\"2021-12-03T16:22:40+00:00\" \/>\n<meta property=\"og:image\" content=\"https:\/\/lumart.fr\/wp-content\/uploads\/2017\/12\/7757-Spot-Cubispot-55mm-VFR-Lumart-BD-1.jpg\" \/>\n\t<meta property=\"og:image:width\" content=\"2551\" \/>\n\t<meta property=\"og:image:height\" content=\"1701\" \/>\n<meta name=\"twitter:card\" content=\"summary\" \/>\n<meta name=\"twitter:label1\" content=\"Est. reading time\" \/>\n\t<meta name=\"twitter:data1\" content=\"1 minute\" \/>\n<script type=\"application\/ld+json\" class=\"yoast-schema-graph\">{\"@context\":\"https:\/\/schema.org\",\"@graph\":[{\"@type\":\"WebSite\",\"@id\":\"https:\/\/lumart.fr\/fr\/#website\",\"url\":\"https:\/\/lumart.fr\/fr\/\",\"name\":\"Lum'art\",\"description\":\"\",\"potentialAction\":[{\"@type\":\"SearchAction\",\"target\":{\"@type\":\"EntryPoint\",\"urlTemplate\":\"https:\/\/lumart.fr\/fr\/?s={search_term_string}\"},\"query-input\":\"required name=search_term_string\"}],\"inLanguage\":\"en-US\"},{\"@type\":\"ImageObject\",\"@id\":\"https:\/\/lumart.fr\/en\/the-collections\/interior\/spotlights\/cubispot-spot-55-mm-7757\/#primaryimage\",\"inLanguage\":\"en-US\",\"url\":\"\/wp-content\/uploads\/2017\/12\/7757-Spot-Cubispot-55mm-VFR-Lumart-BD-1.jpg\",\"contentUrl\":\"\/wp-content\/uploads\/2017\/12\/7757-Spot-Cubispot-55mm-VFR-Lumart-BD-1.jpg\",\"width\":2551,\"height\":1701,\"caption\":\"Cubispot spotlight, 55 mm, rust painting\"},{\"@type\":\"WebPage\",\"@id\":\"https:\/\/lumart.fr\/en\/the-collections\/interior\/spotlights\/cubispot-spot-55-mm-7757\/#webpage\",\"url\":\"https:\/\/lumart.fr\/en\/the-collections\/interior\/spotlights\/cubispot-spot-55-mm-7757\/\",\"name\":\"Spot Cubispot 55 mm (7757) - Lum'art\",\"isPartOf\":{\"@id\":\"https:\/\/lumart.fr\/fr\/#website\"},\"primaryImageOfPage\":{\"@id\":\"https:\/\/lumart.fr\/en\/the-collections\/interior\/spotlights\/cubispot-spot-55-mm-7757\/#primaryimage\"},\"datePublished\":\"2017-12-18T14:33:38+00:00\",\"dateModified\":\"2021-12-03T16:22:40+00:00\",\"description\":\"Cubispot ou le petit spot cubique \\u00e0 placer dans toutes les pi\\u00e8ces de la maison. Contemporain ou classique selon la finition choisie, solo ou duo, il peut \\u00eatre jouer en r\\u00e9p\\u00e9tition et reste totalement orientable quelle qu'en soit la taille.\",\"breadcrumb\":{\"@id\":\"https:\/\/lumart.fr\/en\/the-collections\/interior\/spotlights\/cubispot-spot-55-mm-7757\/#breadcrumb\"},\"inLanguage\":\"en-US\",\"potentialAction\":[{\"@type\":\"ReadAction\",\"target\":[\"https:\/\/lumart.fr\/en\/the-collections\/interior\/spotlights\/cubispot-spot-55-mm-7757\/\"]}]},{\"@type\":\"BreadcrumbList\",\"@id\":\"https:\/\/lumart.fr\/en\/the-collections\/interior\/spotlights\/cubispot-spot-55-mm-7757\/#breadcrumb\",\"itemListElement\":[{\"@type\":\"ListItem\",\"position\":1,\"name\":\"Home\",\"item\":\"https:\/\/lumart.fr\/en\/\"},{\"@type\":\"ListItem\",\"position\":2,\"name\":\"The Collections\",\"item\":\"https:\/\/lumart.fr\/en\/the-collections\/\"},{\"@type\":\"ListItem\",\"position\":3,\"name\":\"Cubispot - Spotlight 55 mm\"}]}]}<\/script>\n<!-- \/ Yoast SEO plugin. -->","yoast_head_json":{"description":"Cubispot ou le petit spot cubique \u00e0 placer dans toutes les pi\u00e8ces de la maison. Contemporain ou classique selon la finition choisie, solo ou duo, il peut \u00eatre jouer en r\u00e9p\u00e9tition et reste totalement orientable quelle qu'en soit la taille.","robots":{"index":"index","follow":"follow","max-snippet":"max-snippet:-1","max-image-preview":"max-image-preview:large","max-video-preview":"max-video-preview:-1"},"canonical":"https:\/\/lumart.fr\/en\/the-collections\/interior\/spotlights\/cubispot-spot-55-mm-7757\/","og_locale":"en_US","og_type":"article","og_title":"Spot Cubispot 55 mm (7757) - Lum'art","og_description":"Cubispot ou le petit spot cubique \u00e0 placer dans toutes les pi\u00e8ces de la maison. Contemporain ou classique selon la finition choisie, solo ou duo, il peut \u00eatre jouer en r\u00e9p\u00e9tition et reste totalement orientable quelle qu'en soit la taille.","og_url":"https:\/\/lumart.fr\/en\/the-collections\/interior\/spotlights\/cubispot-spot-55-mm-7757\/","og_site_name":"Lum&#039;Art","article_publisher":"https:\/\/www.facebook.com\/LumArt-1543826629180391\/","article_modified_time":"2021-12-03T16:22:40+00:00","og_image":[{"width":2551,"height":1701,"url":"https:\/\/lumart.fr\/wp-content\/uploads\/2017\/12\/7757-Spot-Cubispot-55mm-VFR-Lumart-BD-1.jpg","type":"image\/jpeg"}],"twitter_card":"summary","twitter_misc":{"Est. reading time":"1 minute"},"schema":{"@context":"https:\/\/schema.org","@graph":[{"@type":"WebSite","@id":"https:\/\/lumart.fr\/fr\/#website","url":"https:\/\/lumart.fr\/fr\/","name":"Lum'art","description":"","potentialAction":[{"@type":"SearchAction","target":{"@type":"EntryPoint","urlTemplate":"https:\/\/lumart.fr\/fr\/?s={search_term_string}"},"query-input":"required name=search_term_string"}],"inLanguage":"en-US"},{"@type":"ImageObject","@id":"https:\/\/lumart.fr\/en\/the-collections\/interior\/spotlights\/cubispot-spot-55-mm-7757\/#primaryimage","inLanguage":"en-US","url":"\/wp-content\/uploads\/2017\/12\/7757-Spot-Cubispot-55mm-VFR-Lumart-BD-1.jpg","contentUrl":"\/wp-content\/uploads\/2017\/12\/7757-Spot-Cubispot-55mm-VFR-Lumart-BD-1.jpg","width":2551,"height":1701,"caption":"Cubispot spotlight, 55 mm, rust painting"},{"@type":"WebPage","@id":"https:\/\/lumart.fr\/en\/the-collections\/interior\/spotlights\/cubispot-spot-55-mm-7757\/#webpage","url":"https:\/\/lumart.fr\/en\/the-collections\/interior\/spotlights\/cubispot-spot-55-mm-7757\/","name":"Spot Cubispot 55 mm (7757) - Lum'art","isPartOf":{"@id":"https:\/\/lumart.fr\/fr\/#website"},"primaryImageOfPage":{"@id":"https:\/\/lumart.fr\/en\/the-collections\/interior\/spotlights\/cubispot-spot-55-mm-7757\/#primaryimage"},"datePublished":"2017-12-18T14:33:38+00:00","dateModified":"2021-12-03T16:22:40+00:00","description":"Cubispot ou le petit spot cubique \u00e0 placer dans toutes les pi\u00e8ces de la maison. Contemporain ou classique selon la finition choisie, solo ou duo, il peut \u00eatre jouer en r\u00e9p\u00e9tition et reste totalement orientable quelle qu'en soit la taille.","breadcrumb":{"@id":"https:\/\/lumart.fr\/en\/the-collections\/interior\/spotlights\/cubispot-spot-55-mm-7757\/#breadcrumb"},"inLanguage":"en-US","potentialAction":[{"@type":"ReadAction","target":["https:\/\/lumart.fr\/en\/the-collections\/interior\/spotlights\/cubispot-spot-55-mm-7757\/"]}]},{"@type":"BreadcrumbList","@id":"https:\/\/lumart.fr\/en\/the-collections\/interior\/spotlights\/cubispot-spot-55-mm-7757\/#breadcrumb","itemListElement":[{"@type":"ListItem","position":1,"name":"Home","item":"https:\/\/lumart.fr\/en\/"},{"@type":"ListItem","position":2,"name":"The Collections","item":"https:\/\/lumart.fr\/en\/the-collections\/"},{"@type":"ListItem","position":3,"name":"Cubispot - Spotlight 55 mm"}]}]}},"_links":{"self":[{"href":"https:\/\/lumart.fr\/en\/wp-json\/wp\/v2\/product\/8907"}],"collection":[{"href":"https:\/\/lumart.fr\/en\/wp-json\/wp\/v2\/product"}],"about":[{"href":"https:\/\/lumart.fr\/en\/wp-json\/wp\/v2\/types\/product"}],"wp:featuredmedia":[{"embeddable":true,"href":"https:\/\/lumart.fr\/en\/wp-json\/wp\/v2\/media\/5388"}],"wp:attachment":[{"href":"https:\/\/lumart.fr\/en\/wp-json\/wp\/v2\/media?parent=8907"}],"wp:term":[{"taxonomy":"product_cat","embeddable":true,"href":"https:\/\/lumart.fr\/en\/wp-json\/wp\/v2\/product_cat?post=8907"},{"taxonomy":"product_tag","embeddable":true,"href":"https:\/\/lumart.fr\/en\/wp-json\/wp\/v2\/product_tag?post=8907"}],"curies":[{"name":"wp","href":"https:\/\/api.w.org\/{rel}","templated":true}]}}