{"id":8906,"date":"2017-12-18T14:33:39","date_gmt":"2017-12-18T14:33:39","guid":{"rendered":"https:\/\/lumart.fr\/les-collections\/uncategorized\/dalembert-applique-3416\/"},"modified":"2023-06-26T15:48:52","modified_gmt":"2023-06-26T13:48:52","slug":"dalembert-applique-3416","status":"publish","type":"product","link":"https:\/\/lumart.fr\/en\/the-collections\/interior\/wall-lights\/dalembert-applique-3416\/","title":{"rendered":"D\u2019Alembert - Wall lantern"},"content":{"rendered":"<p>D&#8217;Alembert est l&#8217;une des appliques du catalogue sp\u00e9cialement adapt\u00e9e aux biblioth\u00e8ques, la faible emprise de la platine de fixation permet de la loger sur les montants de biblioth\u00e8que, aussi \u00e9troits soient-ils et son abat-jour conique en laiton ou zinc va ponctuer \u00e9l\u00e9gamment le rythme des livres align\u00e9s.<\/p>\n","protected":false},"excerpt":{"rendered":"<p>D&#8217;Alembert est l&#8217;une des appliques du catalogue sp\u00e9cialement adapt\u00e9e aux biblioth\u00e8ques, la faible emprise de la platine de fixation permet de la loger sur les montants de biblioth\u00e8que, aussi \u00e9troits soient-ils et son abat-jour conique en laiton ou zinc va ponctuer \u00e9l\u00e9gamment le rythme des livres align\u00e9s.<\/p>\n","protected":false},"featured_media":3853,"template":"","meta":[],"product_cat":[261],"product_tag":[],"acf":[],"yoast_head":"<!-- This site is optimized with the Yoast SEO plugin v17.8 - https:\/\/yoast.com\/wordpress\/plugins\/seo\/ -->\n<meta name=\"description\" content=\"D&#039;Alembert est l&#039;une des appliques du catalogue sp\u00e9cialement adapt\u00e9e aux biblioth\u00e8ques, la faible emprise de la platine de fixation permet de la loger sur les montants de biblioth\u00e8que, aussi \u00e9troits soient-ils et son abat-jour conique en laiton ou zinc va ponctuer \u00e9l\u00e9gamment le rythme des livres align\u00e9s.\" \/>\n<meta name=\"robots\" content=\"index, follow, max-snippet:-1, max-image-preview:large, max-video-preview:-1\" \/>\n<link rel=\"canonical\" href=\"https:\/\/lumart.fr\/en\/the-collections\/interior\/wall-lights\/dalembert-applique-3416\/\" \/>\n<meta property=\"og:locale\" content=\"en_US\" \/>\n<meta property=\"og:type\" content=\"article\" \/>\n<meta property=\"og:title\" content=\"Applique D&#039;Alembert (3416) - Lum&#039;art\" \/>\n<meta property=\"og:description\" content=\"D&#039;Alembert est l&#039;une des appliques du catalogue sp\u00e9cialement adapt\u00e9e aux biblioth\u00e8ques, la faible emprise de la platine de fixation permet de la loger sur les montants de biblioth\u00e8que, aussi \u00e9troits soient-ils et son abat-jour conique en laiton ou zinc va ponctuer \u00e9l\u00e9gamment le rythme des livres align\u00e9s.\" \/>\n<meta property=\"og:url\" content=\"https:\/\/lumart.fr\/en\/the-collections\/interior\/wall-lights\/dalembert-applique-3416\/\" \/>\n<meta property=\"og:site_name\" content=\"Lum&#039;Art\" \/>\n<meta property=\"article:publisher\" content=\"https:\/\/www.facebook.com\/LumArt-1543826629180391\/\" \/>\n<meta property=\"article:modified_time\" content=\"2023-06-26T13:48:52+00:00\" \/>\n<meta property=\"og:image\" content=\"https:\/\/lumart.fr\/wp-content\/uploads\/2017\/12\/3416-Applique-Alembert-LPA-Lumart-BD-3.jpg\" \/>\n\t<meta property=\"og:image:width\" content=\"2551\" \/>\n\t<meta property=\"og:image:height\" content=\"1701\" \/>\n<meta name=\"twitter:card\" content=\"summary\" \/>\n<script type=\"application\/ld+json\" class=\"yoast-schema-graph\">{\"@context\":\"https:\/\/schema.org\",\"@graph\":[{\"@type\":\"WebSite\",\"@id\":\"https:\/\/lumart.fr\/fr\/#website\",\"url\":\"https:\/\/lumart.fr\/fr\/\",\"name\":\"Lum'art\",\"description\":\"\",\"potentialAction\":[{\"@type\":\"SearchAction\",\"target\":{\"@type\":\"EntryPoint\",\"urlTemplate\":\"https:\/\/lumart.fr\/fr\/?s={search_term_string}\"},\"query-input\":\"required name=search_term_string\"}],\"inLanguage\":\"en-US\"},{\"@type\":\"ImageObject\",\"@id\":\"https:\/\/lumart.fr\/en\/the-collections\/interior\/wall-lights\/dalembert-applique-3416\/#primaryimage\",\"inLanguage\":\"en-US\",\"url\":\"\/wp-content\/uploads\/2017\/12\/3416-Applique-Alembert-LPA-Lumart-BD-3.jpg\",\"contentUrl\":\"\/wp-content\/uploads\/2017\/12\/3416-Applique-Alembert-LPA-Lumart-BD-3.jpg\",\"width\":2551,\"height\":1701,\"caption\":\"D'Alembert wall light, acid patinated brass\"},{\"@type\":\"WebPage\",\"@id\":\"https:\/\/lumart.fr\/en\/the-collections\/interior\/wall-lights\/dalembert-applique-3416\/#webpage\",\"url\":\"https:\/\/lumart.fr\/en\/the-collections\/interior\/wall-lights\/dalembert-applique-3416\/\",\"name\":\"Applique D'Alembert (3416) - Lum'art\",\"isPartOf\":{\"@id\":\"https:\/\/lumart.fr\/fr\/#website\"},\"primaryImageOfPage\":{\"@id\":\"https:\/\/lumart.fr\/en\/the-collections\/interior\/wall-lights\/dalembert-applique-3416\/#primaryimage\"},\"datePublished\":\"2017-12-18T14:33:39+00:00\",\"dateModified\":\"2023-06-26T13:48:52+00:00\",\"description\":\"D'Alembert est l'une des appliques du catalogue sp\\u00e9cialement adapt\\u00e9e aux biblioth\\u00e8ques, la faible emprise de la platine de fixation permet de la loger sur les montants de biblioth\\u00e8que, aussi \\u00e9troits soient-ils et son abat-jour conique en laiton ou zinc va ponctuer \\u00e9l\\u00e9gamment le rythme des livres align\\u00e9s.\",\"breadcrumb\":{\"@id\":\"https:\/\/lumart.fr\/en\/the-collections\/interior\/wall-lights\/dalembert-applique-3416\/#breadcrumb\"},\"inLanguage\":\"en-US\",\"potentialAction\":[{\"@type\":\"ReadAction\",\"target\":[\"https:\/\/lumart.fr\/en\/the-collections\/interior\/wall-lights\/dalembert-applique-3416\/\"]}]},{\"@type\":\"BreadcrumbList\",\"@id\":\"https:\/\/lumart.fr\/en\/the-collections\/interior\/wall-lights\/dalembert-applique-3416\/#breadcrumb\",\"itemListElement\":[{\"@type\":\"ListItem\",\"position\":1,\"name\":\"Home\",\"item\":\"https:\/\/lumart.fr\/en\/\"},{\"@type\":\"ListItem\",\"position\":2,\"name\":\"The Collections\",\"item\":\"https:\/\/lumart.fr\/en\/the-collections\/\"},{\"@type\":\"ListItem\",\"position\":3,\"name\":\"D\\u2019Alembert - Wall lantern\"}]}]}<\/script>\n<!-- \/ Yoast SEO plugin. -->","yoast_head_json":{"description":"D'Alembert est l'une des appliques du catalogue sp\u00e9cialement adapt\u00e9e aux biblioth\u00e8ques, la faible emprise de la platine de fixation permet de la loger sur les montants de biblioth\u00e8que, aussi \u00e9troits soient-ils et son abat-jour conique en laiton ou zinc va ponctuer \u00e9l\u00e9gamment le rythme des livres align\u00e9s.","robots":{"index":"index","follow":"follow","max-snippet":"max-snippet:-1","max-image-preview":"max-image-preview:large","max-video-preview":"max-video-preview:-1"},"canonical":"https:\/\/lumart.fr\/en\/the-collections\/interior\/wall-lights\/dalembert-applique-3416\/","og_locale":"en_US","og_type":"article","og_title":"Applique D'Alembert (3416) - Lum'art","og_description":"D'Alembert est l'une des appliques du catalogue sp\u00e9cialement adapt\u00e9e aux biblioth\u00e8ques, la faible emprise de la platine de fixation permet de la loger sur les montants de biblioth\u00e8que, aussi \u00e9troits soient-ils et son abat-jour conique en laiton ou zinc va ponctuer \u00e9l\u00e9gamment le rythme des livres align\u00e9s.","og_url":"https:\/\/lumart.fr\/en\/the-collections\/interior\/wall-lights\/dalembert-applique-3416\/","og_site_name":"Lum&#039;Art","article_publisher":"https:\/\/www.facebook.com\/LumArt-1543826629180391\/","article_modified_time":"2023-06-26T13:48:52+00:00","og_image":[{"width":2551,"height":1701,"url":"https:\/\/lumart.fr\/wp-content\/uploads\/2017\/12\/3416-Applique-Alembert-LPA-Lumart-BD-3.jpg","type":"image\/jpeg"}],"twitter_card":"summary","schema":{"@context":"https:\/\/schema.org","@graph":[{"@type":"WebSite","@id":"https:\/\/lumart.fr\/fr\/#website","url":"https:\/\/lumart.fr\/fr\/","name":"Lum'art","description":"","potentialAction":[{"@type":"SearchAction","target":{"@type":"EntryPoint","urlTemplate":"https:\/\/lumart.fr\/fr\/?s={search_term_string}"},"query-input":"required name=search_term_string"}],"inLanguage":"en-US"},{"@type":"ImageObject","@id":"https:\/\/lumart.fr\/en\/the-collections\/interior\/wall-lights\/dalembert-applique-3416\/#primaryimage","inLanguage":"en-US","url":"\/wp-content\/uploads\/2017\/12\/3416-Applique-Alembert-LPA-Lumart-BD-3.jpg","contentUrl":"\/wp-content\/uploads\/2017\/12\/3416-Applique-Alembert-LPA-Lumart-BD-3.jpg","width":2551,"height":1701,"caption":"D'Alembert wall light, acid patinated brass"},{"@type":"WebPage","@id":"https:\/\/lumart.fr\/en\/the-collections\/interior\/wall-lights\/dalembert-applique-3416\/#webpage","url":"https:\/\/lumart.fr\/en\/the-collections\/interior\/wall-lights\/dalembert-applique-3416\/","name":"Applique D'Alembert (3416) - Lum'art","isPartOf":{"@id":"https:\/\/lumart.fr\/fr\/#website"},"primaryImageOfPage":{"@id":"https:\/\/lumart.fr\/en\/the-collections\/interior\/wall-lights\/dalembert-applique-3416\/#primaryimage"},"datePublished":"2017-12-18T14:33:39+00:00","dateModified":"2023-06-26T13:48:52+00:00","description":"D'Alembert est l'une des appliques du catalogue sp\u00e9cialement adapt\u00e9e aux biblioth\u00e8ques, la faible emprise de la platine de fixation permet de la loger sur les montants de biblioth\u00e8que, aussi \u00e9troits soient-ils et son abat-jour conique en laiton ou zinc va ponctuer \u00e9l\u00e9gamment le rythme des livres align\u00e9s.","breadcrumb":{"@id":"https:\/\/lumart.fr\/en\/the-collections\/interior\/wall-lights\/dalembert-applique-3416\/#breadcrumb"},"inLanguage":"en-US","potentialAction":[{"@type":"ReadAction","target":["https:\/\/lumart.fr\/en\/the-collections\/interior\/wall-lights\/dalembert-applique-3416\/"]}]},{"@type":"BreadcrumbList","@id":"https:\/\/lumart.fr\/en\/the-collections\/interior\/wall-lights\/dalembert-applique-3416\/#breadcrumb","itemListElement":[{"@type":"ListItem","position":1,"name":"Home","item":"https:\/\/lumart.fr\/en\/"},{"@type":"ListItem","position":2,"name":"The Collections","item":"https:\/\/lumart.fr\/en\/the-collections\/"},{"@type":"ListItem","position":3,"name":"D\u2019Alembert - Wall lantern"}]}]}},"_links":{"self":[{"href":"https:\/\/lumart.fr\/en\/wp-json\/wp\/v2\/product\/8906"}],"collection":[{"href":"https:\/\/lumart.fr\/en\/wp-json\/wp\/v2\/product"}],"about":[{"href":"https:\/\/lumart.fr\/en\/wp-json\/wp\/v2\/types\/product"}],"wp:featuredmedia":[{"embeddable":true,"href":"https:\/\/lumart.fr\/en\/wp-json\/wp\/v2\/media\/3853"}],"wp:attachment":[{"href":"https:\/\/lumart.fr\/en\/wp-json\/wp\/v2\/media?parent=8906"}],"wp:term":[{"taxonomy":"product_cat","embeddable":true,"href":"https:\/\/lumart.fr\/en\/wp-json\/wp\/v2\/product_cat?post=8906"},{"taxonomy":"product_tag","embeddable":true,"href":"https:\/\/lumart.fr\/en\/wp-json\/wp\/v2\/product_tag?post=8906"}],"curies":[{"name":"wp","href":"https:\/\/api.w.org\/{rel}","templated":true}]}}