{"id":8898,"date":"2017-12-18T14:33:44","date_gmt":"2017-12-18T14:33:44","guid":{"rendered":"https:\/\/lumart.fr\/les-collections\/uncategorized\/diderot-carre-suspension-60-cm-497\/"},"modified":"2021-12-03T18:12:31","modified_gmt":"2021-12-03T16:12:31","slug":"diderot-carre-suspension-60-cm-497","status":"publish","type":"product","link":"https:\/\/lumart.fr\/en\/the-collections\/interior\/pendants-en\/diderot-carre-suspension-60-cm-497\/","title":{"rendered":"Diderot Carr\u00e9 - Pendant 60 cm"},"content":{"rendered":"<p>With its subtle industrial aesthetic, the Diderot C\u00f4ne Collection includes a table lamp, floor lamp and wall light, all showcasing a streamlined design. The wall light can also be used as a picture lamp. The original Diderot Collection includes a pendant light and swing arm wall light where the brass or zinc shade takes pride of place.<\/p>\n","protected":false},"excerpt":{"rendered":"<p>With its subtle industrial aesthetic, the Diderot C\u00f4ne Collection includes a table lamp, floor lamp and wall light, all showcasing a streamlined design. The wall light can also be used as a picture lamp. The original Diderot Collection includes a pendant light and swing arm wall light where the brass or zinc shade takes pride of place.<\/p>\n","protected":false},"featured_media":2783,"template":"","meta":[],"product_cat":[270],"product_tag":[],"acf":[],"yoast_head":"<!-- This site is optimized with the Yoast SEO plugin v17.8 - https:\/\/yoast.com\/wordpress\/plugins\/seo\/ -->\n<meta name=\"description\" content=\"Subtilement industrielle dans sa conception, la collection Diderot, dans sa version C\u00f4ne, regroupe dans un design \u00e9pur\u00e9 lampe, lampadaire et applique. Cette derni\u00e8re peut en outre jouer les \u00e9clairages de tableaux.\" \/>\n<meta name=\"robots\" content=\"index, follow, max-snippet:-1, max-image-preview:large, max-video-preview:-1\" \/>\n<link rel=\"canonical\" href=\"https:\/\/lumart.fr\/en\/the-collections\/interior\/pendants-en\/diderot-carre-suspension-60-cm-497\/\" \/>\n<meta property=\"og:locale\" content=\"en_US\" \/>\n<meta property=\"og:type\" content=\"article\" \/>\n<meta property=\"og:title\" content=\"Suspension Diderot Carr\u00e9 60 cm (497) - Lum&#039;art\" \/>\n<meta property=\"og:description\" content=\"Subtilement industrielle dans sa conception, la collection Diderot, dans sa version C\u00f4ne, regroupe dans un design \u00e9pur\u00e9 lampe, lampadaire et applique. Cette derni\u00e8re peut en outre jouer les \u00e9clairages de tableaux.\" \/>\n<meta property=\"og:url\" content=\"https:\/\/lumart.fr\/en\/the-collections\/interior\/pendants-en\/diderot-carre-suspension-60-cm-497\/\" \/>\n<meta property=\"og:site_name\" content=\"Lum&#039;Art\" \/>\n<meta property=\"article:publisher\" content=\"https:\/\/www.facebook.com\/LumArt-1543826629180391\/\" \/>\n<meta property=\"article:modified_time\" content=\"2021-12-03T16:12:31+00:00\" \/>\n<meta property=\"og:image\" content=\"https:\/\/lumart.fr\/wp-content\/uploads\/2017\/12\/497-Suspension-Diderot-Carre-60cm-LPA-Lumart-BD-3.jpg\" \/>\n\t<meta property=\"og:image:width\" content=\"2551\" \/>\n\t<meta property=\"og:image:height\" content=\"1701\" \/>\n<meta name=\"twitter:card\" content=\"summary\" \/>\n<meta name=\"twitter:label1\" content=\"Est. reading time\" \/>\n\t<meta name=\"twitter:data1\" content=\"1 minute\" \/>\n<script type=\"application\/ld+json\" class=\"yoast-schema-graph\">{\"@context\":\"https:\/\/schema.org\",\"@graph\":[{\"@type\":\"WebSite\",\"@id\":\"https:\/\/lumart.fr\/fr\/#website\",\"url\":\"https:\/\/lumart.fr\/fr\/\",\"name\":\"Lum'art\",\"description\":\"\",\"potentialAction\":[{\"@type\":\"SearchAction\",\"target\":{\"@type\":\"EntryPoint\",\"urlTemplate\":\"https:\/\/lumart.fr\/fr\/?s={search_term_string}\"},\"query-input\":\"required name=search_term_string\"}],\"inLanguage\":\"en-US\"},{\"@type\":\"ImageObject\",\"@id\":\"https:\/\/lumart.fr\/en\/the-collections\/interior\/pendants-en\/diderot-carre-suspension-60-cm-497\/#primaryimage\",\"inLanguage\":\"en-US\",\"url\":\"\/wp-content\/uploads\/2017\/12\/497-Suspension-Diderot-Carre-60cm-LPA-Lumart-BD-3.jpg\",\"contentUrl\":\"\/wp-content\/uploads\/2017\/12\/497-Suspension-Diderot-Carre-60cm-LPA-Lumart-BD-3.jpg\",\"width\":2551,\"height\":1701,\"caption\":\"Diderot Carr\\u00e9 pendant, 60 cm, acid patinated brass\"},{\"@type\":\"WebPage\",\"@id\":\"https:\/\/lumart.fr\/en\/the-collections\/interior\/pendants-en\/diderot-carre-suspension-60-cm-497\/#webpage\",\"url\":\"https:\/\/lumart.fr\/en\/the-collections\/interior\/pendants-en\/diderot-carre-suspension-60-cm-497\/\",\"name\":\"Suspension Diderot Carr\\u00e9 60 cm (497) - Lum'art\",\"isPartOf\":{\"@id\":\"https:\/\/lumart.fr\/fr\/#website\"},\"primaryImageOfPage\":{\"@id\":\"https:\/\/lumart.fr\/en\/the-collections\/interior\/pendants-en\/diderot-carre-suspension-60-cm-497\/#primaryimage\"},\"datePublished\":\"2017-12-18T14:33:44+00:00\",\"dateModified\":\"2021-12-03T16:12:31+00:00\",\"description\":\"Subtilement industrielle dans sa conception, la collection Diderot, dans sa version C\\u00f4ne, regroupe dans un design \\u00e9pur\\u00e9 lampe, lampadaire et applique. Cette derni\\u00e8re peut en outre jouer les \\u00e9clairages de tableaux.\",\"breadcrumb\":{\"@id\":\"https:\/\/lumart.fr\/en\/the-collections\/interior\/pendants-en\/diderot-carre-suspension-60-cm-497\/#breadcrumb\"},\"inLanguage\":\"en-US\",\"potentialAction\":[{\"@type\":\"ReadAction\",\"target\":[\"https:\/\/lumart.fr\/en\/the-collections\/interior\/pendants-en\/diderot-carre-suspension-60-cm-497\/\"]}]},{\"@type\":\"BreadcrumbList\",\"@id\":\"https:\/\/lumart.fr\/en\/the-collections\/interior\/pendants-en\/diderot-carre-suspension-60-cm-497\/#breadcrumb\",\"itemListElement\":[{\"@type\":\"ListItem\",\"position\":1,\"name\":\"Home\",\"item\":\"https:\/\/lumart.fr\/en\/\"},{\"@type\":\"ListItem\",\"position\":2,\"name\":\"The Collections\",\"item\":\"https:\/\/lumart.fr\/en\/the-collections\/\"},{\"@type\":\"ListItem\",\"position\":3,\"name\":\"Diderot Carr\\u00e9 - Pendant 60 cm\"}]}]}<\/script>\n<!-- \/ Yoast SEO plugin. -->","yoast_head_json":{"description":"Subtilement industrielle dans sa conception, la collection Diderot, dans sa version C\u00f4ne, regroupe dans un design \u00e9pur\u00e9 lampe, lampadaire et applique. Cette derni\u00e8re peut en outre jouer les \u00e9clairages de tableaux.","robots":{"index":"index","follow":"follow","max-snippet":"max-snippet:-1","max-image-preview":"max-image-preview:large","max-video-preview":"max-video-preview:-1"},"canonical":"https:\/\/lumart.fr\/en\/the-collections\/interior\/pendants-en\/diderot-carre-suspension-60-cm-497\/","og_locale":"en_US","og_type":"article","og_title":"Suspension Diderot Carr\u00e9 60 cm (497) - Lum'art","og_description":"Subtilement industrielle dans sa conception, la collection Diderot, dans sa version C\u00f4ne, regroupe dans un design \u00e9pur\u00e9 lampe, lampadaire et applique. Cette derni\u00e8re peut en outre jouer les \u00e9clairages de tableaux.","og_url":"https:\/\/lumart.fr\/en\/the-collections\/interior\/pendants-en\/diderot-carre-suspension-60-cm-497\/","og_site_name":"Lum&#039;Art","article_publisher":"https:\/\/www.facebook.com\/LumArt-1543826629180391\/","article_modified_time":"2021-12-03T16:12:31+00:00","og_image":[{"width":2551,"height":1701,"url":"https:\/\/lumart.fr\/wp-content\/uploads\/2017\/12\/497-Suspension-Diderot-Carre-60cm-LPA-Lumart-BD-3.jpg","type":"image\/jpeg"}],"twitter_card":"summary","twitter_misc":{"Est. reading time":"1 minute"},"schema":{"@context":"https:\/\/schema.org","@graph":[{"@type":"WebSite","@id":"https:\/\/lumart.fr\/fr\/#website","url":"https:\/\/lumart.fr\/fr\/","name":"Lum'art","description":"","potentialAction":[{"@type":"SearchAction","target":{"@type":"EntryPoint","urlTemplate":"https:\/\/lumart.fr\/fr\/?s={search_term_string}"},"query-input":"required name=search_term_string"}],"inLanguage":"en-US"},{"@type":"ImageObject","@id":"https:\/\/lumart.fr\/en\/the-collections\/interior\/pendants-en\/diderot-carre-suspension-60-cm-497\/#primaryimage","inLanguage":"en-US","url":"\/wp-content\/uploads\/2017\/12\/497-Suspension-Diderot-Carre-60cm-LPA-Lumart-BD-3.jpg","contentUrl":"\/wp-content\/uploads\/2017\/12\/497-Suspension-Diderot-Carre-60cm-LPA-Lumart-BD-3.jpg","width":2551,"height":1701,"caption":"Diderot Carr\u00e9 pendant, 60 cm, acid patinated brass"},{"@type":"WebPage","@id":"https:\/\/lumart.fr\/en\/the-collections\/interior\/pendants-en\/diderot-carre-suspension-60-cm-497\/#webpage","url":"https:\/\/lumart.fr\/en\/the-collections\/interior\/pendants-en\/diderot-carre-suspension-60-cm-497\/","name":"Suspension Diderot Carr\u00e9 60 cm (497) - Lum'art","isPartOf":{"@id":"https:\/\/lumart.fr\/fr\/#website"},"primaryImageOfPage":{"@id":"https:\/\/lumart.fr\/en\/the-collections\/interior\/pendants-en\/diderot-carre-suspension-60-cm-497\/#primaryimage"},"datePublished":"2017-12-18T14:33:44+00:00","dateModified":"2021-12-03T16:12:31+00:00","description":"Subtilement industrielle dans sa conception, la collection Diderot, dans sa version C\u00f4ne, regroupe dans un design \u00e9pur\u00e9 lampe, lampadaire et applique. Cette derni\u00e8re peut en outre jouer les \u00e9clairages de tableaux.","breadcrumb":{"@id":"https:\/\/lumart.fr\/en\/the-collections\/interior\/pendants-en\/diderot-carre-suspension-60-cm-497\/#breadcrumb"},"inLanguage":"en-US","potentialAction":[{"@type":"ReadAction","target":["https:\/\/lumart.fr\/en\/the-collections\/interior\/pendants-en\/diderot-carre-suspension-60-cm-497\/"]}]},{"@type":"BreadcrumbList","@id":"https:\/\/lumart.fr\/en\/the-collections\/interior\/pendants-en\/diderot-carre-suspension-60-cm-497\/#breadcrumb","itemListElement":[{"@type":"ListItem","position":1,"name":"Home","item":"https:\/\/lumart.fr\/en\/"},{"@type":"ListItem","position":2,"name":"The Collections","item":"https:\/\/lumart.fr\/en\/the-collections\/"},{"@type":"ListItem","position":3,"name":"Diderot Carr\u00e9 - Pendant 60 cm"}]}]}},"_links":{"self":[{"href":"https:\/\/lumart.fr\/en\/wp-json\/wp\/v2\/product\/8898"}],"collection":[{"href":"https:\/\/lumart.fr\/en\/wp-json\/wp\/v2\/product"}],"about":[{"href":"https:\/\/lumart.fr\/en\/wp-json\/wp\/v2\/types\/product"}],"wp:featuredmedia":[{"embeddable":true,"href":"https:\/\/lumart.fr\/en\/wp-json\/wp\/v2\/media\/2783"}],"wp:attachment":[{"href":"https:\/\/lumart.fr\/en\/wp-json\/wp\/v2\/media?parent=8898"}],"wp:term":[{"taxonomy":"product_cat","embeddable":true,"href":"https:\/\/lumart.fr\/en\/wp-json\/wp\/v2\/product_cat?post=8898"},{"taxonomy":"product_tag","embeddable":true,"href":"https:\/\/lumart.fr\/en\/wp-json\/wp\/v2\/product_tag?post=8898"}],"curies":[{"name":"wp","href":"https:\/\/api.w.org\/{rel}","templated":true}]}}