{"id":8885,"date":"2017-12-18T14:33:51","date_gmt":"2017-12-18T14:33:51","guid":{"rendered":"https:\/\/lumart.fr\/les-collections\/uncategorized\/gare-applique-tgm-230\/"},"modified":"2021-12-03T18:08:04","modified_gmt":"2021-12-03T16:08:04","slug":"gare-applique-tgm-230","status":"publish","type":"product","link":"https:\/\/lumart.fr\/en\/the-collections\/outdoor\/wall-lanterns\/gare-applique-tgm-230\/","title":{"rendered":"Gare - Wall lantern XL"},"content":{"rendered":"<p>The Gare Collection is a successor of the antique kerosene lamps. With its spout and glass, it mimics it to a tee. Historically, this type of lantern would be found in the communal areas of large 19th century homes but today why not place it in a country-home or cottage.<\/p>\n","protected":false},"excerpt":{"rendered":"<p>The Gare Collection is a successor of the antique kerosene lamps. With its spout and glass, it mimics it to a tee. Historically, this type of lantern would be found in the communal areas of large 19th century homes but today why not place it in a country-home or cottage.<\/p>\n","protected":false},"featured_media":11850,"template":"","meta":[],"product_cat":[253],"product_tag":[],"acf":[],"yoast_head":"<!-- This site is optimized with the Yoast SEO plugin v17.8 - https:\/\/yoast.com\/wordpress\/plugins\/seo\/ -->\n<meta name=\"description\" content=\"La collection Gare est l&#039;h\u00e9riti\u00e8re de nos ancienne lanternes \u00e0 p\u00e9trole. Munie d&#039;une bouteille et d&#039;une verrerie, elle en reprend tous les codes. On trouvait historiquement ce type de lanterne dans les communs des grandes demeures au XIX\u00e8me si\u00e8cle.\" \/>\n<meta name=\"robots\" content=\"index, follow, max-snippet:-1, max-image-preview:large, max-video-preview:-1\" \/>\n<link rel=\"canonical\" href=\"https:\/\/lumart.fr\/en\/the-collections\/outdoor\/wall-lanterns\/gare-applique-tgm-230\/\" \/>\n<meta property=\"og:locale\" content=\"en_US\" \/>\n<meta property=\"og:type\" content=\"article\" \/>\n<meta property=\"og:title\" content=\"Applique Gare TGM (230) - Lum&#039;art\" \/>\n<meta property=\"og:description\" content=\"La collection Gare est l&#039;h\u00e9riti\u00e8re de nos ancienne lanternes \u00e0 p\u00e9trole. Munie d&#039;une bouteille et d&#039;une verrerie, elle en reprend tous les codes. On trouvait historiquement ce type de lanterne dans les communs des grandes demeures au XIX\u00e8me si\u00e8cle.\" \/>\n<meta property=\"og:url\" content=\"https:\/\/lumart.fr\/en\/the-collections\/outdoor\/wall-lanterns\/gare-applique-tgm-230\/\" \/>\n<meta property=\"og:site_name\" content=\"Lum&#039;Art\" \/>\n<meta property=\"article:publisher\" content=\"https:\/\/www.facebook.com\/LumArt-1543826629180391\/\" \/>\n<meta property=\"article:modified_time\" content=\"2021-12-03T16:08:04+00:00\" \/>\n<meta property=\"og:image\" content=\"https:\/\/lumart.fr\/wp-content\/uploads\/2017\/12\/230-Applique-Gare-TGM-VDG-Lumart-BD-1.jpg\" \/>\n\t<meta property=\"og:image:width\" content=\"2551\" \/>\n\t<meta property=\"og:image:height\" content=\"1701\" \/>\n<meta name=\"twitter:card\" content=\"summary\" \/>\n<meta name=\"twitter:label1\" content=\"Est. reading time\" \/>\n\t<meta name=\"twitter:data1\" content=\"1 minute\" \/>\n<script type=\"application\/ld+json\" class=\"yoast-schema-graph\">{\"@context\":\"https:\/\/schema.org\",\"@graph\":[{\"@type\":\"WebSite\",\"@id\":\"https:\/\/lumart.fr\/fr\/#website\",\"url\":\"https:\/\/lumart.fr\/fr\/\",\"name\":\"Lum'art\",\"description\":\"\",\"potentialAction\":[{\"@type\":\"SearchAction\",\"target\":{\"@type\":\"EntryPoint\",\"urlTemplate\":\"https:\/\/lumart.fr\/fr\/?s={search_term_string}\"},\"query-input\":\"required name=search_term_string\"}],\"inLanguage\":\"en-US\"},{\"@type\":\"ImageObject\",\"@id\":\"https:\/\/lumart.fr\/en\/the-collections\/outdoor\/wall-lanterns\/gare-applique-tgm-230\/#primaryimage\",\"inLanguage\":\"en-US\",\"url\":\"\/wp-content\/uploads\/2017\/12\/230-Applique-Gare-TGM-VDG-Lumart-BD-1.jpg\",\"contentUrl\":\"\/wp-content\/uploads\/2017\/12\/230-Applique-Gare-TGM-VDG-Lumart-BD-1.jpg\",\"width\":2551,\"height\":1701,\"caption\":\"Applique Gare TGM - Finition vert de gris\"},{\"@type\":\"WebPage\",\"@id\":\"https:\/\/lumart.fr\/en\/the-collections\/outdoor\/wall-lanterns\/gare-applique-tgm-230\/#webpage\",\"url\":\"https:\/\/lumart.fr\/en\/the-collections\/outdoor\/wall-lanterns\/gare-applique-tgm-230\/\",\"name\":\"Applique Gare TGM (230) - Lum'art\",\"isPartOf\":{\"@id\":\"https:\/\/lumart.fr\/fr\/#website\"},\"primaryImageOfPage\":{\"@id\":\"https:\/\/lumart.fr\/en\/the-collections\/outdoor\/wall-lanterns\/gare-applique-tgm-230\/#primaryimage\"},\"datePublished\":\"2017-12-18T14:33:51+00:00\",\"dateModified\":\"2021-12-03T16:08:04+00:00\",\"description\":\"La collection Gare est l'h\\u00e9riti\\u00e8re de nos ancienne lanternes \\u00e0 p\\u00e9trole. Munie d'une bouteille et d'une verrerie, elle en reprend tous les codes. On trouvait historiquement ce type de lanterne dans les communs des grandes demeures au XIX\\u00e8me si\\u00e8cle.\",\"breadcrumb\":{\"@id\":\"https:\/\/lumart.fr\/en\/the-collections\/outdoor\/wall-lanterns\/gare-applique-tgm-230\/#breadcrumb\"},\"inLanguage\":\"en-US\",\"potentialAction\":[{\"@type\":\"ReadAction\",\"target\":[\"https:\/\/lumart.fr\/en\/the-collections\/outdoor\/wall-lanterns\/gare-applique-tgm-230\/\"]}]},{\"@type\":\"BreadcrumbList\",\"@id\":\"https:\/\/lumart.fr\/en\/the-collections\/outdoor\/wall-lanterns\/gare-applique-tgm-230\/#breadcrumb\",\"itemListElement\":[{\"@type\":\"ListItem\",\"position\":1,\"name\":\"Home\",\"item\":\"https:\/\/lumart.fr\/en\/\"},{\"@type\":\"ListItem\",\"position\":2,\"name\":\"The Collections\",\"item\":\"https:\/\/lumart.fr\/en\/the-collections\/\"},{\"@type\":\"ListItem\",\"position\":3,\"name\":\"Gare - Wall lantern XL\"}]}]}<\/script>\n<!-- \/ Yoast SEO plugin. -->","yoast_head_json":{"description":"La collection Gare est l'h\u00e9riti\u00e8re de nos ancienne lanternes \u00e0 p\u00e9trole. Munie d'une bouteille et d'une verrerie, elle en reprend tous les codes. On trouvait historiquement ce type de lanterne dans les communs des grandes demeures au XIX\u00e8me si\u00e8cle.","robots":{"index":"index","follow":"follow","max-snippet":"max-snippet:-1","max-image-preview":"max-image-preview:large","max-video-preview":"max-video-preview:-1"},"canonical":"https:\/\/lumart.fr\/en\/the-collections\/outdoor\/wall-lanterns\/gare-applique-tgm-230\/","og_locale":"en_US","og_type":"article","og_title":"Applique Gare TGM (230) - Lum'art","og_description":"La collection Gare est l'h\u00e9riti\u00e8re de nos ancienne lanternes \u00e0 p\u00e9trole. Munie d'une bouteille et d'une verrerie, elle en reprend tous les codes. On trouvait historiquement ce type de lanterne dans les communs des grandes demeures au XIX\u00e8me si\u00e8cle.","og_url":"https:\/\/lumart.fr\/en\/the-collections\/outdoor\/wall-lanterns\/gare-applique-tgm-230\/","og_site_name":"Lum&#039;Art","article_publisher":"https:\/\/www.facebook.com\/LumArt-1543826629180391\/","article_modified_time":"2021-12-03T16:08:04+00:00","og_image":[{"width":2551,"height":1701,"url":"https:\/\/lumart.fr\/wp-content\/uploads\/2017\/12\/230-Applique-Gare-TGM-VDG-Lumart-BD-1.jpg","type":"image\/jpeg"}],"twitter_card":"summary","twitter_misc":{"Est. reading time":"1 minute"},"schema":{"@context":"https:\/\/schema.org","@graph":[{"@type":"WebSite","@id":"https:\/\/lumart.fr\/fr\/#website","url":"https:\/\/lumart.fr\/fr\/","name":"Lum'art","description":"","potentialAction":[{"@type":"SearchAction","target":{"@type":"EntryPoint","urlTemplate":"https:\/\/lumart.fr\/fr\/?s={search_term_string}"},"query-input":"required name=search_term_string"}],"inLanguage":"en-US"},{"@type":"ImageObject","@id":"https:\/\/lumart.fr\/en\/the-collections\/outdoor\/wall-lanterns\/gare-applique-tgm-230\/#primaryimage","inLanguage":"en-US","url":"\/wp-content\/uploads\/2017\/12\/230-Applique-Gare-TGM-VDG-Lumart-BD-1.jpg","contentUrl":"\/wp-content\/uploads\/2017\/12\/230-Applique-Gare-TGM-VDG-Lumart-BD-1.jpg","width":2551,"height":1701,"caption":"Applique Gare TGM - Finition vert de gris"},{"@type":"WebPage","@id":"https:\/\/lumart.fr\/en\/the-collections\/outdoor\/wall-lanterns\/gare-applique-tgm-230\/#webpage","url":"https:\/\/lumart.fr\/en\/the-collections\/outdoor\/wall-lanterns\/gare-applique-tgm-230\/","name":"Applique Gare TGM (230) - Lum'art","isPartOf":{"@id":"https:\/\/lumart.fr\/fr\/#website"},"primaryImageOfPage":{"@id":"https:\/\/lumart.fr\/en\/the-collections\/outdoor\/wall-lanterns\/gare-applique-tgm-230\/#primaryimage"},"datePublished":"2017-12-18T14:33:51+00:00","dateModified":"2021-12-03T16:08:04+00:00","description":"La collection Gare est l'h\u00e9riti\u00e8re de nos ancienne lanternes \u00e0 p\u00e9trole. Munie d'une bouteille et d'une verrerie, elle en reprend tous les codes. On trouvait historiquement ce type de lanterne dans les communs des grandes demeures au XIX\u00e8me si\u00e8cle.","breadcrumb":{"@id":"https:\/\/lumart.fr\/en\/the-collections\/outdoor\/wall-lanterns\/gare-applique-tgm-230\/#breadcrumb"},"inLanguage":"en-US","potentialAction":[{"@type":"ReadAction","target":["https:\/\/lumart.fr\/en\/the-collections\/outdoor\/wall-lanterns\/gare-applique-tgm-230\/"]}]},{"@type":"BreadcrumbList","@id":"https:\/\/lumart.fr\/en\/the-collections\/outdoor\/wall-lanterns\/gare-applique-tgm-230\/#breadcrumb","itemListElement":[{"@type":"ListItem","position":1,"name":"Home","item":"https:\/\/lumart.fr\/en\/"},{"@type":"ListItem","position":2,"name":"The Collections","item":"https:\/\/lumart.fr\/en\/the-collections\/"},{"@type":"ListItem","position":3,"name":"Gare - Wall lantern XL"}]}]}},"_links":{"self":[{"href":"https:\/\/lumart.fr\/en\/wp-json\/wp\/v2\/product\/8885"}],"collection":[{"href":"https:\/\/lumart.fr\/en\/wp-json\/wp\/v2\/product"}],"about":[{"href":"https:\/\/lumart.fr\/en\/wp-json\/wp\/v2\/types\/product"}],"wp:featuredmedia":[{"embeddable":true,"href":"https:\/\/lumart.fr\/en\/wp-json\/wp\/v2\/media\/11850"}],"wp:attachment":[{"href":"https:\/\/lumart.fr\/en\/wp-json\/wp\/v2\/media?parent=8885"}],"wp:term":[{"taxonomy":"product_cat","embeddable":true,"href":"https:\/\/lumart.fr\/en\/wp-json\/wp\/v2\/product_cat?post=8885"},{"taxonomy":"product_tag","embeddable":true,"href":"https:\/\/lumart.fr\/en\/wp-json\/wp\/v2\/product_tag?post=8885"}],"curies":[{"name":"wp","href":"https:\/\/api.w.org\/{rel}","templated":true}]}}