{"id":8884,"date":"2017-12-18T14:33:51","date_gmt":"2017-12-18T14:33:51","guid":{"rendered":"https:\/\/lumart.fr\/les-collections\/uncategorized\/etrier-forge-etrier-forge-20-cm-82845\/"},"modified":"2021-12-03T18:07:57","modified_gmt":"2021-12-03T16:07:57","slug":"etrier-forge-etrier-forge-20-cm-82845","status":"publish","type":"product","link":"https:\/\/lumart.fr\/en\/the-collections\/outdoor\/hook-up-accessories\/etrier-forge-etrier-forge-20-cm-82845\/","title":{"rendered":" 20 cm"},"content":{"rendered":"<p>This wrought iron base is the must-have accessory for your pillar or wall lanterns. Lanterns with a base typically come with a door to allow you to change the light bulb. The Lum&#8217;art team is happy to help guide you in your choice.<\/p>\n","protected":false},"excerpt":{"rendered":"<p>This wrought iron base is the must-have accessory for your pillar or wall lanterns. Lanterns with a base typically come with a door to allow you to change the light bulb. The Lum&#8217;art team is happy to help guide you in your choice. <a href=\"https:\/\/lumart.fr\/en\/the-collections\/outdoor\/hook-up-accessories\/etrier-forge-etrier-forge-20-cm-82845\/\" class=\"more\">[ &hellip; ]<\/a><\/p>\n","protected":false},"featured_media":5758,"template":"","meta":[],"product_cat":[252],"product_tag":[],"acf":[],"yoast_head":"<!-- This site is optimized with the Yoast SEO plugin v17.8 - https:\/\/yoast.com\/wordpress\/plugins\/seo\/ -->\n<meta name=\"description\" content=\"L&#039;\u00e9trier en fer forg\u00e9 est le compl\u00e9ment n\u00e9cessaire \u00e0 votre lanterne quand votre choix se porte sur une lanterne sur muret ou sur pilier. Les lanternes choisies sur \u00e9trier sont munies, pour la plupart, d&#039;une porte qui permet le changement de l&#039;ampoule.\" \/>\n<meta name=\"robots\" content=\"index, follow, max-snippet:-1, max-image-preview:large, max-video-preview:-1\" \/>\n<link rel=\"canonical\" href=\"https:\/\/lumart.fr\/en\/the-collections\/outdoor\/hook-up-accessories\/etrier-forge-etrier-forge-20-cm-82845\/\" \/>\n<meta property=\"og:locale\" content=\"en_US\" \/>\n<meta property=\"og:type\" content=\"article\" \/>\n<meta property=\"og:title\" content=\"\u00c9trier Forg\u00e9 20 cm (82845) - Lum&#039;art\" \/>\n<meta property=\"og:description\" content=\"L&#039;\u00e9trier en fer forg\u00e9 est le compl\u00e9ment n\u00e9cessaire \u00e0 votre lanterne quand votre choix se porte sur une lanterne sur muret ou sur pilier. Les lanternes choisies sur \u00e9trier sont munies, pour la plupart, d&#039;une porte qui permet le changement de l&#039;ampoule.\" \/>\n<meta property=\"og:url\" content=\"https:\/\/lumart.fr\/en\/the-collections\/outdoor\/hook-up-accessories\/etrier-forge-etrier-forge-20-cm-82845\/\" \/>\n<meta property=\"og:site_name\" content=\"Lum&#039;Art\" \/>\n<meta property=\"article:publisher\" content=\"https:\/\/www.facebook.com\/LumArt-1543826629180391\/\" \/>\n<meta property=\"article:modified_time\" content=\"2021-12-03T16:07:57+00:00\" \/>\n<meta property=\"og:image\" content=\"https:\/\/lumart.fr\/wp-content\/uploads\/2017\/12\/82845-Etrier-20cm-L-Lumart-BD-2.jpg\" \/>\n\t<meta property=\"og:image:width\" content=\"2551\" \/>\n\t<meta property=\"og:image:height\" content=\"1701\" \/>\n<meta name=\"twitter:card\" content=\"summary\" \/>\n<script type=\"application\/ld+json\" class=\"yoast-schema-graph\">{\"@context\":\"https:\/\/schema.org\",\"@graph\":[{\"@type\":\"WebSite\",\"@id\":\"https:\/\/lumart.fr\/fr\/#website\",\"url\":\"https:\/\/lumart.fr\/fr\/\",\"name\":\"Lum'art\",\"description\":\"\",\"potentialAction\":[{\"@type\":\"SearchAction\",\"target\":{\"@type\":\"EntryPoint\",\"urlTemplate\":\"https:\/\/lumart.fr\/fr\/?s={search_term_string}\"},\"query-input\":\"required name=search_term_string\"}],\"inLanguage\":\"en-US\"},{\"@type\":\"ImageObject\",\"@id\":\"https:\/\/lumart.fr\/en\/the-collections\/outdoor\/hook-up-accessories\/etrier-forge-etrier-forge-20-cm-82845\/#primaryimage\",\"inLanguage\":\"en-US\",\"url\":\"\/wp-content\/uploads\/2017\/12\/82845-Etrier-20cm-L-Lumart-BD-2.jpg\",\"contentUrl\":\"\/wp-content\/uploads\/2017\/12\/82845-Etrier-20cm-L-Lumart-BD-2.jpg\",\"width\":2551,\"height\":1701,\"caption\":\"Wrought iron base, 20 cm, black painting\"},{\"@type\":\"WebPage\",\"@id\":\"https:\/\/lumart.fr\/en\/the-collections\/outdoor\/hook-up-accessories\/etrier-forge-etrier-forge-20-cm-82845\/#webpage\",\"url\":\"https:\/\/lumart.fr\/en\/the-collections\/outdoor\/hook-up-accessories\/etrier-forge-etrier-forge-20-cm-82845\/\",\"name\":\"\\u00c9trier Forg\\u00e9 20 cm (82845) - Lum'art\",\"isPartOf\":{\"@id\":\"https:\/\/lumart.fr\/fr\/#website\"},\"primaryImageOfPage\":{\"@id\":\"https:\/\/lumart.fr\/en\/the-collections\/outdoor\/hook-up-accessories\/etrier-forge-etrier-forge-20-cm-82845\/#primaryimage\"},\"datePublished\":\"2017-12-18T14:33:51+00:00\",\"dateModified\":\"2021-12-03T16:07:57+00:00\",\"description\":\"L'\\u00e9trier en fer forg\\u00e9 est le compl\\u00e9ment n\\u00e9cessaire \\u00e0 votre lanterne quand votre choix se porte sur une lanterne sur muret ou sur pilier. Les lanternes choisies sur \\u00e9trier sont munies, pour la plupart, d'une porte qui permet le changement de l'ampoule.\",\"breadcrumb\":{\"@id\":\"https:\/\/lumart.fr\/en\/the-collections\/outdoor\/hook-up-accessories\/etrier-forge-etrier-forge-20-cm-82845\/#breadcrumb\"},\"inLanguage\":\"en-US\",\"potentialAction\":[{\"@type\":\"ReadAction\",\"target\":[\"https:\/\/lumart.fr\/en\/the-collections\/outdoor\/hook-up-accessories\/etrier-forge-etrier-forge-20-cm-82845\/\"]}]},{\"@type\":\"BreadcrumbList\",\"@id\":\"https:\/\/lumart.fr\/en\/the-collections\/outdoor\/hook-up-accessories\/etrier-forge-etrier-forge-20-cm-82845\/#breadcrumb\",\"itemListElement\":[{\"@type\":\"ListItem\",\"position\":1,\"name\":\"Home\",\"item\":\"https:\/\/lumart.fr\/en\/\"},{\"@type\":\"ListItem\",\"position\":2,\"name\":\"The Collections\",\"item\":\"https:\/\/lumart.fr\/en\/the-collections\/\"},{\"@type\":\"ListItem\",\"position\":3,\"name\":\"20 cm\"}]}]}<\/script>\n<!-- \/ Yoast SEO plugin. -->","yoast_head_json":{"description":"L'\u00e9trier en fer forg\u00e9 est le compl\u00e9ment n\u00e9cessaire \u00e0 votre lanterne quand votre choix se porte sur une lanterne sur muret ou sur pilier. Les lanternes choisies sur \u00e9trier sont munies, pour la plupart, d'une porte qui permet le changement de l'ampoule.","robots":{"index":"index","follow":"follow","max-snippet":"max-snippet:-1","max-image-preview":"max-image-preview:large","max-video-preview":"max-video-preview:-1"},"canonical":"https:\/\/lumart.fr\/en\/the-collections\/outdoor\/hook-up-accessories\/etrier-forge-etrier-forge-20-cm-82845\/","og_locale":"en_US","og_type":"article","og_title":"\u00c9trier Forg\u00e9 20 cm (82845) - Lum'art","og_description":"L'\u00e9trier en fer forg\u00e9 est le compl\u00e9ment n\u00e9cessaire \u00e0 votre lanterne quand votre choix se porte sur une lanterne sur muret ou sur pilier. Les lanternes choisies sur \u00e9trier sont munies, pour la plupart, d'une porte qui permet le changement de l'ampoule.","og_url":"https:\/\/lumart.fr\/en\/the-collections\/outdoor\/hook-up-accessories\/etrier-forge-etrier-forge-20-cm-82845\/","og_site_name":"Lum&#039;Art","article_publisher":"https:\/\/www.facebook.com\/LumArt-1543826629180391\/","article_modified_time":"2021-12-03T16:07:57+00:00","og_image":[{"width":2551,"height":1701,"url":"https:\/\/lumart.fr\/wp-content\/uploads\/2017\/12\/82845-Etrier-20cm-L-Lumart-BD-2.jpg","type":"image\/jpeg"}],"twitter_card":"summary","schema":{"@context":"https:\/\/schema.org","@graph":[{"@type":"WebSite","@id":"https:\/\/lumart.fr\/fr\/#website","url":"https:\/\/lumart.fr\/fr\/","name":"Lum'art","description":"","potentialAction":[{"@type":"SearchAction","target":{"@type":"EntryPoint","urlTemplate":"https:\/\/lumart.fr\/fr\/?s={search_term_string}"},"query-input":"required name=search_term_string"}],"inLanguage":"en-US"},{"@type":"ImageObject","@id":"https:\/\/lumart.fr\/en\/the-collections\/outdoor\/hook-up-accessories\/etrier-forge-etrier-forge-20-cm-82845\/#primaryimage","inLanguage":"en-US","url":"\/wp-content\/uploads\/2017\/12\/82845-Etrier-20cm-L-Lumart-BD-2.jpg","contentUrl":"\/wp-content\/uploads\/2017\/12\/82845-Etrier-20cm-L-Lumart-BD-2.jpg","width":2551,"height":1701,"caption":"Wrought iron base, 20 cm, black painting"},{"@type":"WebPage","@id":"https:\/\/lumart.fr\/en\/the-collections\/outdoor\/hook-up-accessories\/etrier-forge-etrier-forge-20-cm-82845\/#webpage","url":"https:\/\/lumart.fr\/en\/the-collections\/outdoor\/hook-up-accessories\/etrier-forge-etrier-forge-20-cm-82845\/","name":"\u00c9trier Forg\u00e9 20 cm (82845) - Lum'art","isPartOf":{"@id":"https:\/\/lumart.fr\/fr\/#website"},"primaryImageOfPage":{"@id":"https:\/\/lumart.fr\/en\/the-collections\/outdoor\/hook-up-accessories\/etrier-forge-etrier-forge-20-cm-82845\/#primaryimage"},"datePublished":"2017-12-18T14:33:51+00:00","dateModified":"2021-12-03T16:07:57+00:00","description":"L'\u00e9trier en fer forg\u00e9 est le compl\u00e9ment n\u00e9cessaire \u00e0 votre lanterne quand votre choix se porte sur une lanterne sur muret ou sur pilier. Les lanternes choisies sur \u00e9trier sont munies, pour la plupart, d'une porte qui permet le changement de l'ampoule.","breadcrumb":{"@id":"https:\/\/lumart.fr\/en\/the-collections\/outdoor\/hook-up-accessories\/etrier-forge-etrier-forge-20-cm-82845\/#breadcrumb"},"inLanguage":"en-US","potentialAction":[{"@type":"ReadAction","target":["https:\/\/lumart.fr\/en\/the-collections\/outdoor\/hook-up-accessories\/etrier-forge-etrier-forge-20-cm-82845\/"]}]},{"@type":"BreadcrumbList","@id":"https:\/\/lumart.fr\/en\/the-collections\/outdoor\/hook-up-accessories\/etrier-forge-etrier-forge-20-cm-82845\/#breadcrumb","itemListElement":[{"@type":"ListItem","position":1,"name":"Home","item":"https:\/\/lumart.fr\/en\/"},{"@type":"ListItem","position":2,"name":"The Collections","item":"https:\/\/lumart.fr\/en\/the-collections\/"},{"@type":"ListItem","position":3,"name":"20 cm"}]}]}},"_links":{"self":[{"href":"https:\/\/lumart.fr\/en\/wp-json\/wp\/v2\/product\/8884"}],"collection":[{"href":"https:\/\/lumart.fr\/en\/wp-json\/wp\/v2\/product"}],"about":[{"href":"https:\/\/lumart.fr\/en\/wp-json\/wp\/v2\/types\/product"}],"wp:featuredmedia":[{"embeddable":true,"href":"https:\/\/lumart.fr\/en\/wp-json\/wp\/v2\/media\/5758"}],"wp:attachment":[{"href":"https:\/\/lumart.fr\/en\/wp-json\/wp\/v2\/media?parent=8884"}],"wp:term":[{"taxonomy":"product_cat","embeddable":true,"href":"https:\/\/lumart.fr\/en\/wp-json\/wp\/v2\/product_cat?post=8884"},{"taxonomy":"product_tag","embeddable":true,"href":"https:\/\/lumart.fr\/en\/wp-json\/wp\/v2\/product_tag?post=8884"}],"curies":[{"name":"wp","href":"https:\/\/api.w.org\/{rel}","templated":true}]}}