{"id":8882,"date":"2017-12-18T14:33:52","date_gmt":"2017-12-18T14:33:52","guid":{"rendered":"https:\/\/lumart.fr\/les-collections\/uncategorized\/gare-lanterne-tgm-128\/"},"modified":"2023-06-27T14:11:29","modified_gmt":"2023-06-27T12:11:29","slug":"gare-lanterne-tgm-128","status":"publish","type":"product","link":"https:\/\/lumart.fr\/en\/the-collections\/outdoor\/lanterns\/gare-lanterne-tgm-128\/","title":{"rendered":"Gare - Lantern XL"},"content":{"rendered":"<p>La collection Gare est l&#8217;h\u00e9riti\u00e8re de nos ancienne lanternes \u00e0 p\u00e9trole. Munie d&#8217;une bouteille et d&#8217;une verrerie, elle en reprend tous les codes. On trouvait historiquement ce type de lanterne dans les communs des grandes demeures au XIX\u00e8me si\u00e8cle mais pourquoi ne pas la jouer aujourd&#8217;hui dans nos maisons de campagnes ou de montagne !<\/p>\n","protected":false},"excerpt":{"rendered":"<p>La collection Gare est l&#8217;h\u00e9riti\u00e8re de nos ancienne lanternes \u00e0 p\u00e9trole. Munie d&#8217;une bouteille et d&#8217;une verrerie, elle en reprend tous les codes. On trouvait historiquement ce type de lanterne dans les communs des grandes demeures au XIX\u00e8me si\u00e8cle mais pourquoi ne pas la jouer aujourd&#8217;hui dans nos maisons de campagnes ou de montagne !<\/p>\n","protected":false},"featured_media":1508,"template":"","meta":[],"product_cat":[258],"product_tag":[],"acf":[],"yoast_head":"<!-- This site is optimized with the Yoast SEO plugin v17.8 - https:\/\/yoast.com\/wordpress\/plugins\/seo\/ -->\n<meta name=\"description\" content=\"La collection Gare est l&#039;h\u00e9riti\u00e8re de nos ancienne lanternes \u00e0 p\u00e9trole. Munie d&#039;une bouteille et d&#039;une verrerie, elle en reprend tous les codes. On trouvait historiquement ce type de lanterne dans les communs des grandes demeures au XIX\u00e8me si\u00e8cle.\" \/>\n<meta name=\"robots\" content=\"index, follow, max-snippet:-1, max-image-preview:large, max-video-preview:-1\" \/>\n<link rel=\"canonical\" href=\"https:\/\/lumart.fr\/en\/the-collections\/outdoor\/lanterns\/gare-lanterne-tgm-128\/\" \/>\n<meta property=\"og:locale\" content=\"en_US\" \/>\n<meta property=\"og:type\" content=\"article\" \/>\n<meta property=\"og:title\" content=\"Lanterne Gare TGM (128) - Lum&#039;art\" \/>\n<meta property=\"og:description\" content=\"La collection Gare est l&#039;h\u00e9riti\u00e8re de nos ancienne lanternes \u00e0 p\u00e9trole. Munie d&#039;une bouteille et d&#039;une verrerie, elle en reprend tous les codes. On trouvait historiquement ce type de lanterne dans les communs des grandes demeures au XIX\u00e8me si\u00e8cle.\" \/>\n<meta property=\"og:url\" content=\"https:\/\/lumart.fr\/en\/the-collections\/outdoor\/lanterns\/gare-lanterne-tgm-128\/\" \/>\n<meta property=\"og:site_name\" content=\"Lum&#039;Art\" \/>\n<meta property=\"article:publisher\" content=\"https:\/\/www.facebook.com\/LumArt-1543826629180391\/\" \/>\n<meta property=\"article:modified_time\" content=\"2023-06-27T12:11:29+00:00\" \/>\n<meta property=\"og:image\" content=\"https:\/\/lumart.fr\/wp-content\/uploads\/2017\/12\/128-Lanterne-Gare-TGM-VZ-Lumart-BD-2.jpg\" \/>\n\t<meta property=\"og:image:width\" content=\"2551\" \/>\n\t<meta property=\"og:image:height\" content=\"1701\" \/>\n<meta name=\"twitter:card\" content=\"summary\" \/>\n<script type=\"application\/ld+json\" class=\"yoast-schema-graph\">{\"@context\":\"https:\/\/schema.org\",\"@graph\":[{\"@type\":\"WebSite\",\"@id\":\"https:\/\/lumart.fr\/fr\/#website\",\"url\":\"https:\/\/lumart.fr\/fr\/\",\"name\":\"Lum'art\",\"description\":\"\",\"potentialAction\":[{\"@type\":\"SearchAction\",\"target\":{\"@type\":\"EntryPoint\",\"urlTemplate\":\"https:\/\/lumart.fr\/fr\/?s={search_term_string}\"},\"query-input\":\"required name=search_term_string\"}],\"inLanguage\":\"en-US\"},{\"@type\":\"ImageObject\",\"@id\":\"https:\/\/lumart.fr\/en\/the-collections\/outdoor\/lanterns\/gare-lanterne-tgm-128\/#primaryimage\",\"inLanguage\":\"en-US\",\"url\":\"\/wp-content\/uploads\/2017\/12\/128-Lanterne-Gare-TGM-VZ-Lumart-BD-2.jpg\",\"contentUrl\":\"\/wp-content\/uploads\/2017\/12\/128-Lanterne-Gare-TGM-VZ-Lumart-BD-2.jpg\",\"width\":2551,\"height\":1701,\"caption\":\"Gare lantern, XL size, aged zinc\"},{\"@type\":\"WebPage\",\"@id\":\"https:\/\/lumart.fr\/en\/the-collections\/outdoor\/lanterns\/gare-lanterne-tgm-128\/#webpage\",\"url\":\"https:\/\/lumart.fr\/en\/the-collections\/outdoor\/lanterns\/gare-lanterne-tgm-128\/\",\"name\":\"Lanterne Gare TGM (128) - Lum'art\",\"isPartOf\":{\"@id\":\"https:\/\/lumart.fr\/fr\/#website\"},\"primaryImageOfPage\":{\"@id\":\"https:\/\/lumart.fr\/en\/the-collections\/outdoor\/lanterns\/gare-lanterne-tgm-128\/#primaryimage\"},\"datePublished\":\"2017-12-18T14:33:52+00:00\",\"dateModified\":\"2023-06-27T12:11:29+00:00\",\"description\":\"La collection Gare est l'h\\u00e9riti\\u00e8re de nos ancienne lanternes \\u00e0 p\\u00e9trole. Munie d'une bouteille et d'une verrerie, elle en reprend tous les codes. On trouvait historiquement ce type de lanterne dans les communs des grandes demeures au XIX\\u00e8me si\\u00e8cle.\",\"breadcrumb\":{\"@id\":\"https:\/\/lumart.fr\/en\/the-collections\/outdoor\/lanterns\/gare-lanterne-tgm-128\/#breadcrumb\"},\"inLanguage\":\"en-US\",\"potentialAction\":[{\"@type\":\"ReadAction\",\"target\":[\"https:\/\/lumart.fr\/en\/the-collections\/outdoor\/lanterns\/gare-lanterne-tgm-128\/\"]}]},{\"@type\":\"BreadcrumbList\",\"@id\":\"https:\/\/lumart.fr\/en\/the-collections\/outdoor\/lanterns\/gare-lanterne-tgm-128\/#breadcrumb\",\"itemListElement\":[{\"@type\":\"ListItem\",\"position\":1,\"name\":\"Home\",\"item\":\"https:\/\/lumart.fr\/en\/\"},{\"@type\":\"ListItem\",\"position\":2,\"name\":\"The Collections\",\"item\":\"https:\/\/lumart.fr\/en\/the-collections\/\"},{\"@type\":\"ListItem\",\"position\":3,\"name\":\"Gare - Lantern XL\"}]}]}<\/script>\n<!-- \/ Yoast SEO plugin. -->","yoast_head_json":{"description":"La collection Gare est l'h\u00e9riti\u00e8re de nos ancienne lanternes \u00e0 p\u00e9trole. Munie d'une bouteille et d'une verrerie, elle en reprend tous les codes. On trouvait historiquement ce type de lanterne dans les communs des grandes demeures au XIX\u00e8me si\u00e8cle.","robots":{"index":"index","follow":"follow","max-snippet":"max-snippet:-1","max-image-preview":"max-image-preview:large","max-video-preview":"max-video-preview:-1"},"canonical":"https:\/\/lumart.fr\/en\/the-collections\/outdoor\/lanterns\/gare-lanterne-tgm-128\/","og_locale":"en_US","og_type":"article","og_title":"Lanterne Gare TGM (128) - Lum'art","og_description":"La collection Gare est l'h\u00e9riti\u00e8re de nos ancienne lanternes \u00e0 p\u00e9trole. Munie d'une bouteille et d'une verrerie, elle en reprend tous les codes. On trouvait historiquement ce type de lanterne dans les communs des grandes demeures au XIX\u00e8me si\u00e8cle.","og_url":"https:\/\/lumart.fr\/en\/the-collections\/outdoor\/lanterns\/gare-lanterne-tgm-128\/","og_site_name":"Lum&#039;Art","article_publisher":"https:\/\/www.facebook.com\/LumArt-1543826629180391\/","article_modified_time":"2023-06-27T12:11:29+00:00","og_image":[{"width":2551,"height":1701,"url":"https:\/\/lumart.fr\/wp-content\/uploads\/2017\/12\/128-Lanterne-Gare-TGM-VZ-Lumart-BD-2.jpg","type":"image\/jpeg"}],"twitter_card":"summary","schema":{"@context":"https:\/\/schema.org","@graph":[{"@type":"WebSite","@id":"https:\/\/lumart.fr\/fr\/#website","url":"https:\/\/lumart.fr\/fr\/","name":"Lum'art","description":"","potentialAction":[{"@type":"SearchAction","target":{"@type":"EntryPoint","urlTemplate":"https:\/\/lumart.fr\/fr\/?s={search_term_string}"},"query-input":"required name=search_term_string"}],"inLanguage":"en-US"},{"@type":"ImageObject","@id":"https:\/\/lumart.fr\/en\/the-collections\/outdoor\/lanterns\/gare-lanterne-tgm-128\/#primaryimage","inLanguage":"en-US","url":"\/wp-content\/uploads\/2017\/12\/128-Lanterne-Gare-TGM-VZ-Lumart-BD-2.jpg","contentUrl":"\/wp-content\/uploads\/2017\/12\/128-Lanterne-Gare-TGM-VZ-Lumart-BD-2.jpg","width":2551,"height":1701,"caption":"Gare lantern, XL size, aged zinc"},{"@type":"WebPage","@id":"https:\/\/lumart.fr\/en\/the-collections\/outdoor\/lanterns\/gare-lanterne-tgm-128\/#webpage","url":"https:\/\/lumart.fr\/en\/the-collections\/outdoor\/lanterns\/gare-lanterne-tgm-128\/","name":"Lanterne Gare TGM (128) - Lum'art","isPartOf":{"@id":"https:\/\/lumart.fr\/fr\/#website"},"primaryImageOfPage":{"@id":"https:\/\/lumart.fr\/en\/the-collections\/outdoor\/lanterns\/gare-lanterne-tgm-128\/#primaryimage"},"datePublished":"2017-12-18T14:33:52+00:00","dateModified":"2023-06-27T12:11:29+00:00","description":"La collection Gare est l'h\u00e9riti\u00e8re de nos ancienne lanternes \u00e0 p\u00e9trole. Munie d'une bouteille et d'une verrerie, elle en reprend tous les codes. On trouvait historiquement ce type de lanterne dans les communs des grandes demeures au XIX\u00e8me si\u00e8cle.","breadcrumb":{"@id":"https:\/\/lumart.fr\/en\/the-collections\/outdoor\/lanterns\/gare-lanterne-tgm-128\/#breadcrumb"},"inLanguage":"en-US","potentialAction":[{"@type":"ReadAction","target":["https:\/\/lumart.fr\/en\/the-collections\/outdoor\/lanterns\/gare-lanterne-tgm-128\/"]}]},{"@type":"BreadcrumbList","@id":"https:\/\/lumart.fr\/en\/the-collections\/outdoor\/lanterns\/gare-lanterne-tgm-128\/#breadcrumb","itemListElement":[{"@type":"ListItem","position":1,"name":"Home","item":"https:\/\/lumart.fr\/en\/"},{"@type":"ListItem","position":2,"name":"The Collections","item":"https:\/\/lumart.fr\/en\/the-collections\/"},{"@type":"ListItem","position":3,"name":"Gare - Lantern XL"}]}]}},"_links":{"self":[{"href":"https:\/\/lumart.fr\/en\/wp-json\/wp\/v2\/product\/8882"}],"collection":[{"href":"https:\/\/lumart.fr\/en\/wp-json\/wp\/v2\/product"}],"about":[{"href":"https:\/\/lumart.fr\/en\/wp-json\/wp\/v2\/types\/product"}],"wp:featuredmedia":[{"embeddable":true,"href":"https:\/\/lumart.fr\/en\/wp-json\/wp\/v2\/media\/1508"}],"wp:attachment":[{"href":"https:\/\/lumart.fr\/en\/wp-json\/wp\/v2\/media?parent=8882"}],"wp:term":[{"taxonomy":"product_cat","embeddable":true,"href":"https:\/\/lumart.fr\/en\/wp-json\/wp\/v2\/product_cat?post=8882"},{"taxonomy":"product_tag","embeddable":true,"href":"https:\/\/lumart.fr\/en\/wp-json\/wp\/v2\/product_tag?post=8882"}],"curies":[{"name":"wp","href":"https:\/\/api.w.org\/{rel}","templated":true}]}}