{"id":8880,"date":"2017-12-18T14:33:53","date_gmt":"2017-12-18T14:33:53","guid":{"rendered":"https:\/\/lumart.fr\/les-collections\/uncategorized\/gatsby-applique-3152-2\/"},"modified":"2018-06-15T04:33:02","modified_gmt":"2018-06-15T04:33:02","slug":"gatsby-applique-3152-2","status":"publish","type":"product","link":"https:\/\/lumart.fr\/en\/the-collections\/interior\/wall-lights\/gatsby-applique-3152-2\/","title":{"rendered":"Gatsby - Wall lantern"},"content":{"rendered":"<p>The sleek Gatsby wall light plays up the contrast between the brushed brass or zinc front and the polished brass or zinc back for a reflective effect. Light is cast upwards or downwards for a unique beam-like effect. Sublime!<\/p>\n","protected":false},"excerpt":{"rendered":"<p>The sleek Gatsby wall light plays up the contrast between the brushed brass or zinc front and the polished brass or zinc back for a reflective effect. Light is cast upwards or downwards for a unique beam-like effect. Sublime!<\/p>\n","protected":false},"featured_media":10164,"template":"","meta":[],"product_cat":[261],"product_tag":[],"acf":[],"yoast_head":"<!-- This site is optimized with the Yoast SEO plugin v17.8 - https:\/\/yoast.com\/wordpress\/plugins\/seo\/ -->\n<meta name=\"description\" content=\"L&#039;applique design Gatsby joue les contrastes du laiton ou du zinc bross\u00e9 en fa\u00e7ade et du laiton ou zinc poli en arri\u00e8re plan pour un effet r\u00e9flecteur. La lumi\u00e8re est diffus\u00e9e vers le haut et vers le bas pour un rendu singulier tout en faisceaux lumineux. Sublime.\" \/>\n<meta name=\"robots\" content=\"index, follow, max-snippet:-1, max-image-preview:large, max-video-preview:-1\" \/>\n<link rel=\"canonical\" href=\"https:\/\/lumart.fr\/en\/the-collections\/interior\/wall-lights\/gatsby-applique-3152-2\/\" \/>\n<meta property=\"og:locale\" content=\"en_US\" \/>\n<meta property=\"og:type\" content=\"article\" \/>\n<meta property=\"og:title\" content=\"Applique Gatsby (3152\/2) - Lum&#039;art\" \/>\n<meta property=\"og:description\" content=\"L&#039;applique design Gatsby joue les contrastes du laiton ou du zinc bross\u00e9 en fa\u00e7ade et du laiton ou zinc poli en arri\u00e8re plan pour un effet r\u00e9flecteur. La lumi\u00e8re est diffus\u00e9e vers le haut et vers le bas pour un rendu singulier tout en faisceaux lumineux. Sublime.\" \/>\n<meta property=\"og:url\" content=\"https:\/\/lumart.fr\/en\/the-collections\/interior\/wall-lights\/gatsby-applique-3152-2\/\" \/>\n<meta property=\"og:site_name\" content=\"Lum&#039;Art\" \/>\n<meta property=\"article:publisher\" content=\"https:\/\/www.facebook.com\/LumArt-1543826629180391\/\" \/>\n<meta property=\"article:modified_time\" content=\"2018-06-15T04:33:02+00:00\" \/>\n<meta property=\"og:image\" content=\"https:\/\/lumart.fr\/wp-content\/uploads\/2018\/11\/Paris-Applique-Gatsby-LBro-2.jpg\" \/>\n\t<meta property=\"og:image:width\" content=\"2551\" \/>\n\t<meta property=\"og:image:height\" content=\"1701\" \/>\n<meta name=\"twitter:card\" content=\"summary\" \/>\n<script type=\"application\/ld+json\" class=\"yoast-schema-graph\">{\"@context\":\"https:\/\/schema.org\",\"@graph\":[{\"@type\":\"WebSite\",\"@id\":\"https:\/\/lumart.fr\/fr\/#website\",\"url\":\"https:\/\/lumart.fr\/fr\/\",\"name\":\"Lum'art\",\"description\":\"\",\"potentialAction\":[{\"@type\":\"SearchAction\",\"target\":{\"@type\":\"EntryPoint\",\"urlTemplate\":\"https:\/\/lumart.fr\/fr\/?s={search_term_string}\"},\"query-input\":\"required name=search_term_string\"}],\"inLanguage\":\"en-US\"},{\"@type\":\"ImageObject\",\"@id\":\"https:\/\/lumart.fr\/en\/the-collections\/interior\/wall-lights\/gatsby-applique-3152-2\/#primaryimage\",\"inLanguage\":\"en-US\",\"url\":\"\/wp-content\/uploads\/2018\/11\/Paris-Applique-Gatsby-LBro-2.jpg\",\"contentUrl\":\"\/wp-content\/uploads\/2018\/11\/Paris-Applique-Gatsby-LBro-2.jpg\",\"width\":2551,\"height\":1701,\"caption\":\"Gatsby wall light, brushed brass\"},{\"@type\":\"WebPage\",\"@id\":\"https:\/\/lumart.fr\/en\/the-collections\/interior\/wall-lights\/gatsby-applique-3152-2\/#webpage\",\"url\":\"https:\/\/lumart.fr\/en\/the-collections\/interior\/wall-lights\/gatsby-applique-3152-2\/\",\"name\":\"Applique Gatsby (3152\/2) - Lum'art\",\"isPartOf\":{\"@id\":\"https:\/\/lumart.fr\/fr\/#website\"},\"primaryImageOfPage\":{\"@id\":\"https:\/\/lumart.fr\/en\/the-collections\/interior\/wall-lights\/gatsby-applique-3152-2\/#primaryimage\"},\"datePublished\":\"2017-12-18T14:33:53+00:00\",\"dateModified\":\"2018-06-15T04:33:02+00:00\",\"description\":\"L'applique design Gatsby joue les contrastes du laiton ou du zinc bross\\u00e9 en fa\\u00e7ade et du laiton ou zinc poli en arri\\u00e8re plan pour un effet r\\u00e9flecteur. La lumi\\u00e8re est diffus\\u00e9e vers le haut et vers le bas pour un rendu singulier tout en faisceaux lumineux. Sublime.\",\"breadcrumb\":{\"@id\":\"https:\/\/lumart.fr\/en\/the-collections\/interior\/wall-lights\/gatsby-applique-3152-2\/#breadcrumb\"},\"inLanguage\":\"en-US\",\"potentialAction\":[{\"@type\":\"ReadAction\",\"target\":[\"https:\/\/lumart.fr\/en\/the-collections\/interior\/wall-lights\/gatsby-applique-3152-2\/\"]}]},{\"@type\":\"BreadcrumbList\",\"@id\":\"https:\/\/lumart.fr\/en\/the-collections\/interior\/wall-lights\/gatsby-applique-3152-2\/#breadcrumb\",\"itemListElement\":[{\"@type\":\"ListItem\",\"position\":1,\"name\":\"Home\",\"item\":\"https:\/\/lumart.fr\/en\/\"},{\"@type\":\"ListItem\",\"position\":2,\"name\":\"The Collections\",\"item\":\"https:\/\/lumart.fr\/en\/the-collections\/\"},{\"@type\":\"ListItem\",\"position\":3,\"name\":\"Gatsby - Wall lantern\"}]}]}<\/script>\n<!-- \/ Yoast SEO plugin. -->","yoast_head_json":{"description":"L'applique design Gatsby joue les contrastes du laiton ou du zinc bross\u00e9 en fa\u00e7ade et du laiton ou zinc poli en arri\u00e8re plan pour un effet r\u00e9flecteur. La lumi\u00e8re est diffus\u00e9e vers le haut et vers le bas pour un rendu singulier tout en faisceaux lumineux. Sublime.","robots":{"index":"index","follow":"follow","max-snippet":"max-snippet:-1","max-image-preview":"max-image-preview:large","max-video-preview":"max-video-preview:-1"},"canonical":"https:\/\/lumart.fr\/en\/the-collections\/interior\/wall-lights\/gatsby-applique-3152-2\/","og_locale":"en_US","og_type":"article","og_title":"Applique Gatsby (3152\/2) - Lum'art","og_description":"L'applique design Gatsby joue les contrastes du laiton ou du zinc bross\u00e9 en fa\u00e7ade et du laiton ou zinc poli en arri\u00e8re plan pour un effet r\u00e9flecteur. La lumi\u00e8re est diffus\u00e9e vers le haut et vers le bas pour un rendu singulier tout en faisceaux lumineux. Sublime.","og_url":"https:\/\/lumart.fr\/en\/the-collections\/interior\/wall-lights\/gatsby-applique-3152-2\/","og_site_name":"Lum&#039;Art","article_publisher":"https:\/\/www.facebook.com\/LumArt-1543826629180391\/","article_modified_time":"2018-06-15T04:33:02+00:00","og_image":[{"width":2551,"height":1701,"url":"https:\/\/lumart.fr\/wp-content\/uploads\/2018\/11\/Paris-Applique-Gatsby-LBro-2.jpg","type":"image\/jpeg"}],"twitter_card":"summary","schema":{"@context":"https:\/\/schema.org","@graph":[{"@type":"WebSite","@id":"https:\/\/lumart.fr\/fr\/#website","url":"https:\/\/lumart.fr\/fr\/","name":"Lum'art","description":"","potentialAction":[{"@type":"SearchAction","target":{"@type":"EntryPoint","urlTemplate":"https:\/\/lumart.fr\/fr\/?s={search_term_string}"},"query-input":"required name=search_term_string"}],"inLanguage":"en-US"},{"@type":"ImageObject","@id":"https:\/\/lumart.fr\/en\/the-collections\/interior\/wall-lights\/gatsby-applique-3152-2\/#primaryimage","inLanguage":"en-US","url":"\/wp-content\/uploads\/2018\/11\/Paris-Applique-Gatsby-LBro-2.jpg","contentUrl":"\/wp-content\/uploads\/2018\/11\/Paris-Applique-Gatsby-LBro-2.jpg","width":2551,"height":1701,"caption":"Gatsby wall light, brushed brass"},{"@type":"WebPage","@id":"https:\/\/lumart.fr\/en\/the-collections\/interior\/wall-lights\/gatsby-applique-3152-2\/#webpage","url":"https:\/\/lumart.fr\/en\/the-collections\/interior\/wall-lights\/gatsby-applique-3152-2\/","name":"Applique Gatsby (3152\/2) - Lum'art","isPartOf":{"@id":"https:\/\/lumart.fr\/fr\/#website"},"primaryImageOfPage":{"@id":"https:\/\/lumart.fr\/en\/the-collections\/interior\/wall-lights\/gatsby-applique-3152-2\/#primaryimage"},"datePublished":"2017-12-18T14:33:53+00:00","dateModified":"2018-06-15T04:33:02+00:00","description":"L'applique design Gatsby joue les contrastes du laiton ou du zinc bross\u00e9 en fa\u00e7ade et du laiton ou zinc poli en arri\u00e8re plan pour un effet r\u00e9flecteur. La lumi\u00e8re est diffus\u00e9e vers le haut et vers le bas pour un rendu singulier tout en faisceaux lumineux. Sublime.","breadcrumb":{"@id":"https:\/\/lumart.fr\/en\/the-collections\/interior\/wall-lights\/gatsby-applique-3152-2\/#breadcrumb"},"inLanguage":"en-US","potentialAction":[{"@type":"ReadAction","target":["https:\/\/lumart.fr\/en\/the-collections\/interior\/wall-lights\/gatsby-applique-3152-2\/"]}]},{"@type":"BreadcrumbList","@id":"https:\/\/lumart.fr\/en\/the-collections\/interior\/wall-lights\/gatsby-applique-3152-2\/#breadcrumb","itemListElement":[{"@type":"ListItem","position":1,"name":"Home","item":"https:\/\/lumart.fr\/en\/"},{"@type":"ListItem","position":2,"name":"The Collections","item":"https:\/\/lumart.fr\/en\/the-collections\/"},{"@type":"ListItem","position":3,"name":"Gatsby - Wall lantern"}]}]}},"_links":{"self":[{"href":"https:\/\/lumart.fr\/en\/wp-json\/wp\/v2\/product\/8880"}],"collection":[{"href":"https:\/\/lumart.fr\/en\/wp-json\/wp\/v2\/product"}],"about":[{"href":"https:\/\/lumart.fr\/en\/wp-json\/wp\/v2\/types\/product"}],"wp:featuredmedia":[{"embeddable":true,"href":"https:\/\/lumart.fr\/en\/wp-json\/wp\/v2\/media\/10164"}],"wp:attachment":[{"href":"https:\/\/lumart.fr\/en\/wp-json\/wp\/v2\/media?parent=8880"}],"wp:term":[{"taxonomy":"product_cat","embeddable":true,"href":"https:\/\/lumart.fr\/en\/wp-json\/wp\/v2\/product_cat?post=8880"},{"taxonomy":"product_tag","embeddable":true,"href":"https:\/\/lumart.fr\/en\/wp-json\/wp\/v2\/product_tag?post=8880"}],"curies":[{"name":"wp","href":"https:\/\/api.w.org\/{rel}","templated":true}]}}