{"id":8876,"date":"2017-12-18T14:33:55","date_gmt":"2017-12-18T14:33:55","guid":{"rendered":"https:\/\/lumart.fr\/les-collections\/uncategorized\/gerando-spot-7751\/"},"modified":"2020-09-14T11:02:16","modified_gmt":"2020-09-14T09:02:16","slug":"gerando-spot-pm-7751","status":"publish","type":"product","link":"https:\/\/lumart.fr\/en\/the-collections\/interior\/spotlights\/gerando-spot-pm-7751\/","title":{"rendered":"G\u00e9rando - Spotlight S"},"content":{"rendered":"<p>The refined G\u00e9rando spotlight brings a graphic touch when it is installed in a series on the ceiling for example. Its pivoting head allows you to direct the light in any direction.<\/p>\n","protected":false},"excerpt":{"rendered":"<p>The refined G\u00e9rando spotlight brings a graphic touch when it is installed in a series on the ceiling for example. Its pivoting head allows you to direct the light in any direction. <a href=\"https:\/\/lumart.fr\/en\/the-collections\/interior\/spotlights\/gerando-spot-pm-7751\/\" class=\"more\">[ &hellip; ]<\/a><\/p>\n","protected":false},"featured_media":5190,"template":"","meta":[],"product_cat":[269],"product_tag":[],"acf":[],"yoast_head":"<!-- This site is optimized with the Yoast SEO plugin v17.8 - https:\/\/yoast.com\/wordpress\/plugins\/seo\/ -->\n<meta name=\"description\" content=\"\u00c9pur\u00e9 dans son design, le spot G\u00e9rando apporte une touche graphique quand il est jou\u00e9 en s\u00e9rie sur un plafond par exemple. Totalement orientable, il oriente la lumi\u00e8re de fa\u00e7on directionnelle.\" \/>\n<meta name=\"robots\" content=\"index, follow, max-snippet:-1, max-image-preview:large, max-video-preview:-1\" \/>\n<link rel=\"canonical\" href=\"https:\/\/lumart.fr\/en\/the-collections\/interior\/spotlights\/gerando-spot-pm-7751\/\" \/>\n<meta property=\"og:locale\" content=\"en_US\" \/>\n<meta property=\"og:type\" content=\"article\" \/>\n<meta property=\"og:title\" content=\"Spot G\u00e9rando (7751) - Lum&#039;art\" \/>\n<meta property=\"og:description\" content=\"\u00c9pur\u00e9 dans son design, le spot G\u00e9rando apporte une touche graphique quand il est jou\u00e9 en s\u00e9rie sur un plafond par exemple. Totalement orientable, il oriente la lumi\u00e8re de fa\u00e7on directionnelle.\" \/>\n<meta property=\"og:url\" content=\"https:\/\/lumart.fr\/en\/the-collections\/interior\/spotlights\/gerando-spot-pm-7751\/\" \/>\n<meta property=\"og:site_name\" content=\"Lum&#039;Art\" \/>\n<meta property=\"article:publisher\" content=\"https:\/\/www.facebook.com\/LumArt-1543826629180391\/\" \/>\n<meta property=\"article:modified_time\" content=\"2020-09-14T09:02:16+00:00\" \/>\n<meta property=\"og:image\" content=\"https:\/\/lumart.fr\/wp-content\/uploads\/2017\/12\/7751-Spot-Gerando-LB-Lumart-BD-4.jpg\" \/>\n\t<meta property=\"og:image:width\" content=\"2551\" \/>\n\t<meta property=\"og:image:height\" content=\"1701\" \/>\n<meta name=\"twitter:card\" content=\"summary\" \/>\n<script type=\"application\/ld+json\" class=\"yoast-schema-graph\">{\"@context\":\"https:\/\/schema.org\",\"@graph\":[{\"@type\":\"WebSite\",\"@id\":\"https:\/\/lumart.fr\/fr\/#website\",\"url\":\"https:\/\/lumart.fr\/fr\/\",\"name\":\"Lum'art\",\"description\":\"\",\"potentialAction\":[{\"@type\":\"SearchAction\",\"target\":{\"@type\":\"EntryPoint\",\"urlTemplate\":\"https:\/\/lumart.fr\/fr\/?s={search_term_string}\"},\"query-input\":\"required name=search_term_string\"}],\"inLanguage\":\"en-US\"},{\"@type\":\"ImageObject\",\"@id\":\"https:\/\/lumart.fr\/en\/the-collections\/interior\/spotlights\/gerando-spot-pm-7751\/#primaryimage\",\"inLanguage\":\"en-US\",\"url\":\"\/wp-content\/uploads\/2017\/12\/7751-Spot-Gerando-LB-Lumart-BD-4.jpg\",\"contentUrl\":\"\/wp-content\/uploads\/2017\/12\/7751-Spot-Gerando-LB-Lumart-BD-4.jpg\",\"width\":2551,\"height\":1701,\"caption\":\"G\\u00e9rando spotlight, S size, brushed brass\"},{\"@type\":\"WebPage\",\"@id\":\"https:\/\/lumart.fr\/en\/the-collections\/interior\/spotlights\/gerando-spot-pm-7751\/#webpage\",\"url\":\"https:\/\/lumart.fr\/en\/the-collections\/interior\/spotlights\/gerando-spot-pm-7751\/\",\"name\":\"Spot G\\u00e9rando (7751) - Lum'art\",\"isPartOf\":{\"@id\":\"https:\/\/lumart.fr\/fr\/#website\"},\"primaryImageOfPage\":{\"@id\":\"https:\/\/lumart.fr\/en\/the-collections\/interior\/spotlights\/gerando-spot-pm-7751\/#primaryimage\"},\"datePublished\":\"2017-12-18T14:33:55+00:00\",\"dateModified\":\"2020-09-14T09:02:16+00:00\",\"description\":\"\\u00c9pur\\u00e9 dans son design, le spot G\\u00e9rando apporte une touche graphique quand il est jou\\u00e9 en s\\u00e9rie sur un plafond par exemple. Totalement orientable, il oriente la lumi\\u00e8re de fa\\u00e7on directionnelle.\",\"breadcrumb\":{\"@id\":\"https:\/\/lumart.fr\/en\/the-collections\/interior\/spotlights\/gerando-spot-pm-7751\/#breadcrumb\"},\"inLanguage\":\"en-US\",\"potentialAction\":[{\"@type\":\"ReadAction\",\"target\":[\"https:\/\/lumart.fr\/en\/the-collections\/interior\/spotlights\/gerando-spot-pm-7751\/\"]}]},{\"@type\":\"BreadcrumbList\",\"@id\":\"https:\/\/lumart.fr\/en\/the-collections\/interior\/spotlights\/gerando-spot-pm-7751\/#breadcrumb\",\"itemListElement\":[{\"@type\":\"ListItem\",\"position\":1,\"name\":\"Home\",\"item\":\"https:\/\/lumart.fr\/en\/\"},{\"@type\":\"ListItem\",\"position\":2,\"name\":\"The Collections\",\"item\":\"https:\/\/lumart.fr\/en\/the-collections\/\"},{\"@type\":\"ListItem\",\"position\":3,\"name\":\"G\\u00e9rando - Spotlight S\"}]}]}<\/script>\n<!-- \/ Yoast SEO plugin. -->","yoast_head_json":{"description":"\u00c9pur\u00e9 dans son design, le spot G\u00e9rando apporte une touche graphique quand il est jou\u00e9 en s\u00e9rie sur un plafond par exemple. Totalement orientable, il oriente la lumi\u00e8re de fa\u00e7on directionnelle.","robots":{"index":"index","follow":"follow","max-snippet":"max-snippet:-1","max-image-preview":"max-image-preview:large","max-video-preview":"max-video-preview:-1"},"canonical":"https:\/\/lumart.fr\/en\/the-collections\/interior\/spotlights\/gerando-spot-pm-7751\/","og_locale":"en_US","og_type":"article","og_title":"Spot G\u00e9rando (7751) - Lum'art","og_description":"\u00c9pur\u00e9 dans son design, le spot G\u00e9rando apporte une touche graphique quand il est jou\u00e9 en s\u00e9rie sur un plafond par exemple. Totalement orientable, il oriente la lumi\u00e8re de fa\u00e7on directionnelle.","og_url":"https:\/\/lumart.fr\/en\/the-collections\/interior\/spotlights\/gerando-spot-pm-7751\/","og_site_name":"Lum&#039;Art","article_publisher":"https:\/\/www.facebook.com\/LumArt-1543826629180391\/","article_modified_time":"2020-09-14T09:02:16+00:00","og_image":[{"width":2551,"height":1701,"url":"https:\/\/lumart.fr\/wp-content\/uploads\/2017\/12\/7751-Spot-Gerando-LB-Lumart-BD-4.jpg","type":"image\/jpeg"}],"twitter_card":"summary","schema":{"@context":"https:\/\/schema.org","@graph":[{"@type":"WebSite","@id":"https:\/\/lumart.fr\/fr\/#website","url":"https:\/\/lumart.fr\/fr\/","name":"Lum'art","description":"","potentialAction":[{"@type":"SearchAction","target":{"@type":"EntryPoint","urlTemplate":"https:\/\/lumart.fr\/fr\/?s={search_term_string}"},"query-input":"required name=search_term_string"}],"inLanguage":"en-US"},{"@type":"ImageObject","@id":"https:\/\/lumart.fr\/en\/the-collections\/interior\/spotlights\/gerando-spot-pm-7751\/#primaryimage","inLanguage":"en-US","url":"\/wp-content\/uploads\/2017\/12\/7751-Spot-Gerando-LB-Lumart-BD-4.jpg","contentUrl":"\/wp-content\/uploads\/2017\/12\/7751-Spot-Gerando-LB-Lumart-BD-4.jpg","width":2551,"height":1701,"caption":"G\u00e9rando spotlight, S size, brushed brass"},{"@type":"WebPage","@id":"https:\/\/lumart.fr\/en\/the-collections\/interior\/spotlights\/gerando-spot-pm-7751\/#webpage","url":"https:\/\/lumart.fr\/en\/the-collections\/interior\/spotlights\/gerando-spot-pm-7751\/","name":"Spot G\u00e9rando (7751) - Lum'art","isPartOf":{"@id":"https:\/\/lumart.fr\/fr\/#website"},"primaryImageOfPage":{"@id":"https:\/\/lumart.fr\/en\/the-collections\/interior\/spotlights\/gerando-spot-pm-7751\/#primaryimage"},"datePublished":"2017-12-18T14:33:55+00:00","dateModified":"2020-09-14T09:02:16+00:00","description":"\u00c9pur\u00e9 dans son design, le spot G\u00e9rando apporte une touche graphique quand il est jou\u00e9 en s\u00e9rie sur un plafond par exemple. Totalement orientable, il oriente la lumi\u00e8re de fa\u00e7on directionnelle.","breadcrumb":{"@id":"https:\/\/lumart.fr\/en\/the-collections\/interior\/spotlights\/gerando-spot-pm-7751\/#breadcrumb"},"inLanguage":"en-US","potentialAction":[{"@type":"ReadAction","target":["https:\/\/lumart.fr\/en\/the-collections\/interior\/spotlights\/gerando-spot-pm-7751\/"]}]},{"@type":"BreadcrumbList","@id":"https:\/\/lumart.fr\/en\/the-collections\/interior\/spotlights\/gerando-spot-pm-7751\/#breadcrumb","itemListElement":[{"@type":"ListItem","position":1,"name":"Home","item":"https:\/\/lumart.fr\/en\/"},{"@type":"ListItem","position":2,"name":"The Collections","item":"https:\/\/lumart.fr\/en\/the-collections\/"},{"@type":"ListItem","position":3,"name":"G\u00e9rando - Spotlight S"}]}]}},"_links":{"self":[{"href":"https:\/\/lumart.fr\/en\/wp-json\/wp\/v2\/product\/8876"}],"collection":[{"href":"https:\/\/lumart.fr\/en\/wp-json\/wp\/v2\/product"}],"about":[{"href":"https:\/\/lumart.fr\/en\/wp-json\/wp\/v2\/types\/product"}],"wp:featuredmedia":[{"embeddable":true,"href":"https:\/\/lumart.fr\/en\/wp-json\/wp\/v2\/media\/5190"}],"wp:attachment":[{"href":"https:\/\/lumart.fr\/en\/wp-json\/wp\/v2\/media?parent=8876"}],"wp:term":[{"taxonomy":"product_cat","embeddable":true,"href":"https:\/\/lumart.fr\/en\/wp-json\/wp\/v2\/product_cat?post=8876"},{"taxonomy":"product_tag","embeddable":true,"href":"https:\/\/lumart.fr\/en\/wp-json\/wp\/v2\/product_tag?post=8876"}],"curies":[{"name":"wp","href":"https:\/\/api.w.org\/{rel}","templated":true}]}}