{"id":8874,"date":"2017-12-18T14:33:56","date_gmt":"2017-12-18T14:33:56","guid":{"rendered":"https:\/\/lumart.fr\/les-collections\/uncategorized\/grange-suspension-477\/"},"modified":"2023-06-27T14:02:48","modified_gmt":"2023-06-27T12:02:48","slug":"grange-suspension-477","status":"publish","type":"product","link":"https:\/\/lumart.fr\/en\/the-collections\/interior\/pendants-en\/grange-suspension-477\/","title":{"rendered":"Grange - Pendant"},"content":{"rendered":"<p>La lanterne Grange est une subtile r\u00e9 interpr\u00e9tation des lanternes \u00e0 p\u00e9trole d&#8217;autrefois. Bouteille et verrerie se joueront d&#8217;une autre \u00e9poque avec nostalgie et pourtant l&#8217;\u00e9lectricit\u00e9 est bien l\u00e0. Id\u00e9ale dans une cuisine, un couloir ou dans une grange !<\/p>\n","protected":false},"excerpt":{"rendered":"<p>La lanterne Grange est une subtile r\u00e9 interpr\u00e9tation des lanternes \u00e0 p\u00e9trole d&#8217;autrefois. Bouteille et verrerie se joueront d&#8217;une autre \u00e9poque avec nostalgie et pourtant l&#8217;\u00e9lectricit\u00e9 est bien l\u00e0. Id\u00e9ale dans une cuisine, un couloir ou dans une grange !<\/p>\n","protected":false},"featured_media":2685,"template":"","meta":[],"product_cat":[270],"product_tag":[],"acf":[],"yoast_head":"<!-- This site is optimized with the Yoast SEO plugin v17.8 - https:\/\/yoast.com\/wordpress\/plugins\/seo\/ -->\n<meta name=\"description\" content=\"La lanterne Grange est une subtile r\u00e9 interpr\u00e9tation des lanternes \u00e0 p\u00e9trole d&#039;autrefois. Bouteille et verrerie se joueront d&#039;une autre \u00e9poque avec nostalgie et pourtant l&#039;\u00e9lectricit\u00e9 est bien l\u00e0. Id\u00e9ale dans une cuisine, un couloir ou dans une grange !\" \/>\n<meta name=\"robots\" content=\"index, follow, max-snippet:-1, max-image-preview:large, max-video-preview:-1\" \/>\n<link rel=\"canonical\" href=\"https:\/\/lumart.fr\/en\/the-collections\/interior\/pendants-en\/grange-suspension-477\/\" \/>\n<meta property=\"og:locale\" content=\"en_US\" \/>\n<meta property=\"og:type\" content=\"article\" \/>\n<meta property=\"og:title\" content=\"Suspension Grange (477) - Lum&#039;art\" \/>\n<meta property=\"og:description\" content=\"La lanterne Grange est une subtile r\u00e9 interpr\u00e9tation des lanternes \u00e0 p\u00e9trole d&#039;autrefois. Bouteille et verrerie se joueront d&#039;une autre \u00e9poque avec nostalgie et pourtant l&#039;\u00e9lectricit\u00e9 est bien l\u00e0. Id\u00e9ale dans une cuisine, un couloir ou dans une grange !\" \/>\n<meta property=\"og:url\" content=\"https:\/\/lumart.fr\/en\/the-collections\/interior\/pendants-en\/grange-suspension-477\/\" \/>\n<meta property=\"og:site_name\" content=\"Lum&#039;Art\" \/>\n<meta property=\"article:publisher\" content=\"https:\/\/www.facebook.com\/LumArt-1543826629180391\/\" \/>\n<meta property=\"article:modified_time\" content=\"2023-06-27T12:02:48+00:00\" \/>\n<meta property=\"og:image\" content=\"https:\/\/lumart.fr\/wp-content\/uploads\/2017\/12\/477-Suspension-Grange-VDG-Lumart-BD-2.jpg\" \/>\n\t<meta property=\"og:image:width\" content=\"2551\" \/>\n\t<meta property=\"og:image:height\" content=\"1701\" \/>\n<meta name=\"twitter:card\" content=\"summary\" \/>\n<script type=\"application\/ld+json\" class=\"yoast-schema-graph\">{\"@context\":\"https:\/\/schema.org\",\"@graph\":[{\"@type\":\"WebSite\",\"@id\":\"https:\/\/lumart.fr\/fr\/#website\",\"url\":\"https:\/\/lumart.fr\/fr\/\",\"name\":\"Lum'art\",\"description\":\"\",\"potentialAction\":[{\"@type\":\"SearchAction\",\"target\":{\"@type\":\"EntryPoint\",\"urlTemplate\":\"https:\/\/lumart.fr\/fr\/?s={search_term_string}\"},\"query-input\":\"required name=search_term_string\"}],\"inLanguage\":\"en-US\"},{\"@type\":\"ImageObject\",\"@id\":\"https:\/\/lumart.fr\/en\/the-collections\/interior\/pendants-en\/grange-suspension-477\/#primaryimage\",\"inLanguage\":\"en-US\",\"url\":\"\/wp-content\/uploads\/2017\/12\/477-Suspension-Grange-VDG-Lumart-BD-2.jpg\",\"contentUrl\":\"\/wp-content\/uploads\/2017\/12\/477-Suspension-Grange-VDG-Lumart-BD-2.jpg\",\"width\":2551,\"height\":1701,\"caption\":\"Grange pendant, verdigris\"},{\"@type\":\"WebPage\",\"@id\":\"https:\/\/lumart.fr\/en\/the-collections\/interior\/pendants-en\/grange-suspension-477\/#webpage\",\"url\":\"https:\/\/lumart.fr\/en\/the-collections\/interior\/pendants-en\/grange-suspension-477\/\",\"name\":\"Suspension Grange (477) - Lum'art\",\"isPartOf\":{\"@id\":\"https:\/\/lumart.fr\/fr\/#website\"},\"primaryImageOfPage\":{\"@id\":\"https:\/\/lumart.fr\/en\/the-collections\/interior\/pendants-en\/grange-suspension-477\/#primaryimage\"},\"datePublished\":\"2017-12-18T14:33:56+00:00\",\"dateModified\":\"2023-06-27T12:02:48+00:00\",\"description\":\"La lanterne Grange est une subtile r\\u00e9 interpr\\u00e9tation des lanternes \\u00e0 p\\u00e9trole d'autrefois. Bouteille et verrerie se joueront d'une autre \\u00e9poque avec nostalgie et pourtant l'\\u00e9lectricit\\u00e9 est bien l\\u00e0. Id\\u00e9ale dans une cuisine, un couloir ou dans une grange !\",\"breadcrumb\":{\"@id\":\"https:\/\/lumart.fr\/en\/the-collections\/interior\/pendants-en\/grange-suspension-477\/#breadcrumb\"},\"inLanguage\":\"en-US\",\"potentialAction\":[{\"@type\":\"ReadAction\",\"target\":[\"https:\/\/lumart.fr\/en\/the-collections\/interior\/pendants-en\/grange-suspension-477\/\"]}]},{\"@type\":\"BreadcrumbList\",\"@id\":\"https:\/\/lumart.fr\/en\/the-collections\/interior\/pendants-en\/grange-suspension-477\/#breadcrumb\",\"itemListElement\":[{\"@type\":\"ListItem\",\"position\":1,\"name\":\"Home\",\"item\":\"https:\/\/lumart.fr\/en\/\"},{\"@type\":\"ListItem\",\"position\":2,\"name\":\"The Collections\",\"item\":\"https:\/\/lumart.fr\/en\/the-collections\/\"},{\"@type\":\"ListItem\",\"position\":3,\"name\":\"Grange - Pendant\"}]}]}<\/script>\n<!-- \/ Yoast SEO plugin. -->","yoast_head_json":{"description":"La lanterne Grange est une subtile r\u00e9 interpr\u00e9tation des lanternes \u00e0 p\u00e9trole d'autrefois. Bouteille et verrerie se joueront d'une autre \u00e9poque avec nostalgie et pourtant l'\u00e9lectricit\u00e9 est bien l\u00e0. Id\u00e9ale dans une cuisine, un couloir ou dans une grange !","robots":{"index":"index","follow":"follow","max-snippet":"max-snippet:-1","max-image-preview":"max-image-preview:large","max-video-preview":"max-video-preview:-1"},"canonical":"https:\/\/lumart.fr\/en\/the-collections\/interior\/pendants-en\/grange-suspension-477\/","og_locale":"en_US","og_type":"article","og_title":"Suspension Grange (477) - Lum'art","og_description":"La lanterne Grange est une subtile r\u00e9 interpr\u00e9tation des lanternes \u00e0 p\u00e9trole d'autrefois. Bouteille et verrerie se joueront d'une autre \u00e9poque avec nostalgie et pourtant l'\u00e9lectricit\u00e9 est bien l\u00e0. Id\u00e9ale dans une cuisine, un couloir ou dans une grange !","og_url":"https:\/\/lumart.fr\/en\/the-collections\/interior\/pendants-en\/grange-suspension-477\/","og_site_name":"Lum&#039;Art","article_publisher":"https:\/\/www.facebook.com\/LumArt-1543826629180391\/","article_modified_time":"2023-06-27T12:02:48+00:00","og_image":[{"width":2551,"height":1701,"url":"https:\/\/lumart.fr\/wp-content\/uploads\/2017\/12\/477-Suspension-Grange-VDG-Lumart-BD-2.jpg","type":"image\/jpeg"}],"twitter_card":"summary","schema":{"@context":"https:\/\/schema.org","@graph":[{"@type":"WebSite","@id":"https:\/\/lumart.fr\/fr\/#website","url":"https:\/\/lumart.fr\/fr\/","name":"Lum'art","description":"","potentialAction":[{"@type":"SearchAction","target":{"@type":"EntryPoint","urlTemplate":"https:\/\/lumart.fr\/fr\/?s={search_term_string}"},"query-input":"required name=search_term_string"}],"inLanguage":"en-US"},{"@type":"ImageObject","@id":"https:\/\/lumart.fr\/en\/the-collections\/interior\/pendants-en\/grange-suspension-477\/#primaryimage","inLanguage":"en-US","url":"\/wp-content\/uploads\/2017\/12\/477-Suspension-Grange-VDG-Lumart-BD-2.jpg","contentUrl":"\/wp-content\/uploads\/2017\/12\/477-Suspension-Grange-VDG-Lumart-BD-2.jpg","width":2551,"height":1701,"caption":"Grange pendant, verdigris"},{"@type":"WebPage","@id":"https:\/\/lumart.fr\/en\/the-collections\/interior\/pendants-en\/grange-suspension-477\/#webpage","url":"https:\/\/lumart.fr\/en\/the-collections\/interior\/pendants-en\/grange-suspension-477\/","name":"Suspension Grange (477) - Lum'art","isPartOf":{"@id":"https:\/\/lumart.fr\/fr\/#website"},"primaryImageOfPage":{"@id":"https:\/\/lumart.fr\/en\/the-collections\/interior\/pendants-en\/grange-suspension-477\/#primaryimage"},"datePublished":"2017-12-18T14:33:56+00:00","dateModified":"2023-06-27T12:02:48+00:00","description":"La lanterne Grange est une subtile r\u00e9 interpr\u00e9tation des lanternes \u00e0 p\u00e9trole d'autrefois. Bouteille et verrerie se joueront d'une autre \u00e9poque avec nostalgie et pourtant l'\u00e9lectricit\u00e9 est bien l\u00e0. Id\u00e9ale dans une cuisine, un couloir ou dans une grange !","breadcrumb":{"@id":"https:\/\/lumart.fr\/en\/the-collections\/interior\/pendants-en\/grange-suspension-477\/#breadcrumb"},"inLanguage":"en-US","potentialAction":[{"@type":"ReadAction","target":["https:\/\/lumart.fr\/en\/the-collections\/interior\/pendants-en\/grange-suspension-477\/"]}]},{"@type":"BreadcrumbList","@id":"https:\/\/lumart.fr\/en\/the-collections\/interior\/pendants-en\/grange-suspension-477\/#breadcrumb","itemListElement":[{"@type":"ListItem","position":1,"name":"Home","item":"https:\/\/lumart.fr\/en\/"},{"@type":"ListItem","position":2,"name":"The Collections","item":"https:\/\/lumart.fr\/en\/the-collections\/"},{"@type":"ListItem","position":3,"name":"Grange - Pendant"}]}]}},"_links":{"self":[{"href":"https:\/\/lumart.fr\/en\/wp-json\/wp\/v2\/product\/8874"}],"collection":[{"href":"https:\/\/lumart.fr\/en\/wp-json\/wp\/v2\/product"}],"about":[{"href":"https:\/\/lumart.fr\/en\/wp-json\/wp\/v2\/types\/product"}],"wp:featuredmedia":[{"embeddable":true,"href":"https:\/\/lumart.fr\/en\/wp-json\/wp\/v2\/media\/2685"}],"wp:attachment":[{"href":"https:\/\/lumart.fr\/en\/wp-json\/wp\/v2\/media?parent=8874"}],"wp:term":[{"taxonomy":"product_cat","embeddable":true,"href":"https:\/\/lumart.fr\/en\/wp-json\/wp\/v2\/product_cat?post=8874"},{"taxonomy":"product_tag","embeddable":true,"href":"https:\/\/lumart.fr\/en\/wp-json\/wp\/v2\/product_tag?post=8874"}],"curies":[{"name":"wp","href":"https:\/\/api.w.org\/{rel}","templated":true}]}}