{"id":8864,"date":"2017-12-18T14:34:02","date_gmt":"2017-12-18T14:34:02","guid":{"rendered":"https:\/\/lumart.fr\/les-collections\/uncategorized\/grignan-applique-tpm-265\/"},"modified":"2023-06-27T15:08:19","modified_gmt":"2023-06-27T13:08:19","slug":"grignan-applique-tpm-265","status":"publish","type":"product","link":"https:\/\/lumart.fr\/en\/the-collections\/interior\/wall-lights\/grignan-applique-tpm-265\/","title":{"rendered":"Grignan - Wall lantern XS"},"content":{"rendered":"<p>Esprit XVII\u00e8me pour cette collection de lanternes int\u00e9rieures et d&#8217;appliques assorties. Le ch\u00e2ssis de ces lanternes, de forme carr\u00e9e, est subtilement ourl\u00e9 d&#8217;un rinceau tout en courbe. Egalement une des plus petites lanternes de nos collections pour la plus petite des tailles. Convient id\u00e9alement aux entr\u00e9es de demeure, halls, galeries et couloirs.<\/p>\n","protected":false},"excerpt":{"rendered":"<p>Esprit XVII\u00e8me pour cette collection de lanternes int\u00e9rieures et d&#8217;appliques assorties. Le ch\u00e2ssis de ces lanternes, de forme carr\u00e9e, est subtilement ourl\u00e9 d&#8217;un rinceau tout en courbe. Egalement une des plus petites lanternes de nos collections pour la plus petite des tailles. Convient id\u00e9alement aux entr\u00e9es de demeure, halls, galeries et couloirs.<\/p>\n","protected":false},"featured_media":12871,"template":"","meta":[],"product_cat":[261],"product_tag":[],"acf":[],"yoast_head":"<!-- This site is optimized with the Yoast SEO plugin v17.8 - https:\/\/yoast.com\/wordpress\/plugins\/seo\/ -->\n<meta name=\"description\" content=\"Esprit XVII\u00e8me pour cette collection de lanternes int\u00e9rieures et d&#039;appliques assorties. Le ch\u00e2ssis de ces lanternes, de forme carr\u00e9e, est subtilement ourl\u00e9 d&#039;un rinceau tout en courbe. Egalement une des plus petites lanternes de nos collections pour la plus petite des tailles.\" \/>\n<meta name=\"robots\" content=\"index, follow, max-snippet:-1, max-image-preview:large, max-video-preview:-1\" \/>\n<link rel=\"canonical\" href=\"https:\/\/lumart.fr\/en\/the-collections\/interior\/wall-lights\/grignan-applique-tpm-265\/\" \/>\n<meta property=\"og:locale\" content=\"en_US\" \/>\n<meta property=\"og:type\" content=\"article\" \/>\n<meta property=\"og:title\" content=\"Applique Grignan TPM (265) - Lum&#039;art\" \/>\n<meta property=\"og:description\" content=\"Esprit XVII\u00e8me pour cette collection de lanternes int\u00e9rieures et d&#039;appliques assorties. Le ch\u00e2ssis de ces lanternes, de forme carr\u00e9e, est subtilement ourl\u00e9 d&#039;un rinceau tout en courbe. Egalement une des plus petites lanternes de nos collections pour la plus petite des tailles.\" \/>\n<meta property=\"og:url\" content=\"https:\/\/lumart.fr\/en\/the-collections\/interior\/wall-lights\/grignan-applique-tpm-265\/\" \/>\n<meta property=\"og:site_name\" content=\"Lum&#039;Art\" \/>\n<meta property=\"article:publisher\" content=\"https:\/\/www.facebook.com\/LumArt-1543826629180391\/\" \/>\n<meta property=\"article:modified_time\" content=\"2023-06-27T13:08:19+00:00\" \/>\n<meta property=\"og:image\" content=\"https:\/\/lumart.fr\/wp-content\/uploads\/2017\/12\/265-Applique-Grignan-TPM-LPA-Lumart-BD-2.jpg\" \/>\n\t<meta property=\"og:image:width\" content=\"2551\" \/>\n\t<meta property=\"og:image:height\" content=\"1701\" \/>\n<meta name=\"twitter:card\" content=\"summary\" \/>\n<script type=\"application\/ld+json\" class=\"yoast-schema-graph\">{\"@context\":\"https:\/\/schema.org\",\"@graph\":[{\"@type\":\"WebSite\",\"@id\":\"https:\/\/lumart.fr\/fr\/#website\",\"url\":\"https:\/\/lumart.fr\/fr\/\",\"name\":\"Lum'art\",\"description\":\"\",\"potentialAction\":[{\"@type\":\"SearchAction\",\"target\":{\"@type\":\"EntryPoint\",\"urlTemplate\":\"https:\/\/lumart.fr\/fr\/?s={search_term_string}\"},\"query-input\":\"required name=search_term_string\"}],\"inLanguage\":\"en-US\"},{\"@type\":\"ImageObject\",\"@id\":\"https:\/\/lumart.fr\/en\/the-collections\/interior\/wall-lights\/grignan-applique-tpm-265\/#primaryimage\",\"inLanguage\":\"en-US\",\"url\":\"\/wp-content\/uploads\/2017\/12\/265-Applique-Grignan-TPM-LPA-Lumart-BD-2.jpg\",\"contentUrl\":\"\/wp-content\/uploads\/2017\/12\/265-Applique-Grignan-TPM-LPA-Lumart-BD-2.jpg\",\"width\":2551,\"height\":1701,\"caption\":\"Applique Grignan TPM - Finition laiton patin\\u00e9 acide\"},{\"@type\":\"WebPage\",\"@id\":\"https:\/\/lumart.fr\/en\/the-collections\/interior\/wall-lights\/grignan-applique-tpm-265\/#webpage\",\"url\":\"https:\/\/lumart.fr\/en\/the-collections\/interior\/wall-lights\/grignan-applique-tpm-265\/\",\"name\":\"Applique Grignan TPM (265) - Lum'art\",\"isPartOf\":{\"@id\":\"https:\/\/lumart.fr\/fr\/#website\"},\"primaryImageOfPage\":{\"@id\":\"https:\/\/lumart.fr\/en\/the-collections\/interior\/wall-lights\/grignan-applique-tpm-265\/#primaryimage\"},\"datePublished\":\"2017-12-18T14:34:02+00:00\",\"dateModified\":\"2023-06-27T13:08:19+00:00\",\"description\":\"Esprit XVII\\u00e8me pour cette collection de lanternes int\\u00e9rieures et d'appliques assorties. Le ch\\u00e2ssis de ces lanternes, de forme carr\\u00e9e, est subtilement ourl\\u00e9 d'un rinceau tout en courbe. Egalement une des plus petites lanternes de nos collections pour la plus petite des tailles.\",\"breadcrumb\":{\"@id\":\"https:\/\/lumart.fr\/en\/the-collections\/interior\/wall-lights\/grignan-applique-tpm-265\/#breadcrumb\"},\"inLanguage\":\"en-US\",\"potentialAction\":[{\"@type\":\"ReadAction\",\"target\":[\"https:\/\/lumart.fr\/en\/the-collections\/interior\/wall-lights\/grignan-applique-tpm-265\/\"]}]},{\"@type\":\"BreadcrumbList\",\"@id\":\"https:\/\/lumart.fr\/en\/the-collections\/interior\/wall-lights\/grignan-applique-tpm-265\/#breadcrumb\",\"itemListElement\":[{\"@type\":\"ListItem\",\"position\":1,\"name\":\"Home\",\"item\":\"https:\/\/lumart.fr\/en\/\"},{\"@type\":\"ListItem\",\"position\":2,\"name\":\"The Collections\",\"item\":\"https:\/\/lumart.fr\/en\/the-collections\/\"},{\"@type\":\"ListItem\",\"position\":3,\"name\":\"Grignan - Wall lantern XS\"}]}]}<\/script>\n<!-- \/ Yoast SEO plugin. -->","yoast_head_json":{"description":"Esprit XVII\u00e8me pour cette collection de lanternes int\u00e9rieures et d'appliques assorties. Le ch\u00e2ssis de ces lanternes, de forme carr\u00e9e, est subtilement ourl\u00e9 d'un rinceau tout en courbe. Egalement une des plus petites lanternes de nos collections pour la plus petite des tailles.","robots":{"index":"index","follow":"follow","max-snippet":"max-snippet:-1","max-image-preview":"max-image-preview:large","max-video-preview":"max-video-preview:-1"},"canonical":"https:\/\/lumart.fr\/en\/the-collections\/interior\/wall-lights\/grignan-applique-tpm-265\/","og_locale":"en_US","og_type":"article","og_title":"Applique Grignan TPM (265) - Lum'art","og_description":"Esprit XVII\u00e8me pour cette collection de lanternes int\u00e9rieures et d'appliques assorties. Le ch\u00e2ssis de ces lanternes, de forme carr\u00e9e, est subtilement ourl\u00e9 d'un rinceau tout en courbe. Egalement une des plus petites lanternes de nos collections pour la plus petite des tailles.","og_url":"https:\/\/lumart.fr\/en\/the-collections\/interior\/wall-lights\/grignan-applique-tpm-265\/","og_site_name":"Lum&#039;Art","article_publisher":"https:\/\/www.facebook.com\/LumArt-1543826629180391\/","article_modified_time":"2023-06-27T13:08:19+00:00","og_image":[{"width":2551,"height":1701,"url":"https:\/\/lumart.fr\/wp-content\/uploads\/2017\/12\/265-Applique-Grignan-TPM-LPA-Lumart-BD-2.jpg","type":"image\/jpeg"}],"twitter_card":"summary","schema":{"@context":"https:\/\/schema.org","@graph":[{"@type":"WebSite","@id":"https:\/\/lumart.fr\/fr\/#website","url":"https:\/\/lumart.fr\/fr\/","name":"Lum'art","description":"","potentialAction":[{"@type":"SearchAction","target":{"@type":"EntryPoint","urlTemplate":"https:\/\/lumart.fr\/fr\/?s={search_term_string}"},"query-input":"required name=search_term_string"}],"inLanguage":"en-US"},{"@type":"ImageObject","@id":"https:\/\/lumart.fr\/en\/the-collections\/interior\/wall-lights\/grignan-applique-tpm-265\/#primaryimage","inLanguage":"en-US","url":"\/wp-content\/uploads\/2017\/12\/265-Applique-Grignan-TPM-LPA-Lumart-BD-2.jpg","contentUrl":"\/wp-content\/uploads\/2017\/12\/265-Applique-Grignan-TPM-LPA-Lumart-BD-2.jpg","width":2551,"height":1701,"caption":"Applique Grignan TPM - Finition laiton patin\u00e9 acide"},{"@type":"WebPage","@id":"https:\/\/lumart.fr\/en\/the-collections\/interior\/wall-lights\/grignan-applique-tpm-265\/#webpage","url":"https:\/\/lumart.fr\/en\/the-collections\/interior\/wall-lights\/grignan-applique-tpm-265\/","name":"Applique Grignan TPM (265) - Lum'art","isPartOf":{"@id":"https:\/\/lumart.fr\/fr\/#website"},"primaryImageOfPage":{"@id":"https:\/\/lumart.fr\/en\/the-collections\/interior\/wall-lights\/grignan-applique-tpm-265\/#primaryimage"},"datePublished":"2017-12-18T14:34:02+00:00","dateModified":"2023-06-27T13:08:19+00:00","description":"Esprit XVII\u00e8me pour cette collection de lanternes int\u00e9rieures et d'appliques assorties. Le ch\u00e2ssis de ces lanternes, de forme carr\u00e9e, est subtilement ourl\u00e9 d'un rinceau tout en courbe. Egalement une des plus petites lanternes de nos collections pour la plus petite des tailles.","breadcrumb":{"@id":"https:\/\/lumart.fr\/en\/the-collections\/interior\/wall-lights\/grignan-applique-tpm-265\/#breadcrumb"},"inLanguage":"en-US","potentialAction":[{"@type":"ReadAction","target":["https:\/\/lumart.fr\/en\/the-collections\/interior\/wall-lights\/grignan-applique-tpm-265\/"]}]},{"@type":"BreadcrumbList","@id":"https:\/\/lumart.fr\/en\/the-collections\/interior\/wall-lights\/grignan-applique-tpm-265\/#breadcrumb","itemListElement":[{"@type":"ListItem","position":1,"name":"Home","item":"https:\/\/lumart.fr\/en\/"},{"@type":"ListItem","position":2,"name":"The Collections","item":"https:\/\/lumart.fr\/en\/the-collections\/"},{"@type":"ListItem","position":3,"name":"Grignan - Wall lantern XS"}]}]}},"_links":{"self":[{"href":"https:\/\/lumart.fr\/en\/wp-json\/wp\/v2\/product\/8864"}],"collection":[{"href":"https:\/\/lumart.fr\/en\/wp-json\/wp\/v2\/product"}],"about":[{"href":"https:\/\/lumart.fr\/en\/wp-json\/wp\/v2\/types\/product"}],"wp:featuredmedia":[{"embeddable":true,"href":"https:\/\/lumart.fr\/en\/wp-json\/wp\/v2\/media\/12871"}],"wp:attachment":[{"href":"https:\/\/lumart.fr\/en\/wp-json\/wp\/v2\/media?parent=8864"}],"wp:term":[{"taxonomy":"product_cat","embeddable":true,"href":"https:\/\/lumart.fr\/en\/wp-json\/wp\/v2\/product_cat?post=8864"},{"taxonomy":"product_tag","embeddable":true,"href":"https:\/\/lumart.fr\/en\/wp-json\/wp\/v2\/product_tag?post=8864"}],"curies":[{"name":"wp","href":"https:\/\/api.w.org\/{rel}","templated":true}]}}