{"id":8858,"date":"2017-12-18T14:34:05","date_gmt":"2017-12-18T14:34:05","guid":{"rendered":"https:\/\/lumart.fr\/les-collections\/uncategorized\/isis-grille-rampe-a-tableau-16-cm-3339\/"},"modified":"2020-11-27T23:12:14","modified_gmt":"2020-11-27T21:12:14","slug":"isis-grille-rampe-a-tableau-16-cm-3339","status":"publish","type":"product","link":"https:\/\/lumart.fr\/en\/the-collections\/interior\/wall-lights\/isis-grille-rampe-a-tableau-16-cm-3339\/","title":{"rendered":"Isis Grille - Wall lantern 16 cm"},"content":{"rendered":"<p>Hung vertically or horizontally, the Isis wall lights can be used to frame a bed or create a pattern in a hallway. They are particularly ideal for areas where space is limited, creating indirect light. Their pivoting heads allow you to direct the light. Available with a metal or mesh front face for more light.<\/p>\n","protected":false},"excerpt":{"rendered":"<p>Hung vertically or horizontally, the Isis wall lights can be used to frame a bed or create a pattern in a hallway. They are particularly ideal for areas where space is limited, creating indirect light. Their pivoting heads allow you to direct the light. Available with a metal or mesh front face for more light.<\/p>\n","protected":false},"featured_media":3707,"template":"","meta":[],"product_cat":[261],"product_tag":[],"acf":[],"yoast_head":"<!-- This site is optimized with the Yoast SEO plugin v17.8 - https:\/\/yoast.com\/wordpress\/plugins\/seo\/ -->\n<meta name=\"description\" content=\"Rampes d&#039;\u00e9clairage \u00e0 jouer horizontalement ou verticalement, Isis encadrera une t\u00eate de lit, rythmera un couloir. On la placera partout o\u00f9 l&#039;espace est restreint pour un \u00e9clairage indirecte et orient\u00e9 avec sa fa\u00e7ade pivotante. Disponible avec un fronton m\u00e9tal ou grillage pour plus de luminosit\u00e9.\" \/>\n<meta name=\"robots\" content=\"index, follow, max-snippet:-1, max-image-preview:large, max-video-preview:-1\" \/>\n<link rel=\"canonical\" href=\"https:\/\/lumart.fr\/en\/the-collections\/interior\/wall-lights\/isis-grille-rampe-a-tableau-16-cm-3339\/\" \/>\n<meta property=\"og:locale\" content=\"en_US\" \/>\n<meta property=\"og:type\" content=\"article\" \/>\n<meta property=\"og:title\" content=\"Rampe \u00e0 tableau Isis Grille 16 cm (3339) - Lum&#039;art\" \/>\n<meta property=\"og:description\" content=\"Rampes d&#039;\u00e9clairage \u00e0 jouer horizontalement ou verticalement, Isis encadrera une t\u00eate de lit, rythmera un couloir. On la placera partout o\u00f9 l&#039;espace est restreint pour un \u00e9clairage indirecte et orient\u00e9 avec sa fa\u00e7ade pivotante. Disponible avec un fronton m\u00e9tal ou grillage pour plus de luminosit\u00e9.\" \/>\n<meta property=\"og:url\" content=\"https:\/\/lumart.fr\/en\/the-collections\/interior\/wall-lights\/isis-grille-rampe-a-tableau-16-cm-3339\/\" \/>\n<meta property=\"og:site_name\" content=\"Lum&#039;Art\" \/>\n<meta property=\"article:publisher\" content=\"https:\/\/www.facebook.com\/LumArt-1543826629180391\/\" \/>\n<meta property=\"article:modified_time\" content=\"2020-11-27T21:12:14+00:00\" \/>\n<meta property=\"og:image\" content=\"https:\/\/lumart.fr\/wp-content\/uploads\/2017\/12\/3339-Rampe-tableau-Isis-grille-16cm-LPa-Lumart-BD-2.jpg\" \/>\n\t<meta property=\"og:image:width\" content=\"2551\" \/>\n\t<meta property=\"og:image:height\" content=\"1701\" \/>\n<meta name=\"twitter:card\" content=\"summary\" \/>\n<script type=\"application\/ld+json\" class=\"yoast-schema-graph\">{\"@context\":\"https:\/\/schema.org\",\"@graph\":[{\"@type\":\"WebSite\",\"@id\":\"https:\/\/lumart.fr\/fr\/#website\",\"url\":\"https:\/\/lumart.fr\/fr\/\",\"name\":\"Lum'art\",\"description\":\"\",\"potentialAction\":[{\"@type\":\"SearchAction\",\"target\":{\"@type\":\"EntryPoint\",\"urlTemplate\":\"https:\/\/lumart.fr\/fr\/?s={search_term_string}\"},\"query-input\":\"required name=search_term_string\"}],\"inLanguage\":\"en-US\"},{\"@type\":\"ImageObject\",\"@id\":\"https:\/\/lumart.fr\/en\/the-collections\/interior\/wall-lights\/isis-grille-rampe-a-tableau-16-cm-3339\/#primaryimage\",\"inLanguage\":\"en-US\",\"url\":\"\/wp-content\/uploads\/2017\/12\/3339-Rampe-tableau-Isis-grille-16cm-LPa-Lumart-BD-2.jpg\",\"contentUrl\":\"\/wp-content\/uploads\/2017\/12\/3339-Rampe-tableau-Isis-grille-16cm-LPa-Lumart-BD-2.jpg\",\"width\":2551,\"height\":1701,\"caption\":\"Isis Grille picture light, 16 cm, patinated brass\"},{\"@type\":\"WebPage\",\"@id\":\"https:\/\/lumart.fr\/en\/the-collections\/interior\/wall-lights\/isis-grille-rampe-a-tableau-16-cm-3339\/#webpage\",\"url\":\"https:\/\/lumart.fr\/en\/the-collections\/interior\/wall-lights\/isis-grille-rampe-a-tableau-16-cm-3339\/\",\"name\":\"Rampe \\u00e0 tableau Isis Grille 16 cm (3339) - Lum'art\",\"isPartOf\":{\"@id\":\"https:\/\/lumart.fr\/fr\/#website\"},\"primaryImageOfPage\":{\"@id\":\"https:\/\/lumart.fr\/en\/the-collections\/interior\/wall-lights\/isis-grille-rampe-a-tableau-16-cm-3339\/#primaryimage\"},\"datePublished\":\"2017-12-18T14:34:05+00:00\",\"dateModified\":\"2020-11-27T21:12:14+00:00\",\"description\":\"Rampes d'\\u00e9clairage \\u00e0 jouer horizontalement ou verticalement, Isis encadrera une t\\u00eate de lit, rythmera un couloir. On la placera partout o\\u00f9 l'espace est restreint pour un \\u00e9clairage indirecte et orient\\u00e9 avec sa fa\\u00e7ade pivotante. Disponible avec un fronton m\\u00e9tal ou grillage pour plus de luminosit\\u00e9.\",\"breadcrumb\":{\"@id\":\"https:\/\/lumart.fr\/en\/the-collections\/interior\/wall-lights\/isis-grille-rampe-a-tableau-16-cm-3339\/#breadcrumb\"},\"inLanguage\":\"en-US\",\"potentialAction\":[{\"@type\":\"ReadAction\",\"target\":[\"https:\/\/lumart.fr\/en\/the-collections\/interior\/wall-lights\/isis-grille-rampe-a-tableau-16-cm-3339\/\"]}]},{\"@type\":\"BreadcrumbList\",\"@id\":\"https:\/\/lumart.fr\/en\/the-collections\/interior\/wall-lights\/isis-grille-rampe-a-tableau-16-cm-3339\/#breadcrumb\",\"itemListElement\":[{\"@type\":\"ListItem\",\"position\":1,\"name\":\"Home\",\"item\":\"https:\/\/lumart.fr\/en\/\"},{\"@type\":\"ListItem\",\"position\":2,\"name\":\"The Collections\",\"item\":\"https:\/\/lumart.fr\/en\/the-collections\/\"},{\"@type\":\"ListItem\",\"position\":3,\"name\":\"Isis Grille - Wall lantern 16 cm\"}]}]}<\/script>\n<!-- \/ Yoast SEO plugin. -->","yoast_head_json":{"description":"Rampes d'\u00e9clairage \u00e0 jouer horizontalement ou verticalement, Isis encadrera une t\u00eate de lit, rythmera un couloir. On la placera partout o\u00f9 l'espace est restreint pour un \u00e9clairage indirecte et orient\u00e9 avec sa fa\u00e7ade pivotante. Disponible avec un fronton m\u00e9tal ou grillage pour plus de luminosit\u00e9.","robots":{"index":"index","follow":"follow","max-snippet":"max-snippet:-1","max-image-preview":"max-image-preview:large","max-video-preview":"max-video-preview:-1"},"canonical":"https:\/\/lumart.fr\/en\/the-collections\/interior\/wall-lights\/isis-grille-rampe-a-tableau-16-cm-3339\/","og_locale":"en_US","og_type":"article","og_title":"Rampe \u00e0 tableau Isis Grille 16 cm (3339) - Lum'art","og_description":"Rampes d'\u00e9clairage \u00e0 jouer horizontalement ou verticalement, Isis encadrera une t\u00eate de lit, rythmera un couloir. On la placera partout o\u00f9 l'espace est restreint pour un \u00e9clairage indirecte et orient\u00e9 avec sa fa\u00e7ade pivotante. Disponible avec un fronton m\u00e9tal ou grillage pour plus de luminosit\u00e9.","og_url":"https:\/\/lumart.fr\/en\/the-collections\/interior\/wall-lights\/isis-grille-rampe-a-tableau-16-cm-3339\/","og_site_name":"Lum&#039;Art","article_publisher":"https:\/\/www.facebook.com\/LumArt-1543826629180391\/","article_modified_time":"2020-11-27T21:12:14+00:00","og_image":[{"width":2551,"height":1701,"url":"https:\/\/lumart.fr\/wp-content\/uploads\/2017\/12\/3339-Rampe-tableau-Isis-grille-16cm-LPa-Lumart-BD-2.jpg","type":"image\/jpeg"}],"twitter_card":"summary","schema":{"@context":"https:\/\/schema.org","@graph":[{"@type":"WebSite","@id":"https:\/\/lumart.fr\/fr\/#website","url":"https:\/\/lumart.fr\/fr\/","name":"Lum'art","description":"","potentialAction":[{"@type":"SearchAction","target":{"@type":"EntryPoint","urlTemplate":"https:\/\/lumart.fr\/fr\/?s={search_term_string}"},"query-input":"required name=search_term_string"}],"inLanguage":"en-US"},{"@type":"ImageObject","@id":"https:\/\/lumart.fr\/en\/the-collections\/interior\/wall-lights\/isis-grille-rampe-a-tableau-16-cm-3339\/#primaryimage","inLanguage":"en-US","url":"\/wp-content\/uploads\/2017\/12\/3339-Rampe-tableau-Isis-grille-16cm-LPa-Lumart-BD-2.jpg","contentUrl":"\/wp-content\/uploads\/2017\/12\/3339-Rampe-tableau-Isis-grille-16cm-LPa-Lumart-BD-2.jpg","width":2551,"height":1701,"caption":"Isis Grille picture light, 16 cm, patinated brass"},{"@type":"WebPage","@id":"https:\/\/lumart.fr\/en\/the-collections\/interior\/wall-lights\/isis-grille-rampe-a-tableau-16-cm-3339\/#webpage","url":"https:\/\/lumart.fr\/en\/the-collections\/interior\/wall-lights\/isis-grille-rampe-a-tableau-16-cm-3339\/","name":"Rampe \u00e0 tableau Isis Grille 16 cm (3339) - Lum'art","isPartOf":{"@id":"https:\/\/lumart.fr\/fr\/#website"},"primaryImageOfPage":{"@id":"https:\/\/lumart.fr\/en\/the-collections\/interior\/wall-lights\/isis-grille-rampe-a-tableau-16-cm-3339\/#primaryimage"},"datePublished":"2017-12-18T14:34:05+00:00","dateModified":"2020-11-27T21:12:14+00:00","description":"Rampes d'\u00e9clairage \u00e0 jouer horizontalement ou verticalement, Isis encadrera une t\u00eate de lit, rythmera un couloir. On la placera partout o\u00f9 l'espace est restreint pour un \u00e9clairage indirecte et orient\u00e9 avec sa fa\u00e7ade pivotante. Disponible avec un fronton m\u00e9tal ou grillage pour plus de luminosit\u00e9.","breadcrumb":{"@id":"https:\/\/lumart.fr\/en\/the-collections\/interior\/wall-lights\/isis-grille-rampe-a-tableau-16-cm-3339\/#breadcrumb"},"inLanguage":"en-US","potentialAction":[{"@type":"ReadAction","target":["https:\/\/lumart.fr\/en\/the-collections\/interior\/wall-lights\/isis-grille-rampe-a-tableau-16-cm-3339\/"]}]},{"@type":"BreadcrumbList","@id":"https:\/\/lumart.fr\/en\/the-collections\/interior\/wall-lights\/isis-grille-rampe-a-tableau-16-cm-3339\/#breadcrumb","itemListElement":[{"@type":"ListItem","position":1,"name":"Home","item":"https:\/\/lumart.fr\/en\/"},{"@type":"ListItem","position":2,"name":"The Collections","item":"https:\/\/lumart.fr\/en\/the-collections\/"},{"@type":"ListItem","position":3,"name":"Isis Grille - Wall lantern 16 cm"}]}]}},"_links":{"self":[{"href":"https:\/\/lumart.fr\/en\/wp-json\/wp\/v2\/product\/8858"}],"collection":[{"href":"https:\/\/lumart.fr\/en\/wp-json\/wp\/v2\/product"}],"about":[{"href":"https:\/\/lumart.fr\/en\/wp-json\/wp\/v2\/types\/product"}],"wp:featuredmedia":[{"embeddable":true,"href":"https:\/\/lumart.fr\/en\/wp-json\/wp\/v2\/media\/3707"}],"wp:attachment":[{"href":"https:\/\/lumart.fr\/en\/wp-json\/wp\/v2\/media?parent=8858"}],"wp:term":[{"taxonomy":"product_cat","embeddable":true,"href":"https:\/\/lumart.fr\/en\/wp-json\/wp\/v2\/product_cat?post=8858"},{"taxonomy":"product_tag","embeddable":true,"href":"https:\/\/lumart.fr\/en\/wp-json\/wp\/v2\/product_tag?post=8858"}],"curies":[{"name":"wp","href":"https:\/\/api.w.org\/{rel}","templated":true}]}}