{"id":8839,"date":"2017-12-18T14:34:16","date_gmt":"2017-12-18T14:34:16","guid":{"rendered":"https:\/\/lumart.fr\/les-collections\/uncategorized\/la-varenne-applique-mm-3166\/"},"modified":"2021-12-03T17:57:23","modified_gmt":"2021-12-03T15:57:23","slug":"la-varenne-applique-mm-3166","status":"publish","type":"product","link":"https:\/\/lumart.fr\/en\/the-collections\/interior\/wall-lights\/la-varenne-applique-mm-3166\/","title":{"rendered":"La Varenne - Wall lantern M"},"content":{"rendered":"<p>No glass for this collection of contemporary chandeliers and sconces, resolutely design, only a brass structure comes framing 2, 5 or 7 lights for the chandelier, itself embedded in a cylinder of sandblasted glass. Adjustable in height with a large amplitude, you will position it at the exact distance of your table or worktop. Dare the contrast of opposites with this line in a classic universe!<\/p>\n","protected":false},"excerpt":{"rendered":"<p>No glass for this collection of contemporary chandeliers and sconces, resolutely design, only a brass structure comes framing 2, 5 or 7 lights for the chandelier, itself embedded in a cylinder of sandblasted glass. Adjustable in height with a large amplitude, you will position it at the exact distance of your table or worktop. Dare the contrast of opposites with <a href=\"https:\/\/lumart.fr\/en\/the-collections\/interior\/wall-lights\/la-varenne-applique-mm-3166\/\" class=\"more\">[ &hellip; ]<\/a><\/p>\n","protected":false},"featured_media":3355,"template":"","meta":[],"product_cat":[261],"product_tag":[],"acf":[],"yoast_head":"<!-- This site is optimized with the Yoast SEO plugin v17.8 - https:\/\/yoast.com\/wordpress\/plugins\/seo\/ -->\n<meta name=\"description\" content=\"Pas de verre pour cette collection de lustres et d&#039;applique contemporains, r\u00e9solument design, seul une structure de laiton vient encadrer 2, 5 ou 7 lumi\u00e8res pour le lustre, elle-m\u00eame ench\u00e2ss\u00e9es dans un cylindre de verre sabl\u00e9. Osez le contraste des contraires avec cette ligne dans un univers classique !\" \/>\n<meta name=\"robots\" content=\"index, follow, max-snippet:-1, max-image-preview:large, max-video-preview:-1\" \/>\n<link rel=\"canonical\" href=\"https:\/\/lumart.fr\/en\/the-collections\/interior\/wall-lights\/la-varenne-applique-mm-3166\/\" \/>\n<meta property=\"og:locale\" content=\"en_US\" \/>\n<meta property=\"og:type\" content=\"article\" \/>\n<meta property=\"og:title\" content=\"Applique La Varenne MM (3166) - Lum&#039;art\" \/>\n<meta property=\"og:description\" content=\"Pas de verre pour cette collection de lustres et d&#039;applique contemporains, r\u00e9solument design, seul une structure de laiton vient encadrer 2, 5 ou 7 lumi\u00e8res pour le lustre, elle-m\u00eame ench\u00e2ss\u00e9es dans un cylindre de verre sabl\u00e9. Osez le contraste des contraires avec cette ligne dans un univers classique !\" \/>\n<meta property=\"og:url\" content=\"https:\/\/lumart.fr\/en\/the-collections\/interior\/wall-lights\/la-varenne-applique-mm-3166\/\" \/>\n<meta property=\"og:site_name\" content=\"Lum&#039;Art\" \/>\n<meta property=\"article:publisher\" content=\"https:\/\/www.facebook.com\/LumArt-1543826629180391\/\" \/>\n<meta property=\"article:modified_time\" content=\"2021-12-03T15:57:23+00:00\" \/>\n<meta property=\"og:image\" content=\"https:\/\/lumart.fr\/wp-content\/uploads\/2017\/12\/3166-Applique-La-Varenne-MM-L-Lumart-BD-2.jpg\" \/>\n\t<meta property=\"og:image:width\" content=\"2551\" \/>\n\t<meta property=\"og:image:height\" content=\"1701\" \/>\n<meta name=\"twitter:card\" content=\"summary\" \/>\n<script type=\"application\/ld+json\" class=\"yoast-schema-graph\">{\"@context\":\"https:\/\/schema.org\",\"@graph\":[{\"@type\":\"WebSite\",\"@id\":\"https:\/\/lumart.fr\/fr\/#website\",\"url\":\"https:\/\/lumart.fr\/fr\/\",\"name\":\"Lum'art\",\"description\":\"\",\"potentialAction\":[{\"@type\":\"SearchAction\",\"target\":{\"@type\":\"EntryPoint\",\"urlTemplate\":\"https:\/\/lumart.fr\/fr\/?s={search_term_string}\"},\"query-input\":\"required name=search_term_string\"}],\"inLanguage\":\"en-US\"},{\"@type\":\"ImageObject\",\"@id\":\"https:\/\/lumart.fr\/en\/the-collections\/interior\/wall-lights\/la-varenne-applique-mm-3166\/#primaryimage\",\"inLanguage\":\"en-US\",\"url\":\"\/wp-content\/uploads\/2017\/12\/3166-Applique-La-Varenne-MM-L-Lumart-BD-2.jpg\",\"contentUrl\":\"\/wp-content\/uploads\/2017\/12\/3166-Applique-La-Varenne-MM-L-Lumart-BD-2.jpg\",\"width\":2551,\"height\":1701,\"caption\":\"La Varenne wall light, M size, black painting\"},{\"@type\":\"WebPage\",\"@id\":\"https:\/\/lumart.fr\/en\/the-collections\/interior\/wall-lights\/la-varenne-applique-mm-3166\/#webpage\",\"url\":\"https:\/\/lumart.fr\/en\/the-collections\/interior\/wall-lights\/la-varenne-applique-mm-3166\/\",\"name\":\"Applique La Varenne MM (3166) - Lum'art\",\"isPartOf\":{\"@id\":\"https:\/\/lumart.fr\/fr\/#website\"},\"primaryImageOfPage\":{\"@id\":\"https:\/\/lumart.fr\/en\/the-collections\/interior\/wall-lights\/la-varenne-applique-mm-3166\/#primaryimage\"},\"datePublished\":\"2017-12-18T14:34:16+00:00\",\"dateModified\":\"2021-12-03T15:57:23+00:00\",\"description\":\"Pas de verre pour cette collection de lustres et d'applique contemporains, r\\u00e9solument design, seul une structure de laiton vient encadrer 2, 5 ou 7 lumi\\u00e8res pour le lustre, elle-m\\u00eame ench\\u00e2ss\\u00e9es dans un cylindre de verre sabl\\u00e9. Osez le contraste des contraires avec cette ligne dans un univers classique !\",\"breadcrumb\":{\"@id\":\"https:\/\/lumart.fr\/en\/the-collections\/interior\/wall-lights\/la-varenne-applique-mm-3166\/#breadcrumb\"},\"inLanguage\":\"en-US\",\"potentialAction\":[{\"@type\":\"ReadAction\",\"target\":[\"https:\/\/lumart.fr\/en\/the-collections\/interior\/wall-lights\/la-varenne-applique-mm-3166\/\"]}]},{\"@type\":\"BreadcrumbList\",\"@id\":\"https:\/\/lumart.fr\/en\/the-collections\/interior\/wall-lights\/la-varenne-applique-mm-3166\/#breadcrumb\",\"itemListElement\":[{\"@type\":\"ListItem\",\"position\":1,\"name\":\"Home\",\"item\":\"https:\/\/lumart.fr\/en\/\"},{\"@type\":\"ListItem\",\"position\":2,\"name\":\"The Collections\",\"item\":\"https:\/\/lumart.fr\/en\/the-collections\/\"},{\"@type\":\"ListItem\",\"position\":3,\"name\":\"La Varenne - Wall lantern M\"}]}]}<\/script>\n<!-- \/ Yoast SEO plugin. -->","yoast_head_json":{"description":"Pas de verre pour cette collection de lustres et d'applique contemporains, r\u00e9solument design, seul une structure de laiton vient encadrer 2, 5 ou 7 lumi\u00e8res pour le lustre, elle-m\u00eame ench\u00e2ss\u00e9es dans un cylindre de verre sabl\u00e9. Osez le contraste des contraires avec cette ligne dans un univers classique !","robots":{"index":"index","follow":"follow","max-snippet":"max-snippet:-1","max-image-preview":"max-image-preview:large","max-video-preview":"max-video-preview:-1"},"canonical":"https:\/\/lumart.fr\/en\/the-collections\/interior\/wall-lights\/la-varenne-applique-mm-3166\/","og_locale":"en_US","og_type":"article","og_title":"Applique La Varenne MM (3166) - Lum'art","og_description":"Pas de verre pour cette collection de lustres et d'applique contemporains, r\u00e9solument design, seul une structure de laiton vient encadrer 2, 5 ou 7 lumi\u00e8res pour le lustre, elle-m\u00eame ench\u00e2ss\u00e9es dans un cylindre de verre sabl\u00e9. Osez le contraste des contraires avec cette ligne dans un univers classique !","og_url":"https:\/\/lumart.fr\/en\/the-collections\/interior\/wall-lights\/la-varenne-applique-mm-3166\/","og_site_name":"Lum&#039;Art","article_publisher":"https:\/\/www.facebook.com\/LumArt-1543826629180391\/","article_modified_time":"2021-12-03T15:57:23+00:00","og_image":[{"width":2551,"height":1701,"url":"https:\/\/lumart.fr\/wp-content\/uploads\/2017\/12\/3166-Applique-La-Varenne-MM-L-Lumart-BD-2.jpg","type":"image\/jpeg"}],"twitter_card":"summary","schema":{"@context":"https:\/\/schema.org","@graph":[{"@type":"WebSite","@id":"https:\/\/lumart.fr\/fr\/#website","url":"https:\/\/lumart.fr\/fr\/","name":"Lum'art","description":"","potentialAction":[{"@type":"SearchAction","target":{"@type":"EntryPoint","urlTemplate":"https:\/\/lumart.fr\/fr\/?s={search_term_string}"},"query-input":"required name=search_term_string"}],"inLanguage":"en-US"},{"@type":"ImageObject","@id":"https:\/\/lumart.fr\/en\/the-collections\/interior\/wall-lights\/la-varenne-applique-mm-3166\/#primaryimage","inLanguage":"en-US","url":"\/wp-content\/uploads\/2017\/12\/3166-Applique-La-Varenne-MM-L-Lumart-BD-2.jpg","contentUrl":"\/wp-content\/uploads\/2017\/12\/3166-Applique-La-Varenne-MM-L-Lumart-BD-2.jpg","width":2551,"height":1701,"caption":"La Varenne wall light, M size, black painting"},{"@type":"WebPage","@id":"https:\/\/lumart.fr\/en\/the-collections\/interior\/wall-lights\/la-varenne-applique-mm-3166\/#webpage","url":"https:\/\/lumart.fr\/en\/the-collections\/interior\/wall-lights\/la-varenne-applique-mm-3166\/","name":"Applique La Varenne MM (3166) - Lum'art","isPartOf":{"@id":"https:\/\/lumart.fr\/fr\/#website"},"primaryImageOfPage":{"@id":"https:\/\/lumart.fr\/en\/the-collections\/interior\/wall-lights\/la-varenne-applique-mm-3166\/#primaryimage"},"datePublished":"2017-12-18T14:34:16+00:00","dateModified":"2021-12-03T15:57:23+00:00","description":"Pas de verre pour cette collection de lustres et d'applique contemporains, r\u00e9solument design, seul une structure de laiton vient encadrer 2, 5 ou 7 lumi\u00e8res pour le lustre, elle-m\u00eame ench\u00e2ss\u00e9es dans un cylindre de verre sabl\u00e9. Osez le contraste des contraires avec cette ligne dans un univers classique !","breadcrumb":{"@id":"https:\/\/lumart.fr\/en\/the-collections\/interior\/wall-lights\/la-varenne-applique-mm-3166\/#breadcrumb"},"inLanguage":"en-US","potentialAction":[{"@type":"ReadAction","target":["https:\/\/lumart.fr\/en\/the-collections\/interior\/wall-lights\/la-varenne-applique-mm-3166\/"]}]},{"@type":"BreadcrumbList","@id":"https:\/\/lumart.fr\/en\/the-collections\/interior\/wall-lights\/la-varenne-applique-mm-3166\/#breadcrumb","itemListElement":[{"@type":"ListItem","position":1,"name":"Home","item":"https:\/\/lumart.fr\/en\/"},{"@type":"ListItem","position":2,"name":"The Collections","item":"https:\/\/lumart.fr\/en\/the-collections\/"},{"@type":"ListItem","position":3,"name":"La Varenne - Wall lantern M"}]}]}},"_links":{"self":[{"href":"https:\/\/lumart.fr\/en\/wp-json\/wp\/v2\/product\/8839"}],"collection":[{"href":"https:\/\/lumart.fr\/en\/wp-json\/wp\/v2\/product"}],"about":[{"href":"https:\/\/lumart.fr\/en\/wp-json\/wp\/v2\/types\/product"}],"wp:featuredmedia":[{"embeddable":true,"href":"https:\/\/lumart.fr\/en\/wp-json\/wp\/v2\/media\/3355"}],"wp:attachment":[{"href":"https:\/\/lumart.fr\/en\/wp-json\/wp\/v2\/media?parent=8839"}],"wp:term":[{"taxonomy":"product_cat","embeddable":true,"href":"https:\/\/lumart.fr\/en\/wp-json\/wp\/v2\/product_cat?post=8839"},{"taxonomy":"product_tag","embeddable":true,"href":"https:\/\/lumart.fr\/en\/wp-json\/wp\/v2\/product_tag?post=8839"}],"curies":[{"name":"wp","href":"https:\/\/api.w.org\/{rel}","templated":true}]}}