{"id":8838,"date":"2017-12-18T14:34:17","date_gmt":"2017-12-18T14:34:17","guid":{"rendered":"https:\/\/lumart.fr\/les-collections\/uncategorized\/le-plessis-borne-90-cm-82887\/"},"modified":"2021-12-03T17:55:24","modified_gmt":"2021-12-03T15:55:24","slug":"le-plessis-borne-90-cm-82887","status":"publish","type":"product","link":"https:\/\/lumart.fr\/en\/the-collections\/outdoor\/garden-lights\/le-plessis-borne-90-cm-82887\/","title":{"rendered":"Le Plessis - Garden light 90 cm"},"content":{"rendered":"<p>The Plessis garden light is a modern triangular-shaped light, which combines brass and acacia wood from Perche. The matte glass casts a subtle light perfect for flower beds, paths and passages. Also a great light around a swimming pool.<\/p>\n","protected":false},"excerpt":{"rendered":"<p>The Plessis garden light is a modern triangular-shaped light, which combines brass and acacia wood from Perche. The matte glass casts a subtle light perfect for flower beds, paths and passages. Also a great light around a swimming pool.<\/p>\n","protected":false},"featured_media":3958,"template":"","meta":[],"product_cat":[256],"product_tag":[],"acf":[],"yoast_head":"<!-- This site is optimized with the Yoast SEO plugin v17.8 - https:\/\/yoast.com\/wordpress\/plugins\/seo\/ -->\n<meta name=\"description\" content=\"Le Plessis est une borne de jardin contemporaine de forme triangulaire associant le laiton et l&#039;acacia du Perche. Le verre d\u00e9poli va diffuser une lumi\u00e8re subtile pour \u00e9clairer massifs, all\u00e9es ou passages. Parfait \u00e9galement pour \u00e9clairer le tour d&#039;une piscine !\" \/>\n<meta name=\"robots\" content=\"index, follow, max-snippet:-1, max-image-preview:large, max-video-preview:-1\" \/>\n<link rel=\"canonical\" href=\"https:\/\/lumart.fr\/en\/the-collections\/outdoor\/garden-lights\/le-plessis-borne-90-cm-82887\/\" \/>\n<meta property=\"og:locale\" content=\"en_US\" \/>\n<meta property=\"og:type\" content=\"article\" \/>\n<meta property=\"og:title\" content=\"Borne Le Plessis 90 cm (82887) - Lum&#039;art\" \/>\n<meta property=\"og:description\" content=\"Le Plessis est une borne de jardin contemporaine de forme triangulaire associant le laiton et l&#039;acacia du Perche. Le verre d\u00e9poli va diffuser une lumi\u00e8re subtile pour \u00e9clairer massifs, all\u00e9es ou passages. Parfait \u00e9galement pour \u00e9clairer le tour d&#039;une piscine !\" \/>\n<meta property=\"og:url\" content=\"https:\/\/lumart.fr\/en\/the-collections\/outdoor\/garden-lights\/le-plessis-borne-90-cm-82887\/\" \/>\n<meta property=\"og:site_name\" content=\"Lum&#039;Art\" \/>\n<meta property=\"article:publisher\" content=\"https:\/\/www.facebook.com\/LumArt-1543826629180391\/\" \/>\n<meta property=\"article:modified_time\" content=\"2021-12-03T15:55:24+00:00\" \/>\n<meta property=\"og:image\" content=\"https:\/\/lumart.fr\/wp-content\/uploads\/2017\/12\/82887-Borne-Le-Plessis-90cm-VDG-Lumart-BD-2.jpg\" \/>\n\t<meta property=\"og:image:width\" content=\"2551\" \/>\n\t<meta property=\"og:image:height\" content=\"1701\" \/>\n<meta name=\"twitter:card\" content=\"summary\" \/>\n<meta name=\"twitter:label1\" content=\"Est. reading time\" \/>\n\t<meta name=\"twitter:data1\" content=\"1 minute\" \/>\n<script type=\"application\/ld+json\" class=\"yoast-schema-graph\">{\"@context\":\"https:\/\/schema.org\",\"@graph\":[{\"@type\":\"WebSite\",\"@id\":\"https:\/\/lumart.fr\/fr\/#website\",\"url\":\"https:\/\/lumart.fr\/fr\/\",\"name\":\"Lum'art\",\"description\":\"\",\"potentialAction\":[{\"@type\":\"SearchAction\",\"target\":{\"@type\":\"EntryPoint\",\"urlTemplate\":\"https:\/\/lumart.fr\/fr\/?s={search_term_string}\"},\"query-input\":\"required name=search_term_string\"}],\"inLanguage\":\"en-US\"},{\"@type\":\"ImageObject\",\"@id\":\"https:\/\/lumart.fr\/en\/the-collections\/outdoor\/garden-lights\/le-plessis-borne-90-cm-82887\/#primaryimage\",\"inLanguage\":\"en-US\",\"url\":\"\/wp-content\/uploads\/2017\/12\/82887-Borne-Le-Plessis-90cm-VDG-Lumart-BD-2.jpg\",\"contentUrl\":\"\/wp-content\/uploads\/2017\/12\/82887-Borne-Le-Plessis-90cm-VDG-Lumart-BD-2.jpg\",\"width\":2551,\"height\":1701,\"caption\":\"Le Plessis garden light, 90 cm, verdigris\"},{\"@type\":\"WebPage\",\"@id\":\"https:\/\/lumart.fr\/en\/the-collections\/outdoor\/garden-lights\/le-plessis-borne-90-cm-82887\/#webpage\",\"url\":\"https:\/\/lumart.fr\/en\/the-collections\/outdoor\/garden-lights\/le-plessis-borne-90-cm-82887\/\",\"name\":\"Borne Le Plessis 90 cm (82887) - Lum'art\",\"isPartOf\":{\"@id\":\"https:\/\/lumart.fr\/fr\/#website\"},\"primaryImageOfPage\":{\"@id\":\"https:\/\/lumart.fr\/en\/the-collections\/outdoor\/garden-lights\/le-plessis-borne-90-cm-82887\/#primaryimage\"},\"datePublished\":\"2017-12-18T14:34:17+00:00\",\"dateModified\":\"2021-12-03T15:55:24+00:00\",\"description\":\"Le Plessis est une borne de jardin contemporaine de forme triangulaire associant le laiton et l'acacia du Perche. Le verre d\\u00e9poli va diffuser une lumi\\u00e8re subtile pour \\u00e9clairer massifs, all\\u00e9es ou passages. Parfait \\u00e9galement pour \\u00e9clairer le tour d'une piscine !\",\"breadcrumb\":{\"@id\":\"https:\/\/lumart.fr\/en\/the-collections\/outdoor\/garden-lights\/le-plessis-borne-90-cm-82887\/#breadcrumb\"},\"inLanguage\":\"en-US\",\"potentialAction\":[{\"@type\":\"ReadAction\",\"target\":[\"https:\/\/lumart.fr\/en\/the-collections\/outdoor\/garden-lights\/le-plessis-borne-90-cm-82887\/\"]}]},{\"@type\":\"BreadcrumbList\",\"@id\":\"https:\/\/lumart.fr\/en\/the-collections\/outdoor\/garden-lights\/le-plessis-borne-90-cm-82887\/#breadcrumb\",\"itemListElement\":[{\"@type\":\"ListItem\",\"position\":1,\"name\":\"Home\",\"item\":\"https:\/\/lumart.fr\/en\/\"},{\"@type\":\"ListItem\",\"position\":2,\"name\":\"The Collections\",\"item\":\"https:\/\/lumart.fr\/en\/the-collections\/\"},{\"@type\":\"ListItem\",\"position\":3,\"name\":\"Le Plessis - Garden light 90 cm\"}]}]}<\/script>\n<!-- \/ Yoast SEO plugin. -->","yoast_head_json":{"description":"Le Plessis est une borne de jardin contemporaine de forme triangulaire associant le laiton et l'acacia du Perche. Le verre d\u00e9poli va diffuser une lumi\u00e8re subtile pour \u00e9clairer massifs, all\u00e9es ou passages. Parfait \u00e9galement pour \u00e9clairer le tour d'une piscine !","robots":{"index":"index","follow":"follow","max-snippet":"max-snippet:-1","max-image-preview":"max-image-preview:large","max-video-preview":"max-video-preview:-1"},"canonical":"https:\/\/lumart.fr\/en\/the-collections\/outdoor\/garden-lights\/le-plessis-borne-90-cm-82887\/","og_locale":"en_US","og_type":"article","og_title":"Borne Le Plessis 90 cm (82887) - Lum'art","og_description":"Le Plessis est une borne de jardin contemporaine de forme triangulaire associant le laiton et l'acacia du Perche. Le verre d\u00e9poli va diffuser une lumi\u00e8re subtile pour \u00e9clairer massifs, all\u00e9es ou passages. Parfait \u00e9galement pour \u00e9clairer le tour d'une piscine !","og_url":"https:\/\/lumart.fr\/en\/the-collections\/outdoor\/garden-lights\/le-plessis-borne-90-cm-82887\/","og_site_name":"Lum&#039;Art","article_publisher":"https:\/\/www.facebook.com\/LumArt-1543826629180391\/","article_modified_time":"2021-12-03T15:55:24+00:00","og_image":[{"width":2551,"height":1701,"url":"https:\/\/lumart.fr\/wp-content\/uploads\/2017\/12\/82887-Borne-Le-Plessis-90cm-VDG-Lumart-BD-2.jpg","type":"image\/jpeg"}],"twitter_card":"summary","twitter_misc":{"Est. reading time":"1 minute"},"schema":{"@context":"https:\/\/schema.org","@graph":[{"@type":"WebSite","@id":"https:\/\/lumart.fr\/fr\/#website","url":"https:\/\/lumart.fr\/fr\/","name":"Lum'art","description":"","potentialAction":[{"@type":"SearchAction","target":{"@type":"EntryPoint","urlTemplate":"https:\/\/lumart.fr\/fr\/?s={search_term_string}"},"query-input":"required name=search_term_string"}],"inLanguage":"en-US"},{"@type":"ImageObject","@id":"https:\/\/lumart.fr\/en\/the-collections\/outdoor\/garden-lights\/le-plessis-borne-90-cm-82887\/#primaryimage","inLanguage":"en-US","url":"\/wp-content\/uploads\/2017\/12\/82887-Borne-Le-Plessis-90cm-VDG-Lumart-BD-2.jpg","contentUrl":"\/wp-content\/uploads\/2017\/12\/82887-Borne-Le-Plessis-90cm-VDG-Lumart-BD-2.jpg","width":2551,"height":1701,"caption":"Le Plessis garden light, 90 cm, verdigris"},{"@type":"WebPage","@id":"https:\/\/lumart.fr\/en\/the-collections\/outdoor\/garden-lights\/le-plessis-borne-90-cm-82887\/#webpage","url":"https:\/\/lumart.fr\/en\/the-collections\/outdoor\/garden-lights\/le-plessis-borne-90-cm-82887\/","name":"Borne Le Plessis 90 cm (82887) - Lum'art","isPartOf":{"@id":"https:\/\/lumart.fr\/fr\/#website"},"primaryImageOfPage":{"@id":"https:\/\/lumart.fr\/en\/the-collections\/outdoor\/garden-lights\/le-plessis-borne-90-cm-82887\/#primaryimage"},"datePublished":"2017-12-18T14:34:17+00:00","dateModified":"2021-12-03T15:55:24+00:00","description":"Le Plessis est une borne de jardin contemporaine de forme triangulaire associant le laiton et l'acacia du Perche. Le verre d\u00e9poli va diffuser une lumi\u00e8re subtile pour \u00e9clairer massifs, all\u00e9es ou passages. Parfait \u00e9galement pour \u00e9clairer le tour d'une piscine !","breadcrumb":{"@id":"https:\/\/lumart.fr\/en\/the-collections\/outdoor\/garden-lights\/le-plessis-borne-90-cm-82887\/#breadcrumb"},"inLanguage":"en-US","potentialAction":[{"@type":"ReadAction","target":["https:\/\/lumart.fr\/en\/the-collections\/outdoor\/garden-lights\/le-plessis-borne-90-cm-82887\/"]}]},{"@type":"BreadcrumbList","@id":"https:\/\/lumart.fr\/en\/the-collections\/outdoor\/garden-lights\/le-plessis-borne-90-cm-82887\/#breadcrumb","itemListElement":[{"@type":"ListItem","position":1,"name":"Home","item":"https:\/\/lumart.fr\/en\/"},{"@type":"ListItem","position":2,"name":"The Collections","item":"https:\/\/lumart.fr\/en\/the-collections\/"},{"@type":"ListItem","position":3,"name":"Le Plessis - Garden light 90 cm"}]}]}},"_links":{"self":[{"href":"https:\/\/lumart.fr\/en\/wp-json\/wp\/v2\/product\/8838"}],"collection":[{"href":"https:\/\/lumart.fr\/en\/wp-json\/wp\/v2\/product"}],"about":[{"href":"https:\/\/lumart.fr\/en\/wp-json\/wp\/v2\/types\/product"}],"wp:featuredmedia":[{"embeddable":true,"href":"https:\/\/lumart.fr\/en\/wp-json\/wp\/v2\/media\/3958"}],"wp:attachment":[{"href":"https:\/\/lumart.fr\/en\/wp-json\/wp\/v2\/media?parent=8838"}],"wp:term":[{"taxonomy":"product_cat","embeddable":true,"href":"https:\/\/lumart.fr\/en\/wp-json\/wp\/v2\/product_cat?post=8838"},{"taxonomy":"product_tag","embeddable":true,"href":"https:\/\/lumart.fr\/en\/wp-json\/wp\/v2\/product_tag?post=8838"}],"curies":[{"name":"wp","href":"https:\/\/api.w.org\/{rel}","templated":true}]}}