{"id":8833,"date":"2017-12-18T14:34:20","date_gmt":"2017-12-18T14:34:20","guid":{"rendered":"https:\/\/lumart.fr\/les-collections\/uncategorized\/leman-applique-3476-2\/"},"modified":"2021-12-03T17:47:19","modified_gmt":"2021-12-03T15:47:19","slug":"leman-applique-3476-2","status":"publish","type":"product","link":"https:\/\/lumart.fr\/en\/the-collections\/interior\/wall-lights\/leman-applique-3476-2\/","title":{"rendered":"Leman - Wall lantern"},"content":{"rendered":"<p>The L\u00e9man wall light or pendant light&#8217;s design revolves around micro-perforated brass, which casts a soft and subtle glow. Also available as square or round uplights made out of brass or zinc that can be placed along a wall or at the foot of a column for an indirect and beautiful lighting effect.<\/p>\n","protected":false},"excerpt":{"rendered":"<p>The L\u00e9man wall light or pendant light&#8217;s design revolves around micro-perforated brass, which casts a soft and subtle glow. Also available as square or round uplights made out of brass or zinc that can be placed along a wall or at the foot of a column for an indirect and beautiful lighting effect.<\/p>\n","protected":false},"featured_media":4094,"template":"","meta":[],"product_cat":[261],"product_tag":[],"acf":[],"yoast_head":"<!-- This site is optimized with the Yoast SEO plugin v17.8 - https:\/\/yoast.com\/wordpress\/plugins\/seo\/ -->\n<meta name=\"description\" content=\"Applique ou suspension, la collection L\u00e9man tourne autour du laiton micro perfor\u00e9 qui diffuse une lumi\u00e8re tamis\u00e9e et subtile. Egalement disponible en spot de sol, \u00e0 disposer le long d&#039;un mur ou au pied d&#039;une colonne pour un \u00e9clairage indirect du plus bel effet.\" \/>\n<meta name=\"robots\" content=\"index, follow, max-snippet:-1, max-image-preview:large, max-video-preview:-1\" \/>\n<link rel=\"canonical\" href=\"https:\/\/lumart.fr\/en\/the-collections\/interior\/wall-lights\/leman-applique-3476-2\/\" \/>\n<meta property=\"og:locale\" content=\"en_US\" \/>\n<meta property=\"og:type\" content=\"article\" \/>\n<meta property=\"og:title\" content=\"Applique Leman (3476\/2) - Lum&#039;art\" \/>\n<meta property=\"og:description\" content=\"Applique ou suspension, la collection L\u00e9man tourne autour du laiton micro perfor\u00e9 qui diffuse une lumi\u00e8re tamis\u00e9e et subtile. Egalement disponible en spot de sol, \u00e0 disposer le long d&#039;un mur ou au pied d&#039;une colonne pour un \u00e9clairage indirect du plus bel effet.\" \/>\n<meta property=\"og:url\" content=\"https:\/\/lumart.fr\/en\/the-collections\/interior\/wall-lights\/leman-applique-3476-2\/\" \/>\n<meta property=\"og:site_name\" content=\"Lum&#039;Art\" \/>\n<meta property=\"article:publisher\" content=\"https:\/\/www.facebook.com\/LumArt-1543826629180391\/\" \/>\n<meta property=\"article:modified_time\" content=\"2021-12-03T15:47:19+00:00\" \/>\n<meta property=\"og:image\" content=\"https:\/\/lumart.fr\/wp-content\/uploads\/2017\/12\/3476-2-Applique-Leman-CDF-Lumart-BD-3.jpg\" \/>\n\t<meta property=\"og:image:width\" content=\"2551\" \/>\n\t<meta property=\"og:image:height\" content=\"1701\" \/>\n<meta name=\"twitter:card\" content=\"summary\" \/>\n<script type=\"application\/ld+json\" class=\"yoast-schema-graph\">{\"@context\":\"https:\/\/schema.org\",\"@graph\":[{\"@type\":\"WebSite\",\"@id\":\"https:\/\/lumart.fr\/fr\/#website\",\"url\":\"https:\/\/lumart.fr\/fr\/\",\"name\":\"Lum'art\",\"description\":\"\",\"potentialAction\":[{\"@type\":\"SearchAction\",\"target\":{\"@type\":\"EntryPoint\",\"urlTemplate\":\"https:\/\/lumart.fr\/fr\/?s={search_term_string}\"},\"query-input\":\"required name=search_term_string\"}],\"inLanguage\":\"en-US\"},{\"@type\":\"ImageObject\",\"@id\":\"https:\/\/lumart.fr\/en\/the-collections\/interior\/wall-lights\/leman-applique-3476-2\/#primaryimage\",\"inLanguage\":\"en-US\",\"url\":\"\/wp-content\/uploads\/2017\/12\/3476-2-Applique-Leman-CDF-Lumart-BD-3.jpg\",\"contentUrl\":\"\/wp-content\/uploads\/2017\/12\/3476-2-Applique-Leman-CDF-Lumart-BD-3.jpg\",\"width\":2551,\"height\":1701,\"caption\":\"Leman wall light, gun metal\"},{\"@type\":\"WebPage\",\"@id\":\"https:\/\/lumart.fr\/en\/the-collections\/interior\/wall-lights\/leman-applique-3476-2\/#webpage\",\"url\":\"https:\/\/lumart.fr\/en\/the-collections\/interior\/wall-lights\/leman-applique-3476-2\/\",\"name\":\"Applique Leman (3476\/2) - Lum'art\",\"isPartOf\":{\"@id\":\"https:\/\/lumart.fr\/fr\/#website\"},\"primaryImageOfPage\":{\"@id\":\"https:\/\/lumart.fr\/en\/the-collections\/interior\/wall-lights\/leman-applique-3476-2\/#primaryimage\"},\"datePublished\":\"2017-12-18T14:34:20+00:00\",\"dateModified\":\"2021-12-03T15:47:19+00:00\",\"description\":\"Applique ou suspension, la collection L\\u00e9man tourne autour du laiton micro perfor\\u00e9 qui diffuse une lumi\\u00e8re tamis\\u00e9e et subtile. Egalement disponible en spot de sol, \\u00e0 disposer le long d'un mur ou au pied d'une colonne pour un \\u00e9clairage indirect du plus bel effet.\",\"breadcrumb\":{\"@id\":\"https:\/\/lumart.fr\/en\/the-collections\/interior\/wall-lights\/leman-applique-3476-2\/#breadcrumb\"},\"inLanguage\":\"en-US\",\"potentialAction\":[{\"@type\":\"ReadAction\",\"target\":[\"https:\/\/lumart.fr\/en\/the-collections\/interior\/wall-lights\/leman-applique-3476-2\/\"]}]},{\"@type\":\"BreadcrumbList\",\"@id\":\"https:\/\/lumart.fr\/en\/the-collections\/interior\/wall-lights\/leman-applique-3476-2\/#breadcrumb\",\"itemListElement\":[{\"@type\":\"ListItem\",\"position\":1,\"name\":\"Home\",\"item\":\"https:\/\/lumart.fr\/en\/\"},{\"@type\":\"ListItem\",\"position\":2,\"name\":\"The Collections\",\"item\":\"https:\/\/lumart.fr\/en\/the-collections\/\"},{\"@type\":\"ListItem\",\"position\":3,\"name\":\"Leman - Wall lantern\"}]}]}<\/script>\n<!-- \/ Yoast SEO plugin. -->","yoast_head_json":{"description":"Applique ou suspension, la collection L\u00e9man tourne autour du laiton micro perfor\u00e9 qui diffuse une lumi\u00e8re tamis\u00e9e et subtile. Egalement disponible en spot de sol, \u00e0 disposer le long d'un mur ou au pied d'une colonne pour un \u00e9clairage indirect du plus bel effet.","robots":{"index":"index","follow":"follow","max-snippet":"max-snippet:-1","max-image-preview":"max-image-preview:large","max-video-preview":"max-video-preview:-1"},"canonical":"https:\/\/lumart.fr\/en\/the-collections\/interior\/wall-lights\/leman-applique-3476-2\/","og_locale":"en_US","og_type":"article","og_title":"Applique Leman (3476\/2) - Lum'art","og_description":"Applique ou suspension, la collection L\u00e9man tourne autour du laiton micro perfor\u00e9 qui diffuse une lumi\u00e8re tamis\u00e9e et subtile. Egalement disponible en spot de sol, \u00e0 disposer le long d'un mur ou au pied d'une colonne pour un \u00e9clairage indirect du plus bel effet.","og_url":"https:\/\/lumart.fr\/en\/the-collections\/interior\/wall-lights\/leman-applique-3476-2\/","og_site_name":"Lum&#039;Art","article_publisher":"https:\/\/www.facebook.com\/LumArt-1543826629180391\/","article_modified_time":"2021-12-03T15:47:19+00:00","og_image":[{"width":2551,"height":1701,"url":"https:\/\/lumart.fr\/wp-content\/uploads\/2017\/12\/3476-2-Applique-Leman-CDF-Lumart-BD-3.jpg","type":"image\/jpeg"}],"twitter_card":"summary","schema":{"@context":"https:\/\/schema.org","@graph":[{"@type":"WebSite","@id":"https:\/\/lumart.fr\/fr\/#website","url":"https:\/\/lumart.fr\/fr\/","name":"Lum'art","description":"","potentialAction":[{"@type":"SearchAction","target":{"@type":"EntryPoint","urlTemplate":"https:\/\/lumart.fr\/fr\/?s={search_term_string}"},"query-input":"required name=search_term_string"}],"inLanguage":"en-US"},{"@type":"ImageObject","@id":"https:\/\/lumart.fr\/en\/the-collections\/interior\/wall-lights\/leman-applique-3476-2\/#primaryimage","inLanguage":"en-US","url":"\/wp-content\/uploads\/2017\/12\/3476-2-Applique-Leman-CDF-Lumart-BD-3.jpg","contentUrl":"\/wp-content\/uploads\/2017\/12\/3476-2-Applique-Leman-CDF-Lumart-BD-3.jpg","width":2551,"height":1701,"caption":"Leman wall light, gun metal"},{"@type":"WebPage","@id":"https:\/\/lumart.fr\/en\/the-collections\/interior\/wall-lights\/leman-applique-3476-2\/#webpage","url":"https:\/\/lumart.fr\/en\/the-collections\/interior\/wall-lights\/leman-applique-3476-2\/","name":"Applique Leman (3476\/2) - Lum'art","isPartOf":{"@id":"https:\/\/lumart.fr\/fr\/#website"},"primaryImageOfPage":{"@id":"https:\/\/lumart.fr\/en\/the-collections\/interior\/wall-lights\/leman-applique-3476-2\/#primaryimage"},"datePublished":"2017-12-18T14:34:20+00:00","dateModified":"2021-12-03T15:47:19+00:00","description":"Applique ou suspension, la collection L\u00e9man tourne autour du laiton micro perfor\u00e9 qui diffuse une lumi\u00e8re tamis\u00e9e et subtile. Egalement disponible en spot de sol, \u00e0 disposer le long d'un mur ou au pied d'une colonne pour un \u00e9clairage indirect du plus bel effet.","breadcrumb":{"@id":"https:\/\/lumart.fr\/en\/the-collections\/interior\/wall-lights\/leman-applique-3476-2\/#breadcrumb"},"inLanguage":"en-US","potentialAction":[{"@type":"ReadAction","target":["https:\/\/lumart.fr\/en\/the-collections\/interior\/wall-lights\/leman-applique-3476-2\/"]}]},{"@type":"BreadcrumbList","@id":"https:\/\/lumart.fr\/en\/the-collections\/interior\/wall-lights\/leman-applique-3476-2\/#breadcrumb","itemListElement":[{"@type":"ListItem","position":1,"name":"Home","item":"https:\/\/lumart.fr\/en\/"},{"@type":"ListItem","position":2,"name":"The Collections","item":"https:\/\/lumart.fr\/en\/the-collections\/"},{"@type":"ListItem","position":3,"name":"Leman - Wall lantern"}]}]}},"_links":{"self":[{"href":"https:\/\/lumart.fr\/en\/wp-json\/wp\/v2\/product\/8833"}],"collection":[{"href":"https:\/\/lumart.fr\/en\/wp-json\/wp\/v2\/product"}],"about":[{"href":"https:\/\/lumart.fr\/en\/wp-json\/wp\/v2\/types\/product"}],"wp:featuredmedia":[{"embeddable":true,"href":"https:\/\/lumart.fr\/en\/wp-json\/wp\/v2\/media\/4094"}],"wp:attachment":[{"href":"https:\/\/lumart.fr\/en\/wp-json\/wp\/v2\/media?parent=8833"}],"wp:term":[{"taxonomy":"product_cat","embeddable":true,"href":"https:\/\/lumart.fr\/en\/wp-json\/wp\/v2\/product_cat?post=8833"},{"taxonomy":"product_tag","embeddable":true,"href":"https:\/\/lumart.fr\/en\/wp-json\/wp\/v2\/product_tag?post=8833"}],"curies":[{"name":"wp","href":"https:\/\/api.w.org\/{rel}","templated":true}]}}