{"id":8831,"date":"2017-12-18T14:34:21","date_gmt":"2017-12-18T14:34:21","guid":{"rendered":"https:\/\/lumart.fr\/les-collections\/uncategorized\/leman-rond-spot-7758\/"},"modified":"2023-06-27T15:17:55","modified_gmt":"2023-06-27T13:17:55","slug":"leman-rond-spot-7758","status":"publish","type":"product","link":"https:\/\/lumart.fr\/en\/the-collections\/interior\/spotlights\/leman-rond-spot-7758\/","title":{"rendered":"L\u00e9man Rond - Spotlight"},"content":{"rendered":"<p>Applique ou suspension, la collection L\u00e9man tourne autour du laiton micro perfor\u00e9 qui diffuse une lumi\u00e8re tamis\u00e9e et subtile. Egalement disponible en spot de sol, section carr\u00e9e ou section ronde, cette fois-ci en laiton ou zinc, \u00e0 disposer le long d&#8217;un mur ou au pied d&#8217;une colonne pour un \u00e9clairage indirect du plus bel effet.<\/p>\n","protected":false},"excerpt":{"rendered":"<p>Applique ou suspension, la collection L\u00e9man tourne autour du laiton micro perfor\u00e9 qui diffuse une lumi\u00e8re tamis\u00e9e et subtile. Egalement disponible en spot de sol, section carr\u00e9e ou section ronde, cette fois-ci en laiton ou zinc, \u00e0 disposer le long d&#8217;un mur ou au pied d&#8217;une colonne pour un \u00e9clairage indirect du plus bel effet.<\/p>\n","protected":false},"featured_media":5400,"template":"","meta":[],"product_cat":[269],"product_tag":[],"acf":[],"yoast_head":"<!-- This site is optimized with the Yoast SEO plugin v17.8 - https:\/\/yoast.com\/wordpress\/plugins\/seo\/ -->\n<meta name=\"description\" content=\"Applique ou suspension, la collection L\u00e9man tourne autour du laiton micro perfor\u00e9 qui diffuse une lumi\u00e8re tamis\u00e9e et subtile. Egalement disponible en spot de sol, \u00e0 disposer le long d&#039;un mur ou au pied d&#039;une colonne pour un \u00e9clairage indirect du plus bel effet.\" \/>\n<meta name=\"robots\" content=\"index, follow, max-snippet:-1, max-image-preview:large, max-video-preview:-1\" \/>\n<link rel=\"canonical\" href=\"https:\/\/lumart.fr\/en\/the-collections\/interior\/spotlights\/leman-rond-spot-7758\/\" \/>\n<meta property=\"og:locale\" content=\"en_US\" \/>\n<meta property=\"og:type\" content=\"article\" \/>\n<meta property=\"og:title\" content=\"Spot L\u00e9man Rond (7758) - Lum&#039;art\" \/>\n<meta property=\"og:description\" content=\"Applique ou suspension, la collection L\u00e9man tourne autour du laiton micro perfor\u00e9 qui diffuse une lumi\u00e8re tamis\u00e9e et subtile. Egalement disponible en spot de sol, \u00e0 disposer le long d&#039;un mur ou au pied d&#039;une colonne pour un \u00e9clairage indirect du plus bel effet.\" \/>\n<meta property=\"og:url\" content=\"https:\/\/lumart.fr\/en\/the-collections\/interior\/spotlights\/leman-rond-spot-7758\/\" \/>\n<meta property=\"og:site_name\" content=\"Lum&#039;Art\" \/>\n<meta property=\"article:publisher\" content=\"https:\/\/www.facebook.com\/LumArt-1543826629180391\/\" \/>\n<meta property=\"article:modified_time\" content=\"2023-06-27T13:17:55+00:00\" \/>\n<meta property=\"og:image\" content=\"https:\/\/lumart.fr\/wp-content\/uploads\/2017\/12\/7758-Spot-Leman-rond-VZ-Lumart-BD-2.jpg\" \/>\n\t<meta property=\"og:image:width\" content=\"2551\" \/>\n\t<meta property=\"og:image:height\" content=\"1701\" \/>\n<meta name=\"twitter:card\" content=\"summary\" \/>\n<script type=\"application\/ld+json\" class=\"yoast-schema-graph\">{\"@context\":\"https:\/\/schema.org\",\"@graph\":[{\"@type\":\"WebSite\",\"@id\":\"https:\/\/lumart.fr\/fr\/#website\",\"url\":\"https:\/\/lumart.fr\/fr\/\",\"name\":\"Lum'art\",\"description\":\"\",\"potentialAction\":[{\"@type\":\"SearchAction\",\"target\":{\"@type\":\"EntryPoint\",\"urlTemplate\":\"https:\/\/lumart.fr\/fr\/?s={search_term_string}\"},\"query-input\":\"required name=search_term_string\"}],\"inLanguage\":\"en-US\"},{\"@type\":\"ImageObject\",\"@id\":\"https:\/\/lumart.fr\/en\/the-collections\/interior\/spotlights\/leman-rond-spot-7758\/#primaryimage\",\"inLanguage\":\"en-US\",\"url\":\"\/wp-content\/uploads\/2017\/12\/7758-Spot-Leman-rond-VZ-Lumart-BD-2.jpg\",\"contentUrl\":\"\/wp-content\/uploads\/2017\/12\/7758-Spot-Leman-rond-VZ-Lumart-BD-2.jpg\",\"width\":2551,\"height\":1701,\"caption\":\"Leman Rond spotlight, aged zinc\"},{\"@type\":\"WebPage\",\"@id\":\"https:\/\/lumart.fr\/en\/the-collections\/interior\/spotlights\/leman-rond-spot-7758\/#webpage\",\"url\":\"https:\/\/lumart.fr\/en\/the-collections\/interior\/spotlights\/leman-rond-spot-7758\/\",\"name\":\"Spot L\\u00e9man Rond (7758) - Lum'art\",\"isPartOf\":{\"@id\":\"https:\/\/lumart.fr\/fr\/#website\"},\"primaryImageOfPage\":{\"@id\":\"https:\/\/lumart.fr\/en\/the-collections\/interior\/spotlights\/leman-rond-spot-7758\/#primaryimage\"},\"datePublished\":\"2017-12-18T14:34:21+00:00\",\"dateModified\":\"2023-06-27T13:17:55+00:00\",\"description\":\"Applique ou suspension, la collection L\\u00e9man tourne autour du laiton micro perfor\\u00e9 qui diffuse une lumi\\u00e8re tamis\\u00e9e et subtile. Egalement disponible en spot de sol, \\u00e0 disposer le long d'un mur ou au pied d'une colonne pour un \\u00e9clairage indirect du plus bel effet.\",\"breadcrumb\":{\"@id\":\"https:\/\/lumart.fr\/en\/the-collections\/interior\/spotlights\/leman-rond-spot-7758\/#breadcrumb\"},\"inLanguage\":\"en-US\",\"potentialAction\":[{\"@type\":\"ReadAction\",\"target\":[\"https:\/\/lumart.fr\/en\/the-collections\/interior\/spotlights\/leman-rond-spot-7758\/\"]}]},{\"@type\":\"BreadcrumbList\",\"@id\":\"https:\/\/lumart.fr\/en\/the-collections\/interior\/spotlights\/leman-rond-spot-7758\/#breadcrumb\",\"itemListElement\":[{\"@type\":\"ListItem\",\"position\":1,\"name\":\"Home\",\"item\":\"https:\/\/lumart.fr\/en\/\"},{\"@type\":\"ListItem\",\"position\":2,\"name\":\"The Collections\",\"item\":\"https:\/\/lumart.fr\/en\/the-collections\/\"},{\"@type\":\"ListItem\",\"position\":3,\"name\":\"L\\u00e9man Rond - Spotlight\"}]}]}<\/script>\n<!-- \/ Yoast SEO plugin. -->","yoast_head_json":{"description":"Applique ou suspension, la collection L\u00e9man tourne autour du laiton micro perfor\u00e9 qui diffuse une lumi\u00e8re tamis\u00e9e et subtile. Egalement disponible en spot de sol, \u00e0 disposer le long d'un mur ou au pied d'une colonne pour un \u00e9clairage indirect du plus bel effet.","robots":{"index":"index","follow":"follow","max-snippet":"max-snippet:-1","max-image-preview":"max-image-preview:large","max-video-preview":"max-video-preview:-1"},"canonical":"https:\/\/lumart.fr\/en\/the-collections\/interior\/spotlights\/leman-rond-spot-7758\/","og_locale":"en_US","og_type":"article","og_title":"Spot L\u00e9man Rond (7758) - Lum'art","og_description":"Applique ou suspension, la collection L\u00e9man tourne autour du laiton micro perfor\u00e9 qui diffuse une lumi\u00e8re tamis\u00e9e et subtile. Egalement disponible en spot de sol, \u00e0 disposer le long d'un mur ou au pied d'une colonne pour un \u00e9clairage indirect du plus bel effet.","og_url":"https:\/\/lumart.fr\/en\/the-collections\/interior\/spotlights\/leman-rond-spot-7758\/","og_site_name":"Lum&#039;Art","article_publisher":"https:\/\/www.facebook.com\/LumArt-1543826629180391\/","article_modified_time":"2023-06-27T13:17:55+00:00","og_image":[{"width":2551,"height":1701,"url":"https:\/\/lumart.fr\/wp-content\/uploads\/2017\/12\/7758-Spot-Leman-rond-VZ-Lumart-BD-2.jpg","type":"image\/jpeg"}],"twitter_card":"summary","schema":{"@context":"https:\/\/schema.org","@graph":[{"@type":"WebSite","@id":"https:\/\/lumart.fr\/fr\/#website","url":"https:\/\/lumart.fr\/fr\/","name":"Lum'art","description":"","potentialAction":[{"@type":"SearchAction","target":{"@type":"EntryPoint","urlTemplate":"https:\/\/lumart.fr\/fr\/?s={search_term_string}"},"query-input":"required name=search_term_string"}],"inLanguage":"en-US"},{"@type":"ImageObject","@id":"https:\/\/lumart.fr\/en\/the-collections\/interior\/spotlights\/leman-rond-spot-7758\/#primaryimage","inLanguage":"en-US","url":"\/wp-content\/uploads\/2017\/12\/7758-Spot-Leman-rond-VZ-Lumart-BD-2.jpg","contentUrl":"\/wp-content\/uploads\/2017\/12\/7758-Spot-Leman-rond-VZ-Lumart-BD-2.jpg","width":2551,"height":1701,"caption":"Leman Rond spotlight, aged zinc"},{"@type":"WebPage","@id":"https:\/\/lumart.fr\/en\/the-collections\/interior\/spotlights\/leman-rond-spot-7758\/#webpage","url":"https:\/\/lumart.fr\/en\/the-collections\/interior\/spotlights\/leman-rond-spot-7758\/","name":"Spot L\u00e9man Rond (7758) - Lum'art","isPartOf":{"@id":"https:\/\/lumart.fr\/fr\/#website"},"primaryImageOfPage":{"@id":"https:\/\/lumart.fr\/en\/the-collections\/interior\/spotlights\/leman-rond-spot-7758\/#primaryimage"},"datePublished":"2017-12-18T14:34:21+00:00","dateModified":"2023-06-27T13:17:55+00:00","description":"Applique ou suspension, la collection L\u00e9man tourne autour du laiton micro perfor\u00e9 qui diffuse une lumi\u00e8re tamis\u00e9e et subtile. Egalement disponible en spot de sol, \u00e0 disposer le long d'un mur ou au pied d'une colonne pour un \u00e9clairage indirect du plus bel effet.","breadcrumb":{"@id":"https:\/\/lumart.fr\/en\/the-collections\/interior\/spotlights\/leman-rond-spot-7758\/#breadcrumb"},"inLanguage":"en-US","potentialAction":[{"@type":"ReadAction","target":["https:\/\/lumart.fr\/en\/the-collections\/interior\/spotlights\/leman-rond-spot-7758\/"]}]},{"@type":"BreadcrumbList","@id":"https:\/\/lumart.fr\/en\/the-collections\/interior\/spotlights\/leman-rond-spot-7758\/#breadcrumb","itemListElement":[{"@type":"ListItem","position":1,"name":"Home","item":"https:\/\/lumart.fr\/en\/"},{"@type":"ListItem","position":2,"name":"The Collections","item":"https:\/\/lumart.fr\/en\/the-collections\/"},{"@type":"ListItem","position":3,"name":"L\u00e9man Rond - Spotlight"}]}]}},"_links":{"self":[{"href":"https:\/\/lumart.fr\/en\/wp-json\/wp\/v2\/product\/8831"}],"collection":[{"href":"https:\/\/lumart.fr\/en\/wp-json\/wp\/v2\/product"}],"about":[{"href":"https:\/\/lumart.fr\/en\/wp-json\/wp\/v2\/types\/product"}],"wp:featuredmedia":[{"embeddable":true,"href":"https:\/\/lumart.fr\/en\/wp-json\/wp\/v2\/media\/5400"}],"wp:attachment":[{"href":"https:\/\/lumart.fr\/en\/wp-json\/wp\/v2\/media?parent=8831"}],"wp:term":[{"taxonomy":"product_cat","embeddable":true,"href":"https:\/\/lumart.fr\/en\/wp-json\/wp\/v2\/product_cat?post=8831"},{"taxonomy":"product_tag","embeddable":true,"href":"https:\/\/lumart.fr\/en\/wp-json\/wp\/v2\/product_tag?post=8831"}],"curies":[{"name":"wp","href":"https:\/\/api.w.org\/{rel}","templated":true}]}}