{"id":8822,"date":"2017-12-18T14:34:25","date_gmt":"2017-12-18T14:34:25","guid":{"rendered":"https:\/\/lumart.fr\/les-collections\/uncategorized\/les-issambres-borne-22-cm-82885-22\/"},"modified":"2021-06-17T14:11:59","modified_gmt":"2021-06-17T12:11:59","slug":"les-issambres-borne-25-cm-82885-25","status":"publish","type":"product","link":"https:\/\/lumart.fr\/en\/the-collections\/outdoor\/garden-lights\/les-issambres-borne-25-cm-82885-25\/","title":{"rendered":"Les Issambres - Garden light 25 cm"},"content":{"rendered":"<p>Little sister of the Beg Meil garden lights, the Issambres garden lights come in several sizes. Install them around the swimming pool, line a garden path or highlight a flower bed. And, the 25-cm model can even be used as a wall light.<\/p>\n","protected":false},"excerpt":{"rendered":"<p>Little sister of the Beg Meil garden lights, the Issambres garden lights come in several sizes. Install them around the swimming pool, line a garden path or highlight a flower bed. And, the 25-cm model can even be used as a wall light.<\/p>\n","protected":false},"featured_media":3940,"template":"","meta":[],"product_cat":[256],"product_tag":[],"acf":[],"yoast_head":"<!-- This site is optimized with the Yoast SEO plugin v17.8 - https:\/\/yoast.com\/wordpress\/plugins\/seo\/ -->\n<meta name=\"description\" content=\"Borne d&#039;ext\u00e9rieur, la petite s\u0153ur de la collection Beg Meil, Les Issambres, se d\u00e9cline en plusieurs tailles. Elle est tout \u00e0 sa place autour d&#039;une piscine, pour jalonner une all\u00e9e ou cr\u00e9er des points de lumi\u00e8res dans des massifs, elle peut m\u00eame de venir applique dans sa version 22cm !\" \/>\n<meta name=\"robots\" content=\"index, follow, max-snippet:-1, max-image-preview:large, max-video-preview:-1\" \/>\n<link rel=\"canonical\" href=\"https:\/\/lumart.fr\/en\/the-collections\/outdoor\/garden-lights\/les-issambres-borne-25-cm-82885-25\/\" \/>\n<meta property=\"og:locale\" content=\"en_US\" \/>\n<meta property=\"og:type\" content=\"article\" \/>\n<meta property=\"og:title\" content=\"Borne Les Issambres 22 cm (82885\/22) - Lum&#039;art\" \/>\n<meta property=\"og:description\" content=\"Borne d&#039;ext\u00e9rieur, la petite s\u0153ur de la collection Beg Meil, Les Issambres, se d\u00e9cline en plusieurs tailles. Elle est tout \u00e0 sa place autour d&#039;une piscine, pour jalonner une all\u00e9e ou cr\u00e9er des points de lumi\u00e8res dans des massifs, elle peut m\u00eame de venir applique dans sa version 22cm !\" \/>\n<meta property=\"og:url\" content=\"https:\/\/lumart.fr\/en\/the-collections\/outdoor\/garden-lights\/les-issambres-borne-25-cm-82885-25\/\" \/>\n<meta property=\"og:site_name\" content=\"Lum&#039;Art\" \/>\n<meta property=\"article:publisher\" content=\"https:\/\/www.facebook.com\/LumArt-1543826629180391\/\" \/>\n<meta property=\"article:modified_time\" content=\"2021-06-17T12:11:59+00:00\" \/>\n<meta property=\"og:image\" content=\"https:\/\/lumart.fr\/wp-content\/uploads\/2017\/12\/82885-22-Borne-Les-Issambres-22cm-VZ-Lumart-BD.jpg\" \/>\n\t<meta property=\"og:image:width\" content=\"2551\" \/>\n\t<meta property=\"og:image:height\" content=\"1701\" \/>\n<meta name=\"twitter:card\" content=\"summary\" \/>\n<script type=\"application\/ld+json\" class=\"yoast-schema-graph\">{\"@context\":\"https:\/\/schema.org\",\"@graph\":[{\"@type\":\"WebSite\",\"@id\":\"https:\/\/lumart.fr\/fr\/#website\",\"url\":\"https:\/\/lumart.fr\/fr\/\",\"name\":\"Lum'art\",\"description\":\"\",\"potentialAction\":[{\"@type\":\"SearchAction\",\"target\":{\"@type\":\"EntryPoint\",\"urlTemplate\":\"https:\/\/lumart.fr\/fr\/?s={search_term_string}\"},\"query-input\":\"required name=search_term_string\"}],\"inLanguage\":\"en-US\"},{\"@type\":\"ImageObject\",\"@id\":\"https:\/\/lumart.fr\/en\/the-collections\/outdoor\/garden-lights\/les-issambres-borne-25-cm-82885-25\/#primaryimage\",\"inLanguage\":\"en-US\",\"url\":\"\/wp-content\/uploads\/2017\/12\/82885-22-Borne-Les-Issambres-22cm-VZ-Lumart-BD.jpg\",\"contentUrl\":\"\/wp-content\/uploads\/2017\/12\/82885-22-Borne-Les-Issambres-22cm-VZ-Lumart-BD.jpg\",\"width\":2551,\"height\":1701,\"caption\":\"Les Issambres garden light, 22 cm, aged zinc\"},{\"@type\":\"WebPage\",\"@id\":\"https:\/\/lumart.fr\/en\/the-collections\/outdoor\/garden-lights\/les-issambres-borne-25-cm-82885-25\/#webpage\",\"url\":\"https:\/\/lumart.fr\/en\/the-collections\/outdoor\/garden-lights\/les-issambres-borne-25-cm-82885-25\/\",\"name\":\"Borne Les Issambres 22 cm (82885\/22) - Lum'art\",\"isPartOf\":{\"@id\":\"https:\/\/lumart.fr\/fr\/#website\"},\"primaryImageOfPage\":{\"@id\":\"https:\/\/lumart.fr\/en\/the-collections\/outdoor\/garden-lights\/les-issambres-borne-25-cm-82885-25\/#primaryimage\"},\"datePublished\":\"2017-12-18T14:34:25+00:00\",\"dateModified\":\"2021-06-17T12:11:59+00:00\",\"description\":\"Borne d'ext\\u00e9rieur, la petite s\\u0153ur de la collection Beg Meil, Les Issambres, se d\\u00e9cline en plusieurs tailles. Elle est tout \\u00e0 sa place autour d'une piscine, pour jalonner une all\\u00e9e ou cr\\u00e9er des points de lumi\\u00e8res dans des massifs, elle peut m\\u00eame de venir applique dans sa version 22cm !\",\"breadcrumb\":{\"@id\":\"https:\/\/lumart.fr\/en\/the-collections\/outdoor\/garden-lights\/les-issambres-borne-25-cm-82885-25\/#breadcrumb\"},\"inLanguage\":\"en-US\",\"potentialAction\":[{\"@type\":\"ReadAction\",\"target\":[\"https:\/\/lumart.fr\/en\/the-collections\/outdoor\/garden-lights\/les-issambres-borne-25-cm-82885-25\/\"]}]},{\"@type\":\"BreadcrumbList\",\"@id\":\"https:\/\/lumart.fr\/en\/the-collections\/outdoor\/garden-lights\/les-issambres-borne-25-cm-82885-25\/#breadcrumb\",\"itemListElement\":[{\"@type\":\"ListItem\",\"position\":1,\"name\":\"Home\",\"item\":\"https:\/\/lumart.fr\/en\/\"},{\"@type\":\"ListItem\",\"position\":2,\"name\":\"The Collections\",\"item\":\"https:\/\/lumart.fr\/en\/the-collections\/\"},{\"@type\":\"ListItem\",\"position\":3,\"name\":\"Les Issambres - Garden light 25 cm\"}]}]}<\/script>\n<!-- \/ Yoast SEO plugin. -->","yoast_head_json":{"description":"Borne d'ext\u00e9rieur, la petite s\u0153ur de la collection Beg Meil, Les Issambres, se d\u00e9cline en plusieurs tailles. Elle est tout \u00e0 sa place autour d'une piscine, pour jalonner une all\u00e9e ou cr\u00e9er des points de lumi\u00e8res dans des massifs, elle peut m\u00eame de venir applique dans sa version 22cm !","robots":{"index":"index","follow":"follow","max-snippet":"max-snippet:-1","max-image-preview":"max-image-preview:large","max-video-preview":"max-video-preview:-1"},"canonical":"https:\/\/lumart.fr\/en\/the-collections\/outdoor\/garden-lights\/les-issambres-borne-25-cm-82885-25\/","og_locale":"en_US","og_type":"article","og_title":"Borne Les Issambres 22 cm (82885\/22) - Lum'art","og_description":"Borne d'ext\u00e9rieur, la petite s\u0153ur de la collection Beg Meil, Les Issambres, se d\u00e9cline en plusieurs tailles. Elle est tout \u00e0 sa place autour d'une piscine, pour jalonner une all\u00e9e ou cr\u00e9er des points de lumi\u00e8res dans des massifs, elle peut m\u00eame de venir applique dans sa version 22cm !","og_url":"https:\/\/lumart.fr\/en\/the-collections\/outdoor\/garden-lights\/les-issambres-borne-25-cm-82885-25\/","og_site_name":"Lum&#039;Art","article_publisher":"https:\/\/www.facebook.com\/LumArt-1543826629180391\/","article_modified_time":"2021-06-17T12:11:59+00:00","og_image":[{"width":2551,"height":1701,"url":"https:\/\/lumart.fr\/wp-content\/uploads\/2017\/12\/82885-22-Borne-Les-Issambres-22cm-VZ-Lumart-BD.jpg","type":"image\/jpeg"}],"twitter_card":"summary","schema":{"@context":"https:\/\/schema.org","@graph":[{"@type":"WebSite","@id":"https:\/\/lumart.fr\/fr\/#website","url":"https:\/\/lumart.fr\/fr\/","name":"Lum'art","description":"","potentialAction":[{"@type":"SearchAction","target":{"@type":"EntryPoint","urlTemplate":"https:\/\/lumart.fr\/fr\/?s={search_term_string}"},"query-input":"required name=search_term_string"}],"inLanguage":"en-US"},{"@type":"ImageObject","@id":"https:\/\/lumart.fr\/en\/the-collections\/outdoor\/garden-lights\/les-issambres-borne-25-cm-82885-25\/#primaryimage","inLanguage":"en-US","url":"\/wp-content\/uploads\/2017\/12\/82885-22-Borne-Les-Issambres-22cm-VZ-Lumart-BD.jpg","contentUrl":"\/wp-content\/uploads\/2017\/12\/82885-22-Borne-Les-Issambres-22cm-VZ-Lumart-BD.jpg","width":2551,"height":1701,"caption":"Les Issambres garden light, 22 cm, aged zinc"},{"@type":"WebPage","@id":"https:\/\/lumart.fr\/en\/the-collections\/outdoor\/garden-lights\/les-issambres-borne-25-cm-82885-25\/#webpage","url":"https:\/\/lumart.fr\/en\/the-collections\/outdoor\/garden-lights\/les-issambres-borne-25-cm-82885-25\/","name":"Borne Les Issambres 22 cm (82885\/22) - Lum'art","isPartOf":{"@id":"https:\/\/lumart.fr\/fr\/#website"},"primaryImageOfPage":{"@id":"https:\/\/lumart.fr\/en\/the-collections\/outdoor\/garden-lights\/les-issambres-borne-25-cm-82885-25\/#primaryimage"},"datePublished":"2017-12-18T14:34:25+00:00","dateModified":"2021-06-17T12:11:59+00:00","description":"Borne d'ext\u00e9rieur, la petite s\u0153ur de la collection Beg Meil, Les Issambres, se d\u00e9cline en plusieurs tailles. Elle est tout \u00e0 sa place autour d'une piscine, pour jalonner une all\u00e9e ou cr\u00e9er des points de lumi\u00e8res dans des massifs, elle peut m\u00eame de venir applique dans sa version 22cm !","breadcrumb":{"@id":"https:\/\/lumart.fr\/en\/the-collections\/outdoor\/garden-lights\/les-issambres-borne-25-cm-82885-25\/#breadcrumb"},"inLanguage":"en-US","potentialAction":[{"@type":"ReadAction","target":["https:\/\/lumart.fr\/en\/the-collections\/outdoor\/garden-lights\/les-issambres-borne-25-cm-82885-25\/"]}]},{"@type":"BreadcrumbList","@id":"https:\/\/lumart.fr\/en\/the-collections\/outdoor\/garden-lights\/les-issambres-borne-25-cm-82885-25\/#breadcrumb","itemListElement":[{"@type":"ListItem","position":1,"name":"Home","item":"https:\/\/lumart.fr\/en\/"},{"@type":"ListItem","position":2,"name":"The Collections","item":"https:\/\/lumart.fr\/en\/the-collections\/"},{"@type":"ListItem","position":3,"name":"Les Issambres - Garden light 25 cm"}]}]}},"_links":{"self":[{"href":"https:\/\/lumart.fr\/en\/wp-json\/wp\/v2\/product\/8822"}],"collection":[{"href":"https:\/\/lumart.fr\/en\/wp-json\/wp\/v2\/product"}],"about":[{"href":"https:\/\/lumart.fr\/en\/wp-json\/wp\/v2\/types\/product"}],"wp:featuredmedia":[{"embeddable":true,"href":"https:\/\/lumart.fr\/en\/wp-json\/wp\/v2\/media\/3940"}],"wp:attachment":[{"href":"https:\/\/lumart.fr\/en\/wp-json\/wp\/v2\/media?parent=8822"}],"wp:term":[{"taxonomy":"product_cat","embeddable":true,"href":"https:\/\/lumart.fr\/en\/wp-json\/wp\/v2\/product_cat?post=8822"},{"taxonomy":"product_tag","embeddable":true,"href":"https:\/\/lumart.fr\/en\/wp-json\/wp\/v2\/product_tag?post=8822"}],"curies":[{"name":"wp","href":"https:\/\/api.w.org\/{rel}","templated":true}]}}