{"id":8820,"date":"2017-12-18T14:34:26","date_gmt":"2017-12-18T14:34:26","guid":{"rendered":"https:\/\/lumart.fr\/les-collections\/uncategorized\/line-applique-gm-2092\/"},"modified":"2023-06-27T16:25:30","modified_gmt":"2023-06-27T14:25:30","slug":"line-applique-gm-2092","status":"publish","type":"product","link":"https:\/\/lumart.fr\/en\/the-collections\/outdoor\/wall-lanterns\/line-applique-gm-2092\/","title":{"rendered":"Line - Wall lantern L"},"content":{"rendered":"<p>Inspir\u00e9e des lanternes parisiennes du XIX\u00e8me si\u00e8cle, la collection Line signe une version \u00e9pur\u00e9e et subtilement \u00e9l\u00e9gante de la lanterne dite \u00e0 la fran\u00e7aise. Dentelle de zinc ou de laiton \u00e0 son pourtour sup\u00e9rieur, \u00e9trier venant se terminer sur une boule en laiton dans sa partie basse, tout est, dans la collection Line, fluidit\u00e9 et d\u00e9licatesse.<\/p>\n","protected":false},"excerpt":{"rendered":"<p>Inspir\u00e9e des lanternes parisiennes du XIX\u00e8me si\u00e8cle, la collection Line signe une version \u00e9pur\u00e9e et subtilement \u00e9l\u00e9gante de la lanterne dite \u00e0 la fran\u00e7aise. Dentelle de zinc ou de laiton \u00e0 son pourtour sup\u00e9rieur, \u00e9trier venant se terminer sur une boule en laiton dans sa partie basse, tout est, dans la collection Line, fluidit\u00e9 et d\u00e9licatesse.<\/p>\n","protected":false},"featured_media":2915,"template":"","meta":[],"product_cat":[253],"product_tag":[],"acf":[],"yoast_head":"<!-- This site is optimized with the Yoast SEO plugin v17.8 - https:\/\/yoast.com\/wordpress\/plugins\/seo\/ -->\n<meta name=\"description\" content=\"Inspir\u00e9e des lanternes parisiennes du XIX\u00e8me si\u00e8cle, la collection Line signe une version \u00e9pur\u00e9e et subtilement \u00e9l\u00e9gante de la lanterne dite \u00e0 la fran\u00e7aise. Tout est, dans la collection Line, fluidit\u00e9 et d\u00e9licatesse.\" \/>\n<meta name=\"robots\" content=\"index, follow, max-snippet:-1, max-image-preview:large, max-video-preview:-1\" \/>\n<link rel=\"canonical\" href=\"https:\/\/lumart.fr\/en\/the-collections\/outdoor\/wall-lanterns\/line-applique-gm-2092\/\" \/>\n<meta property=\"og:locale\" content=\"en_US\" \/>\n<meta property=\"og:type\" content=\"article\" \/>\n<meta property=\"og:title\" content=\"Applique Line GM (2092) - Lum&#039;art\" \/>\n<meta property=\"og:description\" content=\"Inspir\u00e9e des lanternes parisiennes du XIX\u00e8me si\u00e8cle, la collection Line signe une version \u00e9pur\u00e9e et subtilement \u00e9l\u00e9gante de la lanterne dite \u00e0 la fran\u00e7aise. Tout est, dans la collection Line, fluidit\u00e9 et d\u00e9licatesse.\" \/>\n<meta property=\"og:url\" content=\"https:\/\/lumart.fr\/en\/the-collections\/outdoor\/wall-lanterns\/line-applique-gm-2092\/\" \/>\n<meta property=\"og:site_name\" content=\"Lum&#039;Art\" \/>\n<meta property=\"article:publisher\" content=\"https:\/\/www.facebook.com\/LumArt-1543826629180391\/\" \/>\n<meta property=\"article:modified_time\" content=\"2023-06-27T14:25:30+00:00\" \/>\n<meta property=\"og:image\" content=\"https:\/\/lumart.fr\/wp-content\/uploads\/2017\/12\/2092-Applique-Line-GM-LPA-Lumart-BD-3.jpg\" \/>\n\t<meta property=\"og:image:width\" content=\"2551\" \/>\n\t<meta property=\"og:image:height\" content=\"1701\" \/>\n<meta name=\"twitter:card\" content=\"summary\" \/>\n<script type=\"application\/ld+json\" class=\"yoast-schema-graph\">{\"@context\":\"https:\/\/schema.org\",\"@graph\":[{\"@type\":\"WebSite\",\"@id\":\"https:\/\/lumart.fr\/fr\/#website\",\"url\":\"https:\/\/lumart.fr\/fr\/\",\"name\":\"Lum'art\",\"description\":\"\",\"potentialAction\":[{\"@type\":\"SearchAction\",\"target\":{\"@type\":\"EntryPoint\",\"urlTemplate\":\"https:\/\/lumart.fr\/fr\/?s={search_term_string}\"},\"query-input\":\"required name=search_term_string\"}],\"inLanguage\":\"en-US\"},{\"@type\":\"ImageObject\",\"@id\":\"https:\/\/lumart.fr\/en\/the-collections\/outdoor\/wall-lanterns\/line-applique-gm-2092\/#primaryimage\",\"inLanguage\":\"en-US\",\"url\":\"\/wp-content\/uploads\/2017\/12\/2092-Applique-Line-GM-LPA-Lumart-BD-3.jpg\",\"contentUrl\":\"\/wp-content\/uploads\/2017\/12\/2092-Applique-Line-GM-LPA-Lumart-BD-3.jpg\",\"width\":2551,\"height\":1701,\"caption\":\"Line wall lantern, L size, acid patinated brass\"},{\"@type\":\"WebPage\",\"@id\":\"https:\/\/lumart.fr\/en\/the-collections\/outdoor\/wall-lanterns\/line-applique-gm-2092\/#webpage\",\"url\":\"https:\/\/lumart.fr\/en\/the-collections\/outdoor\/wall-lanterns\/line-applique-gm-2092\/\",\"name\":\"Applique Line GM (2092) - Lum'art\",\"isPartOf\":{\"@id\":\"https:\/\/lumart.fr\/fr\/#website\"},\"primaryImageOfPage\":{\"@id\":\"https:\/\/lumart.fr\/en\/the-collections\/outdoor\/wall-lanterns\/line-applique-gm-2092\/#primaryimage\"},\"datePublished\":\"2017-12-18T14:34:26+00:00\",\"dateModified\":\"2023-06-27T14:25:30+00:00\",\"description\":\"Inspir\\u00e9e des lanternes parisiennes du XIX\\u00e8me si\\u00e8cle, la collection Line signe une version \\u00e9pur\\u00e9e et subtilement \\u00e9l\\u00e9gante de la lanterne dite \\u00e0 la fran\\u00e7aise. Tout est, dans la collection Line, fluidit\\u00e9 et d\\u00e9licatesse.\",\"breadcrumb\":{\"@id\":\"https:\/\/lumart.fr\/en\/the-collections\/outdoor\/wall-lanterns\/line-applique-gm-2092\/#breadcrumb\"},\"inLanguage\":\"en-US\",\"potentialAction\":[{\"@type\":\"ReadAction\",\"target\":[\"https:\/\/lumart.fr\/en\/the-collections\/outdoor\/wall-lanterns\/line-applique-gm-2092\/\"]}]},{\"@type\":\"BreadcrumbList\",\"@id\":\"https:\/\/lumart.fr\/en\/the-collections\/outdoor\/wall-lanterns\/line-applique-gm-2092\/#breadcrumb\",\"itemListElement\":[{\"@type\":\"ListItem\",\"position\":1,\"name\":\"Home\",\"item\":\"https:\/\/lumart.fr\/en\/\"},{\"@type\":\"ListItem\",\"position\":2,\"name\":\"The Collections\",\"item\":\"https:\/\/lumart.fr\/en\/the-collections\/\"},{\"@type\":\"ListItem\",\"position\":3,\"name\":\"Line - Wall lantern L\"}]}]}<\/script>\n<!-- \/ Yoast SEO plugin. -->","yoast_head_json":{"description":"Inspir\u00e9e des lanternes parisiennes du XIX\u00e8me si\u00e8cle, la collection Line signe une version \u00e9pur\u00e9e et subtilement \u00e9l\u00e9gante de la lanterne dite \u00e0 la fran\u00e7aise. Tout est, dans la collection Line, fluidit\u00e9 et d\u00e9licatesse.","robots":{"index":"index","follow":"follow","max-snippet":"max-snippet:-1","max-image-preview":"max-image-preview:large","max-video-preview":"max-video-preview:-1"},"canonical":"https:\/\/lumart.fr\/en\/the-collections\/outdoor\/wall-lanterns\/line-applique-gm-2092\/","og_locale":"en_US","og_type":"article","og_title":"Applique Line GM (2092) - Lum'art","og_description":"Inspir\u00e9e des lanternes parisiennes du XIX\u00e8me si\u00e8cle, la collection Line signe une version \u00e9pur\u00e9e et subtilement \u00e9l\u00e9gante de la lanterne dite \u00e0 la fran\u00e7aise. Tout est, dans la collection Line, fluidit\u00e9 et d\u00e9licatesse.","og_url":"https:\/\/lumart.fr\/en\/the-collections\/outdoor\/wall-lanterns\/line-applique-gm-2092\/","og_site_name":"Lum&#039;Art","article_publisher":"https:\/\/www.facebook.com\/LumArt-1543826629180391\/","article_modified_time":"2023-06-27T14:25:30+00:00","og_image":[{"width":2551,"height":1701,"url":"https:\/\/lumart.fr\/wp-content\/uploads\/2017\/12\/2092-Applique-Line-GM-LPA-Lumart-BD-3.jpg","type":"image\/jpeg"}],"twitter_card":"summary","schema":{"@context":"https:\/\/schema.org","@graph":[{"@type":"WebSite","@id":"https:\/\/lumart.fr\/fr\/#website","url":"https:\/\/lumart.fr\/fr\/","name":"Lum'art","description":"","potentialAction":[{"@type":"SearchAction","target":{"@type":"EntryPoint","urlTemplate":"https:\/\/lumart.fr\/fr\/?s={search_term_string}"},"query-input":"required name=search_term_string"}],"inLanguage":"en-US"},{"@type":"ImageObject","@id":"https:\/\/lumart.fr\/en\/the-collections\/outdoor\/wall-lanterns\/line-applique-gm-2092\/#primaryimage","inLanguage":"en-US","url":"\/wp-content\/uploads\/2017\/12\/2092-Applique-Line-GM-LPA-Lumart-BD-3.jpg","contentUrl":"\/wp-content\/uploads\/2017\/12\/2092-Applique-Line-GM-LPA-Lumart-BD-3.jpg","width":2551,"height":1701,"caption":"Line wall lantern, L size, acid patinated brass"},{"@type":"WebPage","@id":"https:\/\/lumart.fr\/en\/the-collections\/outdoor\/wall-lanterns\/line-applique-gm-2092\/#webpage","url":"https:\/\/lumart.fr\/en\/the-collections\/outdoor\/wall-lanterns\/line-applique-gm-2092\/","name":"Applique Line GM (2092) - Lum'art","isPartOf":{"@id":"https:\/\/lumart.fr\/fr\/#website"},"primaryImageOfPage":{"@id":"https:\/\/lumart.fr\/en\/the-collections\/outdoor\/wall-lanterns\/line-applique-gm-2092\/#primaryimage"},"datePublished":"2017-12-18T14:34:26+00:00","dateModified":"2023-06-27T14:25:30+00:00","description":"Inspir\u00e9e des lanternes parisiennes du XIX\u00e8me si\u00e8cle, la collection Line signe une version \u00e9pur\u00e9e et subtilement \u00e9l\u00e9gante de la lanterne dite \u00e0 la fran\u00e7aise. Tout est, dans la collection Line, fluidit\u00e9 et d\u00e9licatesse.","breadcrumb":{"@id":"https:\/\/lumart.fr\/en\/the-collections\/outdoor\/wall-lanterns\/line-applique-gm-2092\/#breadcrumb"},"inLanguage":"en-US","potentialAction":[{"@type":"ReadAction","target":["https:\/\/lumart.fr\/en\/the-collections\/outdoor\/wall-lanterns\/line-applique-gm-2092\/"]}]},{"@type":"BreadcrumbList","@id":"https:\/\/lumart.fr\/en\/the-collections\/outdoor\/wall-lanterns\/line-applique-gm-2092\/#breadcrumb","itemListElement":[{"@type":"ListItem","position":1,"name":"Home","item":"https:\/\/lumart.fr\/en\/"},{"@type":"ListItem","position":2,"name":"The Collections","item":"https:\/\/lumart.fr\/en\/the-collections\/"},{"@type":"ListItem","position":3,"name":"Line - Wall lantern L"}]}]}},"_links":{"self":[{"href":"https:\/\/lumart.fr\/en\/wp-json\/wp\/v2\/product\/8820"}],"collection":[{"href":"https:\/\/lumart.fr\/en\/wp-json\/wp\/v2\/product"}],"about":[{"href":"https:\/\/lumart.fr\/en\/wp-json\/wp\/v2\/types\/product"}],"wp:featuredmedia":[{"embeddable":true,"href":"https:\/\/lumart.fr\/en\/wp-json\/wp\/v2\/media\/2915"}],"wp:attachment":[{"href":"https:\/\/lumart.fr\/en\/wp-json\/wp\/v2\/media?parent=8820"}],"wp:term":[{"taxonomy":"product_cat","embeddable":true,"href":"https:\/\/lumart.fr\/en\/wp-json\/wp\/v2\/product_cat?post=8820"},{"taxonomy":"product_tag","embeddable":true,"href":"https:\/\/lumart.fr\/en\/wp-json\/wp\/v2\/product_tag?post=8820"}],"curies":[{"name":"wp","href":"https:\/\/api.w.org\/{rel}","templated":true}]}}