{"id":8815,"date":"2017-12-18T14:34:29","date_gmt":"2017-12-18T14:34:29","guid":{"rendered":"https:\/\/lumart.fr\/les-collections\/uncategorized\/louis-xvi-lanterne-tgm-116\/"},"modified":"2023-06-27T16:16:46","modified_gmt":"2023-06-27T14:16:46","slug":"louis-xvi-lanterne-tgm-116","status":"publish","type":"product","link":"https:\/\/lumart.fr\/en\/the-collections\/outdoor\/lanterns\/louis-xvi-lanterne-tgm-116\/","title":{"rendered":"Louis XVI - Lantern XL"},"content":{"rendered":"<p>Avec Louis XVI, Lum&#8217;art signe un grand classique du XVIII\u00e8me flamboyant. Particuli\u00e8rement \u00e9l\u00e9gante et \u00e9lanc\u00e9e, cette lanterne est tout \u00e0 son aise aussi bien \u00e0 l&#8217;ext\u00e9rieur qu&#8217;\u00e0 l&#8217;int\u00e9rieur dans un environnement qui lui sied, noblesse oblige !<\/p>\n","protected":false},"excerpt":{"rendered":"<p>Avec Louis XVI, Lum&#8217;art signe un grand classique du XVIII\u00e8me flamboyant. Particuli\u00e8rement \u00e9l\u00e9gante et \u00e9lanc\u00e9e, cette lanterne est tout \u00e0 son aise aussi bien \u00e0 l&#8217;ext\u00e9rieur qu&#8217;\u00e0 l&#8217;int\u00e9rieur dans un environnement qui lui sied, noblesse oblige !<\/p>\n","protected":false},"featured_media":1430,"template":"","meta":[],"product_cat":[258],"product_tag":[],"acf":[],"yoast_head":"<!-- This site is optimized with the Yoast SEO plugin v17.8 - https:\/\/yoast.com\/wordpress\/plugins\/seo\/ -->\n<meta name=\"description\" content=\"Avec Louis XVI, Lum&#039;art signe un grand classique du XVIII\u00e8me flamboyant. Particuli\u00e8rement \u00e9l\u00e9gante et \u00e9lanc\u00e9e, cette lanterne est tout \u00e0 son aise aussi bien \u00e0 l&#039;ext\u00e9rieur qu&#039;\u00e0 l&#039;int\u00e9rieur dans un environnement qui lui sied, noblesse oblige !\" \/>\n<meta name=\"robots\" content=\"index, follow, max-snippet:-1, max-image-preview:large, max-video-preview:-1\" \/>\n<link rel=\"canonical\" href=\"https:\/\/lumart.fr\/en\/the-collections\/outdoor\/lanterns\/louis-xvi-lanterne-tgm-116\/\" \/>\n<meta property=\"og:locale\" content=\"en_US\" \/>\n<meta property=\"og:type\" content=\"article\" \/>\n<meta property=\"og:title\" content=\"Lanterne Louis XVI TGM (116)\" \/>\n<meta property=\"og:description\" content=\"Avec Louis XVI, Lum&#039;art signe un grand classique du XVIII\u00e8me flamboyant. Particuli\u00e8rement \u00e9l\u00e9gante et \u00e9lanc\u00e9e, cette lanterne est tout \u00e0 son aise aussi bien \u00e0 l&#039;ext\u00e9rieur qu&#039;\u00e0 l&#039;int\u00e9rieur dans un environnement qui lui sied, noblesse oblige !\" \/>\n<meta property=\"og:url\" content=\"https:\/\/lumart.fr\/en\/the-collections\/outdoor\/lanterns\/louis-xvi-lanterne-tgm-116\/\" \/>\n<meta property=\"og:site_name\" content=\"Lum&#039;Art\" \/>\n<meta property=\"article:publisher\" content=\"https:\/\/www.facebook.com\/LumArt-1543826629180391\/\" \/>\n<meta property=\"article:modified_time\" content=\"2023-06-27T14:16:46+00:00\" \/>\n<meta property=\"og:image\" content=\"https:\/\/lumart.fr\/wp-content\/uploads\/2017\/12\/116-Lanterne-Louis-XVI-TGM-VDG-Lumart-BD-6.jpg\" \/>\n\t<meta property=\"og:image:width\" content=\"2551\" \/>\n\t<meta property=\"og:image:height\" content=\"1701\" \/>\n<meta name=\"twitter:card\" content=\"summary\" \/>\n<script type=\"application\/ld+json\" class=\"yoast-schema-graph\">{\"@context\":\"https:\/\/schema.org\",\"@graph\":[{\"@type\":\"WebSite\",\"@id\":\"https:\/\/lumart.fr\/fr\/#website\",\"url\":\"https:\/\/lumart.fr\/fr\/\",\"name\":\"Lum'art\",\"description\":\"\",\"potentialAction\":[{\"@type\":\"SearchAction\",\"target\":{\"@type\":\"EntryPoint\",\"urlTemplate\":\"https:\/\/lumart.fr\/fr\/?s={search_term_string}\"},\"query-input\":\"required name=search_term_string\"}],\"inLanguage\":\"en-US\"},{\"@type\":\"ImageObject\",\"@id\":\"https:\/\/lumart.fr\/en\/the-collections\/outdoor\/lanterns\/louis-xvi-lanterne-tgm-116\/#primaryimage\",\"inLanguage\":\"en-US\",\"url\":\"\/wp-content\/uploads\/2017\/12\/116-Lanterne-Louis-XVI-TGM-VDG-Lumart-BD-6.jpg\",\"contentUrl\":\"\/wp-content\/uploads\/2017\/12\/116-Lanterne-Louis-XVI-TGM-VDG-Lumart-BD-6.jpg\",\"width\":2551,\"height\":1701,\"caption\":\"Louis XVI lantern, XL size, verdigris\"},{\"@type\":\"WebPage\",\"@id\":\"https:\/\/lumart.fr\/en\/the-collections\/outdoor\/lanterns\/louis-xvi-lanterne-tgm-116\/#webpage\",\"url\":\"https:\/\/lumart.fr\/en\/the-collections\/outdoor\/lanterns\/louis-xvi-lanterne-tgm-116\/\",\"name\":\"Lanterne Louis XVI TGM (116)\",\"isPartOf\":{\"@id\":\"https:\/\/lumart.fr\/fr\/#website\"},\"primaryImageOfPage\":{\"@id\":\"https:\/\/lumart.fr\/en\/the-collections\/outdoor\/lanterns\/louis-xvi-lanterne-tgm-116\/#primaryimage\"},\"datePublished\":\"2017-12-18T14:34:29+00:00\",\"dateModified\":\"2023-06-27T14:16:46+00:00\",\"description\":\"Avec Louis XVI, Lum'art signe un grand classique du XVIII\\u00e8me flamboyant. Particuli\\u00e8rement \\u00e9l\\u00e9gante et \\u00e9lanc\\u00e9e, cette lanterne est tout \\u00e0 son aise aussi bien \\u00e0 l'ext\\u00e9rieur qu'\\u00e0 l'int\\u00e9rieur dans un environnement qui lui sied, noblesse oblige !\",\"breadcrumb\":{\"@id\":\"https:\/\/lumart.fr\/en\/the-collections\/outdoor\/lanterns\/louis-xvi-lanterne-tgm-116\/#breadcrumb\"},\"inLanguage\":\"en-US\",\"potentialAction\":[{\"@type\":\"ReadAction\",\"target\":[\"https:\/\/lumart.fr\/en\/the-collections\/outdoor\/lanterns\/louis-xvi-lanterne-tgm-116\/\"]}]},{\"@type\":\"BreadcrumbList\",\"@id\":\"https:\/\/lumart.fr\/en\/the-collections\/outdoor\/lanterns\/louis-xvi-lanterne-tgm-116\/#breadcrumb\",\"itemListElement\":[{\"@type\":\"ListItem\",\"position\":1,\"name\":\"Home\",\"item\":\"https:\/\/lumart.fr\/en\/\"},{\"@type\":\"ListItem\",\"position\":2,\"name\":\"The Collections\",\"item\":\"https:\/\/lumart.fr\/en\/the-collections\/\"},{\"@type\":\"ListItem\",\"position\":3,\"name\":\"Louis XVI - Lantern XL\"}]}]}<\/script>\n<!-- \/ Yoast SEO plugin. -->","yoast_head_json":{"description":"Avec Louis XVI, Lum'art signe un grand classique du XVIII\u00e8me flamboyant. Particuli\u00e8rement \u00e9l\u00e9gante et \u00e9lanc\u00e9e, cette lanterne est tout \u00e0 son aise aussi bien \u00e0 l'ext\u00e9rieur qu'\u00e0 l'int\u00e9rieur dans un environnement qui lui sied, noblesse oblige !","robots":{"index":"index","follow":"follow","max-snippet":"max-snippet:-1","max-image-preview":"max-image-preview:large","max-video-preview":"max-video-preview:-1"},"canonical":"https:\/\/lumart.fr\/en\/the-collections\/outdoor\/lanterns\/louis-xvi-lanterne-tgm-116\/","og_locale":"en_US","og_type":"article","og_title":"Lanterne Louis XVI TGM (116)","og_description":"Avec Louis XVI, Lum'art signe un grand classique du XVIII\u00e8me flamboyant. Particuli\u00e8rement \u00e9l\u00e9gante et \u00e9lanc\u00e9e, cette lanterne est tout \u00e0 son aise aussi bien \u00e0 l'ext\u00e9rieur qu'\u00e0 l'int\u00e9rieur dans un environnement qui lui sied, noblesse oblige !","og_url":"https:\/\/lumart.fr\/en\/the-collections\/outdoor\/lanterns\/louis-xvi-lanterne-tgm-116\/","og_site_name":"Lum&#039;Art","article_publisher":"https:\/\/www.facebook.com\/LumArt-1543826629180391\/","article_modified_time":"2023-06-27T14:16:46+00:00","og_image":[{"width":2551,"height":1701,"url":"https:\/\/lumart.fr\/wp-content\/uploads\/2017\/12\/116-Lanterne-Louis-XVI-TGM-VDG-Lumart-BD-6.jpg","type":"image\/jpeg"}],"twitter_card":"summary","schema":{"@context":"https:\/\/schema.org","@graph":[{"@type":"WebSite","@id":"https:\/\/lumart.fr\/fr\/#website","url":"https:\/\/lumart.fr\/fr\/","name":"Lum'art","description":"","potentialAction":[{"@type":"SearchAction","target":{"@type":"EntryPoint","urlTemplate":"https:\/\/lumart.fr\/fr\/?s={search_term_string}"},"query-input":"required name=search_term_string"}],"inLanguage":"en-US"},{"@type":"ImageObject","@id":"https:\/\/lumart.fr\/en\/the-collections\/outdoor\/lanterns\/louis-xvi-lanterne-tgm-116\/#primaryimage","inLanguage":"en-US","url":"\/wp-content\/uploads\/2017\/12\/116-Lanterne-Louis-XVI-TGM-VDG-Lumart-BD-6.jpg","contentUrl":"\/wp-content\/uploads\/2017\/12\/116-Lanterne-Louis-XVI-TGM-VDG-Lumart-BD-6.jpg","width":2551,"height":1701,"caption":"Louis XVI lantern, XL size, verdigris"},{"@type":"WebPage","@id":"https:\/\/lumart.fr\/en\/the-collections\/outdoor\/lanterns\/louis-xvi-lanterne-tgm-116\/#webpage","url":"https:\/\/lumart.fr\/en\/the-collections\/outdoor\/lanterns\/louis-xvi-lanterne-tgm-116\/","name":"Lanterne Louis XVI TGM (116)","isPartOf":{"@id":"https:\/\/lumart.fr\/fr\/#website"},"primaryImageOfPage":{"@id":"https:\/\/lumart.fr\/en\/the-collections\/outdoor\/lanterns\/louis-xvi-lanterne-tgm-116\/#primaryimage"},"datePublished":"2017-12-18T14:34:29+00:00","dateModified":"2023-06-27T14:16:46+00:00","description":"Avec Louis XVI, Lum'art signe un grand classique du XVIII\u00e8me flamboyant. Particuli\u00e8rement \u00e9l\u00e9gante et \u00e9lanc\u00e9e, cette lanterne est tout \u00e0 son aise aussi bien \u00e0 l'ext\u00e9rieur qu'\u00e0 l'int\u00e9rieur dans un environnement qui lui sied, noblesse oblige !","breadcrumb":{"@id":"https:\/\/lumart.fr\/en\/the-collections\/outdoor\/lanterns\/louis-xvi-lanterne-tgm-116\/#breadcrumb"},"inLanguage":"en-US","potentialAction":[{"@type":"ReadAction","target":["https:\/\/lumart.fr\/en\/the-collections\/outdoor\/lanterns\/louis-xvi-lanterne-tgm-116\/"]}]},{"@type":"BreadcrumbList","@id":"https:\/\/lumart.fr\/en\/the-collections\/outdoor\/lanterns\/louis-xvi-lanterne-tgm-116\/#breadcrumb","itemListElement":[{"@type":"ListItem","position":1,"name":"Home","item":"https:\/\/lumart.fr\/en\/"},{"@type":"ListItem","position":2,"name":"The Collections","item":"https:\/\/lumart.fr\/en\/the-collections\/"},{"@type":"ListItem","position":3,"name":"Louis XVI - Lantern XL"}]}]}},"_links":{"self":[{"href":"https:\/\/lumart.fr\/en\/wp-json\/wp\/v2\/product\/8815"}],"collection":[{"href":"https:\/\/lumart.fr\/en\/wp-json\/wp\/v2\/product"}],"about":[{"href":"https:\/\/lumart.fr\/en\/wp-json\/wp\/v2\/types\/product"}],"wp:featuredmedia":[{"embeddable":true,"href":"https:\/\/lumart.fr\/en\/wp-json\/wp\/v2\/media\/1430"}],"wp:attachment":[{"href":"https:\/\/lumart.fr\/en\/wp-json\/wp\/v2\/media?parent=8815"}],"wp:term":[{"taxonomy":"product_cat","embeddable":true,"href":"https:\/\/lumart.fr\/en\/wp-json\/wp\/v2\/product_cat?post=8815"},{"taxonomy":"product_tag","embeddable":true,"href":"https:\/\/lumart.fr\/en\/wp-json\/wp\/v2\/product_tag?post=8815"}],"curies":[{"name":"wp","href":"https:\/\/api.w.org\/{rel}","templated":true}]}}