{"id":8777,"date":"2017-12-18T14:34:50","date_gmt":"2017-12-18T14:34:50","guid":{"rendered":"https:\/\/lumart.fr\/les-collections\/uncategorized\/monceau-lanterne-mm-172-3\/"},"modified":"2023-06-09T09:47:40","modified_gmt":"2023-06-09T07:47:40","slug":"monceau-lanterne-mm-172-3","status":"publish","type":"product","link":"https:\/\/lumart.fr\/en\/the-collections\/interior\/lanterns-en\/monceau-lanterne-mm-172-3\/","title":{"rendered":"Monceau - Lantern M"},"content":{"rendered":"<p>Petite s\u0153ur de la collection Luxembourg, mais destin\u00e9e \u00e0 embellir les espaces int\u00e9rieurs, la collection Monceau, au trait \u00e9pur\u00e9, reprend les codes des lanternes du XIX\u00e8me si\u00e8cle. Le quart de cercle pour l&#8217;applique d&#8217;angle, le demi cercle pour l&#8217;applique murale et le cercle pour les lanternes \u00e0 suspendre, tout n&#8217;est que rondeur et fluidit\u00e9 pour cette collection tout en transparence.<\/p>\n","protected":false},"excerpt":{"rendered":"<p>Petite s\u0153ur de la collection Luxembourg, mais destin\u00e9e \u00e0 embellir les espaces int\u00e9rieurs, la collection Monceau, au trait \u00e9pur\u00e9, reprend les codes des lanternes du XIX\u00e8me si\u00e8cle. Le quart de cercle pour l&#8217;applique d&#8217;angle, le demi cercle pour l&#8217;applique murale et le cercle pour les lanternes \u00e0 suspendre, tout n&#8217;est que rondeur et fluidit\u00e9 pour cette collection tout en transparence. <a href=\"https:\/\/lumart.fr\/en\/the-collections\/interior\/lanterns-en\/monceau-lanterne-mm-172-3\/\" class=\"more\">[ &hellip; ]<\/a><\/p>\n","protected":false},"featured_media":12174,"template":"","meta":[],"product_cat":[266],"product_tag":[],"acf":[],"yoast_head":"<!-- This site is optimized with the Yoast SEO plugin v17.8 - https:\/\/yoast.com\/wordpress\/plugins\/seo\/ -->\n<meta name=\"robots\" content=\"index, follow, max-snippet:-1, max-image-preview:large, max-video-preview:-1\" \/>\n<link rel=\"canonical\" href=\"https:\/\/lumart.fr\/en\/the-collections\/interior\/lanterns-en\/monceau-lanterne-mm-172-3\/\" \/>\n<meta property=\"og:locale\" content=\"en_US\" \/>\n<meta property=\"og:type\" content=\"article\" \/>\n<meta property=\"og:title\" content=\"Lanterne Monceau MM (172\/3) - Lum&#039;art\" \/>\n<meta property=\"og:description\" content=\"Petite s\u0153ur de la collection Luxembourg, mais destin\u00e9e \u00e0 embellir les espaces int\u00e9rieurs, la collection Monceau, au trait \u00e9pur\u00e9, reprend les codes des lanternes du XIX\u00e8me si\u00e8cle. Le quart de cercle pour l&#039;applique d&#039;angle, le demi cercle pour l&#039;applique murale et le cercle pour les lanternes \u00e0 suspendre, tout n&#039;est que rondeur et fluidit\u00e9 pour cette collection tout en transparence. [ &hellip; ]\" \/>\n<meta property=\"og:url\" content=\"https:\/\/lumart.fr\/en\/the-collections\/interior\/lanterns-en\/monceau-lanterne-mm-172-3\/\" \/>\n<meta property=\"og:site_name\" content=\"Lum&#039;Art\" \/>\n<meta property=\"article:publisher\" content=\"https:\/\/www.facebook.com\/LumArt-1543826629180391\/\" \/>\n<meta property=\"article:modified_time\" content=\"2023-06-09T07:47:40+00:00\" \/>\n<meta property=\"og:image\" content=\"https:\/\/lumart.fr\/wp-content\/uploads\/2017\/12\/172-3-Lanterne-monceau-.jpg\" \/>\n\t<meta property=\"og:image:width\" content=\"1984\" \/>\n\t<meta property=\"og:image:height\" content=\"1323\" \/>\n<meta name=\"twitter:card\" content=\"summary\" \/>\n<script type=\"application\/ld+json\" class=\"yoast-schema-graph\">{\"@context\":\"https:\/\/schema.org\",\"@graph\":[{\"@type\":\"WebSite\",\"@id\":\"https:\/\/lumart.fr\/fr\/#website\",\"url\":\"https:\/\/lumart.fr\/fr\/\",\"name\":\"Lum'art\",\"description\":\"\",\"potentialAction\":[{\"@type\":\"SearchAction\",\"target\":{\"@type\":\"EntryPoint\",\"urlTemplate\":\"https:\/\/lumart.fr\/fr\/?s={search_term_string}\"},\"query-input\":\"required name=search_term_string\"}],\"inLanguage\":\"en-US\"},{\"@type\":\"ImageObject\",\"@id\":\"https:\/\/lumart.fr\/en\/the-collections\/interior\/lanterns-en\/monceau-lanterne-mm-172-3\/#primaryimage\",\"inLanguage\":\"en-US\",\"url\":\"\/wp-content\/uploads\/2017\/12\/172-3-Lanterne-monceau-.jpg\",\"contentUrl\":\"\/wp-content\/uploads\/2017\/12\/172-3-Lanterne-monceau-.jpg\",\"width\":1984,\"height\":1323,\"caption\":\"Lanterne Monceau MM - Finition Laiton Patin\\u00e9 Acide\"},{\"@type\":\"WebPage\",\"@id\":\"https:\/\/lumart.fr\/en\/the-collections\/interior\/lanterns-en\/monceau-lanterne-mm-172-3\/#webpage\",\"url\":\"https:\/\/lumart.fr\/en\/the-collections\/interior\/lanterns-en\/monceau-lanterne-mm-172-3\/\",\"name\":\"Lanterne Monceau MM (172\/3) - Lum'art\",\"isPartOf\":{\"@id\":\"https:\/\/lumart.fr\/fr\/#website\"},\"primaryImageOfPage\":{\"@id\":\"https:\/\/lumart.fr\/en\/the-collections\/interior\/lanterns-en\/monceau-lanterne-mm-172-3\/#primaryimage\"},\"datePublished\":\"2017-12-18T14:34:50+00:00\",\"dateModified\":\"2023-06-09T07:47:40+00:00\",\"breadcrumb\":{\"@id\":\"https:\/\/lumart.fr\/en\/the-collections\/interior\/lanterns-en\/monceau-lanterne-mm-172-3\/#breadcrumb\"},\"inLanguage\":\"en-US\",\"potentialAction\":[{\"@type\":\"ReadAction\",\"target\":[\"https:\/\/lumart.fr\/en\/the-collections\/interior\/lanterns-en\/monceau-lanterne-mm-172-3\/\"]}]},{\"@type\":\"BreadcrumbList\",\"@id\":\"https:\/\/lumart.fr\/en\/the-collections\/interior\/lanterns-en\/monceau-lanterne-mm-172-3\/#breadcrumb\",\"itemListElement\":[{\"@type\":\"ListItem\",\"position\":1,\"name\":\"Home\",\"item\":\"https:\/\/lumart.fr\/en\/\"},{\"@type\":\"ListItem\",\"position\":2,\"name\":\"The Collections\",\"item\":\"https:\/\/lumart.fr\/en\/the-collections\/\"},{\"@type\":\"ListItem\",\"position\":3,\"name\":\"Monceau - Lantern M\"}]}]}<\/script>\n<!-- \/ Yoast SEO plugin. -->","yoast_head_json":{"robots":{"index":"index","follow":"follow","max-snippet":"max-snippet:-1","max-image-preview":"max-image-preview:large","max-video-preview":"max-video-preview:-1"},"canonical":"https:\/\/lumart.fr\/en\/the-collections\/interior\/lanterns-en\/monceau-lanterne-mm-172-3\/","og_locale":"en_US","og_type":"article","og_title":"Lanterne Monceau MM (172\/3) - Lum'art","og_description":"Petite s\u0153ur de la collection Luxembourg, mais destin\u00e9e \u00e0 embellir les espaces int\u00e9rieurs, la collection Monceau, au trait \u00e9pur\u00e9, reprend les codes des lanternes du XIX\u00e8me si\u00e8cle. Le quart de cercle pour l'applique d'angle, le demi cercle pour l'applique murale et le cercle pour les lanternes \u00e0 suspendre, tout n'est que rondeur et fluidit\u00e9 pour cette collection tout en transparence. [ &hellip; ]","og_url":"https:\/\/lumart.fr\/en\/the-collections\/interior\/lanterns-en\/monceau-lanterne-mm-172-3\/","og_site_name":"Lum&#039;Art","article_publisher":"https:\/\/www.facebook.com\/LumArt-1543826629180391\/","article_modified_time":"2023-06-09T07:47:40+00:00","og_image":[{"width":1984,"height":1323,"url":"https:\/\/lumart.fr\/wp-content\/uploads\/2017\/12\/172-3-Lanterne-monceau-.jpg","type":"image\/jpeg"}],"twitter_card":"summary","schema":{"@context":"https:\/\/schema.org","@graph":[{"@type":"WebSite","@id":"https:\/\/lumart.fr\/fr\/#website","url":"https:\/\/lumart.fr\/fr\/","name":"Lum'art","description":"","potentialAction":[{"@type":"SearchAction","target":{"@type":"EntryPoint","urlTemplate":"https:\/\/lumart.fr\/fr\/?s={search_term_string}"},"query-input":"required name=search_term_string"}],"inLanguage":"en-US"},{"@type":"ImageObject","@id":"https:\/\/lumart.fr\/en\/the-collections\/interior\/lanterns-en\/monceau-lanterne-mm-172-3\/#primaryimage","inLanguage":"en-US","url":"\/wp-content\/uploads\/2017\/12\/172-3-Lanterne-monceau-.jpg","contentUrl":"\/wp-content\/uploads\/2017\/12\/172-3-Lanterne-monceau-.jpg","width":1984,"height":1323,"caption":"Lanterne Monceau MM - Finition Laiton Patin\u00e9 Acide"},{"@type":"WebPage","@id":"https:\/\/lumart.fr\/en\/the-collections\/interior\/lanterns-en\/monceau-lanterne-mm-172-3\/#webpage","url":"https:\/\/lumart.fr\/en\/the-collections\/interior\/lanterns-en\/monceau-lanterne-mm-172-3\/","name":"Lanterne Monceau MM (172\/3) - Lum'art","isPartOf":{"@id":"https:\/\/lumart.fr\/fr\/#website"},"primaryImageOfPage":{"@id":"https:\/\/lumart.fr\/en\/the-collections\/interior\/lanterns-en\/monceau-lanterne-mm-172-3\/#primaryimage"},"datePublished":"2017-12-18T14:34:50+00:00","dateModified":"2023-06-09T07:47:40+00:00","breadcrumb":{"@id":"https:\/\/lumart.fr\/en\/the-collections\/interior\/lanterns-en\/monceau-lanterne-mm-172-3\/#breadcrumb"},"inLanguage":"en-US","potentialAction":[{"@type":"ReadAction","target":["https:\/\/lumart.fr\/en\/the-collections\/interior\/lanterns-en\/monceau-lanterne-mm-172-3\/"]}]},{"@type":"BreadcrumbList","@id":"https:\/\/lumart.fr\/en\/the-collections\/interior\/lanterns-en\/monceau-lanterne-mm-172-3\/#breadcrumb","itemListElement":[{"@type":"ListItem","position":1,"name":"Home","item":"https:\/\/lumart.fr\/en\/"},{"@type":"ListItem","position":2,"name":"The Collections","item":"https:\/\/lumart.fr\/en\/the-collections\/"},{"@type":"ListItem","position":3,"name":"Monceau - Lantern M"}]}]}},"_links":{"self":[{"href":"https:\/\/lumart.fr\/en\/wp-json\/wp\/v2\/product\/8777"}],"collection":[{"href":"https:\/\/lumart.fr\/en\/wp-json\/wp\/v2\/product"}],"about":[{"href":"https:\/\/lumart.fr\/en\/wp-json\/wp\/v2\/types\/product"}],"wp:featuredmedia":[{"embeddable":true,"href":"https:\/\/lumart.fr\/en\/wp-json\/wp\/v2\/media\/12174"}],"wp:attachment":[{"href":"https:\/\/lumart.fr\/en\/wp-json\/wp\/v2\/media?parent=8777"}],"wp:term":[{"taxonomy":"product_cat","embeddable":true,"href":"https:\/\/lumart.fr\/en\/wp-json\/wp\/v2\/product_cat?post=8777"},{"taxonomy":"product_tag","embeddable":true,"href":"https:\/\/lumart.fr\/en\/wp-json\/wp\/v2\/product_tag?post=8777"}],"curies":[{"name":"wp","href":"https:\/\/api.w.org\/{rel}","templated":true}]}}