{"id":8769,"date":"2017-12-18T14:34:54","date_gmt":"2017-12-18T14:34:54","guid":{"rendered":"https:\/\/lumart.fr\/les-collections\/uncategorized\/morzine-applique-dangle-exterieur-tgm-286-2\/"},"modified":"2023-07-05T13:56:08","modified_gmt":"2023-07-05T11:56:08","slug":"morzine-applique-dangle-exterieur-tgm-286-2","status":"publish","type":"product","link":"https:\/\/lumart.fr\/en\/the-collections\/outdoor\/wall-lanterns-large-angle\/morzine-applique-dangle-exterieur-tgm-286-2\/","title":{"rendered":"Morzine - Wall lantern large angle XL"},"content":{"rendered":"<p>Grand classique, cette collection qui puise son inspiration dans le XIX\u00e8me si\u00e8cle fran\u00e7ais, est tout autant destin\u00e9e \u00e0 une long\u00e8re dans le Perche, une maison bourgeoise aux fen\u00eatres encadr\u00e9es de brique ou un mas dans l&#8217;arri\u00e8re pays proven\u00e7al.<\/p>\n","protected":false},"excerpt":{"rendered":"<p>Grand classique, cette collection qui puise son inspiration dans le XIX\u00e8me si\u00e8cle fran\u00e7ais, est tout autant destin\u00e9e \u00e0 une long\u00e8re dans le Perche, une maison bourgeoise aux fen\u00eatres encadr\u00e9es de brique ou un mas dans l&#8217;arri\u00e8re pays proven\u00e7al.<\/p>\n","protected":false},"featured_media":12982,"template":"","meta":[],"product_cat":[254],"product_tag":[],"acf":[],"yoast_head":"<!-- This site is optimized with the Yoast SEO plugin v17.8 - https:\/\/yoast.com\/wordpress\/plugins\/seo\/ -->\n<meta name=\"robots\" content=\"index, follow, max-snippet:-1, max-image-preview:large, max-video-preview:-1\" \/>\n<link rel=\"canonical\" href=\"https:\/\/lumart.fr\/en\/the-collections\/outdoor\/wall-lanterns-large-angle\/morzine-applique-dangle-exterieur-tgm-286-2\/\" \/>\n<meta property=\"og:locale\" content=\"en_US\" \/>\n<meta property=\"og:type\" content=\"article\" \/>\n<meta property=\"og:title\" content=\"Applique d&#039;angle ext\u00e9rieur Morzine TGM (286\/2) - Lum&#039;art\" \/>\n<meta property=\"og:description\" content=\"Grand classique, cette collection qui puise son inspiration dans le XIX\u00e8me si\u00e8cle fran\u00e7ais, est tout autant destin\u00e9e \u00e0 une long\u00e8re dans le Perche, une maison bourgeoise aux fen\u00eatres encadr\u00e9es de brique ou un mas dans l&#8217;arri\u00e8re pays proven\u00e7al.\" \/>\n<meta property=\"og:url\" content=\"https:\/\/lumart.fr\/en\/the-collections\/outdoor\/wall-lanterns-large-angle\/morzine-applique-dangle-exterieur-tgm-286-2\/\" \/>\n<meta property=\"og:site_name\" content=\"Lum&#039;Art\" \/>\n<meta property=\"article:publisher\" content=\"https:\/\/www.facebook.com\/LumArt-1543826629180391\/\" \/>\n<meta property=\"article:modified_time\" content=\"2023-07-05T11:56:08+00:00\" \/>\n<meta property=\"og:image\" content=\"https:\/\/lumart.fr\/wp-content\/uploads\/2017\/12\/286-2-Applique-angle-ext-Morzine-TGM-VFR-Lumart-BD-2.jpg\" \/>\n\t<meta property=\"og:image:width\" content=\"2551\" \/>\n\t<meta property=\"og:image:height\" content=\"1701\" \/>\n<meta name=\"twitter:card\" content=\"summary\" \/>\n<script type=\"application\/ld+json\" class=\"yoast-schema-graph\">{\"@context\":\"https:\/\/schema.org\",\"@graph\":[{\"@type\":\"WebSite\",\"@id\":\"https:\/\/lumart.fr\/fr\/#website\",\"url\":\"https:\/\/lumart.fr\/fr\/\",\"name\":\"Lum'art\",\"description\":\"\",\"potentialAction\":[{\"@type\":\"SearchAction\",\"target\":{\"@type\":\"EntryPoint\",\"urlTemplate\":\"https:\/\/lumart.fr\/fr\/?s={search_term_string}\"},\"query-input\":\"required name=search_term_string\"}],\"inLanguage\":\"en-US\"},{\"@type\":\"ImageObject\",\"@id\":\"https:\/\/lumart.fr\/en\/the-collections\/outdoor\/wall-lanterns-large-angle\/morzine-applique-dangle-exterieur-tgm-286-2\/#primaryimage\",\"inLanguage\":\"en-US\",\"url\":\"\/wp-content\/uploads\/2017\/12\/286-2-Applique-angle-ext-Morzine-TGM-VFR-Lumart-BD-2.jpg\",\"contentUrl\":\"\/wp-content\/uploads\/2017\/12\/286-2-Applique-angle-ext-Morzine-TGM-VFR-Lumart-BD-2.jpg\",\"width\":2551,\"height\":1701,\"caption\":\"Applique d'angle ext\\u00e9rieur Morzine TGM - Finition vieux fer rouill\\u00e9\"},{\"@type\":\"WebPage\",\"@id\":\"https:\/\/lumart.fr\/en\/the-collections\/outdoor\/wall-lanterns-large-angle\/morzine-applique-dangle-exterieur-tgm-286-2\/#webpage\",\"url\":\"https:\/\/lumart.fr\/en\/the-collections\/outdoor\/wall-lanterns-large-angle\/morzine-applique-dangle-exterieur-tgm-286-2\/\",\"name\":\"Applique d'angle ext\\u00e9rieur Morzine TGM (286\/2) - Lum'art\",\"isPartOf\":{\"@id\":\"https:\/\/lumart.fr\/fr\/#website\"},\"primaryImageOfPage\":{\"@id\":\"https:\/\/lumart.fr\/en\/the-collections\/outdoor\/wall-lanterns-large-angle\/morzine-applique-dangle-exterieur-tgm-286-2\/#primaryimage\"},\"datePublished\":\"2017-12-18T14:34:54+00:00\",\"dateModified\":\"2023-07-05T11:56:08+00:00\",\"breadcrumb\":{\"@id\":\"https:\/\/lumart.fr\/en\/the-collections\/outdoor\/wall-lanterns-large-angle\/morzine-applique-dangle-exterieur-tgm-286-2\/#breadcrumb\"},\"inLanguage\":\"en-US\",\"potentialAction\":[{\"@type\":\"ReadAction\",\"target\":[\"https:\/\/lumart.fr\/en\/the-collections\/outdoor\/wall-lanterns-large-angle\/morzine-applique-dangle-exterieur-tgm-286-2\/\"]}]},{\"@type\":\"BreadcrumbList\",\"@id\":\"https:\/\/lumart.fr\/en\/the-collections\/outdoor\/wall-lanterns-large-angle\/morzine-applique-dangle-exterieur-tgm-286-2\/#breadcrumb\",\"itemListElement\":[{\"@type\":\"ListItem\",\"position\":1,\"name\":\"Home\",\"item\":\"https:\/\/lumart.fr\/en\/\"},{\"@type\":\"ListItem\",\"position\":2,\"name\":\"The Collections\",\"item\":\"https:\/\/lumart.fr\/en\/the-collections\/\"},{\"@type\":\"ListItem\",\"position\":3,\"name\":\"Morzine - Wall lantern large angle XL\"}]}]}<\/script>\n<!-- \/ Yoast SEO plugin. -->","yoast_head_json":{"robots":{"index":"index","follow":"follow","max-snippet":"max-snippet:-1","max-image-preview":"max-image-preview:large","max-video-preview":"max-video-preview:-1"},"canonical":"https:\/\/lumart.fr\/en\/the-collections\/outdoor\/wall-lanterns-large-angle\/morzine-applique-dangle-exterieur-tgm-286-2\/","og_locale":"en_US","og_type":"article","og_title":"Applique d'angle ext\u00e9rieur Morzine TGM (286\/2) - Lum'art","og_description":"Grand classique, cette collection qui puise son inspiration dans le XIX\u00e8me si\u00e8cle fran\u00e7ais, est tout autant destin\u00e9e \u00e0 une long\u00e8re dans le Perche, une maison bourgeoise aux fen\u00eatres encadr\u00e9es de brique ou un mas dans l&#8217;arri\u00e8re pays proven\u00e7al.","og_url":"https:\/\/lumart.fr\/en\/the-collections\/outdoor\/wall-lanterns-large-angle\/morzine-applique-dangle-exterieur-tgm-286-2\/","og_site_name":"Lum&#039;Art","article_publisher":"https:\/\/www.facebook.com\/LumArt-1543826629180391\/","article_modified_time":"2023-07-05T11:56:08+00:00","og_image":[{"width":2551,"height":1701,"url":"https:\/\/lumart.fr\/wp-content\/uploads\/2017\/12\/286-2-Applique-angle-ext-Morzine-TGM-VFR-Lumart-BD-2.jpg","type":"image\/jpeg"}],"twitter_card":"summary","schema":{"@context":"https:\/\/schema.org","@graph":[{"@type":"WebSite","@id":"https:\/\/lumart.fr\/fr\/#website","url":"https:\/\/lumart.fr\/fr\/","name":"Lum'art","description":"","potentialAction":[{"@type":"SearchAction","target":{"@type":"EntryPoint","urlTemplate":"https:\/\/lumart.fr\/fr\/?s={search_term_string}"},"query-input":"required name=search_term_string"}],"inLanguage":"en-US"},{"@type":"ImageObject","@id":"https:\/\/lumart.fr\/en\/the-collections\/outdoor\/wall-lanterns-large-angle\/morzine-applique-dangle-exterieur-tgm-286-2\/#primaryimage","inLanguage":"en-US","url":"\/wp-content\/uploads\/2017\/12\/286-2-Applique-angle-ext-Morzine-TGM-VFR-Lumart-BD-2.jpg","contentUrl":"\/wp-content\/uploads\/2017\/12\/286-2-Applique-angle-ext-Morzine-TGM-VFR-Lumart-BD-2.jpg","width":2551,"height":1701,"caption":"Applique d'angle ext\u00e9rieur Morzine TGM - Finition vieux fer rouill\u00e9"},{"@type":"WebPage","@id":"https:\/\/lumart.fr\/en\/the-collections\/outdoor\/wall-lanterns-large-angle\/morzine-applique-dangle-exterieur-tgm-286-2\/#webpage","url":"https:\/\/lumart.fr\/en\/the-collections\/outdoor\/wall-lanterns-large-angle\/morzine-applique-dangle-exterieur-tgm-286-2\/","name":"Applique d'angle ext\u00e9rieur Morzine TGM (286\/2) - Lum'art","isPartOf":{"@id":"https:\/\/lumart.fr\/fr\/#website"},"primaryImageOfPage":{"@id":"https:\/\/lumart.fr\/en\/the-collections\/outdoor\/wall-lanterns-large-angle\/morzine-applique-dangle-exterieur-tgm-286-2\/#primaryimage"},"datePublished":"2017-12-18T14:34:54+00:00","dateModified":"2023-07-05T11:56:08+00:00","breadcrumb":{"@id":"https:\/\/lumart.fr\/en\/the-collections\/outdoor\/wall-lanterns-large-angle\/morzine-applique-dangle-exterieur-tgm-286-2\/#breadcrumb"},"inLanguage":"en-US","potentialAction":[{"@type":"ReadAction","target":["https:\/\/lumart.fr\/en\/the-collections\/outdoor\/wall-lanterns-large-angle\/morzine-applique-dangle-exterieur-tgm-286-2\/"]}]},{"@type":"BreadcrumbList","@id":"https:\/\/lumart.fr\/en\/the-collections\/outdoor\/wall-lanterns-large-angle\/morzine-applique-dangle-exterieur-tgm-286-2\/#breadcrumb","itemListElement":[{"@type":"ListItem","position":1,"name":"Home","item":"https:\/\/lumart.fr\/en\/"},{"@type":"ListItem","position":2,"name":"The Collections","item":"https:\/\/lumart.fr\/en\/the-collections\/"},{"@type":"ListItem","position":3,"name":"Morzine - Wall lantern large angle XL"}]}]}},"_links":{"self":[{"href":"https:\/\/lumart.fr\/en\/wp-json\/wp\/v2\/product\/8769"}],"collection":[{"href":"https:\/\/lumart.fr\/en\/wp-json\/wp\/v2\/product"}],"about":[{"href":"https:\/\/lumart.fr\/en\/wp-json\/wp\/v2\/types\/product"}],"wp:featuredmedia":[{"embeddable":true,"href":"https:\/\/lumart.fr\/en\/wp-json\/wp\/v2\/media\/12982"}],"wp:attachment":[{"href":"https:\/\/lumart.fr\/en\/wp-json\/wp\/v2\/media?parent=8769"}],"wp:term":[{"taxonomy":"product_cat","embeddable":true,"href":"https:\/\/lumart.fr\/en\/wp-json\/wp\/v2\/product_cat?post=8769"},{"taxonomy":"product_tag","embeddable":true,"href":"https:\/\/lumart.fr\/en\/wp-json\/wp\/v2\/product_tag?post=8769"}],"curies":[{"name":"wp","href":"https:\/\/api.w.org\/{rel}","templated":true}]}}