{"id":8755,"date":"2017-12-18T14:35:01","date_gmt":"2017-12-18T14:35:01","guid":{"rendered":"https:\/\/lumart.fr\/les-collections\/uncategorized\/neo-applique-3401\/"},"modified":"2023-07-05T16:02:30","modified_gmt":"2023-07-05T14:02:30","slug":"neo-applique-3401","status":"publish","type":"product","link":"https:\/\/lumart.fr\/en\/the-collections\/interior\/wall-lights\/neo-applique-3401\/","title":{"rendered":"N\u00e9o - Wall lantern"},"content":{"rendered":"<p>L&#8217;applique N\u00e9o est l&#8217;alternative de la rampe \u00e0 tableau pour un \u00e9clairage par le dessous. Un subtile halo lumineux viendra caresser la toile, la statue ou tout simplement une colonne. Pour plus de praticit\u00e9, la platine murale est disponible verticale ou horizontale.<\/p>\n","protected":false},"excerpt":{"rendered":"<p>L&#8217;applique N\u00e9o est l&#8217;alternative de la rampe \u00e0 tableau pour un \u00e9clairage par le dessous. Un subtile halo lumineux viendra caresser la toile, la statue ou tout simplement une colonne. Pour plus de praticit\u00e9, la platine murale est disponible verticale ou horizontale.<\/p>\n","protected":false},"featured_media":3745,"template":"","meta":[],"product_cat":[261],"product_tag":[],"acf":[],"yoast_head":"<!-- This site is optimized with the Yoast SEO plugin v17.8 - https:\/\/yoast.com\/wordpress\/plugins\/seo\/ -->\n<meta name=\"robots\" content=\"index, follow, max-snippet:-1, max-image-preview:large, max-video-preview:-1\" \/>\n<link rel=\"canonical\" href=\"https:\/\/lumart.fr\/en\/the-collections\/interior\/wall-lights\/neo-applique-3401\/\" \/>\n<meta property=\"og:locale\" content=\"en_US\" \/>\n<meta property=\"og:type\" content=\"article\" \/>\n<meta property=\"og:title\" content=\"Applique N\u00e9o (3401) - Lum&#039;art\" \/>\n<meta property=\"og:description\" content=\"L&#8217;applique N\u00e9o est l&#8217;alternative de la rampe \u00e0 tableau pour un \u00e9clairage par le dessous. Un subtile halo lumineux viendra caresser la toile, la statue ou tout simplement une colonne. Pour plus de praticit\u00e9, la platine murale est disponible verticale ou horizontale.\" \/>\n<meta property=\"og:url\" content=\"https:\/\/lumart.fr\/en\/the-collections\/interior\/wall-lights\/neo-applique-3401\/\" \/>\n<meta property=\"og:site_name\" content=\"Lum&#039;Art\" \/>\n<meta property=\"article:publisher\" content=\"https:\/\/www.facebook.com\/LumArt-1543826629180391\/\" \/>\n<meta property=\"article:modified_time\" content=\"2023-07-05T14:02:30+00:00\" \/>\n<meta property=\"og:image\" content=\"https:\/\/lumart.fr\/wp-content\/uploads\/2017\/12\/3401-Applique-Neo-CDF-Lumart-BD-2.jpg\" \/>\n\t<meta property=\"og:image:width\" content=\"2551\" \/>\n\t<meta property=\"og:image:height\" content=\"1701\" \/>\n<meta name=\"twitter:card\" content=\"summary\" \/>\n<script type=\"application\/ld+json\" class=\"yoast-schema-graph\">{\"@context\":\"https:\/\/schema.org\",\"@graph\":[{\"@type\":\"WebSite\",\"@id\":\"https:\/\/lumart.fr\/fr\/#website\",\"url\":\"https:\/\/lumart.fr\/fr\/\",\"name\":\"Lum'art\",\"description\":\"\",\"potentialAction\":[{\"@type\":\"SearchAction\",\"target\":{\"@type\":\"EntryPoint\",\"urlTemplate\":\"https:\/\/lumart.fr\/fr\/?s={search_term_string}\"},\"query-input\":\"required name=search_term_string\"}],\"inLanguage\":\"en-US\"},{\"@type\":\"ImageObject\",\"@id\":\"https:\/\/lumart.fr\/en\/the-collections\/interior\/wall-lights\/neo-applique-3401\/#primaryimage\",\"inLanguage\":\"en-US\",\"url\":\"\/wp-content\/uploads\/2017\/12\/3401-Applique-Neo-CDF-Lumart-BD-2.jpg\",\"contentUrl\":\"\/wp-content\/uploads\/2017\/12\/3401-Applique-Neo-CDF-Lumart-BD-2.jpg\",\"width\":2551,\"height\":1701,\"caption\":\"N\\u00e9o wall light, gun metal\"},{\"@type\":\"WebPage\",\"@id\":\"https:\/\/lumart.fr\/en\/the-collections\/interior\/wall-lights\/neo-applique-3401\/#webpage\",\"url\":\"https:\/\/lumart.fr\/en\/the-collections\/interior\/wall-lights\/neo-applique-3401\/\",\"name\":\"Applique N\\u00e9o (3401) - Lum'art\",\"isPartOf\":{\"@id\":\"https:\/\/lumart.fr\/fr\/#website\"},\"primaryImageOfPage\":{\"@id\":\"https:\/\/lumart.fr\/en\/the-collections\/interior\/wall-lights\/neo-applique-3401\/#primaryimage\"},\"datePublished\":\"2017-12-18T14:35:01+00:00\",\"dateModified\":\"2023-07-05T14:02:30+00:00\",\"breadcrumb\":{\"@id\":\"https:\/\/lumart.fr\/en\/the-collections\/interior\/wall-lights\/neo-applique-3401\/#breadcrumb\"},\"inLanguage\":\"en-US\",\"potentialAction\":[{\"@type\":\"ReadAction\",\"target\":[\"https:\/\/lumart.fr\/en\/the-collections\/interior\/wall-lights\/neo-applique-3401\/\"]}]},{\"@type\":\"BreadcrumbList\",\"@id\":\"https:\/\/lumart.fr\/en\/the-collections\/interior\/wall-lights\/neo-applique-3401\/#breadcrumb\",\"itemListElement\":[{\"@type\":\"ListItem\",\"position\":1,\"name\":\"Home\",\"item\":\"https:\/\/lumart.fr\/en\/\"},{\"@type\":\"ListItem\",\"position\":2,\"name\":\"The Collections\",\"item\":\"https:\/\/lumart.fr\/en\/the-collections\/\"},{\"@type\":\"ListItem\",\"position\":3,\"name\":\"N\\u00e9o - Wall lantern\"}]}]}<\/script>\n<!-- \/ Yoast SEO plugin. -->","yoast_head_json":{"robots":{"index":"index","follow":"follow","max-snippet":"max-snippet:-1","max-image-preview":"max-image-preview:large","max-video-preview":"max-video-preview:-1"},"canonical":"https:\/\/lumart.fr\/en\/the-collections\/interior\/wall-lights\/neo-applique-3401\/","og_locale":"en_US","og_type":"article","og_title":"Applique N\u00e9o (3401) - Lum'art","og_description":"L&#8217;applique N\u00e9o est l&#8217;alternative de la rampe \u00e0 tableau pour un \u00e9clairage par le dessous. Un subtile halo lumineux viendra caresser la toile, la statue ou tout simplement une colonne. Pour plus de praticit\u00e9, la platine murale est disponible verticale ou horizontale.","og_url":"https:\/\/lumart.fr\/en\/the-collections\/interior\/wall-lights\/neo-applique-3401\/","og_site_name":"Lum&#039;Art","article_publisher":"https:\/\/www.facebook.com\/LumArt-1543826629180391\/","article_modified_time":"2023-07-05T14:02:30+00:00","og_image":[{"width":2551,"height":1701,"url":"https:\/\/lumart.fr\/wp-content\/uploads\/2017\/12\/3401-Applique-Neo-CDF-Lumart-BD-2.jpg","type":"image\/jpeg"}],"twitter_card":"summary","schema":{"@context":"https:\/\/schema.org","@graph":[{"@type":"WebSite","@id":"https:\/\/lumart.fr\/fr\/#website","url":"https:\/\/lumart.fr\/fr\/","name":"Lum'art","description":"","potentialAction":[{"@type":"SearchAction","target":{"@type":"EntryPoint","urlTemplate":"https:\/\/lumart.fr\/fr\/?s={search_term_string}"},"query-input":"required name=search_term_string"}],"inLanguage":"en-US"},{"@type":"ImageObject","@id":"https:\/\/lumart.fr\/en\/the-collections\/interior\/wall-lights\/neo-applique-3401\/#primaryimage","inLanguage":"en-US","url":"\/wp-content\/uploads\/2017\/12\/3401-Applique-Neo-CDF-Lumart-BD-2.jpg","contentUrl":"\/wp-content\/uploads\/2017\/12\/3401-Applique-Neo-CDF-Lumart-BD-2.jpg","width":2551,"height":1701,"caption":"N\u00e9o wall light, gun metal"},{"@type":"WebPage","@id":"https:\/\/lumart.fr\/en\/the-collections\/interior\/wall-lights\/neo-applique-3401\/#webpage","url":"https:\/\/lumart.fr\/en\/the-collections\/interior\/wall-lights\/neo-applique-3401\/","name":"Applique N\u00e9o (3401) - Lum'art","isPartOf":{"@id":"https:\/\/lumart.fr\/fr\/#website"},"primaryImageOfPage":{"@id":"https:\/\/lumart.fr\/en\/the-collections\/interior\/wall-lights\/neo-applique-3401\/#primaryimage"},"datePublished":"2017-12-18T14:35:01+00:00","dateModified":"2023-07-05T14:02:30+00:00","breadcrumb":{"@id":"https:\/\/lumart.fr\/en\/the-collections\/interior\/wall-lights\/neo-applique-3401\/#breadcrumb"},"inLanguage":"en-US","potentialAction":[{"@type":"ReadAction","target":["https:\/\/lumart.fr\/en\/the-collections\/interior\/wall-lights\/neo-applique-3401\/"]}]},{"@type":"BreadcrumbList","@id":"https:\/\/lumart.fr\/en\/the-collections\/interior\/wall-lights\/neo-applique-3401\/#breadcrumb","itemListElement":[{"@type":"ListItem","position":1,"name":"Home","item":"https:\/\/lumart.fr\/en\/"},{"@type":"ListItem","position":2,"name":"The Collections","item":"https:\/\/lumart.fr\/en\/the-collections\/"},{"@type":"ListItem","position":3,"name":"N\u00e9o - Wall lantern"}]}]}},"_links":{"self":[{"href":"https:\/\/lumart.fr\/en\/wp-json\/wp\/v2\/product\/8755"}],"collection":[{"href":"https:\/\/lumart.fr\/en\/wp-json\/wp\/v2\/product"}],"about":[{"href":"https:\/\/lumart.fr\/en\/wp-json\/wp\/v2\/types\/product"}],"wp:featuredmedia":[{"embeddable":true,"href":"https:\/\/lumart.fr\/en\/wp-json\/wp\/v2\/media\/3745"}],"wp:attachment":[{"href":"https:\/\/lumart.fr\/en\/wp-json\/wp\/v2\/media?parent=8755"}],"wp:term":[{"taxonomy":"product_cat","embeddable":true,"href":"https:\/\/lumart.fr\/en\/wp-json\/wp\/v2\/product_cat?post=8755"},{"taxonomy":"product_tag","embeddable":true,"href":"https:\/\/lumart.fr\/en\/wp-json\/wp\/v2\/product_tag?post=8755"}],"curies":[{"name":"wp","href":"https:\/\/api.w.org\/{rel}","templated":true}]}}