{"id":8671,"date":"2017-12-18T14:35:47","date_gmt":"2017-12-18T14:35:47","guid":{"rendered":"https:\/\/lumart.fr\/les-collections\/uncategorized\/pont-neuf-applique-gm-262\/"},"modified":"2023-07-11T16:10:32","modified_gmt":"2023-07-11T14:10:32","slug":"pont-neuf-applique-gm-262","status":"publish","type":"product","link":"https:\/\/lumart.fr\/en\/the-collections\/outdoor\/wall-lanterns\/pont-neuf-applique-gm-262\/","title":{"rendered":"Pont Neuf - Wall lantern L"},"content":{"rendered":"<p>Collection classique mais traitement contemporain pour cette collection tout en transparence avec ses faces enti\u00e8rement vitr\u00e9es. La plus int\u00e9rieure de nos lanternes ext\u00e9rieures avec une lumi\u00e8re qui ne rencontre aucun obstacle, elle \u00e9clairera parfaitement une cage d&#8217;escalier par exemple.<\/p>\n","protected":false},"excerpt":{"rendered":"<p>Collection classique mais traitement contemporain pour cette collection tout en transparence avec ses faces enti\u00e8rement vitr\u00e9es. La plus int\u00e9rieure de nos lanternes ext\u00e9rieures avec une lumi\u00e8re qui ne rencontre aucun obstacle, elle \u00e9clairera parfaitement une cage d&#8217;escalier par exemple.<\/p>\n","protected":false},"featured_media":13170,"template":"","meta":[],"product_cat":[253],"product_tag":[],"acf":[],"yoast_head":"<!-- This site is optimized with the Yoast SEO plugin v17.8 - https:\/\/yoast.com\/wordpress\/plugins\/seo\/ -->\n<meta name=\"robots\" content=\"index, follow, max-snippet:-1, max-image-preview:large, max-video-preview:-1\" \/>\n<link rel=\"canonical\" href=\"https:\/\/lumart.fr\/en\/the-collections\/outdoor\/wall-lanterns\/pont-neuf-applique-gm-262\/\" \/>\n<meta property=\"og:locale\" content=\"en_US\" \/>\n<meta property=\"og:type\" content=\"article\" \/>\n<meta property=\"og:title\" content=\"Applique Pont Neuf GM (262) - Lum&#039;art\" \/>\n<meta property=\"og:description\" content=\"Collection classique mais traitement contemporain pour cette collection tout en transparence avec ses faces enti\u00e8rement vitr\u00e9es. La plus int\u00e9rieure de nos lanternes ext\u00e9rieures avec une lumi\u00e8re qui ne rencontre aucun obstacle, elle \u00e9clairera parfaitement une cage d&#8217;escalier par exemple.\" \/>\n<meta property=\"og:url\" content=\"https:\/\/lumart.fr\/en\/the-collections\/outdoor\/wall-lanterns\/pont-neuf-applique-gm-262\/\" \/>\n<meta property=\"og:site_name\" content=\"Lum&#039;Art\" \/>\n<meta property=\"article:publisher\" content=\"https:\/\/www.facebook.com\/LumArt-1543826629180391\/\" \/>\n<meta property=\"article:modified_time\" content=\"2023-07-11T14:10:32+00:00\" \/>\n<meta property=\"og:image\" content=\"https:\/\/lumart.fr\/wp-content\/uploads\/2017\/12\/262-Applique-Pont-Neuf-GM-VL-Lumart-BD-3.jpg\" \/>\n\t<meta property=\"og:image:width\" content=\"2551\" \/>\n\t<meta property=\"og:image:height\" content=\"1701\" \/>\n<meta name=\"twitter:card\" content=\"summary\" \/>\n<script type=\"application\/ld+json\" class=\"yoast-schema-graph\">{\"@context\":\"https:\/\/schema.org\",\"@graph\":[{\"@type\":\"WebSite\",\"@id\":\"https:\/\/lumart.fr\/fr\/#website\",\"url\":\"https:\/\/lumart.fr\/fr\/\",\"name\":\"Lum'art\",\"description\":\"\",\"potentialAction\":[{\"@type\":\"SearchAction\",\"target\":{\"@type\":\"EntryPoint\",\"urlTemplate\":\"https:\/\/lumart.fr\/fr\/?s={search_term_string}\"},\"query-input\":\"required name=search_term_string\"}],\"inLanguage\":\"en-US\"},{\"@type\":\"ImageObject\",\"@id\":\"https:\/\/lumart.fr\/en\/the-collections\/outdoor\/wall-lanterns\/pont-neuf-applique-gm-262\/#primaryimage\",\"inLanguage\":\"en-US\",\"url\":\"\/wp-content\/uploads\/2017\/12\/262-Applique-Pont-Neuf-GM-VL-Lumart-BD-3.jpg\",\"contentUrl\":\"\/wp-content\/uploads\/2017\/12\/262-Applique-Pont-Neuf-GM-VL-Lumart-BD-3.jpg\",\"width\":2551,\"height\":1701,\"caption\":\"Applique Pont Neuf GM - Finition vieux laiton\"},{\"@type\":\"WebPage\",\"@id\":\"https:\/\/lumart.fr\/en\/the-collections\/outdoor\/wall-lanterns\/pont-neuf-applique-gm-262\/#webpage\",\"url\":\"https:\/\/lumart.fr\/en\/the-collections\/outdoor\/wall-lanterns\/pont-neuf-applique-gm-262\/\",\"name\":\"Applique Pont Neuf GM (262) - Lum'art\",\"isPartOf\":{\"@id\":\"https:\/\/lumart.fr\/fr\/#website\"},\"primaryImageOfPage\":{\"@id\":\"https:\/\/lumart.fr\/en\/the-collections\/outdoor\/wall-lanterns\/pont-neuf-applique-gm-262\/#primaryimage\"},\"datePublished\":\"2017-12-18T14:35:47+00:00\",\"dateModified\":\"2023-07-11T14:10:32+00:00\",\"breadcrumb\":{\"@id\":\"https:\/\/lumart.fr\/en\/the-collections\/outdoor\/wall-lanterns\/pont-neuf-applique-gm-262\/#breadcrumb\"},\"inLanguage\":\"en-US\",\"potentialAction\":[{\"@type\":\"ReadAction\",\"target\":[\"https:\/\/lumart.fr\/en\/the-collections\/outdoor\/wall-lanterns\/pont-neuf-applique-gm-262\/\"]}]},{\"@type\":\"BreadcrumbList\",\"@id\":\"https:\/\/lumart.fr\/en\/the-collections\/outdoor\/wall-lanterns\/pont-neuf-applique-gm-262\/#breadcrumb\",\"itemListElement\":[{\"@type\":\"ListItem\",\"position\":1,\"name\":\"Home\",\"item\":\"https:\/\/lumart.fr\/en\/\"},{\"@type\":\"ListItem\",\"position\":2,\"name\":\"The Collections\",\"item\":\"https:\/\/lumart.fr\/en\/the-collections\/\"},{\"@type\":\"ListItem\",\"position\":3,\"name\":\"Pont Neuf - Wall lantern L\"}]}]}<\/script>\n<!-- \/ Yoast SEO plugin. -->","yoast_head_json":{"robots":{"index":"index","follow":"follow","max-snippet":"max-snippet:-1","max-image-preview":"max-image-preview:large","max-video-preview":"max-video-preview:-1"},"canonical":"https:\/\/lumart.fr\/en\/the-collections\/outdoor\/wall-lanterns\/pont-neuf-applique-gm-262\/","og_locale":"en_US","og_type":"article","og_title":"Applique Pont Neuf GM (262) - Lum'art","og_description":"Collection classique mais traitement contemporain pour cette collection tout en transparence avec ses faces enti\u00e8rement vitr\u00e9es. La plus int\u00e9rieure de nos lanternes ext\u00e9rieures avec une lumi\u00e8re qui ne rencontre aucun obstacle, elle \u00e9clairera parfaitement une cage d&#8217;escalier par exemple.","og_url":"https:\/\/lumart.fr\/en\/the-collections\/outdoor\/wall-lanterns\/pont-neuf-applique-gm-262\/","og_site_name":"Lum&#039;Art","article_publisher":"https:\/\/www.facebook.com\/LumArt-1543826629180391\/","article_modified_time":"2023-07-11T14:10:32+00:00","og_image":[{"width":2551,"height":1701,"url":"https:\/\/lumart.fr\/wp-content\/uploads\/2017\/12\/262-Applique-Pont-Neuf-GM-VL-Lumart-BD-3.jpg","type":"image\/jpeg"}],"twitter_card":"summary","schema":{"@context":"https:\/\/schema.org","@graph":[{"@type":"WebSite","@id":"https:\/\/lumart.fr\/fr\/#website","url":"https:\/\/lumart.fr\/fr\/","name":"Lum'art","description":"","potentialAction":[{"@type":"SearchAction","target":{"@type":"EntryPoint","urlTemplate":"https:\/\/lumart.fr\/fr\/?s={search_term_string}"},"query-input":"required name=search_term_string"}],"inLanguage":"en-US"},{"@type":"ImageObject","@id":"https:\/\/lumart.fr\/en\/the-collections\/outdoor\/wall-lanterns\/pont-neuf-applique-gm-262\/#primaryimage","inLanguage":"en-US","url":"\/wp-content\/uploads\/2017\/12\/262-Applique-Pont-Neuf-GM-VL-Lumart-BD-3.jpg","contentUrl":"\/wp-content\/uploads\/2017\/12\/262-Applique-Pont-Neuf-GM-VL-Lumart-BD-3.jpg","width":2551,"height":1701,"caption":"Applique Pont Neuf GM - Finition vieux laiton"},{"@type":"WebPage","@id":"https:\/\/lumart.fr\/en\/the-collections\/outdoor\/wall-lanterns\/pont-neuf-applique-gm-262\/#webpage","url":"https:\/\/lumart.fr\/en\/the-collections\/outdoor\/wall-lanterns\/pont-neuf-applique-gm-262\/","name":"Applique Pont Neuf GM (262) - Lum'art","isPartOf":{"@id":"https:\/\/lumart.fr\/fr\/#website"},"primaryImageOfPage":{"@id":"https:\/\/lumart.fr\/en\/the-collections\/outdoor\/wall-lanterns\/pont-neuf-applique-gm-262\/#primaryimage"},"datePublished":"2017-12-18T14:35:47+00:00","dateModified":"2023-07-11T14:10:32+00:00","breadcrumb":{"@id":"https:\/\/lumart.fr\/en\/the-collections\/outdoor\/wall-lanterns\/pont-neuf-applique-gm-262\/#breadcrumb"},"inLanguage":"en-US","potentialAction":[{"@type":"ReadAction","target":["https:\/\/lumart.fr\/en\/the-collections\/outdoor\/wall-lanterns\/pont-neuf-applique-gm-262\/"]}]},{"@type":"BreadcrumbList","@id":"https:\/\/lumart.fr\/en\/the-collections\/outdoor\/wall-lanterns\/pont-neuf-applique-gm-262\/#breadcrumb","itemListElement":[{"@type":"ListItem","position":1,"name":"Home","item":"https:\/\/lumart.fr\/en\/"},{"@type":"ListItem","position":2,"name":"The Collections","item":"https:\/\/lumart.fr\/en\/the-collections\/"},{"@type":"ListItem","position":3,"name":"Pont Neuf - Wall lantern L"}]}]}},"_links":{"self":[{"href":"https:\/\/lumart.fr\/en\/wp-json\/wp\/v2\/product\/8671"}],"collection":[{"href":"https:\/\/lumart.fr\/en\/wp-json\/wp\/v2\/product"}],"about":[{"href":"https:\/\/lumart.fr\/en\/wp-json\/wp\/v2\/types\/product"}],"wp:featuredmedia":[{"embeddable":true,"href":"https:\/\/lumart.fr\/en\/wp-json\/wp\/v2\/media\/13170"}],"wp:attachment":[{"href":"https:\/\/lumart.fr\/en\/wp-json\/wp\/v2\/media?parent=8671"}],"wp:term":[{"taxonomy":"product_cat","embeddable":true,"href":"https:\/\/lumart.fr\/en\/wp-json\/wp\/v2\/product_cat?post=8671"},{"taxonomy":"product_tag","embeddable":true,"href":"https:\/\/lumart.fr\/en\/wp-json\/wp\/v2\/product_tag?post=8671"}],"curies":[{"name":"wp","href":"https:\/\/api.w.org\/{rel}","templated":true}]}}