{"id":8628,"date":"2017-12-18T14:36:11","date_gmt":"2017-12-18T14:36:11","guid":{"rendered":"https:\/\/lumart.fr\/les-collections\/uncategorized\/scribe-rampe-a-tableau-26-cm-3290-2\/"},"modified":"2021-12-03T16:58:25","modified_gmt":"2021-12-03T14:58:25","slug":"scribe-rampe-a-tableau-26-cm-3290-2","status":"publish","type":"product","link":"https:\/\/lumart.fr\/en\/the-collections\/interior\/picture-lights\/scribe-rampe-a-tableau-26-cm-3290-2\/","title":{"rendered":"Scribe - Picture light 26 cm"},"content":{"rendered":"<p>The most refined of our picture lamps, Scribe has an adjustable height and angle to optimise the lighting of the painting or etching. You can mount the wall light on the back of the frame or hang the frame directly on the stem of the light, thus avoiding making many holes in the wall. This is the wall light of choice when the power outlet is located behind the frame. If the outlet is located above the frame, choose the Renoir or Degas styles.<\/p>\n","protected":false},"excerpt":{"rendered":"<p>The most refined of our picture lamps, Scribe has an adjustable height and angle to optimise the lighting of the painting or etching. You can mount the wall light on the back of the frame or hang the frame directly on the stem of the light, thus avoiding making many holes in the wall. This is the wall light of <a href=\"https:\/\/lumart.fr\/en\/the-collections\/interior\/picture-lights\/scribe-rampe-a-tableau-26-cm-3290-2\/\" class=\"more\">[ &hellip; ]<\/a><\/p>\n","protected":false},"featured_media":3607,"template":"","meta":[],"product_cat":[268],"product_tag":[],"acf":[],"yoast_head":"<!-- This site is optimized with the Yoast SEO plugin v17.8 - https:\/\/yoast.com\/wordpress\/plugins\/seo\/ -->\n<meta name=\"description\" content=\"La plus aboutie des collections de rampes \u00e0 tableau, Scribe se r\u00e8gle en hauteur et en inclinaison pour optimiser l&#039;angle d&#039;\u00e9clairage sur le tableau ou la gravure.\" \/>\n<meta name=\"robots\" content=\"index, follow, max-snippet:-1, max-image-preview:large, max-video-preview:-1\" \/>\n<link rel=\"canonical\" href=\"https:\/\/lumart.fr\/en\/the-collections\/interior\/picture-lights\/scribe-rampe-a-tableau-26-cm-3290-2\/\" \/>\n<meta property=\"og:locale\" content=\"en_US\" \/>\n<meta property=\"og:type\" content=\"article\" \/>\n<meta property=\"og:title\" content=\"Rampe \u00e0 tableau Scribe (3290\/2) - Lum&#039;art\" \/>\n<meta property=\"og:description\" content=\"La plus aboutie des collections de rampes \u00e0 tableau, Scribe se r\u00e8gle en hauteur et en inclinaison pour optimiser l&#039;angle d&#039;\u00e9clairage sur le tableau ou la gravure.\" \/>\n<meta property=\"og:url\" content=\"https:\/\/lumart.fr\/en\/the-collections\/interior\/picture-lights\/scribe-rampe-a-tableau-26-cm-3290-2\/\" \/>\n<meta property=\"og:site_name\" content=\"Lum&#039;Art\" \/>\n<meta property=\"article:publisher\" content=\"https:\/\/www.facebook.com\/LumArt-1543826629180391\/\" \/>\n<meta property=\"article:modified_time\" content=\"2021-12-03T14:58:25+00:00\" \/>\n<meta property=\"og:image\" content=\"https:\/\/lumart.fr\/wp-content\/uploads\/2017\/12\/3290-2-Rampe-tableau-Scribe-26cm-VL-Lumart-BD-2.jpg\" \/>\n\t<meta property=\"og:image:width\" content=\"2551\" \/>\n\t<meta property=\"og:image:height\" content=\"1701\" \/>\n<meta name=\"twitter:card\" content=\"summary\" \/>\n<meta name=\"twitter:label1\" content=\"Est. reading time\" \/>\n\t<meta name=\"twitter:data1\" content=\"1 minute\" \/>\n<script type=\"application\/ld+json\" class=\"yoast-schema-graph\">{\"@context\":\"https:\/\/schema.org\",\"@graph\":[{\"@type\":\"WebSite\",\"@id\":\"https:\/\/lumart.fr\/fr\/#website\",\"url\":\"https:\/\/lumart.fr\/fr\/\",\"name\":\"Lum'art\",\"description\":\"\",\"potentialAction\":[{\"@type\":\"SearchAction\",\"target\":{\"@type\":\"EntryPoint\",\"urlTemplate\":\"https:\/\/lumart.fr\/fr\/?s={search_term_string}\"},\"query-input\":\"required name=search_term_string\"}],\"inLanguage\":\"en-US\"},{\"@type\":\"ImageObject\",\"@id\":\"https:\/\/lumart.fr\/en\/the-collections\/interior\/picture-lights\/scribe-rampe-a-tableau-26-cm-3290-2\/#primaryimage\",\"inLanguage\":\"en-US\",\"url\":\"\/wp-content\/uploads\/2017\/12\/3290-2-Rampe-tableau-Scribe-26cm-VL-Lumart-BD-2.jpg\",\"contentUrl\":\"\/wp-content\/uploads\/2017\/12\/3290-2-Rampe-tableau-Scribe-26cm-VL-Lumart-BD-2.jpg\",\"width\":2551,\"height\":1701,\"caption\":\"Scribe picture light, 26 cm, antique brass\"},{\"@type\":\"WebPage\",\"@id\":\"https:\/\/lumart.fr\/en\/the-collections\/interior\/picture-lights\/scribe-rampe-a-tableau-26-cm-3290-2\/#webpage\",\"url\":\"https:\/\/lumart.fr\/en\/the-collections\/interior\/picture-lights\/scribe-rampe-a-tableau-26-cm-3290-2\/\",\"name\":\"Rampe \\u00e0 tableau Scribe (3290\/2) - Lum'art\",\"isPartOf\":{\"@id\":\"https:\/\/lumart.fr\/fr\/#website\"},\"primaryImageOfPage\":{\"@id\":\"https:\/\/lumart.fr\/en\/the-collections\/interior\/picture-lights\/scribe-rampe-a-tableau-26-cm-3290-2\/#primaryimage\"},\"datePublished\":\"2017-12-18T14:36:11+00:00\",\"dateModified\":\"2021-12-03T14:58:25+00:00\",\"description\":\"La plus aboutie des collections de rampes \\u00e0 tableau, Scribe se r\\u00e8gle en hauteur et en inclinaison pour optimiser l'angle d'\\u00e9clairage sur le tableau ou la gravure.\",\"breadcrumb\":{\"@id\":\"https:\/\/lumart.fr\/en\/the-collections\/interior\/picture-lights\/scribe-rampe-a-tableau-26-cm-3290-2\/#breadcrumb\"},\"inLanguage\":\"en-US\",\"potentialAction\":[{\"@type\":\"ReadAction\",\"target\":[\"https:\/\/lumart.fr\/en\/the-collections\/interior\/picture-lights\/scribe-rampe-a-tableau-26-cm-3290-2\/\"]}]},{\"@type\":\"BreadcrumbList\",\"@id\":\"https:\/\/lumart.fr\/en\/the-collections\/interior\/picture-lights\/scribe-rampe-a-tableau-26-cm-3290-2\/#breadcrumb\",\"itemListElement\":[{\"@type\":\"ListItem\",\"position\":1,\"name\":\"Home\",\"item\":\"https:\/\/lumart.fr\/en\/\"},{\"@type\":\"ListItem\",\"position\":2,\"name\":\"The Collections\",\"item\":\"https:\/\/lumart.fr\/en\/the-collections\/\"},{\"@type\":\"ListItem\",\"position\":3,\"name\":\"Scribe - Picture light 26 cm\"}]}]}<\/script>\n<!-- \/ Yoast SEO plugin. -->","yoast_head_json":{"description":"La plus aboutie des collections de rampes \u00e0 tableau, Scribe se r\u00e8gle en hauteur et en inclinaison pour optimiser l'angle d'\u00e9clairage sur le tableau ou la gravure.","robots":{"index":"index","follow":"follow","max-snippet":"max-snippet:-1","max-image-preview":"max-image-preview:large","max-video-preview":"max-video-preview:-1"},"canonical":"https:\/\/lumart.fr\/en\/the-collections\/interior\/picture-lights\/scribe-rampe-a-tableau-26-cm-3290-2\/","og_locale":"en_US","og_type":"article","og_title":"Rampe \u00e0 tableau Scribe (3290\/2) - Lum'art","og_description":"La plus aboutie des collections de rampes \u00e0 tableau, Scribe se r\u00e8gle en hauteur et en inclinaison pour optimiser l'angle d'\u00e9clairage sur le tableau ou la gravure.","og_url":"https:\/\/lumart.fr\/en\/the-collections\/interior\/picture-lights\/scribe-rampe-a-tableau-26-cm-3290-2\/","og_site_name":"Lum&#039;Art","article_publisher":"https:\/\/www.facebook.com\/LumArt-1543826629180391\/","article_modified_time":"2021-12-03T14:58:25+00:00","og_image":[{"width":2551,"height":1701,"url":"https:\/\/lumart.fr\/wp-content\/uploads\/2017\/12\/3290-2-Rampe-tableau-Scribe-26cm-VL-Lumart-BD-2.jpg","type":"image\/jpeg"}],"twitter_card":"summary","twitter_misc":{"Est. reading time":"1 minute"},"schema":{"@context":"https:\/\/schema.org","@graph":[{"@type":"WebSite","@id":"https:\/\/lumart.fr\/fr\/#website","url":"https:\/\/lumart.fr\/fr\/","name":"Lum'art","description":"","potentialAction":[{"@type":"SearchAction","target":{"@type":"EntryPoint","urlTemplate":"https:\/\/lumart.fr\/fr\/?s={search_term_string}"},"query-input":"required name=search_term_string"}],"inLanguage":"en-US"},{"@type":"ImageObject","@id":"https:\/\/lumart.fr\/en\/the-collections\/interior\/picture-lights\/scribe-rampe-a-tableau-26-cm-3290-2\/#primaryimage","inLanguage":"en-US","url":"\/wp-content\/uploads\/2017\/12\/3290-2-Rampe-tableau-Scribe-26cm-VL-Lumart-BD-2.jpg","contentUrl":"\/wp-content\/uploads\/2017\/12\/3290-2-Rampe-tableau-Scribe-26cm-VL-Lumart-BD-2.jpg","width":2551,"height":1701,"caption":"Scribe picture light, 26 cm, antique brass"},{"@type":"WebPage","@id":"https:\/\/lumart.fr\/en\/the-collections\/interior\/picture-lights\/scribe-rampe-a-tableau-26-cm-3290-2\/#webpage","url":"https:\/\/lumart.fr\/en\/the-collections\/interior\/picture-lights\/scribe-rampe-a-tableau-26-cm-3290-2\/","name":"Rampe \u00e0 tableau Scribe (3290\/2) - Lum'art","isPartOf":{"@id":"https:\/\/lumart.fr\/fr\/#website"},"primaryImageOfPage":{"@id":"https:\/\/lumart.fr\/en\/the-collections\/interior\/picture-lights\/scribe-rampe-a-tableau-26-cm-3290-2\/#primaryimage"},"datePublished":"2017-12-18T14:36:11+00:00","dateModified":"2021-12-03T14:58:25+00:00","description":"La plus aboutie des collections de rampes \u00e0 tableau, Scribe se r\u00e8gle en hauteur et en inclinaison pour optimiser l'angle d'\u00e9clairage sur le tableau ou la gravure.","breadcrumb":{"@id":"https:\/\/lumart.fr\/en\/the-collections\/interior\/picture-lights\/scribe-rampe-a-tableau-26-cm-3290-2\/#breadcrumb"},"inLanguage":"en-US","potentialAction":[{"@type":"ReadAction","target":["https:\/\/lumart.fr\/en\/the-collections\/interior\/picture-lights\/scribe-rampe-a-tableau-26-cm-3290-2\/"]}]},{"@type":"BreadcrumbList","@id":"https:\/\/lumart.fr\/en\/the-collections\/interior\/picture-lights\/scribe-rampe-a-tableau-26-cm-3290-2\/#breadcrumb","itemListElement":[{"@type":"ListItem","position":1,"name":"Home","item":"https:\/\/lumart.fr\/en\/"},{"@type":"ListItem","position":2,"name":"The Collections","item":"https:\/\/lumart.fr\/en\/the-collections\/"},{"@type":"ListItem","position":3,"name":"Scribe - Picture light 26 cm"}]}]}},"_links":{"self":[{"href":"https:\/\/lumart.fr\/en\/wp-json\/wp\/v2\/product\/8628"}],"collection":[{"href":"https:\/\/lumart.fr\/en\/wp-json\/wp\/v2\/product"}],"about":[{"href":"https:\/\/lumart.fr\/en\/wp-json\/wp\/v2\/types\/product"}],"wp:featuredmedia":[{"embeddable":true,"href":"https:\/\/lumart.fr\/en\/wp-json\/wp\/v2\/media\/3607"}],"wp:attachment":[{"href":"https:\/\/lumart.fr\/en\/wp-json\/wp\/v2\/media?parent=8628"}],"wp:term":[{"taxonomy":"product_cat","embeddable":true,"href":"https:\/\/lumart.fr\/en\/wp-json\/wp\/v2\/product_cat?post=8628"},{"taxonomy":"product_tag","embeddable":true,"href":"https:\/\/lumart.fr\/en\/wp-json\/wp\/v2\/product_tag?post=8628"}],"curies":[{"name":"wp","href":"https:\/\/api.w.org\/{rel}","templated":true}]}}