{"id":8622,"date":"2017-12-18T14:36:14","date_gmt":"2017-12-18T14:36:14","guid":{"rendered":"https:\/\/lumart.fr\/les-collections\/uncategorized\/serie-n2-bougeoir-9002\/"},"modified":"2021-12-03T16:55:34","modified_gmt":"2021-12-03T14:55:34","slug":"serie-n2-bougeoir-9002","status":"publish","type":"product","link":"https:\/\/lumart.fr\/en\/the-collections\/limited-edition\/candlestick%e2%80%8b%e2%80%8bs%e2%80%8b\/serie-n2-bougeoir-9002\/","title":{"rendered":"S\u00e9rie N\u00b02 - Candlestick"},"content":{"rendered":"<p>Exclusive new creations by Studio Lum&#8217;art: a collection of limited edition candlesticks! Staying true to the Lum&#8217;art identity and aesthetics, these candlesticks are handmade in France from raw and durable materials such as brass, brushed copper or sanded and polished oak.<\/p>\n<p>&nbsp;<\/p>\n","protected":false},"excerpt":{"rendered":"<p>Exclusive new creations by Studio Lum&#8217;art: a collection of limited edition candlesticks! Staying true to the Lum&#8217;art identity and aesthetics, these candlesticks are handmade in France from raw and durable materials such as brass, brushed copper or sanded and polished oak. &nbsp;<\/p>\n","protected":false},"featured_media":5576,"template":"","meta":[],"product_cat":[272],"product_tag":[],"acf":[],"yoast_head":"<!-- This site is optimized with the Yoast SEO plugin v17.8 - https:\/\/yoast.com\/wordpress\/plugins\/seo\/ -->\n<meta name=\"description\" content=\"Nouvelles cr\u00e9ations exclusives du Studio Lum\u2019art, une collection de bougeoirs en \u00e9dition limit\u00e9e. Reprenant les codes et les valeurs de la marque, ces objets, au design \u00e9pur\u00e9, sont enti\u00e8rement r\u00e9alis\u00e9s \u00e0 la main en France \u00e0 partir de mati\u00e8re brute et durable tels le laiton et le cuivre bross\u00e9 ou le ch\u00eane ponc\u00e9 et poli.\" \/>\n<meta name=\"robots\" content=\"index, follow, max-snippet:-1, max-image-preview:large, max-video-preview:-1\" \/>\n<link rel=\"canonical\" href=\"https:\/\/lumart.fr\/en\/the-collections\/limited-edition\/candlestick\u200b\u200bs\u200b\/serie-n2-bougeoir-9002\/\" \/>\n<meta property=\"og:locale\" content=\"en_US\" \/>\n<meta property=\"og:type\" content=\"article\" \/>\n<meta property=\"og:title\" content=\"Bougeoir S\u00e9rie N\u00b02 (9002) - Lum&#039;art\" \/>\n<meta property=\"og:description\" content=\"Nouvelles cr\u00e9ations exclusives du Studio Lum\u2019art, une collection de bougeoirs en \u00e9dition limit\u00e9e. Reprenant les codes et les valeurs de la marque, ces objets, au design \u00e9pur\u00e9, sont enti\u00e8rement r\u00e9alis\u00e9s \u00e0 la main en France \u00e0 partir de mati\u00e8re brute et durable tels le laiton et le cuivre bross\u00e9 ou le ch\u00eane ponc\u00e9 et poli.\" \/>\n<meta property=\"og:url\" content=\"https:\/\/lumart.fr\/en\/the-collections\/limited-edition\/candlestick\u200b\u200bs\u200b\/serie-n2-bougeoir-9002\/\" \/>\n<meta property=\"og:site_name\" content=\"Lum&#039;Art\" \/>\n<meta property=\"article:publisher\" content=\"https:\/\/www.facebook.com\/LumArt-1543826629180391\/\" \/>\n<meta property=\"article:modified_time\" content=\"2021-12-03T14:55:34+00:00\" \/>\n<meta property=\"og:image\" content=\"https:\/\/lumart.fr\/wp-content\/uploads\/2017\/12\/9002-Bougeoir-Serie-num2-LB-Lumart-BD-1024x683.jpg\" \/>\n\t<meta property=\"og:image:width\" content=\"1024\" \/>\n\t<meta property=\"og:image:height\" content=\"683\" \/>\n<meta name=\"twitter:card\" content=\"summary\" \/>\n<script type=\"application\/ld+json\" class=\"yoast-schema-graph\">{\"@context\":\"https:\/\/schema.org\",\"@graph\":[{\"@type\":\"WebSite\",\"@id\":\"https:\/\/lumart.fr\/fr\/#website\",\"url\":\"https:\/\/lumart.fr\/fr\/\",\"name\":\"Lum'art\",\"description\":\"\",\"potentialAction\":[{\"@type\":\"SearchAction\",\"target\":{\"@type\":\"EntryPoint\",\"urlTemplate\":\"https:\/\/lumart.fr\/fr\/?s={search_term_string}\"},\"query-input\":\"required name=search_term_string\"}],\"inLanguage\":\"en-US\"},{\"@type\":\"ImageObject\",\"@id\":\"https:\/\/lumart.fr\/en\/the-collections\/limited-edition\/candlestick%e2%80%8b%e2%80%8bs%e2%80%8b\/serie-n2-bougeoir-9002\/#primaryimage\",\"inLanguage\":\"en-US\",\"url\":\"\/wp-content\/uploads\/2017\/12\/9002-Bougeoir-Serie-num2-LB-Lumart-BD.jpg\",\"contentUrl\":\"\/wp-content\/uploads\/2017\/12\/9002-Bougeoir-Serie-num2-LB-Lumart-BD.jpg\",\"width\":8688,\"height\":5792,\"caption\":\"S\\u00e9rie N\\u00b02 candlestick, brushed brass\"},{\"@type\":\"WebPage\",\"@id\":\"https:\/\/lumart.fr\/en\/the-collections\/limited-edition\/candlestick%e2%80%8b%e2%80%8bs%e2%80%8b\/serie-n2-bougeoir-9002\/#webpage\",\"url\":\"https:\/\/lumart.fr\/en\/the-collections\/limited-edition\/candlestick%e2%80%8b%e2%80%8bs%e2%80%8b\/serie-n2-bougeoir-9002\/\",\"name\":\"Bougeoir S\\u00e9rie N\\u00b02 (9002) - Lum'art\",\"isPartOf\":{\"@id\":\"https:\/\/lumart.fr\/fr\/#website\"},\"primaryImageOfPage\":{\"@id\":\"https:\/\/lumart.fr\/en\/the-collections\/limited-edition\/candlestick%e2%80%8b%e2%80%8bs%e2%80%8b\/serie-n2-bougeoir-9002\/#primaryimage\"},\"datePublished\":\"2017-12-18T14:36:14+00:00\",\"dateModified\":\"2021-12-03T14:55:34+00:00\",\"description\":\"Nouvelles cr\\u00e9ations exclusives du Studio Lum\\u2019art, une collection de bougeoirs en \\u00e9dition limit\\u00e9e. Reprenant les codes et les valeurs de la marque, ces objets, au design \\u00e9pur\\u00e9, sont enti\\u00e8rement r\\u00e9alis\\u00e9s \\u00e0 la main en France \\u00e0 partir de mati\\u00e8re brute et durable tels le laiton et le cuivre bross\\u00e9 ou le ch\\u00eane ponc\\u00e9 et poli.\",\"breadcrumb\":{\"@id\":\"https:\/\/lumart.fr\/en\/the-collections\/limited-edition\/candlestick%e2%80%8b%e2%80%8bs%e2%80%8b\/serie-n2-bougeoir-9002\/#breadcrumb\"},\"inLanguage\":\"en-US\",\"potentialAction\":[{\"@type\":\"ReadAction\",\"target\":[\"https:\/\/lumart.fr\/en\/the-collections\/limited-edition\/candlestick%e2%80%8b%e2%80%8bs%e2%80%8b\/serie-n2-bougeoir-9002\/\"]}]},{\"@type\":\"BreadcrumbList\",\"@id\":\"https:\/\/lumart.fr\/en\/the-collections\/limited-edition\/candlestick%e2%80%8b%e2%80%8bs%e2%80%8b\/serie-n2-bougeoir-9002\/#breadcrumb\",\"itemListElement\":[{\"@type\":\"ListItem\",\"position\":1,\"name\":\"Home\",\"item\":\"https:\/\/lumart.fr\/en\/\"},{\"@type\":\"ListItem\",\"position\":2,\"name\":\"The Collections\",\"item\":\"https:\/\/lumart.fr\/en\/the-collections\/\"},{\"@type\":\"ListItem\",\"position\":3,\"name\":\"S\\u00e9rie N\\u00b02 - Candlestick\"}]}]}<\/script>\n<!-- \/ Yoast SEO plugin. -->","yoast_head_json":{"description":"Nouvelles cr\u00e9ations exclusives du Studio Lum\u2019art, une collection de bougeoirs en \u00e9dition limit\u00e9e. Reprenant les codes et les valeurs de la marque, ces objets, au design \u00e9pur\u00e9, sont enti\u00e8rement r\u00e9alis\u00e9s \u00e0 la main en France \u00e0 partir de mati\u00e8re brute et durable tels le laiton et le cuivre bross\u00e9 ou le ch\u00eane ponc\u00e9 et poli.","robots":{"index":"index","follow":"follow","max-snippet":"max-snippet:-1","max-image-preview":"max-image-preview:large","max-video-preview":"max-video-preview:-1"},"canonical":"https:\/\/lumart.fr\/en\/the-collections\/limited-edition\/candlestick\u200b\u200bs\u200b\/serie-n2-bougeoir-9002\/","og_locale":"en_US","og_type":"article","og_title":"Bougeoir S\u00e9rie N\u00b02 (9002) - Lum'art","og_description":"Nouvelles cr\u00e9ations exclusives du Studio Lum\u2019art, une collection de bougeoirs en \u00e9dition limit\u00e9e. Reprenant les codes et les valeurs de la marque, ces objets, au design \u00e9pur\u00e9, sont enti\u00e8rement r\u00e9alis\u00e9s \u00e0 la main en France \u00e0 partir de mati\u00e8re brute et durable tels le laiton et le cuivre bross\u00e9 ou le ch\u00eane ponc\u00e9 et poli.","og_url":"https:\/\/lumart.fr\/en\/the-collections\/limited-edition\/candlestick\u200b\u200bs\u200b\/serie-n2-bougeoir-9002\/","og_site_name":"Lum&#039;Art","article_publisher":"https:\/\/www.facebook.com\/LumArt-1543826629180391\/","article_modified_time":"2021-12-03T14:55:34+00:00","og_image":[{"width":1024,"height":683,"url":"https:\/\/lumart.fr\/wp-content\/uploads\/2017\/12\/9002-Bougeoir-Serie-num2-LB-Lumart-BD-1024x683.jpg","type":"image\/jpeg"}],"twitter_card":"summary","schema":{"@context":"https:\/\/schema.org","@graph":[{"@type":"WebSite","@id":"https:\/\/lumart.fr\/fr\/#website","url":"https:\/\/lumart.fr\/fr\/","name":"Lum'art","description":"","potentialAction":[{"@type":"SearchAction","target":{"@type":"EntryPoint","urlTemplate":"https:\/\/lumart.fr\/fr\/?s={search_term_string}"},"query-input":"required name=search_term_string"}],"inLanguage":"en-US"},{"@type":"ImageObject","@id":"https:\/\/lumart.fr\/en\/the-collections\/limited-edition\/candlestick%e2%80%8b%e2%80%8bs%e2%80%8b\/serie-n2-bougeoir-9002\/#primaryimage","inLanguage":"en-US","url":"\/wp-content\/uploads\/2017\/12\/9002-Bougeoir-Serie-num2-LB-Lumart-BD.jpg","contentUrl":"\/wp-content\/uploads\/2017\/12\/9002-Bougeoir-Serie-num2-LB-Lumart-BD.jpg","width":8688,"height":5792,"caption":"S\u00e9rie N\u00b02 candlestick, brushed brass"},{"@type":"WebPage","@id":"https:\/\/lumart.fr\/en\/the-collections\/limited-edition\/candlestick%e2%80%8b%e2%80%8bs%e2%80%8b\/serie-n2-bougeoir-9002\/#webpage","url":"https:\/\/lumart.fr\/en\/the-collections\/limited-edition\/candlestick%e2%80%8b%e2%80%8bs%e2%80%8b\/serie-n2-bougeoir-9002\/","name":"Bougeoir S\u00e9rie N\u00b02 (9002) - Lum'art","isPartOf":{"@id":"https:\/\/lumart.fr\/fr\/#website"},"primaryImageOfPage":{"@id":"https:\/\/lumart.fr\/en\/the-collections\/limited-edition\/candlestick%e2%80%8b%e2%80%8bs%e2%80%8b\/serie-n2-bougeoir-9002\/#primaryimage"},"datePublished":"2017-12-18T14:36:14+00:00","dateModified":"2021-12-03T14:55:34+00:00","description":"Nouvelles cr\u00e9ations exclusives du Studio Lum\u2019art, une collection de bougeoirs en \u00e9dition limit\u00e9e. Reprenant les codes et les valeurs de la marque, ces objets, au design \u00e9pur\u00e9, sont enti\u00e8rement r\u00e9alis\u00e9s \u00e0 la main en France \u00e0 partir de mati\u00e8re brute et durable tels le laiton et le cuivre bross\u00e9 ou le ch\u00eane ponc\u00e9 et poli.","breadcrumb":{"@id":"https:\/\/lumart.fr\/en\/the-collections\/limited-edition\/candlestick%e2%80%8b%e2%80%8bs%e2%80%8b\/serie-n2-bougeoir-9002\/#breadcrumb"},"inLanguage":"en-US","potentialAction":[{"@type":"ReadAction","target":["https:\/\/lumart.fr\/en\/the-collections\/limited-edition\/candlestick%e2%80%8b%e2%80%8bs%e2%80%8b\/serie-n2-bougeoir-9002\/"]}]},{"@type":"BreadcrumbList","@id":"https:\/\/lumart.fr\/en\/the-collections\/limited-edition\/candlestick%e2%80%8b%e2%80%8bs%e2%80%8b\/serie-n2-bougeoir-9002\/#breadcrumb","itemListElement":[{"@type":"ListItem","position":1,"name":"Home","item":"https:\/\/lumart.fr\/en\/"},{"@type":"ListItem","position":2,"name":"The Collections","item":"https:\/\/lumart.fr\/en\/the-collections\/"},{"@type":"ListItem","position":3,"name":"S\u00e9rie N\u00b02 - Candlestick"}]}]}},"_links":{"self":[{"href":"https:\/\/lumart.fr\/en\/wp-json\/wp\/v2\/product\/8622"}],"collection":[{"href":"https:\/\/lumart.fr\/en\/wp-json\/wp\/v2\/product"}],"about":[{"href":"https:\/\/lumart.fr\/en\/wp-json\/wp\/v2\/types\/product"}],"wp:featuredmedia":[{"embeddable":true,"href":"https:\/\/lumart.fr\/en\/wp-json\/wp\/v2\/media\/5576"}],"wp:attachment":[{"href":"https:\/\/lumart.fr\/en\/wp-json\/wp\/v2\/media?parent=8622"}],"wp:term":[{"taxonomy":"product_cat","embeddable":true,"href":"https:\/\/lumart.fr\/en\/wp-json\/wp\/v2\/product_cat?post=8622"},{"taxonomy":"product_tag","embeddable":true,"href":"https:\/\/lumart.fr\/en\/wp-json\/wp\/v2\/product_tag?post=8622"}],"curies":[{"name":"wp","href":"https:\/\/api.w.org\/{rel}","templated":true}]}}