{"id":8619,"date":"2017-12-18T14:36:15","date_gmt":"2017-12-18T14:36:15","guid":{"rendered":"https:\/\/lumart.fr\/les-collections\/uncategorized\/serie-n3-chenet-9103\/"},"modified":"2021-12-03T16:54:04","modified_gmt":"2021-12-03T14:54:04","slug":"serie-n3-chenet-9103","status":"publish","type":"product","link":"https:\/\/lumart.fr\/en\/the-collections\/limited-edition\/andirons\/serie-n3-chenet-9103\/","title":{"rendered":"S\u00e9rie N\u00b03 - Andiron"},"content":{"rendered":"<p>Exclusive new creations by Studio Lum&#8217;art: a collection of limited edition contemporary andirons! Staying true to the Lum&#8217;art identity and aesthetics, these andirons are handmade in France from steel and brushed brass. Each collection has two lengths of andirons to fit in smaller or larger fireplaces, whether they are classic or contemporary in design.<\/p>\n","protected":false},"excerpt":{"rendered":"<p>Exclusive new creations by Studio Lum&#8217;art: a collection of limited edition contemporary andirons! Staying true to the Lum&#8217;art identity and aesthetics, these andirons are handmade in France from steel and brushed brass. Each collection has two lengths of andirons to fit in smaller or larger fireplaces, whether they are classic or contemporary in design.<\/p>\n","protected":false},"featured_media":5620,"template":"","meta":[],"product_cat":[273],"product_tag":[],"acf":[],"yoast_head":"<!-- This site is optimized with the Yoast SEO plugin v17.8 - https:\/\/yoast.com\/wordpress\/plugins\/seo\/ -->\n<meta name=\"description\" content=\"Nouvelles cr\u00e9ations exclusives du Studio Lum\u2019art, une collection de chenets contemporains en \u00e9dition limit\u00e9e. Reprenant les codes et les valeurs de la marque, ces objets, au design \u00e9pur\u00e9, sont enti\u00e8rement r\u00e9alis\u00e9s \u00e0 la main en France en acier et laiton bross\u00e9.\" \/>\n<meta name=\"robots\" content=\"index, follow, max-snippet:-1, max-image-preview:large, max-video-preview:-1\" \/>\n<link rel=\"canonical\" href=\"https:\/\/lumart.fr\/en\/the-collections\/limited-edition\/andirons\/serie-n3-chenet-9103\/\" \/>\n<meta property=\"og:locale\" content=\"en_US\" \/>\n<meta property=\"og:type\" content=\"article\" \/>\n<meta property=\"og:title\" content=\"Chenet S\u00e9rie N\u00b03 (9103) - Lum&#039;art\" \/>\n<meta property=\"og:description\" content=\"Nouvelles cr\u00e9ations exclusives du Studio Lum\u2019art, une collection de chenets contemporains en \u00e9dition limit\u00e9e. Reprenant les codes et les valeurs de la marque, ces objets, au design \u00e9pur\u00e9, sont enti\u00e8rement r\u00e9alis\u00e9s \u00e0 la main en France en acier et laiton bross\u00e9.\" \/>\n<meta property=\"og:url\" content=\"https:\/\/lumart.fr\/en\/the-collections\/limited-edition\/andirons\/serie-n3-chenet-9103\/\" \/>\n<meta property=\"og:site_name\" content=\"Lum&#039;Art\" \/>\n<meta property=\"article:publisher\" content=\"https:\/\/www.facebook.com\/LumArt-1543826629180391\/\" \/>\n<meta property=\"article:modified_time\" content=\"2021-12-03T14:54:04+00:00\" \/>\n<meta property=\"og:image\" content=\"https:\/\/lumart.fr\/wp-content\/uploads\/2017\/12\/9103-Chenet-Serie-num3-LB-Lumart-BD-3.jpg\" \/>\n\t<meta property=\"og:image:width\" content=\"2551\" \/>\n\t<meta property=\"og:image:height\" content=\"1701\" \/>\n<meta name=\"twitter:card\" content=\"summary\" \/>\n<script type=\"application\/ld+json\" class=\"yoast-schema-graph\">{\"@context\":\"https:\/\/schema.org\",\"@graph\":[{\"@type\":\"WebSite\",\"@id\":\"https:\/\/lumart.fr\/fr\/#website\",\"url\":\"https:\/\/lumart.fr\/fr\/\",\"name\":\"Lum'art\",\"description\":\"\",\"potentialAction\":[{\"@type\":\"SearchAction\",\"target\":{\"@type\":\"EntryPoint\",\"urlTemplate\":\"https:\/\/lumart.fr\/fr\/?s={search_term_string}\"},\"query-input\":\"required name=search_term_string\"}],\"inLanguage\":\"en-US\"},{\"@type\":\"ImageObject\",\"@id\":\"https:\/\/lumart.fr\/en\/the-collections\/limited-edition\/andirons\/serie-n3-chenet-9103\/#primaryimage\",\"inLanguage\":\"en-US\",\"url\":\"\/wp-content\/uploads\/2017\/12\/9103-Chenet-Serie-num3-LB-Lumart-BD-3.jpg\",\"contentUrl\":\"\/wp-content\/uploads\/2017\/12\/9103-Chenet-Serie-num3-LB-Lumart-BD-3.jpg\",\"width\":2551,\"height\":1701,\"caption\":\"S\\u00e9rie N\\u00b03 andiron, brushed brass\"},{\"@type\":\"WebPage\",\"@id\":\"https:\/\/lumart.fr\/en\/the-collections\/limited-edition\/andirons\/serie-n3-chenet-9103\/#webpage\",\"url\":\"https:\/\/lumart.fr\/en\/the-collections\/limited-edition\/andirons\/serie-n3-chenet-9103\/\",\"name\":\"Chenet S\\u00e9rie N\\u00b03 (9103) - Lum'art\",\"isPartOf\":{\"@id\":\"https:\/\/lumart.fr\/fr\/#website\"},\"primaryImageOfPage\":{\"@id\":\"https:\/\/lumart.fr\/en\/the-collections\/limited-edition\/andirons\/serie-n3-chenet-9103\/#primaryimage\"},\"datePublished\":\"2017-12-18T14:36:15+00:00\",\"dateModified\":\"2021-12-03T14:54:04+00:00\",\"description\":\"Nouvelles cr\\u00e9ations exclusives du Studio Lum\\u2019art, une collection de chenets contemporains en \\u00e9dition limit\\u00e9e. Reprenant les codes et les valeurs de la marque, ces objets, au design \\u00e9pur\\u00e9, sont enti\\u00e8rement r\\u00e9alis\\u00e9s \\u00e0 la main en France en acier et laiton bross\\u00e9.\",\"breadcrumb\":{\"@id\":\"https:\/\/lumart.fr\/en\/the-collections\/limited-edition\/andirons\/serie-n3-chenet-9103\/#breadcrumb\"},\"inLanguage\":\"en-US\",\"potentialAction\":[{\"@type\":\"ReadAction\",\"target\":[\"https:\/\/lumart.fr\/en\/the-collections\/limited-edition\/andirons\/serie-n3-chenet-9103\/\"]}]},{\"@type\":\"BreadcrumbList\",\"@id\":\"https:\/\/lumart.fr\/en\/the-collections\/limited-edition\/andirons\/serie-n3-chenet-9103\/#breadcrumb\",\"itemListElement\":[{\"@type\":\"ListItem\",\"position\":1,\"name\":\"Home\",\"item\":\"https:\/\/lumart.fr\/en\/\"},{\"@type\":\"ListItem\",\"position\":2,\"name\":\"The Collections\",\"item\":\"https:\/\/lumart.fr\/en\/the-collections\/\"},{\"@type\":\"ListItem\",\"position\":3,\"name\":\"S\\u00e9rie N\\u00b03 - Andiron\"}]}]}<\/script>\n<!-- \/ Yoast SEO plugin. -->","yoast_head_json":{"description":"Nouvelles cr\u00e9ations exclusives du Studio Lum\u2019art, une collection de chenets contemporains en \u00e9dition limit\u00e9e. Reprenant les codes et les valeurs de la marque, ces objets, au design \u00e9pur\u00e9, sont enti\u00e8rement r\u00e9alis\u00e9s \u00e0 la main en France en acier et laiton bross\u00e9.","robots":{"index":"index","follow":"follow","max-snippet":"max-snippet:-1","max-image-preview":"max-image-preview:large","max-video-preview":"max-video-preview:-1"},"canonical":"https:\/\/lumart.fr\/en\/the-collections\/limited-edition\/andirons\/serie-n3-chenet-9103\/","og_locale":"en_US","og_type":"article","og_title":"Chenet S\u00e9rie N\u00b03 (9103) - Lum'art","og_description":"Nouvelles cr\u00e9ations exclusives du Studio Lum\u2019art, une collection de chenets contemporains en \u00e9dition limit\u00e9e. Reprenant les codes et les valeurs de la marque, ces objets, au design \u00e9pur\u00e9, sont enti\u00e8rement r\u00e9alis\u00e9s \u00e0 la main en France en acier et laiton bross\u00e9.","og_url":"https:\/\/lumart.fr\/en\/the-collections\/limited-edition\/andirons\/serie-n3-chenet-9103\/","og_site_name":"Lum&#039;Art","article_publisher":"https:\/\/www.facebook.com\/LumArt-1543826629180391\/","article_modified_time":"2021-12-03T14:54:04+00:00","og_image":[{"width":2551,"height":1701,"url":"https:\/\/lumart.fr\/wp-content\/uploads\/2017\/12\/9103-Chenet-Serie-num3-LB-Lumart-BD-3.jpg","type":"image\/jpeg"}],"twitter_card":"summary","schema":{"@context":"https:\/\/schema.org","@graph":[{"@type":"WebSite","@id":"https:\/\/lumart.fr\/fr\/#website","url":"https:\/\/lumart.fr\/fr\/","name":"Lum'art","description":"","potentialAction":[{"@type":"SearchAction","target":{"@type":"EntryPoint","urlTemplate":"https:\/\/lumart.fr\/fr\/?s={search_term_string}"},"query-input":"required name=search_term_string"}],"inLanguage":"en-US"},{"@type":"ImageObject","@id":"https:\/\/lumart.fr\/en\/the-collections\/limited-edition\/andirons\/serie-n3-chenet-9103\/#primaryimage","inLanguage":"en-US","url":"\/wp-content\/uploads\/2017\/12\/9103-Chenet-Serie-num3-LB-Lumart-BD-3.jpg","contentUrl":"\/wp-content\/uploads\/2017\/12\/9103-Chenet-Serie-num3-LB-Lumart-BD-3.jpg","width":2551,"height":1701,"caption":"S\u00e9rie N\u00b03 andiron, brushed brass"},{"@type":"WebPage","@id":"https:\/\/lumart.fr\/en\/the-collections\/limited-edition\/andirons\/serie-n3-chenet-9103\/#webpage","url":"https:\/\/lumart.fr\/en\/the-collections\/limited-edition\/andirons\/serie-n3-chenet-9103\/","name":"Chenet S\u00e9rie N\u00b03 (9103) - Lum'art","isPartOf":{"@id":"https:\/\/lumart.fr\/fr\/#website"},"primaryImageOfPage":{"@id":"https:\/\/lumart.fr\/en\/the-collections\/limited-edition\/andirons\/serie-n3-chenet-9103\/#primaryimage"},"datePublished":"2017-12-18T14:36:15+00:00","dateModified":"2021-12-03T14:54:04+00:00","description":"Nouvelles cr\u00e9ations exclusives du Studio Lum\u2019art, une collection de chenets contemporains en \u00e9dition limit\u00e9e. Reprenant les codes et les valeurs de la marque, ces objets, au design \u00e9pur\u00e9, sont enti\u00e8rement r\u00e9alis\u00e9s \u00e0 la main en France en acier et laiton bross\u00e9.","breadcrumb":{"@id":"https:\/\/lumart.fr\/en\/the-collections\/limited-edition\/andirons\/serie-n3-chenet-9103\/#breadcrumb"},"inLanguage":"en-US","potentialAction":[{"@type":"ReadAction","target":["https:\/\/lumart.fr\/en\/the-collections\/limited-edition\/andirons\/serie-n3-chenet-9103\/"]}]},{"@type":"BreadcrumbList","@id":"https:\/\/lumart.fr\/en\/the-collections\/limited-edition\/andirons\/serie-n3-chenet-9103\/#breadcrumb","itemListElement":[{"@type":"ListItem","position":1,"name":"Home","item":"https:\/\/lumart.fr\/en\/"},{"@type":"ListItem","position":2,"name":"The Collections","item":"https:\/\/lumart.fr\/en\/the-collections\/"},{"@type":"ListItem","position":3,"name":"S\u00e9rie N\u00b03 - Andiron"}]}]}},"_links":{"self":[{"href":"https:\/\/lumart.fr\/en\/wp-json\/wp\/v2\/product\/8619"}],"collection":[{"href":"https:\/\/lumart.fr\/en\/wp-json\/wp\/v2\/product"}],"about":[{"href":"https:\/\/lumart.fr\/en\/wp-json\/wp\/v2\/types\/product"}],"wp:featuredmedia":[{"embeddable":true,"href":"https:\/\/lumart.fr\/en\/wp-json\/wp\/v2\/media\/5620"}],"wp:attachment":[{"href":"https:\/\/lumart.fr\/en\/wp-json\/wp\/v2\/media?parent=8619"}],"wp:term":[{"taxonomy":"product_cat","embeddable":true,"href":"https:\/\/lumart.fr\/en\/wp-json\/wp\/v2\/product_cat?post=8619"},{"taxonomy":"product_tag","embeddable":true,"href":"https:\/\/lumart.fr\/en\/wp-json\/wp\/v2\/product_tag?post=8619"}],"curies":[{"name":"wp","href":"https:\/\/api.w.org\/{rel}","templated":true}]}}