{"id":12461,"date":"2023-04-04T17:47:06","date_gmt":"2023-04-04T15:47:07","guid":{"rendered":"https:\/\/lumart.fr\/?post_type=product&#038;p=12461"},"modified":"2023-04-04T17:47:07","modified_gmt":"2023-04-04T15:47:07","slug":"applique-prefailles-gm-3428-3","status":"publish","type":"product","link":"https:\/\/lumart.fr\/en\/the-collections\/interior\/wall-lights\/applique-prefailles-gm-3428-3\/","title":{"rendered":"Pr\u00e9failles - Wall Light L"},"content":{"rendered":"<p>Avec sa verrine en opaline blanche, l\u2019applique Pr\u00e9failles est id\u00e9ale pour une touche \u00e9l\u00e9gante dans une salle de bain. La collection Pr\u00e9failles se d\u00e9cline aussi en applique MM et en suspension.<\/p>\n","protected":false},"excerpt":{"rendered":"<p>Avec sa verrine en opaline blanche, l\u2019applique Pr\u00e9failles est id\u00e9ale pour une touche \u00e9l\u00e9gante dans une salle de bain. La collection Pr\u00e9failles se d\u00e9cline aussi en applique MM et en suspension. <a href=\"https:\/\/lumart.fr\/en\/the-collections\/interior\/wall-lights\/applique-prefailles-gm-3428-3\/\" class=\"more\">[ &hellip; ]<\/a><\/p>\n","protected":false},"featured_media":12458,"template":"","meta":[],"product_cat":[261],"product_tag":[],"acf":[],"yoast_head":"<!-- This site is optimized with the Yoast SEO plugin v17.8 - https:\/\/yoast.com\/wordpress\/plugins\/seo\/ -->\n<meta name=\"robots\" content=\"index, follow, max-snippet:-1, max-image-preview:large, max-video-preview:-1\" \/>\n<link rel=\"canonical\" href=\"https:\/\/lumart.fr\/en\/the-collections\/interior\/wall-lights\/applique-prefailles-gm-3428-3\/\" \/>\n<meta property=\"og:locale\" content=\"en_US\" \/>\n<meta property=\"og:type\" content=\"article\" \/>\n<meta property=\"og:title\" content=\"Applique Pr\u00e9failles GM (3428\/3) - Lum&#039;Art\" \/>\n<meta property=\"og:description\" content=\"Avec sa verrine en opaline blanche, l\u2019applique Pr\u00e9failles est id\u00e9ale pour une touche \u00e9l\u00e9gante dans une salle de bain. La collection Pr\u00e9failles se d\u00e9cline aussi en applique MM et en suspension. [ &hellip; ]\" \/>\n<meta property=\"og:url\" content=\"https:\/\/lumart.fr\/en\/the-collections\/interior\/wall-lights\/applique-prefailles-gm-3428-3\/\" \/>\n<meta property=\"og:site_name\" content=\"Lum&#039;Art\" \/>\n<meta property=\"article:publisher\" content=\"https:\/\/www.facebook.com\/LumArt-1543826629180391\/\" \/>\n<meta property=\"og:image\" content=\"https:\/\/lumart.fr\/wp-content\/uploads\/2023\/04\/Shooting-Prefailles-BD-77.jpg\" \/>\n\t<meta property=\"og:image:width\" content=\"1984\" \/>\n\t<meta property=\"og:image:height\" content=\"1323\" \/>\n<meta name=\"twitter:card\" content=\"summary\" \/>\n<script type=\"application\/ld+json\" class=\"yoast-schema-graph\">{\"@context\":\"https:\/\/schema.org\",\"@graph\":[{\"@type\":\"WebSite\",\"@id\":\"https:\/\/lumart.fr\/fr\/#website\",\"url\":\"https:\/\/lumart.fr\/fr\/\",\"name\":\"Lum'art\",\"description\":\"\",\"potentialAction\":[{\"@type\":\"SearchAction\",\"target\":{\"@type\":\"EntryPoint\",\"urlTemplate\":\"https:\/\/lumart.fr\/fr\/?s={search_term_string}\"},\"query-input\":\"required name=search_term_string\"}],\"inLanguage\":\"en-US\"},{\"@type\":\"ImageObject\",\"@id\":\"https:\/\/lumart.fr\/en\/the-collections\/interior\/wall-lights\/applique-prefailles-gm-3428-3\/#primaryimage\",\"inLanguage\":\"en-US\",\"url\":\"\/wp-content\/uploads\/2023\/04\/Shooting-Prefailles-BD-77.jpg\",\"contentUrl\":\"\/wp-content\/uploads\/2023\/04\/Shooting-Prefailles-BD-77.jpg\",\"width\":1984,\"height\":1323,\"caption\":\"Applique Pr\\u00e9failles GM (3428\/3) - Finition Nickel brillant\"},{\"@type\":\"WebPage\",\"@id\":\"https:\/\/lumart.fr\/en\/the-collections\/interior\/wall-lights\/applique-prefailles-gm-3428-3\/#webpage\",\"url\":\"https:\/\/lumart.fr\/en\/the-collections\/interior\/wall-lights\/applique-prefailles-gm-3428-3\/\",\"name\":\"Applique Pr\\u00e9failles GM (3428\/3) - Lum&#039;Art\",\"isPartOf\":{\"@id\":\"https:\/\/lumart.fr\/fr\/#website\"},\"primaryImageOfPage\":{\"@id\":\"https:\/\/lumart.fr\/en\/the-collections\/interior\/wall-lights\/applique-prefailles-gm-3428-3\/#primaryimage\"},\"datePublished\":\"2023-04-04T15:47:07+00:00\",\"dateModified\":\"2023-04-04T15:47:07+00:00\",\"breadcrumb\":{\"@id\":\"https:\/\/lumart.fr\/en\/the-collections\/interior\/wall-lights\/applique-prefailles-gm-3428-3\/#breadcrumb\"},\"inLanguage\":\"en-US\",\"potentialAction\":[{\"@type\":\"ReadAction\",\"target\":[\"https:\/\/lumart.fr\/en\/the-collections\/interior\/wall-lights\/applique-prefailles-gm-3428-3\/\"]}]},{\"@type\":\"BreadcrumbList\",\"@id\":\"https:\/\/lumart.fr\/en\/the-collections\/interior\/wall-lights\/applique-prefailles-gm-3428-3\/#breadcrumb\",\"itemListElement\":[{\"@type\":\"ListItem\",\"position\":1,\"name\":\"Home\",\"item\":\"https:\/\/lumart.fr\/en\/\"},{\"@type\":\"ListItem\",\"position\":2,\"name\":\"The Collections\",\"item\":\"https:\/\/lumart.fr\/en\/the-collections\/\"},{\"@type\":\"ListItem\",\"position\":3,\"name\":\"Pr\\u00e9failles - Wall Light L\"}]}]}<\/script>\n<!-- \/ Yoast SEO plugin. -->","yoast_head_json":{"robots":{"index":"index","follow":"follow","max-snippet":"max-snippet:-1","max-image-preview":"max-image-preview:large","max-video-preview":"max-video-preview:-1"},"canonical":"https:\/\/lumart.fr\/en\/the-collections\/interior\/wall-lights\/applique-prefailles-gm-3428-3\/","og_locale":"en_US","og_type":"article","og_title":"Applique Pr\u00e9failles GM (3428\/3) - Lum&#039;Art","og_description":"Avec sa verrine en opaline blanche, l\u2019applique Pr\u00e9failles est id\u00e9ale pour une touche \u00e9l\u00e9gante dans une salle de bain. La collection Pr\u00e9failles se d\u00e9cline aussi en applique MM et en suspension. [ &hellip; ]","og_url":"https:\/\/lumart.fr\/en\/the-collections\/interior\/wall-lights\/applique-prefailles-gm-3428-3\/","og_site_name":"Lum&#039;Art","article_publisher":"https:\/\/www.facebook.com\/LumArt-1543826629180391\/","og_image":[{"width":1984,"height":1323,"url":"https:\/\/lumart.fr\/wp-content\/uploads\/2023\/04\/Shooting-Prefailles-BD-77.jpg","type":"image\/jpeg"}],"twitter_card":"summary","schema":{"@context":"https:\/\/schema.org","@graph":[{"@type":"WebSite","@id":"https:\/\/lumart.fr\/fr\/#website","url":"https:\/\/lumart.fr\/fr\/","name":"Lum'art","description":"","potentialAction":[{"@type":"SearchAction","target":{"@type":"EntryPoint","urlTemplate":"https:\/\/lumart.fr\/fr\/?s={search_term_string}"},"query-input":"required name=search_term_string"}],"inLanguage":"en-US"},{"@type":"ImageObject","@id":"https:\/\/lumart.fr\/en\/the-collections\/interior\/wall-lights\/applique-prefailles-gm-3428-3\/#primaryimage","inLanguage":"en-US","url":"\/wp-content\/uploads\/2023\/04\/Shooting-Prefailles-BD-77.jpg","contentUrl":"\/wp-content\/uploads\/2023\/04\/Shooting-Prefailles-BD-77.jpg","width":1984,"height":1323,"caption":"Applique Pr\u00e9failles GM (3428\/3) - Finition Nickel brillant"},{"@type":"WebPage","@id":"https:\/\/lumart.fr\/en\/the-collections\/interior\/wall-lights\/applique-prefailles-gm-3428-3\/#webpage","url":"https:\/\/lumart.fr\/en\/the-collections\/interior\/wall-lights\/applique-prefailles-gm-3428-3\/","name":"Applique Pr\u00e9failles GM (3428\/3) - Lum&#039;Art","isPartOf":{"@id":"https:\/\/lumart.fr\/fr\/#website"},"primaryImageOfPage":{"@id":"https:\/\/lumart.fr\/en\/the-collections\/interior\/wall-lights\/applique-prefailles-gm-3428-3\/#primaryimage"},"datePublished":"2023-04-04T15:47:07+00:00","dateModified":"2023-04-04T15:47:07+00:00","breadcrumb":{"@id":"https:\/\/lumart.fr\/en\/the-collections\/interior\/wall-lights\/applique-prefailles-gm-3428-3\/#breadcrumb"},"inLanguage":"en-US","potentialAction":[{"@type":"ReadAction","target":["https:\/\/lumart.fr\/en\/the-collections\/interior\/wall-lights\/applique-prefailles-gm-3428-3\/"]}]},{"@type":"BreadcrumbList","@id":"https:\/\/lumart.fr\/en\/the-collections\/interior\/wall-lights\/applique-prefailles-gm-3428-3\/#breadcrumb","itemListElement":[{"@type":"ListItem","position":1,"name":"Home","item":"https:\/\/lumart.fr\/en\/"},{"@type":"ListItem","position":2,"name":"The Collections","item":"https:\/\/lumart.fr\/en\/the-collections\/"},{"@type":"ListItem","position":3,"name":"Pr\u00e9failles - Wall Light L"}]}]}},"_links":{"self":[{"href":"https:\/\/lumart.fr\/en\/wp-json\/wp\/v2\/product\/12461"}],"collection":[{"href":"https:\/\/lumart.fr\/en\/wp-json\/wp\/v2\/product"}],"about":[{"href":"https:\/\/lumart.fr\/en\/wp-json\/wp\/v2\/types\/product"}],"wp:featuredmedia":[{"embeddable":true,"href":"https:\/\/lumart.fr\/en\/wp-json\/wp\/v2\/media\/12458"}],"wp:attachment":[{"href":"https:\/\/lumart.fr\/en\/wp-json\/wp\/v2\/media?parent=12461"}],"wp:term":[{"taxonomy":"product_cat","embeddable":true,"href":"https:\/\/lumart.fr\/en\/wp-json\/wp\/v2\/product_cat?post=12461"},{"taxonomy":"product_tag","embeddable":true,"href":"https:\/\/lumart.fr\/en\/wp-json\/wp\/v2\/product_tag?post=12461"}],"curies":[{"name":"wp","href":"https:\/\/api.w.org\/{rel}","templated":true}]}}