{"id":12449,"date":"2023-04-04T17:27:09","date_gmt":"2023-04-04T15:27:09","guid":{"rendered":"https:\/\/lumart.fr\/?post_type=product&#038;p=12449"},"modified":"2023-06-23T13:57:26","modified_gmt":"2023-06-23T11:57:26","slug":"applique-prefailles-3427","status":"publish","type":"product","link":"https:\/\/lumart.fr\/en\/the-collections\/interior\/wall-lights\/applique-prefailles-3427\/","title":{"rendered":"Pr\u00e9failles - Wall Light M"},"content":{"rendered":"<p>Avec sa verrine en opaline blanche, l&#8217;applique Pr\u00e9failles est id\u00e9ale pour une touche \u00e9l\u00e9gante dans une salle de bain, par exemple de part et d&#8217;autre de miroirs. La collection Pr\u00e9failles se d\u00e9cline aussi en applique GM et en suspension.<\/p>\n","protected":false},"excerpt":{"rendered":"<p>Avec sa verrine en opaline blanche, l&#8217;applique Pr\u00e9failles est id\u00e9ale pour une touche \u00e9l\u00e9gante dans une salle de bain, par exemple de part et d&#8217;autre de miroirs. <a href=\"https:\/\/lumart.fr\/en\/the-collections\/interior\/wall-lights\/applique-prefailles-3427\/\" class=\"more\">[ &hellip; ]<\/a><\/p>\n","protected":false},"featured_media":12770,"template":"","meta":[],"product_cat":[261],"product_tag":[],"acf":[],"yoast_head":"<!-- This site is optimized with the Yoast SEO plugin v17.8 - https:\/\/yoast.com\/wordpress\/plugins\/seo\/ -->\n<meta name=\"robots\" content=\"index, follow, max-snippet:-1, max-image-preview:large, max-video-preview:-1\" \/>\n<link rel=\"canonical\" href=\"https:\/\/lumart.fr\/en\/the-collections\/interior\/wall-lights\/applique-prefailles-3427\/\" \/>\n<meta property=\"og:locale\" content=\"en_US\" \/>\n<meta property=\"og:type\" content=\"article\" \/>\n<meta property=\"og:title\" content=\"Applique Pr\u00e9failles MM (3427) - Lum&#039;Art\" \/>\n<meta property=\"og:description\" content=\"Avec sa verrine en opaline blanche, l&#039;applique Pr\u00e9failles est id\u00e9ale pour une touche \u00e9l\u00e9gante dans une salle de bain, par exemple de part et d&#039;autre de miroirs. [ &hellip; ]\" \/>\n<meta property=\"og:url\" content=\"https:\/\/lumart.fr\/en\/the-collections\/interior\/wall-lights\/applique-prefailles-3427\/\" \/>\n<meta property=\"og:site_name\" content=\"Lum&#039;Art\" \/>\n<meta property=\"article:publisher\" content=\"https:\/\/www.facebook.com\/LumArt-1543826629180391\/\" \/>\n<meta property=\"article:modified_time\" content=\"2023-06-23T11:57:26+00:00\" \/>\n<meta property=\"og:image\" content=\"https:\/\/lumart.fr\/wp-content\/uploads\/2023\/04\/3427-Applique-Prefailles-MM-LB-BR.jpg\" \/>\n\t<meta property=\"og:image:width\" content=\"1984\" \/>\n\t<meta property=\"og:image:height\" content=\"1323\" \/>\n<meta name=\"twitter:card\" content=\"summary\" \/>\n<script type=\"application\/ld+json\" class=\"yoast-schema-graph\">{\"@context\":\"https:\/\/schema.org\",\"@graph\":[{\"@type\":\"WebSite\",\"@id\":\"https:\/\/lumart.fr\/fr\/#website\",\"url\":\"https:\/\/lumart.fr\/fr\/\",\"name\":\"Lum'art\",\"description\":\"\",\"potentialAction\":[{\"@type\":\"SearchAction\",\"target\":{\"@type\":\"EntryPoint\",\"urlTemplate\":\"https:\/\/lumart.fr\/fr\/?s={search_term_string}\"},\"query-input\":\"required name=search_term_string\"}],\"inLanguage\":\"en-US\"},{\"@type\":\"ImageObject\",\"@id\":\"https:\/\/lumart.fr\/en\/the-collections\/interior\/wall-lights\/applique-prefailles-3427\/#primaryimage\",\"inLanguage\":\"en-US\",\"url\":\"\/wp-content\/uploads\/2023\/04\/3427-Applique-Prefailles-MM-LB-BR.jpg\",\"contentUrl\":\"\/wp-content\/uploads\/2023\/04\/3427-Applique-Prefailles-MM-LB-BR.jpg\",\"width\":1984,\"height\":1323,\"caption\":\"Applique Pr\\u00e9failles MM - Finition Laiton bross\\u00e9\"},{\"@type\":\"WebPage\",\"@id\":\"https:\/\/lumart.fr\/en\/the-collections\/interior\/wall-lights\/applique-prefailles-3427\/#webpage\",\"url\":\"https:\/\/lumart.fr\/en\/the-collections\/interior\/wall-lights\/applique-prefailles-3427\/\",\"name\":\"Applique Pr\\u00e9failles MM (3427) - Lum&#039;Art\",\"isPartOf\":{\"@id\":\"https:\/\/lumart.fr\/fr\/#website\"},\"primaryImageOfPage\":{\"@id\":\"https:\/\/lumart.fr\/en\/the-collections\/interior\/wall-lights\/applique-prefailles-3427\/#primaryimage\"},\"datePublished\":\"2023-04-04T15:27:09+00:00\",\"dateModified\":\"2023-06-23T11:57:26+00:00\",\"breadcrumb\":{\"@id\":\"https:\/\/lumart.fr\/en\/the-collections\/interior\/wall-lights\/applique-prefailles-3427\/#breadcrumb\"},\"inLanguage\":\"en-US\",\"potentialAction\":[{\"@type\":\"ReadAction\",\"target\":[\"https:\/\/lumart.fr\/en\/the-collections\/interior\/wall-lights\/applique-prefailles-3427\/\"]}]},{\"@type\":\"BreadcrumbList\",\"@id\":\"https:\/\/lumart.fr\/en\/the-collections\/interior\/wall-lights\/applique-prefailles-3427\/#breadcrumb\",\"itemListElement\":[{\"@type\":\"ListItem\",\"position\":1,\"name\":\"Home\",\"item\":\"https:\/\/lumart.fr\/en\/\"},{\"@type\":\"ListItem\",\"position\":2,\"name\":\"The Collections\",\"item\":\"https:\/\/lumart.fr\/en\/the-collections\/\"},{\"@type\":\"ListItem\",\"position\":3,\"name\":\"Pr\\u00e9failles - Wall Light M\"}]}]}<\/script>\n<!-- \/ Yoast SEO plugin. -->","yoast_head_json":{"robots":{"index":"index","follow":"follow","max-snippet":"max-snippet:-1","max-image-preview":"max-image-preview:large","max-video-preview":"max-video-preview:-1"},"canonical":"https:\/\/lumart.fr\/en\/the-collections\/interior\/wall-lights\/applique-prefailles-3427\/","og_locale":"en_US","og_type":"article","og_title":"Applique Pr\u00e9failles MM (3427) - Lum&#039;Art","og_description":"Avec sa verrine en opaline blanche, l'applique Pr\u00e9failles est id\u00e9ale pour une touche \u00e9l\u00e9gante dans une salle de bain, par exemple de part et d'autre de miroirs. [ &hellip; ]","og_url":"https:\/\/lumart.fr\/en\/the-collections\/interior\/wall-lights\/applique-prefailles-3427\/","og_site_name":"Lum&#039;Art","article_publisher":"https:\/\/www.facebook.com\/LumArt-1543826629180391\/","article_modified_time":"2023-06-23T11:57:26+00:00","og_image":[{"width":1984,"height":1323,"url":"https:\/\/lumart.fr\/wp-content\/uploads\/2023\/04\/3427-Applique-Prefailles-MM-LB-BR.jpg","type":"image\/jpeg"}],"twitter_card":"summary","schema":{"@context":"https:\/\/schema.org","@graph":[{"@type":"WebSite","@id":"https:\/\/lumart.fr\/fr\/#website","url":"https:\/\/lumart.fr\/fr\/","name":"Lum'art","description":"","potentialAction":[{"@type":"SearchAction","target":{"@type":"EntryPoint","urlTemplate":"https:\/\/lumart.fr\/fr\/?s={search_term_string}"},"query-input":"required name=search_term_string"}],"inLanguage":"en-US"},{"@type":"ImageObject","@id":"https:\/\/lumart.fr\/en\/the-collections\/interior\/wall-lights\/applique-prefailles-3427\/#primaryimage","inLanguage":"en-US","url":"\/wp-content\/uploads\/2023\/04\/3427-Applique-Prefailles-MM-LB-BR.jpg","contentUrl":"\/wp-content\/uploads\/2023\/04\/3427-Applique-Prefailles-MM-LB-BR.jpg","width":1984,"height":1323,"caption":"Applique Pr\u00e9failles MM - Finition Laiton bross\u00e9"},{"@type":"WebPage","@id":"https:\/\/lumart.fr\/en\/the-collections\/interior\/wall-lights\/applique-prefailles-3427\/#webpage","url":"https:\/\/lumart.fr\/en\/the-collections\/interior\/wall-lights\/applique-prefailles-3427\/","name":"Applique Pr\u00e9failles MM (3427) - Lum&#039;Art","isPartOf":{"@id":"https:\/\/lumart.fr\/fr\/#website"},"primaryImageOfPage":{"@id":"https:\/\/lumart.fr\/en\/the-collections\/interior\/wall-lights\/applique-prefailles-3427\/#primaryimage"},"datePublished":"2023-04-04T15:27:09+00:00","dateModified":"2023-06-23T11:57:26+00:00","breadcrumb":{"@id":"https:\/\/lumart.fr\/en\/the-collections\/interior\/wall-lights\/applique-prefailles-3427\/#breadcrumb"},"inLanguage":"en-US","potentialAction":[{"@type":"ReadAction","target":["https:\/\/lumart.fr\/en\/the-collections\/interior\/wall-lights\/applique-prefailles-3427\/"]}]},{"@type":"BreadcrumbList","@id":"https:\/\/lumart.fr\/en\/the-collections\/interior\/wall-lights\/applique-prefailles-3427\/#breadcrumb","itemListElement":[{"@type":"ListItem","position":1,"name":"Home","item":"https:\/\/lumart.fr\/en\/"},{"@type":"ListItem","position":2,"name":"The Collections","item":"https:\/\/lumart.fr\/en\/the-collections\/"},{"@type":"ListItem","position":3,"name":"Pr\u00e9failles - Wall Light M"}]}]}},"_links":{"self":[{"href":"https:\/\/lumart.fr\/en\/wp-json\/wp\/v2\/product\/12449"}],"collection":[{"href":"https:\/\/lumart.fr\/en\/wp-json\/wp\/v2\/product"}],"about":[{"href":"https:\/\/lumart.fr\/en\/wp-json\/wp\/v2\/types\/product"}],"wp:featuredmedia":[{"embeddable":true,"href":"https:\/\/lumart.fr\/en\/wp-json\/wp\/v2\/media\/12770"}],"wp:attachment":[{"href":"https:\/\/lumart.fr\/en\/wp-json\/wp\/v2\/media?parent=12449"}],"wp:term":[{"taxonomy":"product_cat","embeddable":true,"href":"https:\/\/lumart.fr\/en\/wp-json\/wp\/v2\/product_cat?post=12449"},{"taxonomy":"product_tag","embeddable":true,"href":"https:\/\/lumart.fr\/en\/wp-json\/wp\/v2\/product_tag?post=12449"}],"curies":[{"name":"wp","href":"https:\/\/api.w.org\/{rel}","templated":true}]}}