{"id":12411,"date":"2023-04-03T19:12:11","date_gmt":"2023-04-03T17:12:11","guid":{"rendered":"https:\/\/lumart.fr\/?post_type=product&#038;p=12411"},"modified":"2023-06-15T16:24:17","modified_gmt":"2023-06-15T14:24:17","slug":"izapan-lanterne-bougie-tgm-187-b","status":"publish","type":"product","link":"https:\/\/lumart.fr\/en\/the-collections\/outdoor\/candle_lanterns\/izapan-lanterne-bougie-tgm-187-b\/","title":{"rendered":"Izapan - Candle lantern XL"},"content":{"rendered":"<p>Tr\u00e8s contemporaine dans sa ligne mais structurellement rattach\u00e9e \u00e0 l\u2019univers des lanternes classique, Izapan fait le pont entre modernit\u00e9 et tradition. Il est facile de l\u2019associer \u00e0 tout type de b\u00e2ti, y compris dans l\u2019univers Art D\u00e9co, si particulier.<\/p>\n","protected":false},"excerpt":{"rendered":"<p>Tr\u00e8s contemporaine dans sa ligne mais structurellement rattach\u00e9e \u00e0 l\u2019univers des lanternes classique, Izapan fait le pont entre modernit\u00e9 et tradition. Il est facile de l\u2019associer \u00e0 tout type de b\u00e2ti, y compris dans l\u2019univers Art D\u00e9co, si particulier. <a href=\"https:\/\/lumart.fr\/en\/the-collections\/outdoor\/candle_lanterns\/izapan-lanterne-bougie-tgm-187-b\/\" class=\"more\">[ &hellip; ]<\/a><\/p>\n","protected":false},"featured_media":12410,"template":"","meta":[],"product_cat":[2054],"product_tag":[],"acf":[],"yoast_head":"<!-- This site is optimized with the Yoast SEO plugin v17.8 - https:\/\/yoast.com\/wordpress\/plugins\/seo\/ -->\n<meta name=\"robots\" content=\"index, follow, max-snippet:-1, max-image-preview:large, max-video-preview:-1\" \/>\n<link rel=\"canonical\" href=\"https:\/\/lumart.fr\/en\/the-collections\/outdoor\/candle_lanterns\/izapan-lanterne-bougie-tgm-187-b\/\" \/>\n<meta property=\"og:locale\" content=\"en_US\" \/>\n<meta property=\"og:type\" content=\"article\" \/>\n<meta property=\"og:title\" content=\"Lanterne bougie Izapan TGM (187\/B) - Lum&#039;Art\" \/>\n<meta property=\"og:description\" content=\"Tr\u00e8s contemporaine dans sa ligne mais structurellement rattach\u00e9e \u00e0 l\u2019univers des lanternes classique, Izapan fait le pont entre modernit\u00e9 et tradition. Il est facile de l\u2019associer \u00e0 tout type de b\u00e2ti, y compris dans l\u2019univers Art D\u00e9co, si particulier. [ &hellip; ]\" \/>\n<meta property=\"og:url\" content=\"https:\/\/lumart.fr\/en\/the-collections\/outdoor\/candle_lanterns\/izapan-lanterne-bougie-tgm-187-b\/\" \/>\n<meta property=\"og:site_name\" content=\"Lum&#039;Art\" \/>\n<meta property=\"article:publisher\" content=\"https:\/\/www.facebook.com\/LumArt-1543826629180391\/\" \/>\n<meta property=\"article:modified_time\" content=\"2023-06-15T14:24:17+00:00\" \/>\n<meta property=\"og:image\" content=\"https:\/\/lumart.fr\/wp-content\/uploads\/2023\/04\/BR-lumart-packshot-oct2022-55.jpg\" \/>\n\t<meta property=\"og:image:width\" content=\"1984\" \/>\n\t<meta property=\"og:image:height\" content=\"1323\" \/>\n<meta name=\"twitter:card\" content=\"summary\" \/>\n<script type=\"application\/ld+json\" class=\"yoast-schema-graph\">{\"@context\":\"https:\/\/schema.org\",\"@graph\":[{\"@type\":\"WebSite\",\"@id\":\"https:\/\/lumart.fr\/fr\/#website\",\"url\":\"https:\/\/lumart.fr\/fr\/\",\"name\":\"Lum'art\",\"description\":\"\",\"potentialAction\":[{\"@type\":\"SearchAction\",\"target\":{\"@type\":\"EntryPoint\",\"urlTemplate\":\"https:\/\/lumart.fr\/fr\/?s={search_term_string}\"},\"query-input\":\"required name=search_term_string\"}],\"inLanguage\":\"en-US\"},{\"@type\":\"ImageObject\",\"@id\":\"https:\/\/lumart.fr\/en\/the-collections\/outdoor\/candle_lanterns\/izapan-lanterne-bougie-tgm-187-b\/#primaryimage\",\"inLanguage\":\"en-US\",\"url\":\"\/wp-content\/uploads\/2023\/04\/BR-lumart-packshot-oct2022-55.jpg\",\"contentUrl\":\"\/wp-content\/uploads\/2023\/04\/BR-lumart-packshot-oct2022-55.jpg\",\"width\":1984,\"height\":1323,\"caption\":\"Lanterne Bougie Izapan TGM - Finition Vieux Laiton\"},{\"@type\":\"WebPage\",\"@id\":\"https:\/\/lumart.fr\/en\/the-collections\/outdoor\/candle_lanterns\/izapan-lanterne-bougie-tgm-187-b\/#webpage\",\"url\":\"https:\/\/lumart.fr\/en\/the-collections\/outdoor\/candle_lanterns\/izapan-lanterne-bougie-tgm-187-b\/\",\"name\":\"Lanterne bougie Izapan TGM (187\/B) - Lum&#039;Art\",\"isPartOf\":{\"@id\":\"https:\/\/lumart.fr\/fr\/#website\"},\"primaryImageOfPage\":{\"@id\":\"https:\/\/lumart.fr\/en\/the-collections\/outdoor\/candle_lanterns\/izapan-lanterne-bougie-tgm-187-b\/#primaryimage\"},\"datePublished\":\"2023-04-03T17:12:11+00:00\",\"dateModified\":\"2023-06-15T14:24:17+00:00\",\"breadcrumb\":{\"@id\":\"https:\/\/lumart.fr\/en\/the-collections\/outdoor\/candle_lanterns\/izapan-lanterne-bougie-tgm-187-b\/#breadcrumb\"},\"inLanguage\":\"en-US\",\"potentialAction\":[{\"@type\":\"ReadAction\",\"target\":[\"https:\/\/lumart.fr\/en\/the-collections\/outdoor\/candle_lanterns\/izapan-lanterne-bougie-tgm-187-b\/\"]}]},{\"@type\":\"BreadcrumbList\",\"@id\":\"https:\/\/lumart.fr\/en\/the-collections\/outdoor\/candle_lanterns\/izapan-lanterne-bougie-tgm-187-b\/#breadcrumb\",\"itemListElement\":[{\"@type\":\"ListItem\",\"position\":1,\"name\":\"Home\",\"item\":\"https:\/\/lumart.fr\/en\/\"},{\"@type\":\"ListItem\",\"position\":2,\"name\":\"The Collections\",\"item\":\"https:\/\/lumart.fr\/en\/the-collections\/\"},{\"@type\":\"ListItem\",\"position\":3,\"name\":\"Izapan - Candle lantern XL\"}]}]}<\/script>\n<!-- \/ Yoast SEO plugin. -->","yoast_head_json":{"robots":{"index":"index","follow":"follow","max-snippet":"max-snippet:-1","max-image-preview":"max-image-preview:large","max-video-preview":"max-video-preview:-1"},"canonical":"https:\/\/lumart.fr\/en\/the-collections\/outdoor\/candle_lanterns\/izapan-lanterne-bougie-tgm-187-b\/","og_locale":"en_US","og_type":"article","og_title":"Lanterne bougie Izapan TGM (187\/B) - Lum&#039;Art","og_description":"Tr\u00e8s contemporaine dans sa ligne mais structurellement rattach\u00e9e \u00e0 l\u2019univers des lanternes classique, Izapan fait le pont entre modernit\u00e9 et tradition. Il est facile de l\u2019associer \u00e0 tout type de b\u00e2ti, y compris dans l\u2019univers Art D\u00e9co, si particulier. [ &hellip; ]","og_url":"https:\/\/lumart.fr\/en\/the-collections\/outdoor\/candle_lanterns\/izapan-lanterne-bougie-tgm-187-b\/","og_site_name":"Lum&#039;Art","article_publisher":"https:\/\/www.facebook.com\/LumArt-1543826629180391\/","article_modified_time":"2023-06-15T14:24:17+00:00","og_image":[{"width":1984,"height":1323,"url":"https:\/\/lumart.fr\/wp-content\/uploads\/2023\/04\/BR-lumart-packshot-oct2022-55.jpg","type":"image\/jpeg"}],"twitter_card":"summary","schema":{"@context":"https:\/\/schema.org","@graph":[{"@type":"WebSite","@id":"https:\/\/lumart.fr\/fr\/#website","url":"https:\/\/lumart.fr\/fr\/","name":"Lum'art","description":"","potentialAction":[{"@type":"SearchAction","target":{"@type":"EntryPoint","urlTemplate":"https:\/\/lumart.fr\/fr\/?s={search_term_string}"},"query-input":"required name=search_term_string"}],"inLanguage":"en-US"},{"@type":"ImageObject","@id":"https:\/\/lumart.fr\/en\/the-collections\/outdoor\/candle_lanterns\/izapan-lanterne-bougie-tgm-187-b\/#primaryimage","inLanguage":"en-US","url":"\/wp-content\/uploads\/2023\/04\/BR-lumart-packshot-oct2022-55.jpg","contentUrl":"\/wp-content\/uploads\/2023\/04\/BR-lumart-packshot-oct2022-55.jpg","width":1984,"height":1323,"caption":"Lanterne Bougie Izapan TGM - Finition Vieux Laiton"},{"@type":"WebPage","@id":"https:\/\/lumart.fr\/en\/the-collections\/outdoor\/candle_lanterns\/izapan-lanterne-bougie-tgm-187-b\/#webpage","url":"https:\/\/lumart.fr\/en\/the-collections\/outdoor\/candle_lanterns\/izapan-lanterne-bougie-tgm-187-b\/","name":"Lanterne bougie Izapan TGM (187\/B) - Lum&#039;Art","isPartOf":{"@id":"https:\/\/lumart.fr\/fr\/#website"},"primaryImageOfPage":{"@id":"https:\/\/lumart.fr\/en\/the-collections\/outdoor\/candle_lanterns\/izapan-lanterne-bougie-tgm-187-b\/#primaryimage"},"datePublished":"2023-04-03T17:12:11+00:00","dateModified":"2023-06-15T14:24:17+00:00","breadcrumb":{"@id":"https:\/\/lumart.fr\/en\/the-collections\/outdoor\/candle_lanterns\/izapan-lanterne-bougie-tgm-187-b\/#breadcrumb"},"inLanguage":"en-US","potentialAction":[{"@type":"ReadAction","target":["https:\/\/lumart.fr\/en\/the-collections\/outdoor\/candle_lanterns\/izapan-lanterne-bougie-tgm-187-b\/"]}]},{"@type":"BreadcrumbList","@id":"https:\/\/lumart.fr\/en\/the-collections\/outdoor\/candle_lanterns\/izapan-lanterne-bougie-tgm-187-b\/#breadcrumb","itemListElement":[{"@type":"ListItem","position":1,"name":"Home","item":"https:\/\/lumart.fr\/en\/"},{"@type":"ListItem","position":2,"name":"The Collections","item":"https:\/\/lumart.fr\/en\/the-collections\/"},{"@type":"ListItem","position":3,"name":"Izapan - Candle lantern XL"}]}]}},"_links":{"self":[{"href":"https:\/\/lumart.fr\/en\/wp-json\/wp\/v2\/product\/12411"}],"collection":[{"href":"https:\/\/lumart.fr\/en\/wp-json\/wp\/v2\/product"}],"about":[{"href":"https:\/\/lumart.fr\/en\/wp-json\/wp\/v2\/types\/product"}],"wp:featuredmedia":[{"embeddable":true,"href":"https:\/\/lumart.fr\/en\/wp-json\/wp\/v2\/media\/12410"}],"wp:attachment":[{"href":"https:\/\/lumart.fr\/en\/wp-json\/wp\/v2\/media?parent=12411"}],"wp:term":[{"taxonomy":"product_cat","embeddable":true,"href":"https:\/\/lumart.fr\/en\/wp-json\/wp\/v2\/product_cat?post=12411"},{"taxonomy":"product_tag","embeddable":true,"href":"https:\/\/lumart.fr\/en\/wp-json\/wp\/v2\/product_tag?post=12411"}],"curies":[{"name":"wp","href":"https:\/\/api.w.org\/{rel}","templated":true}]}}