{"id":12211,"date":"2023-03-27T14:20:09","date_gmt":"2023-03-27T12:20:09","guid":{"rendered":"https:\/\/lumart.fr\/?post_type=product&#038;p=12211"},"modified":"2023-06-14T17:37:31","modified_gmt":"2023-06-14T15:37:31","slug":"coursive-suspension-453","status":"publish","type":"product","link":"https:\/\/lumart.fr\/en\/the-collections\/interior\/pendants-en\/coursive-suspension-453\/","title":{"rendered":"Coursive - Pendant"},"content":{"rendered":"<p>La suspension Coursive allie un premier \u00e9l\u00e9ment conique en laiton plein avec un retour en laiton micro perfor\u00e9 pour lui donner un air discr\u00e8tement contemporain. A placer de pr\u00e9f\u00e9rence en s\u00e9rie pour un effet de r\u00e9p\u00e9tition.<\/p>\n","protected":false},"excerpt":{"rendered":"<p>La suspension Coursive allie un premier \u00e9l\u00e9ment conique en laiton plein avec un retour en laiton micro perfor\u00e9 pour lui donner un air discr\u00e8tement contemporain. A placer de pr\u00e9f\u00e9rence en s\u00e9rie pour un effet de r\u00e9p\u00e9tition. <a href=\"https:\/\/lumart.fr\/en\/the-collections\/interior\/pendants-en\/coursive-suspension-453\/\" class=\"more\">[ &hellip; ]<\/a><\/p>\n","protected":false},"featured_media":12208,"template":"","meta":[],"product_cat":[270],"product_tag":[],"acf":[],"yoast_head":"<!-- This site is optimized with the Yoast SEO plugin v17.8 - https:\/\/yoast.com\/wordpress\/plugins\/seo\/ -->\n<meta name=\"robots\" content=\"index, follow, max-snippet:-1, max-image-preview:large, max-video-preview:-1\" \/>\n<link rel=\"canonical\" href=\"https:\/\/lumart.fr\/en\/the-collections\/interior\/pendants-en\/coursive-suspension-453\/\" \/>\n<meta property=\"og:locale\" content=\"en_US\" \/>\n<meta property=\"og:type\" content=\"article\" \/>\n<meta property=\"og:title\" content=\"Coursive Suspension (453) - Lum&#039;Art\" \/>\n<meta property=\"og:description\" content=\"La suspension Coursive allie un premier \u00e9l\u00e9ment conique en laiton plein avec un retour en laiton micro perfor\u00e9 pour lui donner un air discr\u00e8tement contemporain. A placer de pr\u00e9f\u00e9rence en s\u00e9rie pour un effet de r\u00e9p\u00e9tition. [ &hellip; ]\" \/>\n<meta property=\"og:url\" content=\"https:\/\/lumart.fr\/en\/the-collections\/interior\/pendants-en\/coursive-suspension-453\/\" \/>\n<meta property=\"og:site_name\" content=\"Lum&#039;Art\" \/>\n<meta property=\"article:publisher\" content=\"https:\/\/www.facebook.com\/LumArt-1543826629180391\/\" \/>\n<meta property=\"article:modified_time\" content=\"2023-06-14T15:37:31+00:00\" \/>\n<meta property=\"og:image\" content=\"https:\/\/lumart.fr\/wp-content\/uploads\/2023\/03\/453-Suspension-coursive.jpg\" \/>\n\t<meta property=\"og:image:width\" content=\"1984\" \/>\n\t<meta property=\"og:image:height\" content=\"1323\" \/>\n<meta name=\"twitter:card\" content=\"summary\" \/>\n<script type=\"application\/ld+json\" class=\"yoast-schema-graph\">{\"@context\":\"https:\/\/schema.org\",\"@graph\":[{\"@type\":\"WebSite\",\"@id\":\"https:\/\/lumart.fr\/fr\/#website\",\"url\":\"https:\/\/lumart.fr\/fr\/\",\"name\":\"Lum'art\",\"description\":\"\",\"potentialAction\":[{\"@type\":\"SearchAction\",\"target\":{\"@type\":\"EntryPoint\",\"urlTemplate\":\"https:\/\/lumart.fr\/fr\/?s={search_term_string}\"},\"query-input\":\"required name=search_term_string\"}],\"inLanguage\":\"en-US\"},{\"@type\":\"ImageObject\",\"@id\":\"https:\/\/lumart.fr\/en\/the-collections\/interior\/pendants-en\/coursive-suspension-453\/#primaryimage\",\"inLanguage\":\"en-US\",\"url\":\"\/wp-content\/uploads\/2023\/03\/453-Suspension-coursive.jpg\",\"contentUrl\":\"\/wp-content\/uploads\/2023\/03\/453-Suspension-coursive.jpg\",\"width\":1984,\"height\":1323,\"caption\":\"Suspension Coursive - Finition Laiton Patin\\u00e9 Acide\"},{\"@type\":\"WebPage\",\"@id\":\"https:\/\/lumart.fr\/en\/the-collections\/interior\/pendants-en\/coursive-suspension-453\/#webpage\",\"url\":\"https:\/\/lumart.fr\/en\/the-collections\/interior\/pendants-en\/coursive-suspension-453\/\",\"name\":\"Coursive Suspension (453) - Lum&#039;Art\",\"isPartOf\":{\"@id\":\"https:\/\/lumart.fr\/fr\/#website\"},\"primaryImageOfPage\":{\"@id\":\"https:\/\/lumart.fr\/en\/the-collections\/interior\/pendants-en\/coursive-suspension-453\/#primaryimage\"},\"datePublished\":\"2023-03-27T12:20:09+00:00\",\"dateModified\":\"2023-06-14T15:37:31+00:00\",\"breadcrumb\":{\"@id\":\"https:\/\/lumart.fr\/en\/the-collections\/interior\/pendants-en\/coursive-suspension-453\/#breadcrumb\"},\"inLanguage\":\"en-US\",\"potentialAction\":[{\"@type\":\"ReadAction\",\"target\":[\"https:\/\/lumart.fr\/en\/the-collections\/interior\/pendants-en\/coursive-suspension-453\/\"]}]},{\"@type\":\"BreadcrumbList\",\"@id\":\"https:\/\/lumart.fr\/en\/the-collections\/interior\/pendants-en\/coursive-suspension-453\/#breadcrumb\",\"itemListElement\":[{\"@type\":\"ListItem\",\"position\":1,\"name\":\"Home\",\"item\":\"https:\/\/lumart.fr\/en\/\"},{\"@type\":\"ListItem\",\"position\":2,\"name\":\"The Collections\",\"item\":\"https:\/\/lumart.fr\/en\/the-collections\/\"},{\"@type\":\"ListItem\",\"position\":3,\"name\":\"Coursive - Pendant\"}]}]}<\/script>\n<!-- \/ Yoast SEO plugin. -->","yoast_head_json":{"robots":{"index":"index","follow":"follow","max-snippet":"max-snippet:-1","max-image-preview":"max-image-preview:large","max-video-preview":"max-video-preview:-1"},"canonical":"https:\/\/lumart.fr\/en\/the-collections\/interior\/pendants-en\/coursive-suspension-453\/","og_locale":"en_US","og_type":"article","og_title":"Coursive Suspension (453) - Lum&#039;Art","og_description":"La suspension Coursive allie un premier \u00e9l\u00e9ment conique en laiton plein avec un retour en laiton micro perfor\u00e9 pour lui donner un air discr\u00e8tement contemporain. A placer de pr\u00e9f\u00e9rence en s\u00e9rie pour un effet de r\u00e9p\u00e9tition. [ &hellip; ]","og_url":"https:\/\/lumart.fr\/en\/the-collections\/interior\/pendants-en\/coursive-suspension-453\/","og_site_name":"Lum&#039;Art","article_publisher":"https:\/\/www.facebook.com\/LumArt-1543826629180391\/","article_modified_time":"2023-06-14T15:37:31+00:00","og_image":[{"width":1984,"height":1323,"url":"https:\/\/lumart.fr\/wp-content\/uploads\/2023\/03\/453-Suspension-coursive.jpg","type":"image\/jpeg"}],"twitter_card":"summary","schema":{"@context":"https:\/\/schema.org","@graph":[{"@type":"WebSite","@id":"https:\/\/lumart.fr\/fr\/#website","url":"https:\/\/lumart.fr\/fr\/","name":"Lum'art","description":"","potentialAction":[{"@type":"SearchAction","target":{"@type":"EntryPoint","urlTemplate":"https:\/\/lumart.fr\/fr\/?s={search_term_string}"},"query-input":"required name=search_term_string"}],"inLanguage":"en-US"},{"@type":"ImageObject","@id":"https:\/\/lumart.fr\/en\/the-collections\/interior\/pendants-en\/coursive-suspension-453\/#primaryimage","inLanguage":"en-US","url":"\/wp-content\/uploads\/2023\/03\/453-Suspension-coursive.jpg","contentUrl":"\/wp-content\/uploads\/2023\/03\/453-Suspension-coursive.jpg","width":1984,"height":1323,"caption":"Suspension Coursive - Finition Laiton Patin\u00e9 Acide"},{"@type":"WebPage","@id":"https:\/\/lumart.fr\/en\/the-collections\/interior\/pendants-en\/coursive-suspension-453\/#webpage","url":"https:\/\/lumart.fr\/en\/the-collections\/interior\/pendants-en\/coursive-suspension-453\/","name":"Coursive Suspension (453) - Lum&#039;Art","isPartOf":{"@id":"https:\/\/lumart.fr\/fr\/#website"},"primaryImageOfPage":{"@id":"https:\/\/lumart.fr\/en\/the-collections\/interior\/pendants-en\/coursive-suspension-453\/#primaryimage"},"datePublished":"2023-03-27T12:20:09+00:00","dateModified":"2023-06-14T15:37:31+00:00","breadcrumb":{"@id":"https:\/\/lumart.fr\/en\/the-collections\/interior\/pendants-en\/coursive-suspension-453\/#breadcrumb"},"inLanguage":"en-US","potentialAction":[{"@type":"ReadAction","target":["https:\/\/lumart.fr\/en\/the-collections\/interior\/pendants-en\/coursive-suspension-453\/"]}]},{"@type":"BreadcrumbList","@id":"https:\/\/lumart.fr\/en\/the-collections\/interior\/pendants-en\/coursive-suspension-453\/#breadcrumb","itemListElement":[{"@type":"ListItem","position":1,"name":"Home","item":"https:\/\/lumart.fr\/en\/"},{"@type":"ListItem","position":2,"name":"The Collections","item":"https:\/\/lumart.fr\/en\/the-collections\/"},{"@type":"ListItem","position":3,"name":"Coursive - Pendant"}]}]}},"_links":{"self":[{"href":"https:\/\/lumart.fr\/en\/wp-json\/wp\/v2\/product\/12211"}],"collection":[{"href":"https:\/\/lumart.fr\/en\/wp-json\/wp\/v2\/product"}],"about":[{"href":"https:\/\/lumart.fr\/en\/wp-json\/wp\/v2\/types\/product"}],"wp:featuredmedia":[{"embeddable":true,"href":"https:\/\/lumart.fr\/en\/wp-json\/wp\/v2\/media\/12208"}],"wp:attachment":[{"href":"https:\/\/lumart.fr\/en\/wp-json\/wp\/v2\/media?parent=12211"}],"wp:term":[{"taxonomy":"product_cat","embeddable":true,"href":"https:\/\/lumart.fr\/en\/wp-json\/wp\/v2\/product_cat?post=12211"},{"taxonomy":"product_tag","embeddable":true,"href":"https:\/\/lumart.fr\/en\/wp-json\/wp\/v2\/product_tag?post=12211"}],"curies":[{"name":"wp","href":"https:\/\/api.w.org\/{rel}","templated":true}]}}