{"id":12204,"date":"2023-03-27T13:44:45","date_gmt":"2023-03-27T11:44:45","guid":{"rendered":"https:\/\/lumart.fr\/?post_type=product&#038;p=12204"},"modified":"2023-06-14T17:31:37","modified_gmt":"2023-06-14T15:31:37","slug":"leman-carre-lampe-7157","status":"publish","type":"product","link":"https:\/\/lumart.fr\/en\/the-collections\/interior\/table-lamps\/leman-carre-lampe-7157\/","title":{"rendered":"L\u00e9man Carr\u00e9 - Table lamp"},"content":{"rendered":"<p>La lampe L\u00e9man Carr\u00e9 est r\u00e9solument contemporaine et design avec son abat-jour en laiton micro perfor\u00e9 de forme carr\u00e9e. Elle est r\u00e9glable en hauteur. Et elle s&#8217;adaptera parfaitement avec les autres luminaires de la gamme L\u00e9man Carr\u00e9 : le lampadaire, l&#8217;applique, la suspension ou le spot L\u00e9man Carr\u00e9.<\/p>\n","protected":false},"excerpt":{"rendered":"<p>La lampe L\u00e9man Carr\u00e9 est r\u00e9solument contemporaine et design avec son abat-jour en laiton micro perfor\u00e9 de forme carr\u00e9e. Elle est r\u00e9glable en hauteur. Et elle s&#8217;adaptera parfaitement avec les autres luminaires de la gamme L\u00e9man Carr\u00e9 : le lampadaire, l&#8217;applique, la suspension ou le spot L\u00e9man Carr\u00e9. <a href=\"https:\/\/lumart.fr\/en\/the-collections\/interior\/table-lamps\/leman-carre-lampe-7157\/\" class=\"more\">[ &hellip; ]<\/a><\/p>\n","protected":false},"featured_media":12201,"template":"","meta":[],"product_cat":[265],"product_tag":[],"acf":[],"yoast_head":"<!-- This site is optimized with the Yoast SEO plugin v17.8 - https:\/\/yoast.com\/wordpress\/plugins\/seo\/ -->\n<meta name=\"robots\" content=\"index, follow, max-snippet:-1, max-image-preview:large, max-video-preview:-1\" \/>\n<link rel=\"canonical\" href=\"https:\/\/lumart.fr\/en\/the-collections\/interior\/table-lamps\/leman-carre-lampe-7157\/\" \/>\n<meta property=\"og:locale\" content=\"en_US\" \/>\n<meta property=\"og:type\" content=\"article\" \/>\n<meta property=\"og:title\" content=\"L\u00e9man Carr\u00e9 Lampe (7157) - Lum&#039;Art\" \/>\n<meta property=\"og:description\" content=\"La lampe L\u00e9man Carr\u00e9 est r\u00e9solument contemporaine et design avec son abat-jour en laiton micro perfor\u00e9 de forme carr\u00e9e. Elle est r\u00e9glable en hauteur. Et elle s&#039;adaptera parfaitement avec les autres luminaires de la gamme L\u00e9man Carr\u00e9 : le lampadaire, l&#039;applique, la suspension ou le spot L\u00e9man Carr\u00e9. [ &hellip; ]\" \/>\n<meta property=\"og:url\" content=\"https:\/\/lumart.fr\/en\/the-collections\/interior\/table-lamps\/leman-carre-lampe-7157\/\" \/>\n<meta property=\"og:site_name\" content=\"Lum&#039;Art\" \/>\n<meta property=\"article:publisher\" content=\"https:\/\/www.facebook.com\/LumArt-1543826629180391\/\" \/>\n<meta property=\"article:modified_time\" content=\"2023-06-14T15:31:37+00:00\" \/>\n<meta property=\"og:image\" content=\"https:\/\/lumart.fr\/wp-content\/uploads\/2023\/03\/7157-Lampe-leman-carre-2.jpg\" \/>\n\t<meta property=\"og:image:width\" content=\"1984\" \/>\n\t<meta property=\"og:image:height\" content=\"1323\" \/>\n<meta name=\"twitter:card\" content=\"summary\" \/>\n<script type=\"application\/ld+json\" class=\"yoast-schema-graph\">{\"@context\":\"https:\/\/schema.org\",\"@graph\":[{\"@type\":\"WebSite\",\"@id\":\"https:\/\/lumart.fr\/fr\/#website\",\"url\":\"https:\/\/lumart.fr\/fr\/\",\"name\":\"Lum'art\",\"description\":\"\",\"potentialAction\":[{\"@type\":\"SearchAction\",\"target\":{\"@type\":\"EntryPoint\",\"urlTemplate\":\"https:\/\/lumart.fr\/fr\/?s={search_term_string}\"},\"query-input\":\"required name=search_term_string\"}],\"inLanguage\":\"en-US\"},{\"@type\":\"ImageObject\",\"@id\":\"https:\/\/lumart.fr\/en\/the-collections\/interior\/table-lamps\/leman-carre-lampe-7157\/#primaryimage\",\"inLanguage\":\"en-US\",\"url\":\"\/wp-content\/uploads\/2023\/03\/7157-Lampe-leman-carre-2.jpg\",\"contentUrl\":\"\/wp-content\/uploads\/2023\/03\/7157-Lampe-leman-carre-2.jpg\",\"width\":1984,\"height\":1323,\"caption\":\"Lampe L\\u00e9man Carr\\u00e9 - Finition Canon de Fusil\"},{\"@type\":\"WebPage\",\"@id\":\"https:\/\/lumart.fr\/en\/the-collections\/interior\/table-lamps\/leman-carre-lampe-7157\/#webpage\",\"url\":\"https:\/\/lumart.fr\/en\/the-collections\/interior\/table-lamps\/leman-carre-lampe-7157\/\",\"name\":\"L\\u00e9man Carr\\u00e9 Lampe (7157) - Lum&#039;Art\",\"isPartOf\":{\"@id\":\"https:\/\/lumart.fr\/fr\/#website\"},\"primaryImageOfPage\":{\"@id\":\"https:\/\/lumart.fr\/en\/the-collections\/interior\/table-lamps\/leman-carre-lampe-7157\/#primaryimage\"},\"datePublished\":\"2023-03-27T11:44:45+00:00\",\"dateModified\":\"2023-06-14T15:31:37+00:00\",\"breadcrumb\":{\"@id\":\"https:\/\/lumart.fr\/en\/the-collections\/interior\/table-lamps\/leman-carre-lampe-7157\/#breadcrumb\"},\"inLanguage\":\"en-US\",\"potentialAction\":[{\"@type\":\"ReadAction\",\"target\":[\"https:\/\/lumart.fr\/en\/the-collections\/interior\/table-lamps\/leman-carre-lampe-7157\/\"]}]},{\"@type\":\"BreadcrumbList\",\"@id\":\"https:\/\/lumart.fr\/en\/the-collections\/interior\/table-lamps\/leman-carre-lampe-7157\/#breadcrumb\",\"itemListElement\":[{\"@type\":\"ListItem\",\"position\":1,\"name\":\"Home\",\"item\":\"https:\/\/lumart.fr\/en\/\"},{\"@type\":\"ListItem\",\"position\":2,\"name\":\"The Collections\",\"item\":\"https:\/\/lumart.fr\/en\/the-collections\/\"},{\"@type\":\"ListItem\",\"position\":3,\"name\":\"L\\u00e9man Carr\\u00e9 - Table lamp\"}]}]}<\/script>\n<!-- \/ Yoast SEO plugin. -->","yoast_head_json":{"robots":{"index":"index","follow":"follow","max-snippet":"max-snippet:-1","max-image-preview":"max-image-preview:large","max-video-preview":"max-video-preview:-1"},"canonical":"https:\/\/lumart.fr\/en\/the-collections\/interior\/table-lamps\/leman-carre-lampe-7157\/","og_locale":"en_US","og_type":"article","og_title":"L\u00e9man Carr\u00e9 Lampe (7157) - Lum&#039;Art","og_description":"La lampe L\u00e9man Carr\u00e9 est r\u00e9solument contemporaine et design avec son abat-jour en laiton micro perfor\u00e9 de forme carr\u00e9e. Elle est r\u00e9glable en hauteur. Et elle s'adaptera parfaitement avec les autres luminaires de la gamme L\u00e9man Carr\u00e9 : le lampadaire, l'applique, la suspension ou le spot L\u00e9man Carr\u00e9. [ &hellip; ]","og_url":"https:\/\/lumart.fr\/en\/the-collections\/interior\/table-lamps\/leman-carre-lampe-7157\/","og_site_name":"Lum&#039;Art","article_publisher":"https:\/\/www.facebook.com\/LumArt-1543826629180391\/","article_modified_time":"2023-06-14T15:31:37+00:00","og_image":[{"width":1984,"height":1323,"url":"https:\/\/lumart.fr\/wp-content\/uploads\/2023\/03\/7157-Lampe-leman-carre-2.jpg","type":"image\/jpeg"}],"twitter_card":"summary","schema":{"@context":"https:\/\/schema.org","@graph":[{"@type":"WebSite","@id":"https:\/\/lumart.fr\/fr\/#website","url":"https:\/\/lumart.fr\/fr\/","name":"Lum'art","description":"","potentialAction":[{"@type":"SearchAction","target":{"@type":"EntryPoint","urlTemplate":"https:\/\/lumart.fr\/fr\/?s={search_term_string}"},"query-input":"required name=search_term_string"}],"inLanguage":"en-US"},{"@type":"ImageObject","@id":"https:\/\/lumart.fr\/en\/the-collections\/interior\/table-lamps\/leman-carre-lampe-7157\/#primaryimage","inLanguage":"en-US","url":"\/wp-content\/uploads\/2023\/03\/7157-Lampe-leman-carre-2.jpg","contentUrl":"\/wp-content\/uploads\/2023\/03\/7157-Lampe-leman-carre-2.jpg","width":1984,"height":1323,"caption":"Lampe L\u00e9man Carr\u00e9 - Finition Canon de Fusil"},{"@type":"WebPage","@id":"https:\/\/lumart.fr\/en\/the-collections\/interior\/table-lamps\/leman-carre-lampe-7157\/#webpage","url":"https:\/\/lumart.fr\/en\/the-collections\/interior\/table-lamps\/leman-carre-lampe-7157\/","name":"L\u00e9man Carr\u00e9 Lampe (7157) - Lum&#039;Art","isPartOf":{"@id":"https:\/\/lumart.fr\/fr\/#website"},"primaryImageOfPage":{"@id":"https:\/\/lumart.fr\/en\/the-collections\/interior\/table-lamps\/leman-carre-lampe-7157\/#primaryimage"},"datePublished":"2023-03-27T11:44:45+00:00","dateModified":"2023-06-14T15:31:37+00:00","breadcrumb":{"@id":"https:\/\/lumart.fr\/en\/the-collections\/interior\/table-lamps\/leman-carre-lampe-7157\/#breadcrumb"},"inLanguage":"en-US","potentialAction":[{"@type":"ReadAction","target":["https:\/\/lumart.fr\/en\/the-collections\/interior\/table-lamps\/leman-carre-lampe-7157\/"]}]},{"@type":"BreadcrumbList","@id":"https:\/\/lumart.fr\/en\/the-collections\/interior\/table-lamps\/leman-carre-lampe-7157\/#breadcrumb","itemListElement":[{"@type":"ListItem","position":1,"name":"Home","item":"https:\/\/lumart.fr\/en\/"},{"@type":"ListItem","position":2,"name":"The Collections","item":"https:\/\/lumart.fr\/en\/the-collections\/"},{"@type":"ListItem","position":3,"name":"L\u00e9man Carr\u00e9 - Table lamp"}]}]}},"_links":{"self":[{"href":"https:\/\/lumart.fr\/en\/wp-json\/wp\/v2\/product\/12204"}],"collection":[{"href":"https:\/\/lumart.fr\/en\/wp-json\/wp\/v2\/product"}],"about":[{"href":"https:\/\/lumart.fr\/en\/wp-json\/wp\/v2\/types\/product"}],"wp:featuredmedia":[{"embeddable":true,"href":"https:\/\/lumart.fr\/en\/wp-json\/wp\/v2\/media\/12201"}],"wp:attachment":[{"href":"https:\/\/lumart.fr\/en\/wp-json\/wp\/v2\/media?parent=12204"}],"wp:term":[{"taxonomy":"product_cat","embeddable":true,"href":"https:\/\/lumart.fr\/en\/wp-json\/wp\/v2\/product_cat?post=12204"},{"taxonomy":"product_tag","embeddable":true,"href":"https:\/\/lumart.fr\/en\/wp-json\/wp\/v2\/product_tag?post=12204"}],"curies":[{"name":"wp","href":"https:\/\/api.w.org\/{rel}","templated":true}]}}