{"id":12187,"date":"2023-03-27T12:33:40","date_gmt":"2023-03-27T10:33:40","guid":{"rendered":"https:\/\/lumart.fr\/les-collections\/uncategorized\/le-velay-lampadaire-7223\/"},"modified":"2023-06-13T18:05:46","modified_gmt":"2023-06-13T16:05:46","slug":"le-velay-lampadaire-7223","status":"publish","type":"product","link":"https:\/\/lumart.fr\/en\/the-collections\/interior\/floor-lamps-en\/le-velay-lampadaire-7223\/","title":{"rendered":"Le Velay - Floor lamp"},"content":{"rendered":"<p>Le lampadaire Le Velay a un design d\u2019une grande sobri\u00e9t\u00e9 avec son pied caract\u00e9ristique et son vide-poche int\u00e9gr\u00e9. Son abat-jour peut \u00eatre en laiton ou en zinc. Le mod\u00e8le se d\u00e9cline \u00e9galement en lampe \u00e0 poser. <\/p>\n","protected":false},"excerpt":{"rendered":"<p>Le lampadaire Le Velay a un design d\u2019une grande sobri\u00e9t\u00e9 avec son pied caract\u00e9ristique et son vide-poche int\u00e9gr\u00e9. Son abat-jour peut \u00eatre en laiton ou en zinc. Le mod\u00e8le se d\u00e9cline \u00e9galement en lampe \u00e0 poser. <a href=\"https:\/\/lumart.fr\/en\/the-collections\/interior\/floor-lamps-en\/le-velay-lampadaire-7223\/\" class=\"more\">[ &hellip; ]<\/a><\/p>\n","protected":false},"featured_media":12180,"template":"","meta":[],"product_cat":[264],"product_tag":[],"acf":[],"yoast_head":"<!-- This site is optimized with the Yoast SEO plugin v17.8 - https:\/\/yoast.com\/wordpress\/plugins\/seo\/ -->\n<meta name=\"robots\" content=\"index, follow, max-snippet:-1, max-image-preview:large, max-video-preview:-1\" \/>\n<link rel=\"canonical\" href=\"https:\/\/lumart.fr\/en\/the-collections\/interior\/floor-lamps-en\/le-velay-lampadaire-7223\/\" \/>\n<meta property=\"og:locale\" content=\"en_US\" \/>\n<meta property=\"og:type\" content=\"article\" \/>\n<meta property=\"og:title\" content=\"Le Velay Lampadaire (7223) - Lum&#039;Art\" \/>\n<meta property=\"og:description\" content=\"Le lampadaire Le Velay a un design d\u2019une grande sobri\u00e9t\u00e9 avec son pied caract\u00e9ristique et son vide-poche int\u00e9gr\u00e9. Son abat-jour peut \u00eatre en laiton ou en zinc. Le mod\u00e8le se d\u00e9cline \u00e9galement en lampe \u00e0 poser. [ &hellip; ]\" \/>\n<meta property=\"og:url\" content=\"https:\/\/lumart.fr\/en\/the-collections\/interior\/floor-lamps-en\/le-velay-lampadaire-7223\/\" \/>\n<meta property=\"og:site_name\" content=\"Lum&#039;Art\" \/>\n<meta property=\"article:publisher\" content=\"https:\/\/www.facebook.com\/LumArt-1543826629180391\/\" \/>\n<meta property=\"article:modified_time\" content=\"2023-06-13T16:05:46+00:00\" \/>\n<meta property=\"og:image\" content=\"https:\/\/lumart.fr\/wp-content\/uploads\/2023\/03\/7223-Lamapdaire-le-velay-2.jpg\" \/>\n\t<meta property=\"og:image:width\" content=\"1984\" \/>\n\t<meta property=\"og:image:height\" content=\"1323\" \/>\n<meta name=\"twitter:card\" content=\"summary\" \/>\n<script type=\"application\/ld+json\" class=\"yoast-schema-graph\">{\"@context\":\"https:\/\/schema.org\",\"@graph\":[{\"@type\":\"WebSite\",\"@id\":\"https:\/\/lumart.fr\/fr\/#website\",\"url\":\"https:\/\/lumart.fr\/fr\/\",\"name\":\"Lum'art\",\"description\":\"\",\"potentialAction\":[{\"@type\":\"SearchAction\",\"target\":{\"@type\":\"EntryPoint\",\"urlTemplate\":\"https:\/\/lumart.fr\/fr\/?s={search_term_string}\"},\"query-input\":\"required name=search_term_string\"}],\"inLanguage\":\"en-US\"},{\"@type\":\"ImageObject\",\"@id\":\"https:\/\/lumart.fr\/en\/the-collections\/interior\/floor-lamps-en\/le-velay-lampadaire-7223\/#primaryimage\",\"inLanguage\":\"en-US\",\"url\":\"\/wp-content\/uploads\/2023\/03\/7223-Lamapdaire-le-velay-2.jpg\",\"contentUrl\":\"\/wp-content\/uploads\/2023\/03\/7223-Lamapdaire-le-velay-2.jpg\",\"width\":1984,\"height\":1323,\"caption\":\"Lampadaire Le Velay - Finition Laiton Bross\\u00e9\"},{\"@type\":\"WebPage\",\"@id\":\"https:\/\/lumart.fr\/en\/the-collections\/interior\/floor-lamps-en\/le-velay-lampadaire-7223\/#webpage\",\"url\":\"https:\/\/lumart.fr\/en\/the-collections\/interior\/floor-lamps-en\/le-velay-lampadaire-7223\/\",\"name\":\"Le Velay Lampadaire (7223) - Lum&#039;Art\",\"isPartOf\":{\"@id\":\"https:\/\/lumart.fr\/fr\/#website\"},\"primaryImageOfPage\":{\"@id\":\"https:\/\/lumart.fr\/en\/the-collections\/interior\/floor-lamps-en\/le-velay-lampadaire-7223\/#primaryimage\"},\"datePublished\":\"2023-03-27T10:33:40+00:00\",\"dateModified\":\"2023-06-13T16:05:46+00:00\",\"breadcrumb\":{\"@id\":\"https:\/\/lumart.fr\/en\/the-collections\/interior\/floor-lamps-en\/le-velay-lampadaire-7223\/#breadcrumb\"},\"inLanguage\":\"en-US\",\"potentialAction\":[{\"@type\":\"ReadAction\",\"target\":[\"https:\/\/lumart.fr\/en\/the-collections\/interior\/floor-lamps-en\/le-velay-lampadaire-7223\/\"]}]},{\"@type\":\"BreadcrumbList\",\"@id\":\"https:\/\/lumart.fr\/en\/the-collections\/interior\/floor-lamps-en\/le-velay-lampadaire-7223\/#breadcrumb\",\"itemListElement\":[{\"@type\":\"ListItem\",\"position\":1,\"name\":\"Home\",\"item\":\"https:\/\/lumart.fr\/en\/\"},{\"@type\":\"ListItem\",\"position\":2,\"name\":\"The Collections\",\"item\":\"https:\/\/lumart.fr\/en\/the-collections\/\"},{\"@type\":\"ListItem\",\"position\":3,\"name\":\"Le Velay - Floor lamp\"}]}]}<\/script>\n<!-- \/ Yoast SEO plugin. -->","yoast_head_json":{"robots":{"index":"index","follow":"follow","max-snippet":"max-snippet:-1","max-image-preview":"max-image-preview:large","max-video-preview":"max-video-preview:-1"},"canonical":"https:\/\/lumart.fr\/en\/the-collections\/interior\/floor-lamps-en\/le-velay-lampadaire-7223\/","og_locale":"en_US","og_type":"article","og_title":"Le Velay Lampadaire (7223) - Lum&#039;Art","og_description":"Le lampadaire Le Velay a un design d\u2019une grande sobri\u00e9t\u00e9 avec son pied caract\u00e9ristique et son vide-poche int\u00e9gr\u00e9. Son abat-jour peut \u00eatre en laiton ou en zinc. Le mod\u00e8le se d\u00e9cline \u00e9galement en lampe \u00e0 poser. [ &hellip; ]","og_url":"https:\/\/lumart.fr\/en\/the-collections\/interior\/floor-lamps-en\/le-velay-lampadaire-7223\/","og_site_name":"Lum&#039;Art","article_publisher":"https:\/\/www.facebook.com\/LumArt-1543826629180391\/","article_modified_time":"2023-06-13T16:05:46+00:00","og_image":[{"width":1984,"height":1323,"url":"https:\/\/lumart.fr\/wp-content\/uploads\/2023\/03\/7223-Lamapdaire-le-velay-2.jpg","type":"image\/jpeg"}],"twitter_card":"summary","schema":{"@context":"https:\/\/schema.org","@graph":[{"@type":"WebSite","@id":"https:\/\/lumart.fr\/fr\/#website","url":"https:\/\/lumart.fr\/fr\/","name":"Lum'art","description":"","potentialAction":[{"@type":"SearchAction","target":{"@type":"EntryPoint","urlTemplate":"https:\/\/lumart.fr\/fr\/?s={search_term_string}"},"query-input":"required name=search_term_string"}],"inLanguage":"en-US"},{"@type":"ImageObject","@id":"https:\/\/lumart.fr\/en\/the-collections\/interior\/floor-lamps-en\/le-velay-lampadaire-7223\/#primaryimage","inLanguage":"en-US","url":"\/wp-content\/uploads\/2023\/03\/7223-Lamapdaire-le-velay-2.jpg","contentUrl":"\/wp-content\/uploads\/2023\/03\/7223-Lamapdaire-le-velay-2.jpg","width":1984,"height":1323,"caption":"Lampadaire Le Velay - Finition Laiton Bross\u00e9"},{"@type":"WebPage","@id":"https:\/\/lumart.fr\/en\/the-collections\/interior\/floor-lamps-en\/le-velay-lampadaire-7223\/#webpage","url":"https:\/\/lumart.fr\/en\/the-collections\/interior\/floor-lamps-en\/le-velay-lampadaire-7223\/","name":"Le Velay Lampadaire (7223) - Lum&#039;Art","isPartOf":{"@id":"https:\/\/lumart.fr\/fr\/#website"},"primaryImageOfPage":{"@id":"https:\/\/lumart.fr\/en\/the-collections\/interior\/floor-lamps-en\/le-velay-lampadaire-7223\/#primaryimage"},"datePublished":"2023-03-27T10:33:40+00:00","dateModified":"2023-06-13T16:05:46+00:00","breadcrumb":{"@id":"https:\/\/lumart.fr\/en\/the-collections\/interior\/floor-lamps-en\/le-velay-lampadaire-7223\/#breadcrumb"},"inLanguage":"en-US","potentialAction":[{"@type":"ReadAction","target":["https:\/\/lumart.fr\/en\/the-collections\/interior\/floor-lamps-en\/le-velay-lampadaire-7223\/"]}]},{"@type":"BreadcrumbList","@id":"https:\/\/lumart.fr\/en\/the-collections\/interior\/floor-lamps-en\/le-velay-lampadaire-7223\/#breadcrumb","itemListElement":[{"@type":"ListItem","position":1,"name":"Home","item":"https:\/\/lumart.fr\/en\/"},{"@type":"ListItem","position":2,"name":"The Collections","item":"https:\/\/lumart.fr\/en\/the-collections\/"},{"@type":"ListItem","position":3,"name":"Le Velay - Floor lamp"}]}]}},"_links":{"self":[{"href":"https:\/\/lumart.fr\/en\/wp-json\/wp\/v2\/product\/12187"}],"collection":[{"href":"https:\/\/lumart.fr\/en\/wp-json\/wp\/v2\/product"}],"about":[{"href":"https:\/\/lumart.fr\/en\/wp-json\/wp\/v2\/types\/product"}],"wp:featuredmedia":[{"embeddable":true,"href":"https:\/\/lumart.fr\/en\/wp-json\/wp\/v2\/media\/12180"}],"wp:attachment":[{"href":"https:\/\/lumart.fr\/en\/wp-json\/wp\/v2\/media?parent=12187"}],"wp:term":[{"taxonomy":"product_cat","embeddable":true,"href":"https:\/\/lumart.fr\/en\/wp-json\/wp\/v2\/product_cat?post=12187"},{"taxonomy":"product_tag","embeddable":true,"href":"https:\/\/lumart.fr\/en\/wp-json\/wp\/v2\/product_tag?post=12187"}],"curies":[{"name":"wp","href":"https:\/\/api.w.org\/{rel}","templated":true}]}}