{"id":12172,"date":"2023-03-22T17:22:54","date_gmt":"2023-03-22T16:22:54","guid":{"rendered":"https:\/\/lumart.fr\/?post_type=product&#038;p=12172"},"modified":"2023-06-13T17:44:45","modified_gmt":"2023-06-13T15:44:45","slug":"megeve-lanterne-geant-1012","status":"publish","type":"product","link":"https:\/\/lumart.fr\/en\/the-collections\/outdoor\/lanterns\/megeve-lanterne-geant-1012\/","title":{"rendered":"Meg\u00e8ve - Lantern giant"},"content":{"rendered":"<p>Inspir\u00e9e des lanternes du XIX\u00e8me si\u00e8cle, la collection Meg\u00e8ve allie \u00e9l\u00e9gance \u00e0 la fran\u00e7aise, simplicit\u00e9 des lignes et authenticit\u00e9. Parfaitement \u00e9quilibr\u00e9e, l\u2019inclinaison de ses faces vitr\u00e9es ponctu\u00e9es par quatre boules de laiton aux extr\u00e9mit\u00e9s ajoute une touche de sophistication \u00e0 cette tr\u00e8s belle lanterne.<\/p>\n","protected":false},"excerpt":{"rendered":"<p>Inspir\u00e9e des lanternes du XIX\u00e8me si\u00e8cle, la collection Meg\u00e8ve allie \u00e9l\u00e9gance \u00e0 la fran\u00e7aise, simplicit\u00e9 des lignes et authenticit\u00e9. Parfaitement \u00e9quilibr\u00e9e, l\u2019inclinaison de ses faces vitr\u00e9es ponctu\u00e9es par quatre boules de laiton aux extr\u00e9mit\u00e9s ajoute une touche de sophistication \u00e0 cette tr\u00e8s belle lanterne. <a href=\"https:\/\/lumart.fr\/en\/the-collections\/outdoor\/lanterns\/megeve-lanterne-geant-1012\/\" class=\"more\">[ &hellip; ]<\/a><\/p>\n","protected":false},"featured_media":12169,"template":"","meta":[],"product_cat":[258],"product_tag":[],"acf":[],"yoast_head":"<!-- This site is optimized with the Yoast SEO plugin v17.8 - https:\/\/yoast.com\/wordpress\/plugins\/seo\/ -->\n<meta name=\"description\" content=\"Lanterne Lum&#039;Art Meg\u00e8ve G\u00e9ante 1012 laiton massif ou zinc massif inspiration 19e si\u00e8cle XIXe si\u00e8cle \u00e9l\u00e9gance \u00e0 la fran\u00e7aise fabrication artisanale fran\u00e7aise made in France\" \/>\n<meta name=\"robots\" content=\"index, follow, max-snippet:-1, max-image-preview:large, max-video-preview:-1\" \/>\n<link rel=\"canonical\" href=\"https:\/\/lumart.fr\/en\/the-collections\/outdoor\/lanterns\/megeve-lanterne-geant-1012\/\" \/>\n<meta property=\"og:locale\" content=\"en_US\" \/>\n<meta property=\"og:type\" content=\"article\" \/>\n<meta property=\"og:title\" content=\"Meg\u00e8ve Lanterne G\u00e9ant (1012) - Lum&#039;Art\" \/>\n<meta property=\"og:description\" content=\"Lanterne Lum&#039;Art Meg\u00e8ve G\u00e9ante 1012 laiton massif ou zinc massif inspiration 19e si\u00e8cle XIXe si\u00e8cle \u00e9l\u00e9gance \u00e0 la fran\u00e7aise fabrication artisanale fran\u00e7aise made in France\" \/>\n<meta property=\"og:url\" content=\"https:\/\/lumart.fr\/en\/the-collections\/outdoor\/lanterns\/megeve-lanterne-geant-1012\/\" \/>\n<meta property=\"og:site_name\" content=\"Lum&#039;Art\" \/>\n<meta property=\"article:publisher\" content=\"https:\/\/www.facebook.com\/LumArt-1543826629180391\/\" \/>\n<meta property=\"article:modified_time\" content=\"2023-06-13T15:44:45+00:00\" \/>\n<meta property=\"og:image\" content=\"https:\/\/lumart.fr\/wp-content\/uploads\/2023\/03\/1012-Lanterne-megeve.jpg\" \/>\n\t<meta property=\"og:image:width\" content=\"1984\" \/>\n\t<meta property=\"og:image:height\" content=\"1323\" \/>\n<meta name=\"twitter:card\" content=\"summary\" \/>\n<script type=\"application\/ld+json\" class=\"yoast-schema-graph\">{\"@context\":\"https:\/\/schema.org\",\"@graph\":[{\"@type\":\"WebSite\",\"@id\":\"https:\/\/lumart.fr\/fr\/#website\",\"url\":\"https:\/\/lumart.fr\/fr\/\",\"name\":\"Lum'art\",\"description\":\"\",\"potentialAction\":[{\"@type\":\"SearchAction\",\"target\":{\"@type\":\"EntryPoint\",\"urlTemplate\":\"https:\/\/lumart.fr\/fr\/?s={search_term_string}\"},\"query-input\":\"required name=search_term_string\"}],\"inLanguage\":\"en-US\"},{\"@type\":\"ImageObject\",\"@id\":\"https:\/\/lumart.fr\/en\/the-collections\/outdoor\/lanterns\/megeve-lanterne-geant-1012\/#primaryimage\",\"inLanguage\":\"en-US\",\"url\":\"\/wp-content\/uploads\/2023\/03\/1012-Lanterne-megeve.jpg\",\"contentUrl\":\"\/wp-content\/uploads\/2023\/03\/1012-Lanterne-megeve.jpg\",\"width\":1984,\"height\":1323,\"caption\":\"Lanterne Meg\\u00e8ve G\\u00e9ante (1012) - Finition Vieux Zinc\"},{\"@type\":\"WebPage\",\"@id\":\"https:\/\/lumart.fr\/en\/the-collections\/outdoor\/lanterns\/megeve-lanterne-geant-1012\/#webpage\",\"url\":\"https:\/\/lumart.fr\/en\/the-collections\/outdoor\/lanterns\/megeve-lanterne-geant-1012\/\",\"name\":\"Meg\\u00e8ve Lanterne G\\u00e9ant (1012) - Lum&#039;Art\",\"isPartOf\":{\"@id\":\"https:\/\/lumart.fr\/fr\/#website\"},\"primaryImageOfPage\":{\"@id\":\"https:\/\/lumart.fr\/en\/the-collections\/outdoor\/lanterns\/megeve-lanterne-geant-1012\/#primaryimage\"},\"datePublished\":\"2023-03-22T16:22:54+00:00\",\"dateModified\":\"2023-06-13T15:44:45+00:00\",\"description\":\"Lanterne Lum'Art Meg\\u00e8ve G\\u00e9ante 1012 laiton massif ou zinc massif inspiration 19e si\\u00e8cle XIXe si\\u00e8cle \\u00e9l\\u00e9gance \\u00e0 la fran\\u00e7aise fabrication artisanale fran\\u00e7aise made in France\",\"breadcrumb\":{\"@id\":\"https:\/\/lumart.fr\/en\/the-collections\/outdoor\/lanterns\/megeve-lanterne-geant-1012\/#breadcrumb\"},\"inLanguage\":\"en-US\",\"potentialAction\":[{\"@type\":\"ReadAction\",\"target\":[\"https:\/\/lumart.fr\/en\/the-collections\/outdoor\/lanterns\/megeve-lanterne-geant-1012\/\"]}]},{\"@type\":\"BreadcrumbList\",\"@id\":\"https:\/\/lumart.fr\/en\/the-collections\/outdoor\/lanterns\/megeve-lanterne-geant-1012\/#breadcrumb\",\"itemListElement\":[{\"@type\":\"ListItem\",\"position\":1,\"name\":\"Home\",\"item\":\"https:\/\/lumart.fr\/en\/\"},{\"@type\":\"ListItem\",\"position\":2,\"name\":\"The Collections\",\"item\":\"https:\/\/lumart.fr\/en\/the-collections\/\"},{\"@type\":\"ListItem\",\"position\":3,\"name\":\"Meg\\u00e8ve - Lantern giant\"}]}]}<\/script>\n<!-- \/ Yoast SEO plugin. -->","yoast_head_json":{"description":"Lanterne Lum'Art Meg\u00e8ve G\u00e9ante 1012 laiton massif ou zinc massif inspiration 19e si\u00e8cle XIXe si\u00e8cle \u00e9l\u00e9gance \u00e0 la fran\u00e7aise fabrication artisanale fran\u00e7aise made in France","robots":{"index":"index","follow":"follow","max-snippet":"max-snippet:-1","max-image-preview":"max-image-preview:large","max-video-preview":"max-video-preview:-1"},"canonical":"https:\/\/lumart.fr\/en\/the-collections\/outdoor\/lanterns\/megeve-lanterne-geant-1012\/","og_locale":"en_US","og_type":"article","og_title":"Meg\u00e8ve Lanterne G\u00e9ant (1012) - Lum&#039;Art","og_description":"Lanterne Lum'Art Meg\u00e8ve G\u00e9ante 1012 laiton massif ou zinc massif inspiration 19e si\u00e8cle XIXe si\u00e8cle \u00e9l\u00e9gance \u00e0 la fran\u00e7aise fabrication artisanale fran\u00e7aise made in France","og_url":"https:\/\/lumart.fr\/en\/the-collections\/outdoor\/lanterns\/megeve-lanterne-geant-1012\/","og_site_name":"Lum&#039;Art","article_publisher":"https:\/\/www.facebook.com\/LumArt-1543826629180391\/","article_modified_time":"2023-06-13T15:44:45+00:00","og_image":[{"width":1984,"height":1323,"url":"https:\/\/lumart.fr\/wp-content\/uploads\/2023\/03\/1012-Lanterne-megeve.jpg","type":"image\/jpeg"}],"twitter_card":"summary","schema":{"@context":"https:\/\/schema.org","@graph":[{"@type":"WebSite","@id":"https:\/\/lumart.fr\/fr\/#website","url":"https:\/\/lumart.fr\/fr\/","name":"Lum'art","description":"","potentialAction":[{"@type":"SearchAction","target":{"@type":"EntryPoint","urlTemplate":"https:\/\/lumart.fr\/fr\/?s={search_term_string}"},"query-input":"required name=search_term_string"}],"inLanguage":"en-US"},{"@type":"ImageObject","@id":"https:\/\/lumart.fr\/en\/the-collections\/outdoor\/lanterns\/megeve-lanterne-geant-1012\/#primaryimage","inLanguage":"en-US","url":"\/wp-content\/uploads\/2023\/03\/1012-Lanterne-megeve.jpg","contentUrl":"\/wp-content\/uploads\/2023\/03\/1012-Lanterne-megeve.jpg","width":1984,"height":1323,"caption":"Lanterne Meg\u00e8ve G\u00e9ante (1012) - Finition Vieux Zinc"},{"@type":"WebPage","@id":"https:\/\/lumart.fr\/en\/the-collections\/outdoor\/lanterns\/megeve-lanterne-geant-1012\/#webpage","url":"https:\/\/lumart.fr\/en\/the-collections\/outdoor\/lanterns\/megeve-lanterne-geant-1012\/","name":"Meg\u00e8ve Lanterne G\u00e9ant (1012) - Lum&#039;Art","isPartOf":{"@id":"https:\/\/lumart.fr\/fr\/#website"},"primaryImageOfPage":{"@id":"https:\/\/lumart.fr\/en\/the-collections\/outdoor\/lanterns\/megeve-lanterne-geant-1012\/#primaryimage"},"datePublished":"2023-03-22T16:22:54+00:00","dateModified":"2023-06-13T15:44:45+00:00","description":"Lanterne Lum'Art Meg\u00e8ve G\u00e9ante 1012 laiton massif ou zinc massif inspiration 19e si\u00e8cle XIXe si\u00e8cle \u00e9l\u00e9gance \u00e0 la fran\u00e7aise fabrication artisanale fran\u00e7aise made in France","breadcrumb":{"@id":"https:\/\/lumart.fr\/en\/the-collections\/outdoor\/lanterns\/megeve-lanterne-geant-1012\/#breadcrumb"},"inLanguage":"en-US","potentialAction":[{"@type":"ReadAction","target":["https:\/\/lumart.fr\/en\/the-collections\/outdoor\/lanterns\/megeve-lanterne-geant-1012\/"]}]},{"@type":"BreadcrumbList","@id":"https:\/\/lumart.fr\/en\/the-collections\/outdoor\/lanterns\/megeve-lanterne-geant-1012\/#breadcrumb","itemListElement":[{"@type":"ListItem","position":1,"name":"Home","item":"https:\/\/lumart.fr\/en\/"},{"@type":"ListItem","position":2,"name":"The Collections","item":"https:\/\/lumart.fr\/en\/the-collections\/"},{"@type":"ListItem","position":3,"name":"Meg\u00e8ve - Lantern giant"}]}]}},"_links":{"self":[{"href":"https:\/\/lumart.fr\/en\/wp-json\/wp\/v2\/product\/12172"}],"collection":[{"href":"https:\/\/lumart.fr\/en\/wp-json\/wp\/v2\/product"}],"about":[{"href":"https:\/\/lumart.fr\/en\/wp-json\/wp\/v2\/types\/product"}],"wp:featuredmedia":[{"embeddable":true,"href":"https:\/\/lumart.fr\/en\/wp-json\/wp\/v2\/media\/12169"}],"wp:attachment":[{"href":"https:\/\/lumart.fr\/en\/wp-json\/wp\/v2\/media?parent=12172"}],"wp:term":[{"taxonomy":"product_cat","embeddable":true,"href":"https:\/\/lumart.fr\/en\/wp-json\/wp\/v2\/product_cat?post=12172"},{"taxonomy":"product_tag","embeddable":true,"href":"https:\/\/lumart.fr\/en\/wp-json\/wp\/v2\/product_tag?post=12172"}],"curies":[{"name":"wp","href":"https:\/\/api.w.org\/{rel}","templated":true}]}}