{"id":12158,"date":"2023-03-22T15:55:23","date_gmt":"2023-03-22T14:55:23","guid":{"rendered":"https:\/\/lumart.fr\/?post_type=product&#038;p=12158"},"modified":"2023-06-13T17:17:04","modified_gmt":"2023-06-13T15:17:04","slug":"basile-lustre-5757-8","status":"publish","type":"product","link":"https:\/\/lumart.fr\/en\/the-collections\/interior\/chandeliers\/basile-lustre-5757-8\/","title":{"rendered":"Basile - Chandelier"},"content":{"rendered":"<p>Le lustre Basile a \u00e9t\u00e9 inspir\u00e9 par les voiliers qui sillonnaient les mers en partant des c\u00f4tes atlantiques. Il m\u00eale des \u00e9l\u00e9ments de laiton massif plein et perfor\u00e9s pour une lumi\u00e8re qui invite au voyage et \u00e0 la m\u00e9ditation.<\/p>\n","protected":false},"excerpt":{"rendered":"<p>Le lustre Basile a \u00e9t\u00e9 inspir\u00e9 par les voiliers qui sillonnaient les mers en partant des c\u00f4tes atlantiques. Il m\u00eale des \u00e9l\u00e9ments de laiton massif plein et perfor\u00e9s pour une lumi\u00e8re qui invite au voyage et \u00e0 la m\u00e9ditation. <a href=\"https:\/\/lumart.fr\/en\/the-collections\/interior\/chandeliers\/basile-lustre-5757-8\/\" class=\"more\">[ &hellip; ]<\/a><\/p>\n","protected":false},"featured_media":12151,"template":"","meta":[],"product_cat":[267],"product_tag":[],"acf":[],"yoast_head":"<!-- This site is optimized with the Yoast SEO plugin v17.8 - https:\/\/yoast.com\/wordpress\/plugins\/seo\/ -->\n<meta name=\"robots\" content=\"index, follow, max-snippet:-1, max-image-preview:large, max-video-preview:-1\" \/>\n<link rel=\"canonical\" href=\"https:\/\/lumart.fr\/en\/the-collections\/interior\/chandeliers\/basile-lustre-5757-8\/\" \/>\n<meta property=\"og:locale\" content=\"en_US\" \/>\n<meta property=\"og:type\" content=\"article\" \/>\n<meta property=\"og:title\" content=\"Basile Lustre (5757\/8) - Lum&#039;Art\" \/>\n<meta property=\"og:description\" content=\"Le lustre Basile a \u00e9t\u00e9 inspir\u00e9 par les voiliers qui sillonnaient les mers en partant des c\u00f4tes atlantiques. Il m\u00eale des \u00e9l\u00e9ments de laiton massif plein et perfor\u00e9s pour une lumi\u00e8re qui invite au voyage et \u00e0 la m\u00e9ditation. [ &hellip; ]\" \/>\n<meta property=\"og:url\" content=\"https:\/\/lumart.fr\/en\/the-collections\/interior\/chandeliers\/basile-lustre-5757-8\/\" \/>\n<meta property=\"og:site_name\" content=\"Lum&#039;Art\" \/>\n<meta property=\"article:publisher\" content=\"https:\/\/www.facebook.com\/LumArt-1543826629180391\/\" \/>\n<meta property=\"article:modified_time\" content=\"2023-06-13T15:17:04+00:00\" \/>\n<meta property=\"og:image\" content=\"https:\/\/lumart.fr\/wp-content\/uploads\/2023\/03\/5757-8-Lustre-Basile-nickel.jpg\" \/>\n\t<meta property=\"og:image:width\" content=\"1984\" \/>\n\t<meta property=\"og:image:height\" content=\"1323\" \/>\n<meta name=\"twitter:card\" content=\"summary\" \/>\n<script type=\"application\/ld+json\" class=\"yoast-schema-graph\">{\"@context\":\"https:\/\/schema.org\",\"@graph\":[{\"@type\":\"WebSite\",\"@id\":\"https:\/\/lumart.fr\/fr\/#website\",\"url\":\"https:\/\/lumart.fr\/fr\/\",\"name\":\"Lum'art\",\"description\":\"\",\"potentialAction\":[{\"@type\":\"SearchAction\",\"target\":{\"@type\":\"EntryPoint\",\"urlTemplate\":\"https:\/\/lumart.fr\/fr\/?s={search_term_string}\"},\"query-input\":\"required name=search_term_string\"}],\"inLanguage\":\"en-US\"},{\"@type\":\"ImageObject\",\"@id\":\"https:\/\/lumart.fr\/en\/the-collections\/interior\/chandeliers\/basile-lustre-5757-8\/#primaryimage\",\"inLanguage\":\"en-US\",\"url\":\"\/wp-content\/uploads\/2023\/03\/5757-8-Lustre-Basile-nickel.jpg\",\"contentUrl\":\"\/wp-content\/uploads\/2023\/03\/5757-8-Lustre-Basile-nickel.jpg\",\"width\":1984,\"height\":1323,\"caption\":\"Lustre Basile (5757\/8) - Finition\"},{\"@type\":\"WebPage\",\"@id\":\"https:\/\/lumart.fr\/en\/the-collections\/interior\/chandeliers\/basile-lustre-5757-8\/#webpage\",\"url\":\"https:\/\/lumart.fr\/en\/the-collections\/interior\/chandeliers\/basile-lustre-5757-8\/\",\"name\":\"Basile Lustre (5757\/8) - Lum&#039;Art\",\"isPartOf\":{\"@id\":\"https:\/\/lumart.fr\/fr\/#website\"},\"primaryImageOfPage\":{\"@id\":\"https:\/\/lumart.fr\/en\/the-collections\/interior\/chandeliers\/basile-lustre-5757-8\/#primaryimage\"},\"datePublished\":\"2023-03-22T14:55:23+00:00\",\"dateModified\":\"2023-06-13T15:17:04+00:00\",\"breadcrumb\":{\"@id\":\"https:\/\/lumart.fr\/en\/the-collections\/interior\/chandeliers\/basile-lustre-5757-8\/#breadcrumb\"},\"inLanguage\":\"en-US\",\"potentialAction\":[{\"@type\":\"ReadAction\",\"target\":[\"https:\/\/lumart.fr\/en\/the-collections\/interior\/chandeliers\/basile-lustre-5757-8\/\"]}]},{\"@type\":\"BreadcrumbList\",\"@id\":\"https:\/\/lumart.fr\/en\/the-collections\/interior\/chandeliers\/basile-lustre-5757-8\/#breadcrumb\",\"itemListElement\":[{\"@type\":\"ListItem\",\"position\":1,\"name\":\"Home\",\"item\":\"https:\/\/lumart.fr\/en\/\"},{\"@type\":\"ListItem\",\"position\":2,\"name\":\"The Collections\",\"item\":\"https:\/\/lumart.fr\/en\/the-collections\/\"},{\"@type\":\"ListItem\",\"position\":3,\"name\":\"Basile - Chandelier\"}]}]}<\/script>\n<!-- \/ Yoast SEO plugin. -->","yoast_head_json":{"robots":{"index":"index","follow":"follow","max-snippet":"max-snippet:-1","max-image-preview":"max-image-preview:large","max-video-preview":"max-video-preview:-1"},"canonical":"https:\/\/lumart.fr\/en\/the-collections\/interior\/chandeliers\/basile-lustre-5757-8\/","og_locale":"en_US","og_type":"article","og_title":"Basile Lustre (5757\/8) - Lum&#039;Art","og_description":"Le lustre Basile a \u00e9t\u00e9 inspir\u00e9 par les voiliers qui sillonnaient les mers en partant des c\u00f4tes atlantiques. Il m\u00eale des \u00e9l\u00e9ments de laiton massif plein et perfor\u00e9s pour une lumi\u00e8re qui invite au voyage et \u00e0 la m\u00e9ditation. [ &hellip; ]","og_url":"https:\/\/lumart.fr\/en\/the-collections\/interior\/chandeliers\/basile-lustre-5757-8\/","og_site_name":"Lum&#039;Art","article_publisher":"https:\/\/www.facebook.com\/LumArt-1543826629180391\/","article_modified_time":"2023-06-13T15:17:04+00:00","og_image":[{"width":1984,"height":1323,"url":"https:\/\/lumart.fr\/wp-content\/uploads\/2023\/03\/5757-8-Lustre-Basile-nickel.jpg","type":"image\/jpeg"}],"twitter_card":"summary","schema":{"@context":"https:\/\/schema.org","@graph":[{"@type":"WebSite","@id":"https:\/\/lumart.fr\/fr\/#website","url":"https:\/\/lumart.fr\/fr\/","name":"Lum'art","description":"","potentialAction":[{"@type":"SearchAction","target":{"@type":"EntryPoint","urlTemplate":"https:\/\/lumart.fr\/fr\/?s={search_term_string}"},"query-input":"required name=search_term_string"}],"inLanguage":"en-US"},{"@type":"ImageObject","@id":"https:\/\/lumart.fr\/en\/the-collections\/interior\/chandeliers\/basile-lustre-5757-8\/#primaryimage","inLanguage":"en-US","url":"\/wp-content\/uploads\/2023\/03\/5757-8-Lustre-Basile-nickel.jpg","contentUrl":"\/wp-content\/uploads\/2023\/03\/5757-8-Lustre-Basile-nickel.jpg","width":1984,"height":1323,"caption":"Lustre Basile (5757\/8) - Finition"},{"@type":"WebPage","@id":"https:\/\/lumart.fr\/en\/the-collections\/interior\/chandeliers\/basile-lustre-5757-8\/#webpage","url":"https:\/\/lumart.fr\/en\/the-collections\/interior\/chandeliers\/basile-lustre-5757-8\/","name":"Basile Lustre (5757\/8) - Lum&#039;Art","isPartOf":{"@id":"https:\/\/lumart.fr\/fr\/#website"},"primaryImageOfPage":{"@id":"https:\/\/lumart.fr\/en\/the-collections\/interior\/chandeliers\/basile-lustre-5757-8\/#primaryimage"},"datePublished":"2023-03-22T14:55:23+00:00","dateModified":"2023-06-13T15:17:04+00:00","breadcrumb":{"@id":"https:\/\/lumart.fr\/en\/the-collections\/interior\/chandeliers\/basile-lustre-5757-8\/#breadcrumb"},"inLanguage":"en-US","potentialAction":[{"@type":"ReadAction","target":["https:\/\/lumart.fr\/en\/the-collections\/interior\/chandeliers\/basile-lustre-5757-8\/"]}]},{"@type":"BreadcrumbList","@id":"https:\/\/lumart.fr\/en\/the-collections\/interior\/chandeliers\/basile-lustre-5757-8\/#breadcrumb","itemListElement":[{"@type":"ListItem","position":1,"name":"Home","item":"https:\/\/lumart.fr\/en\/"},{"@type":"ListItem","position":2,"name":"The Collections","item":"https:\/\/lumart.fr\/en\/the-collections\/"},{"@type":"ListItem","position":3,"name":"Basile - Chandelier"}]}]}},"_links":{"self":[{"href":"https:\/\/lumart.fr\/en\/wp-json\/wp\/v2\/product\/12158"}],"collection":[{"href":"https:\/\/lumart.fr\/en\/wp-json\/wp\/v2\/product"}],"about":[{"href":"https:\/\/lumart.fr\/en\/wp-json\/wp\/v2\/types\/product"}],"wp:featuredmedia":[{"embeddable":true,"href":"https:\/\/lumart.fr\/en\/wp-json\/wp\/v2\/media\/12151"}],"wp:attachment":[{"href":"https:\/\/lumart.fr\/en\/wp-json\/wp\/v2\/media?parent=12158"}],"wp:term":[{"taxonomy":"product_cat","embeddable":true,"href":"https:\/\/lumart.fr\/en\/wp-json\/wp\/v2\/product_cat?post=12158"},{"taxonomy":"product_tag","embeddable":true,"href":"https:\/\/lumart.fr\/en\/wp-json\/wp\/v2\/product_tag?post=12158"}],"curies":[{"name":"wp","href":"https:\/\/api.w.org\/{rel}","templated":true}]}}