{"id":11514,"date":"2021-09-30T17:43:22","date_gmt":"2021-09-30T15:43:22","guid":{"rendered":"https:\/\/lumart.fr\/les-collections\/uncategorized\/monselet-applique-3494-2\/"},"modified":"2021-12-03T16:34:07","modified_gmt":"2021-12-03T14:34:07","slug":"monselet-applique-3494-2","status":"publish","type":"product","link":"https:\/\/lumart.fr\/en\/the-collections\/interior\/wall-lights\/monselet-applique-3494-2\/","title":{"rendered":"Monselet - Wall Light"},"content":{"rendered":"<p>As much a sculpture as a wall lamp, this new Lum art creation by designer Gr\u00e9goire G\u00e9nin is very light, alternating &#8220;micro perforated brass&#8221; and &#8220;solid brass&#8221;. It diffuses a subtle light of the most beautiful effect. To be combined with the &#8220;Monselet&#8221; chandelier, which follows the line&#8217;s codes but in a horizontal version.<\/p>\n","protected":false},"excerpt":{"rendered":"<p>Tout autant sculpture qu&#8217;applique, cette nouvelle cr\u00e9ation Lum\u2019art sign\u00e9e du designer Gr\u00e9goire G\u00e9nin est toute en l\u00e9g\u00e8ret\u00e9, alternant \u00ab laiton micro perfor\u00e9 \u00bb et \u00ab laiton plein \u00bb. Elle diffuse une lumi\u00e8re subtile du plus bel effet. A associer avec le lustre \u00ab Monselet \u00bb qui reprend les codes de la ligne mais en version horizontale. <a href=\"https:\/\/lumart.fr\/en\/the-collections\/interior\/wall-lights\/monselet-applique-3494-2\/\" class=\"more\">[ &hellip; ]<\/a><\/p>\n","protected":false},"featured_media":11510,"template":"","meta":[],"product_cat":[261],"product_tag":[],"acf":[],"yoast_head":"<!-- This site is optimized with the Yoast SEO plugin v17.8 - https:\/\/yoast.com\/wordpress\/plugins\/seo\/ -->\n<meta name=\"robots\" content=\"index, follow, max-snippet:-1, max-image-preview:large, max-video-preview:-1\" \/>\n<link rel=\"canonical\" href=\"https:\/\/lumart.fr\/en\/the-collections\/interior\/wall-lights\/monselet-applique-3494-2\/\" \/>\n<meta property=\"og:locale\" content=\"en_US\" \/>\n<meta property=\"og:type\" content=\"article\" \/>\n<meta property=\"og:title\" content=\"Monselet, applique (3494\/2) - Lum&#039;Art\" \/>\n<meta property=\"og:description\" content=\"Tout autant sculpture qu&#039;applique, cette nouvelle cr\u00e9ation Lum\u2019art sign\u00e9e du designer Gr\u00e9goire G\u00e9nin est toute en l\u00e9g\u00e8ret\u00e9, alternant \u00ab laiton micro perfor\u00e9 \u00bb et \u00ab laiton plein \u00bb. Elle diffuse une lumi\u00e8re subtile du plus bel effet. A associer avec le lustre \u00ab Monselet \u00bb qui reprend les codes de la ligne mais en version horizontale. [ &hellip; ]\" \/>\n<meta property=\"og:url\" content=\"https:\/\/lumart.fr\/en\/the-collections\/interior\/wall-lights\/monselet-applique-3494-2\/\" \/>\n<meta property=\"og:site_name\" content=\"Lum&#039;Art\" \/>\n<meta property=\"article:publisher\" content=\"https:\/\/www.facebook.com\/LumArt-1543826629180391\/\" \/>\n<meta property=\"article:modified_time\" content=\"2021-12-03T14:34:07+00:00\" \/>\n<meta property=\"og:image\" content=\"https:\/\/lumart.fr\/wp-content\/uploads\/2021\/09\/3494-2-Applique-Monselet-LB-Lumart-2.jpg\" \/>\n\t<meta property=\"og:image:width\" content=\"1984\" \/>\n\t<meta property=\"og:image:height\" content=\"1323\" \/>\n<meta name=\"twitter:card\" content=\"summary\" \/>\n<script type=\"application\/ld+json\" class=\"yoast-schema-graph\">{\"@context\":\"https:\/\/schema.org\",\"@graph\":[{\"@type\":\"WebSite\",\"@id\":\"https:\/\/lumart.fr\/fr\/#website\",\"url\":\"https:\/\/lumart.fr\/fr\/\",\"name\":\"Lum'art\",\"description\":\"\",\"potentialAction\":[{\"@type\":\"SearchAction\",\"target\":{\"@type\":\"EntryPoint\",\"urlTemplate\":\"https:\/\/lumart.fr\/fr\/?s={search_term_string}\"},\"query-input\":\"required name=search_term_string\"}],\"inLanguage\":\"en-US\"},{\"@type\":\"ImageObject\",\"@id\":\"https:\/\/lumart.fr\/en\/the-collections\/interior\/wall-lights\/monselet-applique-3494-2\/#primaryimage\",\"inLanguage\":\"en-US\",\"url\":\"\/wp-content\/uploads\/2021\/09\/3494-2-Applique-Monselet-LB-Lumart-2.jpg\",\"contentUrl\":\"\/wp-content\/uploads\/2021\/09\/3494-2-Applique-Monselet-LB-Lumart-2.jpg\",\"width\":1984,\"height\":1323,\"caption\":\"Monselet wall light, brushed brass\"},{\"@type\":\"WebPage\",\"@id\":\"https:\/\/lumart.fr\/en\/the-collections\/interior\/wall-lights\/monselet-applique-3494-2\/#webpage\",\"url\":\"https:\/\/lumart.fr\/en\/the-collections\/interior\/wall-lights\/monselet-applique-3494-2\/\",\"name\":\"Monselet, applique (3494\/2) - Lum&#039;Art\",\"isPartOf\":{\"@id\":\"https:\/\/lumart.fr\/fr\/#website\"},\"primaryImageOfPage\":{\"@id\":\"https:\/\/lumart.fr\/en\/the-collections\/interior\/wall-lights\/monselet-applique-3494-2\/#primaryimage\"},\"datePublished\":\"2021-09-30T15:43:22+00:00\",\"dateModified\":\"2021-12-03T14:34:07+00:00\",\"breadcrumb\":{\"@id\":\"https:\/\/lumart.fr\/en\/the-collections\/interior\/wall-lights\/monselet-applique-3494-2\/#breadcrumb\"},\"inLanguage\":\"en-US\",\"potentialAction\":[{\"@type\":\"ReadAction\",\"target\":[\"https:\/\/lumart.fr\/en\/the-collections\/interior\/wall-lights\/monselet-applique-3494-2\/\"]}]},{\"@type\":\"BreadcrumbList\",\"@id\":\"https:\/\/lumart.fr\/en\/the-collections\/interior\/wall-lights\/monselet-applique-3494-2\/#breadcrumb\",\"itemListElement\":[{\"@type\":\"ListItem\",\"position\":1,\"name\":\"Home\",\"item\":\"https:\/\/lumart.fr\/en\/\"},{\"@type\":\"ListItem\",\"position\":2,\"name\":\"The Collections\",\"item\":\"https:\/\/lumart.fr\/en\/the-collections\/\"},{\"@type\":\"ListItem\",\"position\":3,\"name\":\"Monselet - Wall Light\"}]}]}<\/script>\n<!-- \/ Yoast SEO plugin. -->","yoast_head_json":{"robots":{"index":"index","follow":"follow","max-snippet":"max-snippet:-1","max-image-preview":"max-image-preview:large","max-video-preview":"max-video-preview:-1"},"canonical":"https:\/\/lumart.fr\/en\/the-collections\/interior\/wall-lights\/monselet-applique-3494-2\/","og_locale":"en_US","og_type":"article","og_title":"Monselet, applique (3494\/2) - Lum&#039;Art","og_description":"Tout autant sculpture qu'applique, cette nouvelle cr\u00e9ation Lum\u2019art sign\u00e9e du designer Gr\u00e9goire G\u00e9nin est toute en l\u00e9g\u00e8ret\u00e9, alternant \u00ab laiton micro perfor\u00e9 \u00bb et \u00ab laiton plein \u00bb. Elle diffuse une lumi\u00e8re subtile du plus bel effet. A associer avec le lustre \u00ab Monselet \u00bb qui reprend les codes de la ligne mais en version horizontale. [ &hellip; ]","og_url":"https:\/\/lumart.fr\/en\/the-collections\/interior\/wall-lights\/monselet-applique-3494-2\/","og_site_name":"Lum&#039;Art","article_publisher":"https:\/\/www.facebook.com\/LumArt-1543826629180391\/","article_modified_time":"2021-12-03T14:34:07+00:00","og_image":[{"width":1984,"height":1323,"url":"https:\/\/lumart.fr\/wp-content\/uploads\/2021\/09\/3494-2-Applique-Monselet-LB-Lumart-2.jpg","type":"image\/jpeg"}],"twitter_card":"summary","schema":{"@context":"https:\/\/schema.org","@graph":[{"@type":"WebSite","@id":"https:\/\/lumart.fr\/fr\/#website","url":"https:\/\/lumart.fr\/fr\/","name":"Lum'art","description":"","potentialAction":[{"@type":"SearchAction","target":{"@type":"EntryPoint","urlTemplate":"https:\/\/lumart.fr\/fr\/?s={search_term_string}"},"query-input":"required name=search_term_string"}],"inLanguage":"en-US"},{"@type":"ImageObject","@id":"https:\/\/lumart.fr\/en\/the-collections\/interior\/wall-lights\/monselet-applique-3494-2\/#primaryimage","inLanguage":"en-US","url":"\/wp-content\/uploads\/2021\/09\/3494-2-Applique-Monselet-LB-Lumart-2.jpg","contentUrl":"\/wp-content\/uploads\/2021\/09\/3494-2-Applique-Monselet-LB-Lumart-2.jpg","width":1984,"height":1323,"caption":"Monselet wall light, brushed brass"},{"@type":"WebPage","@id":"https:\/\/lumart.fr\/en\/the-collections\/interior\/wall-lights\/monselet-applique-3494-2\/#webpage","url":"https:\/\/lumart.fr\/en\/the-collections\/interior\/wall-lights\/monselet-applique-3494-2\/","name":"Monselet, applique (3494\/2) - Lum&#039;Art","isPartOf":{"@id":"https:\/\/lumart.fr\/fr\/#website"},"primaryImageOfPage":{"@id":"https:\/\/lumart.fr\/en\/the-collections\/interior\/wall-lights\/monselet-applique-3494-2\/#primaryimage"},"datePublished":"2021-09-30T15:43:22+00:00","dateModified":"2021-12-03T14:34:07+00:00","breadcrumb":{"@id":"https:\/\/lumart.fr\/en\/the-collections\/interior\/wall-lights\/monselet-applique-3494-2\/#breadcrumb"},"inLanguage":"en-US","potentialAction":[{"@type":"ReadAction","target":["https:\/\/lumart.fr\/en\/the-collections\/interior\/wall-lights\/monselet-applique-3494-2\/"]}]},{"@type":"BreadcrumbList","@id":"https:\/\/lumart.fr\/en\/the-collections\/interior\/wall-lights\/monselet-applique-3494-2\/#breadcrumb","itemListElement":[{"@type":"ListItem","position":1,"name":"Home","item":"https:\/\/lumart.fr\/en\/"},{"@type":"ListItem","position":2,"name":"The Collections","item":"https:\/\/lumart.fr\/en\/the-collections\/"},{"@type":"ListItem","position":3,"name":"Monselet - Wall Light"}]}]}},"_links":{"self":[{"href":"https:\/\/lumart.fr\/en\/wp-json\/wp\/v2\/product\/11514"}],"collection":[{"href":"https:\/\/lumart.fr\/en\/wp-json\/wp\/v2\/product"}],"about":[{"href":"https:\/\/lumart.fr\/en\/wp-json\/wp\/v2\/types\/product"}],"wp:featuredmedia":[{"embeddable":true,"href":"https:\/\/lumart.fr\/en\/wp-json\/wp\/v2\/media\/11510"}],"wp:attachment":[{"href":"https:\/\/lumart.fr\/en\/wp-json\/wp\/v2\/media?parent=11514"}],"wp:term":[{"taxonomy":"product_cat","embeddable":true,"href":"https:\/\/lumart.fr\/en\/wp-json\/wp\/v2\/product_cat?post=11514"},{"taxonomy":"product_tag","embeddable":true,"href":"https:\/\/lumart.fr\/en\/wp-json\/wp\/v2\/product_tag?post=11514"}],"curies":[{"name":"wp","href":"https:\/\/api.w.org\/{rel}","templated":true}]}}